{"id":693,"date":"2023-07-19T15:41:55","date_gmt":"2023-07-19T15:41:55","guid":{"rendered":"https:\/\/www.vanguardhealthcare.co.uk\/?page_id=693"},"modified":"2023-09-19T13:35:31","modified_gmt":"2023-09-19T13:35:31","slug":"faqs","status":"publish","type":"page","link":"https:\/\/www.vanguardhealthcare.co.uk\/fr_fr\/faqs\/","title":{"rendered":"FAQ"},"content":{"rendered":"<section id=\"section-2-59\" class=\"ct-section\" style=\"background-image:url(https:\/\/www.vanguardhealthcare.co.uk\/wp-content\/uploads\/2023\/05\/boulders-right.png);background-size: auto;\" >\n<div class=\"ct-section-inner-wrap\">\n<div id=\"div_block-8-59\" class=\"ct-div-block\" ><a id=\"link_text-6-59\" class=\"ct-link-text\" href=\"\/fr_fr\/\" target=\"_self\"  >Maison<\/a><\/p>\n<h1 id=\"headline-3-59\" class=\"ct-headline\"><span id=\"span-4-59\" class=\"ct-span\" >FAQ<\/span><\/h1>\n<\/div>\n<\/div>\n<\/section>\n<div class=\"wp-block-vanguard-concertina\">\n<section class=\"ct-section\">\n<div class=\"ct-section-inner-wrap\">\n<div id=\"accordion-i9PUm1SAuAIPWb4o\" class=\"concertina accordion concertina-2col\">\n<div class=\"wp-block-vanguard-concertina-item accordion-item\">\n<h2 class=\"accordion-header\" id=\"heading-d078635e-3876-4394-8c4b-860ab9bdab1a\">\n<div class=\"title\">Combien de temps faut-il pour installer une installation modulaire?<\/div>\n<p><span class=\"indicator\"><\/span><\/h2>\n<div id=\"collapse-d078635e-3876-4394-8c4b-860ab9bdab1a\" class=\"accordion-collapse collapse\" aria-labelledby=\"heading-d078635e-3876-4394-8c4b-860ab9bdab1a\" data-bs-parent=\"#accordion-i9PUm1SAuAIPWb4o\">\n<div class=\"accordion-body\">\n<div class=\"text\">La r\u00e9ponse courte est moins de temps que vous ne le pensez. Les installations modulaires utilisant les m\u00e9thodes de construction modernes peuvent \u00eatre d\u00e9velopp\u00e9es beaucoup plus rapidement que les b\u00e2timents traditionnels en briques et mortier. \u00c0 titre d&#039;exemple, du bon de commande \u00e0 la livraison, la construction de quatre blocs op\u00e9ratoires ambulatoires modulaires, d&#039;un espace de r\u00e9veil et d&#039;autres salles de soutien dans un h\u00f4pital pourrait prendre aussi peu que 12 semaines ou jusqu&#039;\u00e0 26 semaines si une solution d&#039;espace de soins de sant\u00e9 sur mesure est requise.<\/p>\n<p><a href=\"\/fr_fr\/facilities\/operating-theatres\/\" data-type=\"facilities\" data-id=\"162\">D\u00e9couvrez \u00e0 quelle vitesse une installation modulaire pourrait arriver sur le site de votre h\u00f4pital<\/a>.<\/div>\n<\/div>\n<\/div>\n<\/div>\n<div class=\"wp-block-vanguard-concertina-item accordion-item\">\n<h2 class=\"accordion-header\" id=\"heading-1de95927-d811-4aff-adcf-0aefddbe059e\">\n<div class=\"title\">Puis-je louer ou acheter une installation?<\/div>\n<p><span class=\"indicator\"><\/span><\/h2>\n<div id=\"collapse-1de95927-d811-4aff-adcf-0aefddbe059e\" class=\"accordion-collapse collapse\" aria-labelledby=\"heading-1de95927-d811-4aff-adcf-0aefddbe059e\" data-bs-parent=\"#accordion-i9PUm1SAuAIPWb4o\">\n<div class=\"accordion-body\">\n<div class=\"text\">La r\u00e9ponse est oui aux deux. Nous proposons une <a href=\"\/fr_fr\/procurement\/\" data-type=\"page\" data-id=\"455\">approche d&#039;approvisionnement<\/a> pour nos installations modulaires avec des options de location, de location\/achat et d&#039;achat disponibles soit directement, soit via diff\u00e9rents cadres.<\/p>\n<p><a href=\"\/fr_fr\/our-facilities\/\" data-type=\"page\" data-id=\"164\">Nos unit\u00e9s mobiles<\/a> sont disponibles \u00e0 la location uniquement, cela nous permet d&#039;\u00eatre une flotte de pied et de r\u00e9pondre aux besoins urgents avec des unit\u00e9s r\u00e9guli\u00e8rement disponibles.<\/div>\n<\/div>\n<\/div>\n<\/div>\n<div class=\"wp-block-vanguard-concertina-item accordion-item\">\n<h2 class=\"accordion-header\" id=\"heading-6af607bb-17f3-405d-a620-f36c0dc0e622\">\n<div class=\"title\">Y a-t-il une p\u00e9riode de location minimum ?<\/div>\n<p><span class=\"indicator\"><\/span><\/h2>\n<div id=\"collapse-6af607bb-17f3-405d-a620-f36c0dc0e622\" class=\"accordion-collapse collapse\" aria-labelledby=\"heading-6af607bb-17f3-405d-a620-f36c0dc0e622\" data-bs-parent=\"#accordion-i9PUm1SAuAIPWb4o\">\n<div class=\"accordion-body\">\n<div class=\"text\">En g\u00e9n\u00e9ral, la dur\u00e9e de location de nos installations mobiles est minimale de 13 semaines et nous pouvons construire un mod\u00e8le tarifaire pour nos installations modulaires \u00e0 partir de 26 semaines. Cependant, nous adoptons une approche flexible car notre priorit\u00e9 est toujours de baser nos solutions sur les besoins de nos clients plut\u00f4t que d&#039;imposer des contraintes.<\/div>\n<\/div>\n<\/div>\n<\/div>\n<div class=\"wp-block-vanguard-concertina-item accordion-item\">\n<h2 class=\"accordion-header\" id=\"heading-343fc496-20ba-4e00-a725-9d3b2efbdbb7\">\n<div class=\"title\">Quelles proc\u00e9dures peuvent \u00eatre r\u00e9alis\u00e9es dans un bloc op\u00e9ratoire mobile ?<\/div>\n<p><span class=\"indicator\"><\/span><\/h2>\n<div id=\"collapse-343fc496-20ba-4e00-a725-9d3b2efbdbb7\" class=\"accordion-collapse collapse\" aria-labelledby=\"heading-343fc496-20ba-4e00-a725-9d3b2efbdbb7\" data-bs-parent=\"#accordion-i9PUm1SAuAIPWb4o\">\n<div class=\"accordion-body\">\n<div class=\"text\">75% de tous les types de proc\u00e9dures cliniques effectu\u00e9es dans un grand h\u00f4pital de soins aigus peuvent \u00eatre r\u00e9alis\u00e9es dans nos blocs op\u00e9ratoires mobiles, des arthroplasties de la hanche \u00e0 la chirurgie de la cataracte, des proc\u00e9dures d&#039;endoscopie \u00e0 la chirurgie plastique. Plus la chirurgie cardiaque sp\u00e9cialis\u00e9e et les proc\u00e9dures complexes contre le cancer. La liste compl\u00e8te est beaucoup trop longue pour \u00eatre incluse ici, mais vous pouvez en savoir plus sur notre <a href=\"\/fr_fr\/heritage\/\" data-type=\"page\" data-id=\"674\">Page Patrimoine<\/a>.<\/div>\n<\/div>\n<\/div>\n<\/div>\n<div class=\"wp-block-vanguard-concertina-item accordion-item\">\n<h2 class=\"accordion-header\" id=\"heading-63aa3f64-7374-48b4-9834-2e0222f8eb3d\">\n<div class=\"title\">Quels avantages les b\u00e2timents modulaires offrent-ils par rapport aux b\u00e2timents de sant\u00e9 traditionnels\u00a0?<\/div>\n<p><span class=\"indicator\"><\/span><\/h2>\n<div id=\"collapse-63aa3f64-7374-48b4-9834-2e0222f8eb3d\" class=\"accordion-collapse collapse\" aria-labelledby=\"heading-63aa3f64-7374-48b4-9834-2e0222f8eb3d\" data-bs-parent=\"#accordion-i9PUm1SAuAIPWb4o\">\n<div class=\"accordion-body\">\n<div class=\"text\">Le principal avantage est la rapidit\u00e9 avec laquelle ils peuvent arriver sur place et laisser passer les premiers patients. Les b\u00e2timents de construction MMC et hors site sont tout aussi robustes et de haute qualit\u00e9 que les b\u00e2timents traditionnels en briques et mortier, la grande diff\u00e9rence est qu&#039;ils peuvent \u00eatre construits en m\u00eame temps que les travaux de sous-structure sur site sont effectu\u00e9s.<\/p>\n<p>La conception des modules et MMC peuvent r\u00e9duire les temps de construction jusqu&#039;\u00e0 45%, r\u00e9duire les co\u00fbts de 16% et augmenter la productivit\u00e9 de 30% tout au long du processus de construction.<sup>1<\/sup> Il y a aussi des avantages environnementaux, avec des d\u00e9chets limit\u00e9s et une r\u00e9duction du carbone par rapport aux livraisons traditionnelles sur les chantiers.<\/p>\n<p>\u00c0 titre d&#039;exemple, l&#039;h\u00f4pital St Joseph de Denver, au Colorado, a constat\u00e9 que la construction hors site de ses installations avait permis de r\u00e9duire de 72 jours le d\u00e9lai de livraison et de r\u00e9duire le co\u00fbt d&#039;environ $4,3 millions.<sup>2<\/sup><\/p>\n<p>1. Livre blanc Construire de meilleurs soins de sant\u00e9.<br \/>2. Geiger, 2017.<\/div>\n<\/div>\n<\/div>\n<\/div>\n<div class=\"wp-block-vanguard-concertina-item accordion-item\">\n<h2 class=\"accordion-header\" id=\"heading-96878c66-1ee0-460a-b409-3f21cc53f5a5\">\n<div class=\"title\">Un permis de construire est-il n\u00e9cessaire pour installer une installation mobile\u00a0?<\/div>\n<p><span class=\"indicator\"><\/span><\/h2>\n<div id=\"collapse-96878c66-1ee0-460a-b409-3f21cc53f5a5\" class=\"accordion-collapse collapse\" aria-labelledby=\"heading-96878c66-1ee0-460a-b409-3f21cc53f5a5\" data-bs-parent=\"#accordion-i9PUm1SAuAIPWb4o\">\n<div class=\"accordion-body\">\n<div class=\"text\">Un permis de construire est parfois n\u00e9cessaire pour certaines livraisons mobiles, cela d\u00e9pend de la dur\u00e9e du mandat et de la port\u00e9e du projet. Ne vous inqui\u00e9tez pas, nous pouvons vous aider.<\/p>\n<p>Comme vous vous en doutez, nous avons une vaste exp\u00e9rience dans ce domaine. Notre \u00e9quipe de projet peut inclure un consultant sp\u00e9cialis\u00e9 en planification pour aider les clients dans le processus de soumission et d&#039;approbation de la planification, c&#039;est souvent le cas avec notre <a href=\"\/fr_fr\/service\/turnkey-solutions\/\" data-type=\"service\" data-id=\"185\">solution cl\u00e9 en main<\/a>. Notre consultant s&#039;engagera dans des discussions de pr\u00e9-planification avec l&#039;autorit\u00e9 locale comp\u00e9tente pour s&#039;assurer que leurs exigences sont bien comprises, ce qui minimise les retards dans l&#039;octroi du permis de construire.<\/p>\n<p><strong>Notre \u00e9quipe se fera un plaisir d&#039;en discuter avec vous. <a href=\"\/fr_fr\/contact\/\" data-type=\"page\" data-id=\"117\">Entrer en contact<\/a><\/strong><\/p>\n<\/div>\n<\/div>\n<\/div>\n<\/div>\n<div class=\"wp-block-vanguard-concertina-item accordion-item\">\n<h2 class=\"accordion-header\" id=\"heading-b24df5db-04f3-4d41-9d5e-b7bb71fe930e\">\n<div class=\"title\">Un permis de construire est-il n\u00e9cessaire pour installer une installation modulaire\u00a0?<\/div>\n<p><span class=\"indicator\"><\/span><\/h2>\n<div id=\"collapse-b24df5db-04f3-4d41-9d5e-b7bb71fe930e\" class=\"accordion-collapse collapse\" aria-labelledby=\"heading-b24df5db-04f3-4d41-9d5e-b7bb71fe930e\" data-bs-parent=\"#accordion-i9PUm1SAuAIPWb4o\">\n<div class=\"accordion-body\">\n<div class=\"text\">Oui, un permis de construire est n\u00e9cessaire pour les constructions modulaires en raison de la dur\u00e9e et de la port\u00e9e du projet, mais nous pouvons vous aider.<\/p>\n<p>Comme vous vous en doutez, nous avons une vaste exp\u00e9rience dans ce domaine. Notre \u00e9quipe de projet peut inclure un consultant sp\u00e9cialis\u00e9 en planification pour aider les clients dans le processus de soumission et d&#039;approbation de la planification, c&#039;est souvent le cas avec notre <a href=\"\/fr_fr\/service\/turnkey-solutions\/\" data-type=\"service\" data-id=\"185\">solution cl\u00e9 en main<\/a>. Notre consultant s&#039;engagera dans des discussions de pr\u00e9-planification avec l&#039;autorit\u00e9 locale comp\u00e9tente pour s&#039;assurer que leurs exigences sont bien comprises, ce qui minimise les retards dans l&#039;octroi du permis de construire.<\/p>\n<p><strong>Notre ami<\/strong> <strong>\u00e9quipe se fera un plaisir d&#039;en discuter avec vous. <a href=\"\/fr_fr\/contact\/\" data-type=\"page\" data-id=\"117\">Entrer en contact<\/a><\/strong><\/div>\n<\/div>\n<\/div>\n<\/div>\n<div class=\"wp-block-vanguard-concertina-item accordion-item\">\n<h2 class=\"accordion-header\" id=\"heading-34124cfa-e6e2-45a3-bf73-0b32f35190c3\">\n<div class=\"title\">Pouvez-vous faire une installation qui est sur mesure \u00e0 nos exigences?<\/div>\n<p><span class=\"indicator\"><\/span><\/h2>\n<div id=\"collapse-34124cfa-e6e2-45a3-bf73-0b32f35190c3\" class=\"accordion-collapse collapse\" aria-labelledby=\"heading-34124cfa-e6e2-45a3-bf73-0b32f35190c3\" data-bs-parent=\"#accordion-i9PUm1SAuAIPWb4o\">\n<div class=\"accordion-body\">\n<div class=\"text\">Absolument, c&#039;est ce pour quoi nous sommes connus. Nous travaillerons avec vous pour cr\u00e9er un espace de soins de sant\u00e9 con\u00e7u pour r\u00e9pondre \u00e0 vos besoins sp\u00e9cifiques, de la gestion du flux de patients aux mesures d&#039;efficacit\u00e9, en passant par l&#039;aspect ext\u00e9rieur.<\/div>\n<\/div>\n<\/div>\n<\/div>\n<div class=\"wp-block-vanguard-concertina-item accordion-item\">\n<h2 class=\"accordion-header\" id=\"heading-e9236659-7d7f-430c-b93c-bb3da24afa3e\">\n<div class=\"title\">Offrez-vous des solutions de dotation en personnel clinique?<\/div>\n<p><span class=\"indicator\"><\/span><\/h2>\n<div id=\"collapse-e9236659-7d7f-430c-b93c-bb3da24afa3e\" class=\"accordion-collapse collapse\" aria-labelledby=\"heading-e9236659-7d7f-430c-b93c-bb3da24afa3e\" data-bs-parent=\"#accordion-i9PUm1SAuAIPWb4o\">\n<div class=\"accordion-body\">\n<div class=\"text\">Oui, la mise \u00e0 disposition de personnel clinique fait souvent partie de nos contrats. Nous avons une solide \u00e9quipe de praticiens inscrits et non inscrits qui fournissent non seulement un excellent service clinique \u00e0 nos clients et \u00e0 leurs patients, mais qui ont \u00e9galement une bonne connaissance de ce qu&#039;il faut pour travailler dans un \u00e9tablissement temporaire.<\/p>\n<p>Les r\u00f4les typiques peuvent inclure le th\u00e9\u00e2tre, l&#039;endoscopie et les praticiens principaux (tous inscrits au NMC \/ HCPC), les praticiens du service op\u00e9ratoire exp\u00e9riment\u00e9s dans les proc\u00e9dures diagnostiques et th\u00e9rapeutiques, les praticiens de la d\u00e9contamination et les animateurs d&#039;unit\u00e9.<\/p>\n<p><a href=\"\/fr_fr\/service\/our-clinicians\/\" data-type=\"service\" data-id=\"188\">D\u00e9couvrez comment nous pouvons vous aider avec le personnel clinique pour votre espace de soins de sant\u00e9.<\/a><\/div>\n<\/div>\n<\/div>\n<\/div>\n<div class=\"wp-block-vanguard-concertina-item accordion-item\">\n<h2 class=\"accordion-header\" id=\"heading-b2903f31-9b7b-4f6b-8001-9561a50b590e\">\n<div class=\"title\">Comment puis-je en savoir plus sur l&#039;obtention d&#039;un bloc op\u00e9ratoire sur place\u00a0?<\/div>\n<p><span class=\"indicator\"><\/span><\/h2>\n<div id=\"collapse-b2903f31-9b7b-4f6b-8001-9561a50b590e\" class=\"accordion-collapse collapse\" aria-labelledby=\"heading-b2903f31-9b7b-4f6b-8001-9561a50b590e\" data-bs-parent=\"#accordion-i9PUm1SAuAIPWb4o\">\n<div class=\"accordion-body\">\n<div class=\"text\">Contactez simplement notre \u00e9quipe amicale et ils vous guideront \u00e0 travers les \u00e9tapes, vous trouverez probablement que le processus est plus simple que vous ne l&#039;aviez imagin\u00e9. Nous pouvons vous enlever le travail acharn\u00e9 et m\u00eame vous fournir un <a href=\"\/fr_fr\/service\/turnkey-solutions\/\" data-type=\"service\">cl\u00e9 en main<\/a> si cela vous convient le mieux.<\/p>\n<p><strong><a href=\"\/fr_fr\/contact\/\" data-type=\"page\" data-id=\"117\">Entrer en contact<\/a><\/strong><\/div>\n<\/div>\n<\/div>\n<\/div>\n<div class=\"wp-block-vanguard-concertina-item accordion-item\">\n<h2 class=\"accordion-header\" id=\"heading-868c76d8-3257-4fcf-957d-67bf4859f5ec\">\n<div class=\"title\">Fournissez-vous des installations en dehors du Royaume-Uni\u00a0?<\/div>\n<p><span class=\"indicator\"><\/span><\/h2>\n<div id=\"collapse-868c76d8-3257-4fcf-957d-67bf4859f5ec\" class=\"accordion-collapse collapse\" aria-labelledby=\"heading-868c76d8-3257-4fcf-957d-67bf4859f5ec\" data-bs-parent=\"#accordion-i9PUm1SAuAIPWb4o\">\n<div class=\"accordion-body\">\n<div class=\"text\">Oui, nous op\u00e9rons \u00e0 l&#039;international sous la marque Q-bital Healthcare Solutions. Nous avons l&#039;exp\u00e9rience de la fourniture d&#039;installations en Australie, en Nouvelle-Z\u00e9lande, au Benelux, en France, en Irlande et dans les pays nordiques. Notre sympathique \u00e9quipe internationale peut vous en dire plus ou visiter <a href=\"http:\/\/www.q-bital.com\" data-type=\"URL\" data-id=\"http:\/\/www.q-bital.com\">www.q-bital.com<\/a>.<\/div>\n<\/div>\n<\/div>\n<\/div>\n<div class=\"wp-block-vanguard-concertina-item accordion-item\">\n<h2 class=\"accordion-header\" id=\"heading-32b61ab8-f388-43b3-8c99-1399b90140cf\">\n<div class=\"title\">Comment g\u00e9rez-vous votre impact sur l&#039;environnement, en particulier avec vos plus grandes installations\u00a0?<\/div>\n<p><span class=\"indicator\"><\/span><\/h2>\n<div id=\"collapse-32b61ab8-f388-43b3-8c99-1399b90140cf\" class=\"accordion-collapse collapse\" aria-labelledby=\"heading-32b61ab8-f388-43b3-8c99-1399b90140cf\" data-bs-parent=\"#accordion-i9PUm1SAuAIPWb4o\">\n<div class=\"accordion-body\">\n<div class=\"text\">Comment g\u00e9rez-vous votre impact sur l&#039;environnement, en particulier avec vos plus grandes installations\u00a0?<br \/>En tant que fournisseur du NHS, nous partageons la vision \u00e9nonc\u00e9e dans le NHS Green Plan. Nos solutions sont con\u00e7ues, construites et livr\u00e9es avec beaucoup de soin et de consid\u00e9ration pour l&#039;environnement, r\u00e9duisant le carbone \u00e0 chaque \u00e9tape de notre processus de fabrication. Nous recherchons constamment des moyens de minimiser l&#039;impact de la fa\u00e7on dont nous utilisons les ressources, en nous concentrant particuli\u00e8rement sur notre contribution \u00e0 l&#039;agenda mondial sur le changement climatique.<\/p>\n<p>Notre objectif est d&#039;atteindre le z\u00e9ro carbone net pour les \u00e9missions de port\u00e9e 1 et 2 d&#039;ici la fin de 2023, et pour la port\u00e9e 3 d&#039;ici 2035\u00a0; nous avons mis en place un solide plan de r\u00e9duction des \u00e9missions de carbone pour nous aider \u00e0 atteindre cet objectif. Nous sommes fiers de nos progr\u00e8s sur le chemin vers le z\u00e9ro carbone net, <a href=\"\/fr_fr\/carbon-reduction-plan\/\" data-type=\"page\" data-id=\"705\">regardez de plus pr\u00e8s ici\u2026<\/a> <\/p>\n<p>Nous nous sommes r\u00e9cemment associ\u00e9s \u00e0 <a href=\"\/fr_fr\/vanguard-healthcare-solutions-joins-forces-with-klimate-on-carbon-removal-project-and-takes-next-step-in-its-net-zero-journey\/\" data-type=\"post\" data-id=\"429\">Climat<\/a> pour cr\u00e9er une strat\u00e9gie d&#039;\u00e9limination du carbone pour nous aider \u00e0 atteindre nos ambitions de z\u00e9ro \u00e9mission. Le portefeuille innovant de projets d&#039;\u00e9limination du carbone comprend des projets tels que la capture directe de l&#039;air, la bio-huile de stockage en profondeur, le varech oc\u00e9anique et la plantation d&#039;arbres r\u00e9paratrice. Tous sont v\u00e9rifi\u00e9s de mani\u00e8re ind\u00e9pendante pour garantir leur int\u00e9grit\u00e9.<\/div>\n<\/div>\n<\/div>\n<\/div>\n<div class=\"wp-block-vanguard-concertina-item accordion-item\">\n<h2 class=\"accordion-header\" id=\"heading-7562bf47-5278-48e0-b4d4-61a2e1dac74f\">\n<div class=\"title\">Travaillez-vous avec des partenaires ?<\/div>\n<p><span class=\"indicator\"><\/span><\/h2>\n<div id=\"collapse-7562bf47-5278-48e0-b4d4-61a2e1dac74f\" class=\"accordion-collapse collapse\" aria-labelledby=\"heading-7562bf47-5278-48e0-b4d4-61a2e1dac74f\" data-bs-parent=\"#accordion-i9PUm1SAuAIPWb4o\">\n<div class=\"accordion-body\">\n<div class=\"text\">Oui, nous sommes toujours pr\u00eats \u00e0 enqu\u00eater <a href=\"\/fr_fr\/partner-programme\/\" data-type=\"page\" data-id=\"316\">opportunit\u00e9s de partenariat<\/a> et travaillent actuellement avec des fabricants d&#039;\u00e9quipements, des architectes, des op\u00e9rateurs de construction et de services cliniques.<\/div>\n<\/div>\n<\/div>\n<\/div>\n<div class=\"wp-block-vanguard-concertina-item accordion-item\">\n<h2 class=\"accordion-header\" id=\"heading-75f6aefa-698c-4048-889a-715d11804108\">\n<div class=\"title\">Le Vanguard est-il homologu\u00e9 et r\u00e9f\u00e9renc\u00e9 sur tous les cadres hospitaliers ?<\/div>\n<p><span class=\"indicator\"><\/span><\/h2>\n<div id=\"collapse-75f6aefa-698c-4048-889a-715d11804108\" class=\"accordion-collapse collapse\" aria-labelledby=\"heading-75f6aefa-698c-4048-889a-715d11804108\" data-bs-parent=\"#accordion-i9PUm1SAuAIPWb4o\">\n<div class=\"accordion-body\">\n<div class=\"text\">Beaucoup de nos clients utilisent un <a href=\"\/fr_fr\/procurement\/\" data-type=\"page\" data-id=\"455\">accord-cadre pour acqu\u00e9rir<\/a> une nouvelle installation; nous sommes agr\u00e9\u00e9s et r\u00e9f\u00e9renc\u00e9s sur tous les grands cadres hospitaliers. Il y a des avantages attach\u00e9s \u00e0 chacun des frameworks, il est donc bon d&#039;explorer ce qu&#039;ils peuvent vous offrir.<\/p>\n<p><strong><a href=\"\/fr_fr\/contact\/\" data-type=\"page\" data-id=\"117\">Entrer en contact<\/a><\/strong><\/div>\n<\/div>\n<\/div>\n<\/div>\n<div class=\"wp-block-vanguard-concertina-item accordion-item\">\n<h2 class=\"accordion-header\" id=\"heading-fa666c52-3c78-40f9-895c-adcd67fb5d8b\">\n<div class=\"title\">Une solution compl\u00e8te cl\u00e9 en main est-elle disponible ?<\/div>\n<p><span class=\"indicator\"><\/span><\/h2>\n<div id=\"collapse-fa666c52-3c78-40f9-895c-adcd67fb5d8b\" class=\"accordion-collapse collapse\" aria-labelledby=\"heading-fa666c52-3c78-40f9-895c-adcd67fb5d8b\" data-bs-parent=\"#accordion-i9PUm1SAuAIPWb4o\">\n<div class=\"accordion-body\">\n<div class=\"text\">Absolument, nous pouvons prendre en charge l&#039;ensemble du processus et fournir un <a href=\"\/fr_fr\/service\/turnkey-solutions\/\" data-type=\"service\" data-id=\"185\">cl\u00e9 en main<\/a>. Ce service comprend la gestion compl\u00e8te du processus de conception (y compris l&#039;approbation de l&#039;analyse de rentabilisation), la fabrication en interne, l&#039;installation sur site et la mise en service du projet. Nous avons une vaste exp\u00e9rience dans l&#039;approvisionnement et la livraison de tous les travaux sur site gr\u00e2ce \u00e0 notre \u00e9quipe de conception sp\u00e9cialis\u00e9e dans les soins de sant\u00e9.<\/div>\n<\/div>\n<\/div>\n<\/div>\n<\/div>\n<\/div>\n<\/section>\n<\/div>","protected":false},"excerpt":{"rendered":"","protected":false},"author":2,"featured_media":0,"parent":0,"menu_order":0,"comment_status":"closed","ping_status":"closed","template":"","meta":{"_acf_changed":false,"footnotes":""},"class_list":["post-693","page","type-page","status-publish","format-standard","hentry"],"acf":[],"yoast_head":"<!-- This site is optimized with the Yoast SEO plugin v27.3 - https:\/\/yoast.com\/product\/yoast-seo-wordpress\/ -->\n<title>FAQs - Vanguard Healthcare Solutions<\/title>\n<meta name=\"robots\" content=\"index, follow, max-snippet:-1, max-image-preview:large, max-video-preview:-1\" \/>\n<link rel=\"canonical\" href=\"https:\/\/www.vanguardhealthcare.co.uk\/fr_fr\/faqs\/\" \/>\n<meta property=\"og:locale\" content=\"fr_FR\" \/>\n<meta property=\"og:type\" content=\"article\" \/>\n<meta property=\"og:title\" content=\"FAQs - Vanguard Healthcare Solutions\" \/>\n<meta property=\"og:url\" content=\"https:\/\/www.vanguardhealthcare.co.uk\/fr_fr\/faqs\/\" \/>\n<meta property=\"og:site_name\" content=\"Vanguard Healthcare Solutions\" \/>\n<meta property=\"article:modified_time\" content=\"2023-09-19T13:35:31+00:00\" \/>\n<meta name=\"twitter:card\" content=\"summary_large_image\" \/>\n<meta name=\"twitter:label1\" content=\"Dur\u00e9e de lecture estim\u00e9e\" \/>\n\t<meta name=\"twitter:data1\" content=\"6 minutes\" \/>\n<script type=\"application\/ld+json\" class=\"yoast-schema-graph\">{\"@context\":\"https:\\\/\\\/schema.org\",\"@graph\":[{\"@type\":\"WebPage\",\"@id\":\"https:\\\/\\\/www.vanguardhealthcare.co.uk\\\/faqs\\\/\",\"url\":\"https:\\\/\\\/www.vanguardhealthcare.co.uk\\\/faqs\\\/\",\"name\":\"FAQs - Vanguard Healthcare Solutions\",\"isPartOf\":{\"@id\":\"https:\\\/\\\/www.vanguardhealthcare.co.uk\\\/#website\"},\"datePublished\":\"2023-07-19T15:41:55+00:00\",\"dateModified\":\"2023-09-19T13:35:31+00:00\",\"breadcrumb\":{\"@id\":\"https:\\\/\\\/www.vanguardhealthcare.co.uk\\\/faqs\\\/#breadcrumb\"},\"inLanguage\":\"fr-FR\",\"potentialAction\":[{\"@type\":\"ReadAction\",\"target\":[\"https:\\\/\\\/www.vanguardhealthcare.co.uk\\\/faqs\\\/\"]}]},{\"@type\":\"BreadcrumbList\",\"@id\":\"https:\\\/\\\/www.vanguardhealthcare.co.uk\\\/faqs\\\/#breadcrumb\",\"itemListElement\":[{\"@type\":\"ListItem\",\"position\":1,\"name\":\"Home\",\"item\":\"https:\\\/\\\/www.vanguardhealthcare.co.uk\\\/\"},{\"@type\":\"ListItem\",\"position\":2,\"name\":\"FAQs\"}]},{\"@type\":\"WebSite\",\"@id\":\"https:\\\/\\\/www.vanguardhealthcare.co.uk\\\/#website\",\"url\":\"https:\\\/\\\/www.vanguardhealthcare.co.uk\\\/\",\"name\":\"Vanguard Healthcare Solutions\",\"description\":\"\",\"potentialAction\":[{\"@type\":\"SearchAction\",\"target\":{\"@type\":\"EntryPoint\",\"urlTemplate\":\"https:\\\/\\\/www.vanguardhealthcare.co.uk\\\/?s={search_term_string}\"},\"query-input\":{\"@type\":\"PropertyValueSpecification\",\"valueRequired\":true,\"valueName\":\"search_term_string\"}}],\"inLanguage\":\"fr-FR\"}]}<\/script>\n<!-- \/ Yoast SEO plugin. -->","yoast_head_json":{"title":"FAQ - Solutions de sant\u00e9 Vanguard","robots":{"index":"index","follow":"follow","max-snippet":"max-snippet:-1","max-image-preview":"max-image-preview:large","max-video-preview":"max-video-preview:-1"},"canonical":"https:\/\/www.vanguardhealthcare.co.uk\/fr_fr\/faqs\/","og_locale":"fr_FR","og_type":"article","og_title":"FAQs - Vanguard Healthcare Solutions","og_url":"https:\/\/www.vanguardhealthcare.co.uk\/fr_fr\/faqs\/","og_site_name":"Vanguard Healthcare Solutions","article_modified_time":"2023-09-19T13:35:31+00:00","twitter_card":"summary_large_image","twitter_misc":{"Dur\u00e9e de lecture estim\u00e9e":"6 minutes"},"schema":{"@context":"https:\/\/schema.org","@graph":[{"@type":"WebPage","@id":"https:\/\/www.vanguardhealthcare.co.uk\/faqs\/","url":"https:\/\/www.vanguardhealthcare.co.uk\/faqs\/","name":"FAQ - Solutions de sant\u00e9 Vanguard","isPartOf":{"@id":"https:\/\/www.vanguardhealthcare.co.uk\/#website"},"datePublished":"2023-07-19T15:41:55+00:00","dateModified":"2023-09-19T13:35:31+00:00","breadcrumb":{"@id":"https:\/\/www.vanguardhealthcare.co.uk\/faqs\/#breadcrumb"},"inLanguage":"fr-FR","potentialAction":[{"@type":"ReadAction","target":["https:\/\/www.vanguardhealthcare.co.uk\/faqs\/"]}]},{"@type":"BreadcrumbList","@id":"https:\/\/www.vanguardhealthcare.co.uk\/faqs\/#breadcrumb","itemListElement":[{"@type":"ListItem","position":1,"name":"Home","item":"https:\/\/www.vanguardhealthcare.co.uk\/"},{"@type":"ListItem","position":2,"name":"FAQs"}]},{"@type":"WebSite","@id":"https:\/\/www.vanguardhealthcare.co.uk\/#website","url":"https:\/\/www.vanguardhealthcare.co.uk\/","name":"Solutions de soins de sant\u00e9 Vanguard","description":"","potentialAction":[{"@type":"SearchAction","target":{"@type":"EntryPoint","urlTemplate":"https:\/\/www.vanguardhealthcare.co.uk\/?s={search_term_string}"},"query-input":{"@type":"PropertyValueSpecification","valueRequired":true,"valueName":"search_term_string"}}],"inLanguage":"fr-FR"}]}},"_links":{"self":[{"href":"https:\/\/www.vanguardhealthcare.co.uk\/fr_fr\/wp-json\/wp\/v2\/pages\/693","targetHints":{"allow":["GET"]}}],"collection":[{"href":"https:\/\/www.vanguardhealthcare.co.uk\/fr_fr\/wp-json\/wp\/v2\/pages"}],"about":[{"href":"https:\/\/www.vanguardhealthcare.co.uk\/fr_fr\/wp-json\/wp\/v2\/types\/page"}],"author":[{"embeddable":true,"href":"https:\/\/www.vanguardhealthcare.co.uk\/fr_fr\/wp-json\/wp\/v2\/users\/2"}],"replies":[{"embeddable":true,"href":"https:\/\/www.vanguardhealthcare.co.uk\/fr_fr\/wp-json\/wp\/v2\/comments?post=693"}],"version-history":[{"count":0,"href":"https:\/\/www.vanguardhealthcare.co.uk\/fr_fr\/wp-json\/wp\/v2\/pages\/693\/revisions"}],"wp:attachment":[{"href":"https:\/\/www.vanguardhealthcare.co.uk\/fr_fr\/wp-json\/wp\/v2\/media?parent=693"}],"curies":[{"name":"wp","href":"https:\/\/api.w.org\/{rel}","templated":true}]}}