{"id":367,"date":"2023-06-28T13:15:49","date_gmt":"2023-06-28T13:15:49","guid":{"rendered":"https:\/\/www.vanguardhealthcare.co.uk\/?page_id=367"},"modified":"2023-08-24T10:07:33","modified_gmt":"2023-08-24T10:07:33","slug":"accessibility","status":"publish","type":"page","link":"https:\/\/www.vanguardhealthcare.co.uk\/fr_fr\/accessibility\/","title":{"rendered":"Accessibilit\u00e9"},"content":{"rendered":"<p>Nous nous sommes efforc\u00e9s de rendre ce site accessible et facile \u00e0 utiliser pour tous.<\/p>\n<\/p>\n<h4 class=\"wp-block-heading\">R\u00f4les marquants<\/h4>\n<p>Conform\u00e9ment aux directives d\u00e9finies par la Web Accessibility Initiative (WAI) et la suite d&#039;applications Internet enrichies accessibles (ARIA), des r\u00f4les rep\u00e8res sont fournis pour rendre le site plus accessible. R\u00f4les utilis\u00e9s pour identifier un contenu ou des zones de navigation sp\u00e9cifiques pour les lecteurs automatiques et les dispositifs d&#039;assistance tels que les lecteurs d&#039;\u00e9cran.<\/p>\n<p>Des points de rep\u00e8re ont \u00e9t\u00e9 utilis\u00e9s pour identifier les principales sections du site et les attributs ARIA correspondent \u00e0 leurs r\u00f4les.<\/p>\n<\/p>\n<h4 class=\"wp-block-heading\">Prise en charge du navigateur et des appareils<\/h4>\n<p>Le site est construit de mani\u00e8re flexible et est enti\u00e8rement r\u00e9actif pour garantir la meilleure exp\u00e9rience utilisateur possible sur les appareils de bureau, mobiles et tablettes.<\/p>\n<p>Le site est enti\u00e8rement pris en charge (c&#039;est-\u00e0-dire l&#039;exp\u00e9rience optimale o\u00f9 tout le contenu est fourni et accessible comme pr\u00e9vu) pour la derni\u00e8re version de Chrome, Firefox, Safari et Edge sur ordinateur, ainsi que la derni\u00e8re version de Chrome sur Android et Safari sur iOS.<\/p>\n<p>La prise en charge des deux versions pr\u00e9c\u00e9dentes des navigateurs r\u00e9pertori\u00e9s ci-dessus est obsol\u00e8te (ce qui signifie que tout le contenu est accessible mais que l&#039;exp\u00e9rience utilisateur peut \u00eatre diminu\u00e9e. La pr\u00e9sentation HTML, Javascript et CSS se d\u00e9gradera gracieusement (c&#039;est-\u00e0-dire ne g\u00e9n\u00e9rera pas d&#039;erreurs) si le navigateur est incapable de fournir le Fonctionnalit\u00e9).<\/p>\n<p>Les navigateurs plus anciens ou non r\u00e9pertori\u00e9s ci-dessus ne sont pas pris en charge (ce qui signifie que le navigateur n&#039;a pas \u00e9t\u00e9 test\u00e9 et que certains contenus peuvent donc \u00eatre inaccessibles et que l&#039;exp\u00e9rience peut \u00eatre s\u00e9rieusement affect\u00e9e).<\/p>\n<\/p>\n<h4 class=\"wp-block-heading\">S\u00e9mantique<\/h4>\n<p>Le balisage HTML5 est utilis\u00e9 pour structurer le site avec des \u00e9l\u00e9ments appropri\u00e9s utilis\u00e9s pour identifier le contenu clairement et logiquement pour les moteurs de recherche ou les lecteurs d&#039;\u00e9cran.<\/p>\n<\/p>\n<h4 class=\"wp-block-heading\">Javascript<\/h4>\n<p>L&#039;utilisation de JavaScript offrira \u00e0 l&#039;utilisateur des fonctionnalit\u00e9s am\u00e9lior\u00e9es du site. Lorsqu&#039;il n&#039;est pas disponible, toutes les pages et tous les processus sont toujours accessibles.<\/p>\n<\/p>\n<h4 class=\"wp-block-heading\">Formes<\/h4>\n<p>Tous les champs des formulaires suivent une s\u00e9quence de tabulations logique pour assurer une navigation facile. Les champs de formulaire ont \u00e9galement des attributs &#039;label&#039; et &#039;id&#039; pour associer le champ de formulaire \u00e0 son \u00e9tiquette afin de permettre une saisie facile des donn\u00e9es.<\/p>\n<\/p>\n<h4 class=\"wp-block-heading\">Liens<\/h4>\n<p>Tous les liens ont \u00e9t\u00e9 \u00e9crits pour avoir un sens lorsqu&#039;ils sont sortis de leur contexte. Le cas \u00e9ch\u00e9ant, nous avons \u00e9galement ajout\u00e9 des attributs de titre de lien pour d\u00e9crire le lien plus en d\u00e9tail.<\/p>\n<\/p>\n<h4 class=\"wp-block-heading\">Taille de police<\/h4>\n<p>Les tailles de police utilis\u00e9es sur le site Web sont enti\u00e8rement flexibles. Vous pouvez modifier la taille de la police pour l&#039;agrandir ou la r\u00e9duire via les param\u00e8tres de votre navigateur.<\/p>\n<\/p>\n<h4 class=\"wp-block-heading\">Couleurs<\/h4>\n<p>Nous avons pris soin de garantir que les combinaisons de couleurs et le contraste du site soient efficaces pour garantir que les informations restent claires lorsqu&#039;elles sont vues par tous en ayant un rapport de contraste minimum de 3 sur l&#039;ensemble du site.<\/p>\n<\/p>\n<h4 class=\"wp-block-heading\">T\u00e9l\u00e9chargements<\/h4>\n<p>Nous utilisons des fichiers Adobe PDF pour des informations suppl\u00e9mentaires et des t\u00e9l\u00e9chargements. Adobe PDF Reader est disponible gratuitement pour une utilisation sur n&#039;importe quel ordinateur et peut \u00eatre t\u00e9l\u00e9charg\u00e9 <a href=\"https:\/\/get.adobe.com\/uk\/reader\/\" target=\"_blank\" rel=\"noreferrer noopener\">ici<\/a>.<\/p>","protected":false},"excerpt":{"rendered":"<p>We have made every effort to make this site accessible and easy to use for everyone. Landmark roles Following guidance set by the Web Accessibility Initiative (WAI) and the Accessible Rich Internet Applications Suite (ARIA), landmark roles are provided to make the site more accessible. Roles used to identify specific content or navigation areas for [&hellip;]<\/p>\n","protected":false},"author":2,"featured_media":0,"parent":0,"menu_order":0,"comment_status":"closed","ping_status":"closed","template":"","meta":{"_acf_changed":false,"footnotes":""},"class_list":["post-367","page","type-page","status-publish","format-standard","hentry"],"acf":[],"yoast_head":"<!-- This site is optimized with the Yoast SEO plugin v27.4 - https:\/\/yoast.com\/product\/yoast-seo-wordpress\/ -->\n<title>Accessibility - Vanguard Healthcare Solutions<\/title>\n<meta name=\"robots\" content=\"index, follow, max-snippet:-1, max-image-preview:large, max-video-preview:-1\" \/>\n<link rel=\"canonical\" href=\"https:\/\/www.vanguardhealthcare.co.uk\/fr_fr\/accessibility\/\" \/>\n<meta property=\"og:locale\" content=\"fr_FR\" \/>\n<meta property=\"og:type\" content=\"article\" \/>\n<meta property=\"og:title\" content=\"Accessibility - Vanguard Healthcare Solutions\" \/>\n<meta property=\"og:description\" content=\"We have made every effort to make this site accessible and easy to use for everyone. Landmark roles Following guidance set by the Web Accessibility Initiative (WAI) and the Accessible Rich Internet Applications Suite (ARIA), landmark roles are provided to make the site more accessible. Roles used to identify specific content or navigation areas for [&hellip;]\" \/>\n<meta property=\"og:url\" content=\"https:\/\/www.vanguardhealthcare.co.uk\/fr_fr\/accessibility\/\" \/>\n<meta property=\"og:site_name\" content=\"Vanguard Healthcare Solutions\" \/>\n<meta property=\"article:modified_time\" content=\"2023-08-24T10:07:33+00:00\" \/>\n<meta name=\"twitter:card\" content=\"summary_large_image\" \/>\n<meta name=\"twitter:label1\" content=\"Dur\u00e9e de lecture estim\u00e9e\" \/>\n\t<meta name=\"twitter:data1\" content=\"2 minutes\" \/>\n<script type=\"application\/ld+json\" class=\"yoast-schema-graph\">{\"@context\":\"https:\\\/\\\/schema.org\",\"@graph\":[{\"@type\":\"WebPage\",\"@id\":\"https:\\\/\\\/www.vanguardhealthcare.co.uk\\\/accessibility\\\/\",\"url\":\"https:\\\/\\\/www.vanguardhealthcare.co.uk\\\/accessibility\\\/\",\"name\":\"Accessibility - Vanguard Healthcare Solutions\",\"isPartOf\":{\"@id\":\"https:\\\/\\\/www.vanguardhealthcare.co.uk\\\/#website\"},\"datePublished\":\"2023-06-28T13:15:49+00:00\",\"dateModified\":\"2023-08-24T10:07:33+00:00\",\"breadcrumb\":{\"@id\":\"https:\\\/\\\/www.vanguardhealthcare.co.uk\\\/accessibility\\\/#breadcrumb\"},\"inLanguage\":\"fr-FR\",\"potentialAction\":[{\"@type\":\"ReadAction\",\"target\":[\"https:\\\/\\\/www.vanguardhealthcare.co.uk\\\/accessibility\\\/\"]}]},{\"@type\":\"BreadcrumbList\",\"@id\":\"https:\\\/\\\/www.vanguardhealthcare.co.uk\\\/accessibility\\\/#breadcrumb\",\"itemListElement\":[{\"@type\":\"ListItem\",\"position\":1,\"name\":\"Home\",\"item\":\"https:\\\/\\\/www.vanguardhealthcare.co.uk\\\/\"},{\"@type\":\"ListItem\",\"position\":2,\"name\":\"Accessibility\"}]},{\"@type\":\"WebSite\",\"@id\":\"https:\\\/\\\/www.vanguardhealthcare.co.uk\\\/#website\",\"url\":\"https:\\\/\\\/www.vanguardhealthcare.co.uk\\\/\",\"name\":\"Vanguard Healthcare Solutions\",\"description\":\"\",\"potentialAction\":[{\"@type\":\"SearchAction\",\"target\":{\"@type\":\"EntryPoint\",\"urlTemplate\":\"https:\\\/\\\/www.vanguardhealthcare.co.uk\\\/?s={search_term_string}\"},\"query-input\":{\"@type\":\"PropertyValueSpecification\",\"valueRequired\":true,\"valueName\":\"search_term_string\"}}],\"inLanguage\":\"fr-FR\"}]}<\/script>\n<!-- \/ Yoast SEO plugin. -->","yoast_head_json":{"title":"Accessibilit\u00e9 - Solutions de sant\u00e9 Vanguard","robots":{"index":"index","follow":"follow","max-snippet":"max-snippet:-1","max-image-preview":"max-image-preview:large","max-video-preview":"max-video-preview:-1"},"canonical":"https:\/\/www.vanguardhealthcare.co.uk\/fr_fr\/accessibility\/","og_locale":"fr_FR","og_type":"article","og_title":"Accessibility - Vanguard Healthcare Solutions","og_description":"We have made every effort to make this site accessible and easy to use for everyone. Landmark roles Following guidance set by the Web Accessibility Initiative (WAI) and the Accessible Rich Internet Applications Suite (ARIA), landmark roles are provided to make the site more accessible. Roles used to identify specific content or navigation areas for [&hellip;]","og_url":"https:\/\/www.vanguardhealthcare.co.uk\/fr_fr\/accessibility\/","og_site_name":"Vanguard Healthcare Solutions","article_modified_time":"2023-08-24T10:07:33+00:00","twitter_card":"summary_large_image","twitter_misc":{"Dur\u00e9e de lecture estim\u00e9e":"2 minutes"},"schema":{"@context":"https:\/\/schema.org","@graph":[{"@type":"WebPage","@id":"https:\/\/www.vanguardhealthcare.co.uk\/accessibility\/","url":"https:\/\/www.vanguardhealthcare.co.uk\/accessibility\/","name":"Accessibilit\u00e9 - Solutions de sant\u00e9 Vanguard","isPartOf":{"@id":"https:\/\/www.vanguardhealthcare.co.uk\/#website"},"datePublished":"2023-06-28T13:15:49+00:00","dateModified":"2023-08-24T10:07:33+00:00","breadcrumb":{"@id":"https:\/\/www.vanguardhealthcare.co.uk\/accessibility\/#breadcrumb"},"inLanguage":"fr-FR","potentialAction":[{"@type":"ReadAction","target":["https:\/\/www.vanguardhealthcare.co.uk\/accessibility\/"]}]},{"@type":"BreadcrumbList","@id":"https:\/\/www.vanguardhealthcare.co.uk\/accessibility\/#breadcrumb","itemListElement":[{"@type":"ListItem","position":1,"name":"Home","item":"https:\/\/www.vanguardhealthcare.co.uk\/"},{"@type":"ListItem","position":2,"name":"Accessibility"}]},{"@type":"WebSite","@id":"https:\/\/www.vanguardhealthcare.co.uk\/#website","url":"https:\/\/www.vanguardhealthcare.co.uk\/","name":"Solutions de soins de sant\u00e9 Vanguard","description":"","potentialAction":[{"@type":"SearchAction","target":{"@type":"EntryPoint","urlTemplate":"https:\/\/www.vanguardhealthcare.co.uk\/?s={search_term_string}"},"query-input":{"@type":"PropertyValueSpecification","valueRequired":true,"valueName":"search_term_string"}}],"inLanguage":"fr-FR"}]}},"_links":{"self":[{"href":"https:\/\/www.vanguardhealthcare.co.uk\/fr_fr\/wp-json\/wp\/v2\/pages\/367","targetHints":{"allow":["GET"]}}],"collection":[{"href":"https:\/\/www.vanguardhealthcare.co.uk\/fr_fr\/wp-json\/wp\/v2\/pages"}],"about":[{"href":"https:\/\/www.vanguardhealthcare.co.uk\/fr_fr\/wp-json\/wp\/v2\/types\/page"}],"author":[{"embeddable":true,"href":"https:\/\/www.vanguardhealthcare.co.uk\/fr_fr\/wp-json\/wp\/v2\/users\/2"}],"replies":[{"embeddable":true,"href":"https:\/\/www.vanguardhealthcare.co.uk\/fr_fr\/wp-json\/wp\/v2\/comments?post=367"}],"version-history":[{"count":0,"href":"https:\/\/www.vanguardhealthcare.co.uk\/fr_fr\/wp-json\/wp\/v2\/pages\/367\/revisions"}],"wp:attachment":[{"href":"https:\/\/www.vanguardhealthcare.co.uk\/fr_fr\/wp-json\/wp\/v2\/media?parent=367"}],"curies":[{"name":"wp","href":"https:\/\/api.w.org\/{rel}","templated":true}]}}