{"id":366,"date":"2023-06-28T13:13:23","date_gmt":"2023-06-28T13:13:23","guid":{"rendered":"https:\/\/www.vanguardhealthcare.co.uk\/?page_id=366"},"modified":"2025-06-18T10:27:52","modified_gmt":"2025-06-18T10:27:52","slug":"modern-slavery-and-human-trafficking-statement","status":"publish","type":"page","link":"https:\/\/www.vanguardhealthcare.co.uk\/fr_fr\/modern-slavery-and-human-trafficking-statement\/","title":{"rendered":"D\u00e9claration sur l&#039;esclavage moderne et la traite des \u00eatres humains"},"content":{"rendered":"<h3 class=\"wp-block-heading\">Politique<\/h3>\n<p>L&#039;esclavage moderne est un crime et une violation des droits humains fondamentaux. Elle prend diverses formes, telles que l&#039;esclavage, la servitude, le travail forc\u00e9 et obligatoire et la traite des \u00eatres humains, qui ont toutes en commun la privation de libert\u00e9 d&#039;une personne par une autre afin de l&#039;exploiter \u00e0 des fins personnelles ou commerciales. Le Groupe a une approche de tol\u00e9rance z\u00e9ro \u00e0 l\u2019\u00e9gard de l\u2019esclavage moderne. Nous agirons de mani\u00e8re \u00e9thique et int\u00e8gre dans toutes nos transactions et relations commerciales, en mettant en \u0153uvre et en appliquant des syst\u00e8mes et des contr\u00f4les efficaces pour garantir que l\u2019esclavage moderne n\u2019ait lieu nulle part dans notre groupe ou dans nos cha\u00eenes d\u2019approvisionnement. Nous comprenons que l\u2019esclavage et la traite des \u00eatres humains sont souvent utilis\u00e9s collectivement.<\/p>\n<p>Nous nous engageons \u00e0 garantir la transparence dans notre groupe, dans nos op\u00e9rations commerciales et dans notre approche de la lutte contre l&#039;esclavage moderne tout au long de nos cha\u00eenes d&#039;approvisionnement. Ceci est conforme \u00e0 nos obligations de divulgation en vertu de la loi sur l&#039;esclavage moderne de 2015.<\/p>\n<h4 class=\"wp-block-heading\">Notre cha\u00eene d&#039;approvisionnement et nos employ\u00e9s<\/h4>\n<p>Nous attendons les m\u00eames normes \u00e9thiques \u00e9lev\u00e9es de la part de tous nos sous-traitants, fournisseurs et autres partenaires commerciaux. Dans le cadre de notre processus contractuel, ces normes et exigences font partie de notre accord avec nos sous-traitants.<\/p>\n<p>Cette d\u00e9claration s&#039;applique \u00e0 toutes les personnes travaillant pour nous dans notre cha\u00eene d&#039;approvisionnement, en notre nom \u00e0 quelque titre que ce soit. Cela inclut les employ\u00e9s \u00e0 tous les niveaux, les directeurs, les dirigeants, les travailleurs int\u00e9rimaires, les travailleurs d\u00e9tach\u00e9s, les b\u00e9n\u00e9voles, les agents, les sous-traitants, les consultants externes, les repr\u00e9sentants tiers. et partenaires commerciaux.<\/p>\n<p>Nous travaillons en \u00e9troite collaboration avec nos fournisseurs, ce qui nous permet d\u2019identifier tout risque potentiel de non-conformit\u00e9.<\/p>\n<h4 class=\"wp-block-heading\">Gouvernance<\/h4>\n<p>Nous d\u00e9veloppons continuellement notre gouvernance et nos contr\u00f4les internes pour identifier les pr\u00e9occupations ou les risques li\u00e9s au recours au travail forc\u00e9, obligatoire ou \u00e0 la traite, ou \u00e0 toute personne d\u00e9tenue en esclavage ou en servitude, qu&#039;elle soit adulte ou enfant. Nous avons \u00e9tabli des contr\u00f4les pour maintenir la cha\u00eene d&#039;approvisionnement aux m\u00eames normes \u00e9lev\u00e9es. Nous sommes conscients des risques et disposons de contr\u00f4les pour les g\u00e9rer. L\u2019assurance est fournie par notre structure de gouvernance.<\/p>\n<\/p>\n<h3 class=\"wp-block-heading\">D\u00e9claration<\/h3>\n<ol class=\"wp-block-list\">\n<li><strong>Introduction<\/strong><br \/>Cette d\u00e9claration est \u00e9tablie conform\u00e9ment \u00e0 l&#039;article 54(6) de la loi de 2015 sur l&#039;esclavage moderne et d\u00e9crit nos actions visant \u00e0 comprendre tous les risques potentiels d&#039;esclavage moderne li\u00e9s \u00e0 nos activit\u00e9s et \u00e0 mettre en place des contr\u00f4les visant \u00e0 garantir l&#039;absence d&#039;esclavage ou de traite d&#039;\u00eatres humains au sein de nos activit\u00e9s et de nos cha\u00eenes d&#039;approvisionnement. Cette d\u00e9claration porte sur les actions et activit\u00e9s men\u00e9es au cours de l&#039;exercice clos le 31 d\u00e9cembre 2024.<\/li>\n<\/ol>\n<ol class=\"wp-block-list\"><\/ol>\n<p>2. <strong>Les affaires<\/strong><br \/>Cette d\u00e9claration couvre les activit\u00e9s des entit\u00e9s britanniques suivantes du groupe Vanguard (&quot;Groupe&quot;)\u00a0:<\/p>\n<ul class=\"wp-block-list\">\n<li>Vanguard Healthcare Solutions Limit\u00e9e<\/li>\n<li>Armada Topco Limit\u00e9e <\/li>\n<li>Armada Midco Limit\u00e9e<\/li>\n<li>Armada Bidco Limit\u00e9e <\/li>\n<li>Projet Darwin Bidco Limited<\/li>\n<li>Vanguard Healthcare Solutions (Modulaire) Limit\u00e9e<\/li>\n<\/ul>\n<p>Depuis plus de 25 ans, le Groupe fournit des infrastructures cliniques flexibles, incluant des \u00e9quipements, du personnel et des services auxiliaires, aux secteurs de la sant\u00e9 publics et priv\u00e9s, au Royaume-Uni et \u00e0 l&#039;\u00e9tranger. Le Groupe est implant\u00e9 au Royaume-Uni et en Australie. En 2024, nous comptions en moyenne 153 employ\u00e9s, mais notre organisation d\u00e9pend du travail int\u00e9rimaire et des prestations de services.<\/p>\n<p>3. <strong>La cha\u00eene d&#039;approvisionnement et nos employ\u00e9s<\/strong><br \/>La cha\u00eene d&#039;approvisionnement impliqu\u00e9e dans le fonctionnement, la conception, la fabrication et l&#039;installation de notre structure clinique flexible, ainsi que la fourniture ult\u00e9rieure de personnel et d&#039;\u00e9quipement, est complexe. Cela implique plusieurs niveaux et des organisations de diff\u00e9rentes tailles. Tous nos fournisseurs sont bas\u00e9s au Royaume-Uni, en Europe ou en Australie. Nous ferons appel \u00e0 nos fournisseurs directs pour g\u00e9rer les risques d\u2019esclavage moderne et de traite des \u00eatres humains tout au long de la cha\u00eene d\u2019approvisionnement. Nous avons communiqu\u00e9 nos attentes et nos exigences en mati\u00e8re de normes pour devenir l&#039;un de nos fournisseurs agr\u00e9\u00e9s de notre Groupe, en les r\u00e9percutant tout au long de la cha\u00eene d&#039;approvisionnement.<\/p>\n<p>Nous appliquons des politiques et proc\u00e9dures d&#039;emploi con\u00e7ues pour traiter toutes les personnes qui travaillent au sein de notre entreprise avec dignit\u00e9 et respect. Nous les r\u00e9compensons \u00e9quitablement pour leur travail et ne les exploitons pas. Cela s\u2019applique aux engagements avec les travailleurs int\u00e9rimaires et les entrepreneurs. Des examens annuels sont effectu\u00e9s pour \u00e9valuer que les niveaux de r\u00e9mun\u00e9ration restent suffisamment sup\u00e9rieurs au salaire vital national. Nous effectuons des contr\u00f4les pr\u00e9alables \u00e0 l&#039;emploi appropri\u00e9s sur tous nos employ\u00e9s. Nous exigeons que toutes les agences pour l&#039;emploi fassent de m\u00eame et notre \u00e9quipe RH cherche \u00e0 obtenir l&#039;assurance que cela a \u00e9t\u00e9 fait. Nous respectons les codes de conduite professionnels pour tous nos employ\u00e9s et travailleurs qualifi\u00e9s.<\/p>\n<p>\u00c0 mesure que nous nous d\u00e9veloppons, nous voulons nous assurer de maintenir la bonne culture au sein du Groupe. Les employ\u00e9s et les travailleurs sont encourag\u00e9s \u00e0 signaler toute pr\u00e9occupation, conform\u00e9ment \u00e0 notre politique Libert\u00e9 de s&#039;exprimer : faire part de ses pr\u00e9occupations (lancement d&#039;alerte). Nous avons entrepris des formations sur les facteurs humains dans l&#039;ensemble du Groupe. Nous continuons \u00e0 construire notre <em>Culture juste<\/em>, garantissant un environnement s\u00fbr o\u00f9 chacun a confiance en sa capacit\u00e9 \u00e0 signaler ses pr\u00e9occupations sans \u00eatre bl\u00e2m\u00e9. Notre groupe compte un responsable Sant\u00e9, S\u00e9curit\u00e9 et Environnement, charg\u00e9 de veiller au maintien d&#039;une culture d&#039;entreprise saine. Notre structure de gouvernance permet de signaler les le\u00e7ons apprises ou les erreurs au niveau organisationnel et d&#039;en assurer le suivi, contribuant ainsi \u00e0 notre am\u00e9lioration continue et \u00e0 notre certification ISO 9001.<\/p>\n<p>Nous disposons d&#039;un processus de pr\u00e9qualification pour notre cha\u00eene d&#039;approvisionnement, qui \u00e9value nos cha\u00eenes d&#039;approvisionnement et les risques potentiels d&#039;esclavage, de travail des enfants et de traite des \u00eatres humains. La plupart de nos fournisseurs \u00e9tant bas\u00e9s au Royaume-Uni et en Australie, et nombre d&#039;entre eux \u00e9voluant dans des secteurs sp\u00e9cialis\u00e9s plut\u00f4t que peu qualifi\u00e9s, nos cha\u00eenes d&#039;approvisionnement ont \u00e9t\u00e9 globalement jug\u00e9es comme pr\u00e9sentant un faible risque de non-conformit\u00e9 \u00e0 la loi. Cependant, les risques pesant sur notre cha\u00eene d&#039;approvisionnement sont surveill\u00e9s et nous actualisons notre processus de pr\u00e9qualification si n\u00e9cessaire.<\/p>\n<p>Nous ne travaillerons qu&#039;avec des organisations de notre cha\u00eene d&#039;approvisionnement qui ont des engagements conformes \u00e0 ceux du Groupe et peuvent garantir qu&#039;elles ne sont pas impliqu\u00e9es dans l&#039;esclavage moderne ou la traite des \u00eatres humains. Bien qu&#039;il soit de l&#039;obligation de ces organisations d&#039;appliquer leurs propres politiques et proc\u00e9dures pour atteindre cet objectif, nous surveillons, par le biais de notre processus de pr\u00e9-qualification, de notre gestion des contrats et de nos pratiques existantes, pour nous assurer que nous prenons toutes les mesures raisonnables pour v\u00e9rifier la conformit\u00e9 \u00e0 la Loi.<\/p>\n<p>4. <strong>Actions entreprises au cours des 12 derniers mois<\/strong><\/p>\n<p>Nous avons:<\/p>\n<ul class=\"wp-block-list\">\n<li>Nous avons examin\u00e9 et am\u00e9lior\u00e9 les risques et les mesures d\u2019att\u00e9nuation li\u00e9s \u00e0 notre cha\u00eene d\u2019approvisionnement.<\/li>\n<li>Nous avons entrepris un examen de notre cha\u00eene d&#039;approvisionnement pour assurer la conformit\u00e9 \u00e0 la Loi.<\/li>\n<li>Nous avons examin\u00e9 nos normes de fournisseurs et les mettons en \u0153uvre tout au long de notre cha\u00eene d\u2019approvisionnement, pour les fournisseurs existants et les nouveaux fournisseurs.<\/li>\n<li>\u00c9valuer continuellement l&#039;efficacit\u00e9 de notre structure de gouvernance et apporter des modifications pour garantir que des contr\u00f4les sont en place pour se conformer \u00e0 la Loi.<\/li>\n<li>Nous avons continu\u00e9 \u00e0 sensibiliser la population \u00e0 la Loi et aux risques associ\u00e9s dans le cadre de notre processus d&#039;int\u00e9gration.<\/li>\n<\/ul>\n<p>5. <strong>Plans d&#039;am\u00e9lioration<\/strong><\/p>\n<p>Nous serons:<\/p>\n<ul class=\"wp-block-list\">\n<li>Suivre les progr\u00e8s de l\u2019amendement potentiel \u00e0 la loi sur l\u2019esclavage moderne et r\u00e9viser en permanence les dispositions de la loi applicables \u00e0 nos activit\u00e9s commerciales.<\/li>\n<li>Faire progresser notre engagement environnemental, social et de gouvernance (ESG) dans l\u2019ensemble de notre Groupe.<\/li>\n<li>Mettre \u00e0 jour notre gouvernance pour garantir que les objectifs ESG sont atteints et surveill\u00e9s.<\/li>\n<li>R\u00e9viser notre cha\u00eene d\u2019approvisionnement au moins une fois par an, ou lorsque le risque est identifi\u00e9 dans le cadre de notre gestion de la cha\u00eene d\u2019approvisionnement.<\/li>\n<li>Entreprendre une \u00e9valuation des risques li\u00e9s \u00e0 l\u2019esclavage moderne avec nos agences et nos fournisseurs critiques.<\/li>\n<li>Maintenir notre norme de fournisseur pour garantir qu\u2019elle r\u00e9pond \u00e0 nos ambitions ESG et de valeur sociale.<\/li>\n<li>Surveiller les exigences des normes des fournisseurs du NHS afin de les respecter, mais notre ambition reste de les d\u00e9passer.<\/li>\n<li>Permettre \u00e0 notre structure de gouvernance de soutenir une am\u00e9lioration continue afin d&#039;att\u00e9nuer les risques associ\u00e9s au non-respect de la loi ou aux mauvaises pratiques dans notre cha\u00eene d&#039;approvisionnement.<\/li>\n<li>Am\u00e9liorer la sensibilisation du Groupe au respect de la loi, notamment en mati\u00e8re de corruption et de travail des enfants.<\/li>\n<li>\u00c9tablir des contr\u00f4les et une culture pour encourager les actions visant \u00e0 att\u00e9nuer les risques de non-conformit\u00e9 \u00e0 la loi dans l&#039;ensemble de notre Groupe.<\/li>\n<\/ul>\n<p>Cette d\u00e9claration a \u00e9t\u00e9 approuv\u00e9e par le Conseil d\u2019administration le 6 juin 2025, qui la r\u00e9visera et la mettra \u00e0 jour sur une base annuelle.<\/p>\n<p><strong>Chris Blackwell-Frost<br \/>PDG<br \/>6 juin 2025<\/strong><\/p>","protected":false},"excerpt":{"rendered":"<p>Policy Modern slavery is a crime and a violation of fundamental human rights. It takes various forms, such as slavery, servitude, forced and compulsory labour and human trafficking, all of which have in common the deprivation of a person\u2019s liberty by another in order to exploit them for personal or commercial gain. The Group has [&hellip;]<\/p>\n","protected":false},"author":2,"featured_media":0,"parent":0,"menu_order":0,"comment_status":"closed","ping_status":"closed","template":"","meta":{"_acf_changed":false,"footnotes":""},"class_list":["post-366","page","type-page","status-publish","format-standard","hentry"],"acf":[],"yoast_head":"<!-- This site is optimized with the Yoast SEO plugin v27.3 - https:\/\/yoast.com\/product\/yoast-seo-wordpress\/ -->\n<title>Modern slavery and human trafficking statement - Vanguard Healthcare Solutions<\/title>\n<meta name=\"robots\" content=\"index, follow, max-snippet:-1, max-image-preview:large, max-video-preview:-1\" \/>\n<link rel=\"canonical\" href=\"https:\/\/www.vanguardhealthcare.co.uk\/fr_fr\/modern-slavery-and-human-trafficking-statement\/\" \/>\n<meta property=\"og:locale\" content=\"fr_FR\" \/>\n<meta property=\"og:type\" content=\"article\" \/>\n<meta property=\"og:title\" content=\"Modern slavery and human trafficking statement - Vanguard Healthcare Solutions\" \/>\n<meta property=\"og:description\" content=\"Policy Modern slavery is a crime and a violation of fundamental human rights. It takes various forms, such as slavery, servitude, forced and compulsory labour and human trafficking, all of which have in common the deprivation of a person\u2019s liberty by another in order to exploit them for personal or commercial gain. The Group has [&hellip;]\" \/>\n<meta property=\"og:url\" content=\"https:\/\/www.vanguardhealthcare.co.uk\/fr_fr\/modern-slavery-and-human-trafficking-statement\/\" \/>\n<meta property=\"og:site_name\" content=\"Vanguard Healthcare Solutions\" \/>\n<meta property=\"article:modified_time\" content=\"2025-06-18T10:27:52+00:00\" \/>\n<meta name=\"twitter:card\" content=\"summary_large_image\" \/>\n<meta name=\"twitter:label1\" content=\"Dur\u00e9e de lecture estim\u00e9e\" \/>\n\t<meta name=\"twitter:data1\" content=\"6 minutes\" \/>\n<script type=\"application\/ld+json\" class=\"yoast-schema-graph\">{\"@context\":\"https:\\\/\\\/schema.org\",\"@graph\":[{\"@type\":\"WebPage\",\"@id\":\"https:\\\/\\\/www.vanguardhealthcare.co.uk\\\/modern-slavery-and-human-trafficking-statement\\\/\",\"url\":\"https:\\\/\\\/www.vanguardhealthcare.co.uk\\\/modern-slavery-and-human-trafficking-statement\\\/\",\"name\":\"Modern slavery and human trafficking statement - Vanguard Healthcare Solutions\",\"isPartOf\":{\"@id\":\"https:\\\/\\\/www.vanguardhealthcare.co.uk\\\/#website\"},\"datePublished\":\"2023-06-28T13:13:23+00:00\",\"dateModified\":\"2025-06-18T10:27:52+00:00\",\"breadcrumb\":{\"@id\":\"https:\\\/\\\/www.vanguardhealthcare.co.uk\\\/modern-slavery-and-human-trafficking-statement\\\/#breadcrumb\"},\"inLanguage\":\"fr-FR\",\"potentialAction\":[{\"@type\":\"ReadAction\",\"target\":[\"https:\\\/\\\/www.vanguardhealthcare.co.uk\\\/modern-slavery-and-human-trafficking-statement\\\/\"]}]},{\"@type\":\"BreadcrumbList\",\"@id\":\"https:\\\/\\\/www.vanguardhealthcare.co.uk\\\/modern-slavery-and-human-trafficking-statement\\\/#breadcrumb\",\"itemListElement\":[{\"@type\":\"ListItem\",\"position\":1,\"name\":\"Home\",\"item\":\"https:\\\/\\\/www.vanguardhealthcare.co.uk\\\/\"},{\"@type\":\"ListItem\",\"position\":2,\"name\":\"Modern slavery and human trafficking statement\"}]},{\"@type\":\"WebSite\",\"@id\":\"https:\\\/\\\/www.vanguardhealthcare.co.uk\\\/#website\",\"url\":\"https:\\\/\\\/www.vanguardhealthcare.co.uk\\\/\",\"name\":\"Vanguard Healthcare Solutions\",\"description\":\"\",\"potentialAction\":[{\"@type\":\"SearchAction\",\"target\":{\"@type\":\"EntryPoint\",\"urlTemplate\":\"https:\\\/\\\/www.vanguardhealthcare.co.uk\\\/?s={search_term_string}\"},\"query-input\":{\"@type\":\"PropertyValueSpecification\",\"valueRequired\":true,\"valueName\":\"search_term_string\"}}],\"inLanguage\":\"fr-FR\"}]}<\/script>\n<!-- \/ Yoast SEO plugin. -->","yoast_head_json":{"title":"D\u00e9claration sur l&#039;esclavage moderne et la traite des \u00eatres humains - Vanguard Healthcare Solutions","robots":{"index":"index","follow":"follow","max-snippet":"max-snippet:-1","max-image-preview":"max-image-preview:large","max-video-preview":"max-video-preview:-1"},"canonical":"https:\/\/www.vanguardhealthcare.co.uk\/fr_fr\/modern-slavery-and-human-trafficking-statement\/","og_locale":"fr_FR","og_type":"article","og_title":"Modern slavery and human trafficking statement - Vanguard Healthcare Solutions","og_description":"Policy Modern slavery is a crime and a violation of fundamental human rights. It takes various forms, such as slavery, servitude, forced and compulsory labour and human trafficking, all of which have in common the deprivation of a person\u2019s liberty by another in order to exploit them for personal or commercial gain. The Group has [&hellip;]","og_url":"https:\/\/www.vanguardhealthcare.co.uk\/fr_fr\/modern-slavery-and-human-trafficking-statement\/","og_site_name":"Vanguard Healthcare Solutions","article_modified_time":"2025-06-18T10:27:52+00:00","twitter_card":"summary_large_image","twitter_misc":{"Dur\u00e9e de lecture estim\u00e9e":"6 minutes"},"schema":{"@context":"https:\/\/schema.org","@graph":[{"@type":"WebPage","@id":"https:\/\/www.vanguardhealthcare.co.uk\/modern-slavery-and-human-trafficking-statement\/","url":"https:\/\/www.vanguardhealthcare.co.uk\/modern-slavery-and-human-trafficking-statement\/","name":"D\u00e9claration sur l&#039;esclavage moderne et la traite des \u00eatres humains - Vanguard Healthcare Solutions","isPartOf":{"@id":"https:\/\/www.vanguardhealthcare.co.uk\/#website"},"datePublished":"2023-06-28T13:13:23+00:00","dateModified":"2025-06-18T10:27:52+00:00","breadcrumb":{"@id":"https:\/\/www.vanguardhealthcare.co.uk\/modern-slavery-and-human-trafficking-statement\/#breadcrumb"},"inLanguage":"fr-FR","potentialAction":[{"@type":"ReadAction","target":["https:\/\/www.vanguardhealthcare.co.uk\/modern-slavery-and-human-trafficking-statement\/"]}]},{"@type":"BreadcrumbList","@id":"https:\/\/www.vanguardhealthcare.co.uk\/modern-slavery-and-human-trafficking-statement\/#breadcrumb","itemListElement":[{"@type":"ListItem","position":1,"name":"Home","item":"https:\/\/www.vanguardhealthcare.co.uk\/"},{"@type":"ListItem","position":2,"name":"Modern slavery and human trafficking statement"}]},{"@type":"WebSite","@id":"https:\/\/www.vanguardhealthcare.co.uk\/#website","url":"https:\/\/www.vanguardhealthcare.co.uk\/","name":"Solutions de soins de sant\u00e9 Vanguard","description":"","potentialAction":[{"@type":"SearchAction","target":{"@type":"EntryPoint","urlTemplate":"https:\/\/www.vanguardhealthcare.co.uk\/?s={search_term_string}"},"query-input":{"@type":"PropertyValueSpecification","valueRequired":true,"valueName":"search_term_string"}}],"inLanguage":"fr-FR"}]}},"_links":{"self":[{"href":"https:\/\/www.vanguardhealthcare.co.uk\/fr_fr\/wp-json\/wp\/v2\/pages\/366","targetHints":{"allow":["GET"]}}],"collection":[{"href":"https:\/\/www.vanguardhealthcare.co.uk\/fr_fr\/wp-json\/wp\/v2\/pages"}],"about":[{"href":"https:\/\/www.vanguardhealthcare.co.uk\/fr_fr\/wp-json\/wp\/v2\/types\/page"}],"author":[{"embeddable":true,"href":"https:\/\/www.vanguardhealthcare.co.uk\/fr_fr\/wp-json\/wp\/v2\/users\/2"}],"replies":[{"embeddable":true,"href":"https:\/\/www.vanguardhealthcare.co.uk\/fr_fr\/wp-json\/wp\/v2\/comments?post=366"}],"version-history":[{"count":0,"href":"https:\/\/www.vanguardhealthcare.co.uk\/fr_fr\/wp-json\/wp\/v2\/pages\/366\/revisions"}],"wp:attachment":[{"href":"https:\/\/www.vanguardhealthcare.co.uk\/fr_fr\/wp-json\/wp\/v2\/media?parent=366"}],"curies":[{"name":"wp","href":"https:\/\/api.w.org\/{rel}","templated":true}]}}