{"id":316,"date":"2023-06-26T15:37:53","date_gmt":"2023-06-26T15:37:53","guid":{"rendered":"https:\/\/www.vanguardhealthcare.co.uk\/?page_id=316"},"modified":"2024-04-09T10:54:17","modified_gmt":"2024-04-09T10:54:17","slug":"partner-programme","status":"publish","type":"page","link":"https:\/\/www.vanguardhealthcare.co.uk\/fr_fr\/partner-programme\/","title":{"rendered":"Programme partenaire"},"content":{"rendered":"<section id=\"section-319-315\" class=\"ct-section\" >\n<div class=\"ct-section-inner-wrap\">\n<div id=\"new_columns-320-315\" class=\"ct-new-columns\" >\n<div id=\"div_block-321-315\" class=\"ct-div-block\" >\n<h2 id=\"headline-322-315\" class=\"ct-headline\">Nos partenaires soigneusement s\u00e9lectionn\u00e9s ajoutent de la valeur \u00e0 notre service<\/h2>\n<div id=\"_rich_text-323-315\" class=\"oxy-rich-text\" >\n<p>Le programme de partenariat rassemble notre expertise dans la fourniture d&#039;espaces et de solutions de soins de sant\u00e9 flexibles avec d&#039;autres prestataires de soins de sant\u00e9 cl\u00e9s pour faciliter un \u00e9cosyst\u00e8me de partenaires avant-gardistes qui s&#039;engagent dans une approche collaborative et innovante.<\/p>\n<p>Travailler de mani\u00e8re ouverte et constructive avec d&#039;autres prestataires pour planifier, \u00e9quiper, doter en personnel et livrer ces nouvelles installations am\u00e9liore la qualit\u00e9 du nouvel environnement clinique, offre une approche de bout en bout et garantit de la valeur pour nos clients communs.<\/p>\n<\/div>\n<\/div>\n<div id=\"div_block-324-315\" class=\"ct-div-block\" ><img decoding=\"async\"  id=\"image-325-315\" alt=\"\" src=\"https:\/\/www.vanguardhealthcare.co.uk\/wp-content\/uploads\/2023\/06\/partners-info.png\" class=\"ct-image\"\/><\/div>\n<\/div>\n<\/div>\n<\/section>\n<section id=\"section-332-315\" class=\"ct-section\" >\n<div class=\"ct-section-inner-wrap\">\n<h3 id=\"headline-339-315\" class=\"ct-headline\">Il existe quatre types de partenaires cl\u00e9s avec lesquels nous travaillons g\u00e9n\u00e9ralement\u00a0:<\/h3>\n<div id=\"new_columns-333-315\" class=\"ct-new-columns\" >\n<div id=\"div_block-334-315\" class=\"ct-div-block\" >\n<div id=\"div_block-345-315\" class=\"ct-div-block box-shadow\" >\n<div id=\"_rich_text-346-315\" class=\"oxy-rich-text\" >\n<p><strong>Construction<\/strong><br \/>Fournissez en toute transparence des solutions modulaires et mobiles de soins de sant\u00e9 sp\u00e9cialis\u00e9s lors de la construction de nouveaux projets de construction et de r\u00e9novation d&#039;h\u00f4pitaux afin de maintenir et d&#039;am\u00e9liorer la continuit\u00e9 des soins.\u00a0<\/p>\n<\/div>\n<\/div>\n<\/div>\n<div id=\"div_block-335-315\" class=\"ct-div-block\" >\n<div id=\"div_block-342-315\" class=\"ct-div-block box-shadow\" >\n<div id=\"_rich_text-337-315\" class=\"oxy-rich-text\" >\n<p><strong>Fabricants d&#039;\u00e9quipements<\/strong><br \/>Ce partenariat offre aux h\u00f4pitaux une solution de bout en bout. Des installations modulaires et mobiles sont livr\u00e9es compl\u00e8tes avec les derni\u00e8res innovations en mati\u00e8re d&#039;\u00e9quipements m\u00e9dicaux, toujours con\u00e7ues pour r\u00e9pondre aux besoins des cliniciens utilisant nos Espaces de Sant\u00e9.<\/p>\n<\/div>\n<\/div>\n<\/div>\n<\/div>\n<div id=\"new_columns-350-315\" class=\"ct-new-columns\" >\n<div id=\"div_block-351-315\" class=\"ct-div-block\" >\n<div id=\"div_block-354-315\" class=\"ct-div-block box-shadow\" >\n<div id=\"_rich_text-355-315\" class=\"oxy-rich-text\" >\n<p><strong>Consultatif<\/strong><br \/>Travailler en \u00e9troite collaboration avec des architectes et des concepteurs pour int\u00e9grer les m\u00e9thodes modernes de construction (MMC) dans les programmes de construction et de r\u00e9novation des h\u00f4pitaux. Le r\u00e9sultat final est un environnement de travail durable, productif et rentable.\u00a0<\/p>\n<\/div>\n<\/div>\n<\/div>\n<div id=\"div_block-356-315\" class=\"ct-div-block\" >\n<div id=\"div_block-359-315\" class=\"ct-div-block box-shadow\" >\n<div id=\"_rich_text-360-315\" class=\"oxy-rich-text\" >\n<p><strong>Op\u00e9rateurs de services cliniques<\/strong><br \/>Nos espaces de soins de sant\u00e9 de haute qualit\u00e9 sont compl\u00e9t\u00e9s par des solutions de dotation en personnel expertes pour fournir un service enti\u00e8rement g\u00e9r\u00e9 de bout en bout, aidant les h\u00f4pitaux \u00e0 maintenir les niveaux de service et la productivit\u00e9.\u00a0<\/p>\n<\/div>\n<\/div>\n<\/div>\n<\/div>\n<\/div>\n<\/section>","protected":false},"excerpt":{"rendered":"","protected":false},"author":2,"featured_media":0,"parent":0,"menu_order":0,"comment_status":"closed","ping_status":"closed","template":"","meta":{"_acf_changed":false,"footnotes":""},"class_list":["post-316","page","type-page","status-publish","format-standard","hentry"],"acf":[],"yoast_head":"<!-- This site is optimized with the Yoast SEO plugin v27.3 - https:\/\/yoast.com\/product\/yoast-seo-wordpress\/ -->\n<title>Partner programme - Vanguard Healthcare Solutions<\/title>\n<meta name=\"robots\" content=\"index, follow, max-snippet:-1, max-image-preview:large, max-video-preview:-1\" \/>\n<link rel=\"canonical\" href=\"https:\/\/www.vanguardhealthcare.co.uk\/fr_fr\/partner-programme\/\" \/>\n<meta property=\"og:locale\" content=\"fr_FR\" \/>\n<meta property=\"og:type\" content=\"article\" \/>\n<meta property=\"og:title\" content=\"Partner programme - Vanguard Healthcare Solutions\" \/>\n<meta property=\"og:url\" content=\"https:\/\/www.vanguardhealthcare.co.uk\/fr_fr\/partner-programme\/\" \/>\n<meta property=\"og:site_name\" content=\"Vanguard Healthcare Solutions\" \/>\n<meta property=\"article:modified_time\" content=\"2024-04-09T10:54:17+00:00\" \/>\n<meta name=\"twitter:card\" content=\"summary_large_image\" \/>\n<meta name=\"twitter:label1\" content=\"Dur\u00e9e de lecture estim\u00e9e\" \/>\n\t<meta name=\"twitter:data1\" content=\"1 minute\" \/>\n<script type=\"application\/ld+json\" class=\"yoast-schema-graph\">{\"@context\":\"https:\\\/\\\/schema.org\",\"@graph\":[{\"@type\":\"WebPage\",\"@id\":\"https:\\\/\\\/www.vanguardhealthcare.co.uk\\\/partner-programme\\\/\",\"url\":\"https:\\\/\\\/www.vanguardhealthcare.co.uk\\\/partner-programme\\\/\",\"name\":\"Partner programme - Vanguard Healthcare Solutions\",\"isPartOf\":{\"@id\":\"https:\\\/\\\/www.vanguardhealthcare.co.uk\\\/#website\"},\"datePublished\":\"2023-06-26T15:37:53+00:00\",\"dateModified\":\"2024-04-09T10:54:17+00:00\",\"breadcrumb\":{\"@id\":\"https:\\\/\\\/www.vanguardhealthcare.co.uk\\\/partner-programme\\\/#breadcrumb\"},\"inLanguage\":\"fr-FR\",\"potentialAction\":[{\"@type\":\"ReadAction\",\"target\":[\"https:\\\/\\\/www.vanguardhealthcare.co.uk\\\/partner-programme\\\/\"]}]},{\"@type\":\"BreadcrumbList\",\"@id\":\"https:\\\/\\\/www.vanguardhealthcare.co.uk\\\/partner-programme\\\/#breadcrumb\",\"itemListElement\":[{\"@type\":\"ListItem\",\"position\":1,\"name\":\"Home\",\"item\":\"https:\\\/\\\/www.vanguardhealthcare.co.uk\\\/\"},{\"@type\":\"ListItem\",\"position\":2,\"name\":\"Partner programme\"}]},{\"@type\":\"WebSite\",\"@id\":\"https:\\\/\\\/www.vanguardhealthcare.co.uk\\\/#website\",\"url\":\"https:\\\/\\\/www.vanguardhealthcare.co.uk\\\/\",\"name\":\"Vanguard Healthcare Solutions\",\"description\":\"\",\"potentialAction\":[{\"@type\":\"SearchAction\",\"target\":{\"@type\":\"EntryPoint\",\"urlTemplate\":\"https:\\\/\\\/www.vanguardhealthcare.co.uk\\\/?s={search_term_string}\"},\"query-input\":{\"@type\":\"PropertyValueSpecification\",\"valueRequired\":true,\"valueName\":\"search_term_string\"}}],\"inLanguage\":\"fr-FR\"}]}<\/script>\n<!-- \/ Yoast SEO plugin. -->","yoast_head_json":{"title":"Programme de partenariat - Vanguard Healthcare Solutions","robots":{"index":"index","follow":"follow","max-snippet":"max-snippet:-1","max-image-preview":"max-image-preview:large","max-video-preview":"max-video-preview:-1"},"canonical":"https:\/\/www.vanguardhealthcare.co.uk\/fr_fr\/partner-programme\/","og_locale":"fr_FR","og_type":"article","og_title":"Partner programme - Vanguard Healthcare Solutions","og_url":"https:\/\/www.vanguardhealthcare.co.uk\/fr_fr\/partner-programme\/","og_site_name":"Vanguard Healthcare Solutions","article_modified_time":"2024-04-09T10:54:17+00:00","twitter_card":"summary_large_image","twitter_misc":{"Dur\u00e9e de lecture estim\u00e9e":"1 minute"},"schema":{"@context":"https:\/\/schema.org","@graph":[{"@type":"WebPage","@id":"https:\/\/www.vanguardhealthcare.co.uk\/partner-programme\/","url":"https:\/\/www.vanguardhealthcare.co.uk\/partner-programme\/","name":"Programme de partenariat - Vanguard Healthcare Solutions","isPartOf":{"@id":"https:\/\/www.vanguardhealthcare.co.uk\/#website"},"datePublished":"2023-06-26T15:37:53+00:00","dateModified":"2024-04-09T10:54:17+00:00","breadcrumb":{"@id":"https:\/\/www.vanguardhealthcare.co.uk\/partner-programme\/#breadcrumb"},"inLanguage":"fr-FR","potentialAction":[{"@type":"ReadAction","target":["https:\/\/www.vanguardhealthcare.co.uk\/partner-programme\/"]}]},{"@type":"BreadcrumbList","@id":"https:\/\/www.vanguardhealthcare.co.uk\/partner-programme\/#breadcrumb","itemListElement":[{"@type":"ListItem","position":1,"name":"Home","item":"https:\/\/www.vanguardhealthcare.co.uk\/"},{"@type":"ListItem","position":2,"name":"Partner programme"}]},{"@type":"WebSite","@id":"https:\/\/www.vanguardhealthcare.co.uk\/#website","url":"https:\/\/www.vanguardhealthcare.co.uk\/","name":"Solutions de soins de sant\u00e9 Vanguard","description":"","potentialAction":[{"@type":"SearchAction","target":{"@type":"EntryPoint","urlTemplate":"https:\/\/www.vanguardhealthcare.co.uk\/?s={search_term_string}"},"query-input":{"@type":"PropertyValueSpecification","valueRequired":true,"valueName":"search_term_string"}}],"inLanguage":"fr-FR"}]}},"_links":{"self":[{"href":"https:\/\/www.vanguardhealthcare.co.uk\/fr_fr\/wp-json\/wp\/v2\/pages\/316","targetHints":{"allow":["GET"]}}],"collection":[{"href":"https:\/\/www.vanguardhealthcare.co.uk\/fr_fr\/wp-json\/wp\/v2\/pages"}],"about":[{"href":"https:\/\/www.vanguardhealthcare.co.uk\/fr_fr\/wp-json\/wp\/v2\/types\/page"}],"author":[{"embeddable":true,"href":"https:\/\/www.vanguardhealthcare.co.uk\/fr_fr\/wp-json\/wp\/v2\/users\/2"}],"replies":[{"embeddable":true,"href":"https:\/\/www.vanguardhealthcare.co.uk\/fr_fr\/wp-json\/wp\/v2\/comments?post=316"}],"version-history":[{"count":0,"href":"https:\/\/www.vanguardhealthcare.co.uk\/fr_fr\/wp-json\/wp\/v2\/pages\/316\/revisions"}],"wp:attachment":[{"href":"https:\/\/www.vanguardhealthcare.co.uk\/fr_fr\/wp-json\/wp\/v2\/media?parent=316"}],"curies":[{"name":"wp","href":"https:\/\/api.w.org\/{rel}","templated":true}]}}