{"id":693,"date":"2023-07-19T15:41:55","date_gmt":"2023-07-19T15:41:55","guid":{"rendered":"https:\/\/www.vanguardhealthcare.co.uk\/?page_id=693"},"modified":"2023-09-19T13:35:31","modified_gmt":"2023-09-19T13:35:31","slug":"faqs","status":"publish","type":"page","link":"https:\/\/www.vanguardhealthcare.co.uk\/fi_fi\/faqs\/","title":{"rendered":"UKK"},"content":{"rendered":"<section id=\"section-2-59\" class=\"ct-section\" style=\"background-image:url(https:\/\/www.vanguardhealthcare.co.uk\/wp-content\/uploads\/2023\/05\/boulders-right.png);background-size: auto;\" >\n<div class=\"ct-section-inner-wrap\">\n<div id=\"div_block-8-59\" class=\"ct-div-block\" ><a id=\"link_text-6-59\" class=\"ct-link-text\" href=\"\/fi_fi\/\" target=\"_self\"  >Koti<\/a><\/p>\n<h1 id=\"headline-3-59\" class=\"ct-headline\"><span id=\"span-4-59\" class=\"ct-span\" >UKK<\/span><\/h1>\n<\/div>\n<\/div>\n<\/section>\n<div class=\"wp-block-vanguard-concertina\">\n<section class=\"ct-section\">\n<div class=\"ct-section-inner-wrap\">\n<div id=\"accordion-i9PUm1SAuAIPWb4o\" class=\"concertina accordion concertina-2col\">\n<div class=\"wp-block-vanguard-concertina-item accordion-item\">\n<h2 class=\"accordion-header\" id=\"heading-d078635e-3876-4394-8c4b-860ab9bdab1a\">\n<div class=\"title\">Kuinka kauan modulaarisen laitteiston asentaminen kest\u00e4\u00e4?<\/div>\n<p><span class=\"indicator\"><\/span><\/h2>\n<div id=\"collapse-d078635e-3876-4394-8c4b-860ab9bdab1a\" class=\"accordion-collapse collapse\" aria-labelledby=\"heading-d078635e-3876-4394-8c4b-860ab9bdab1a\" data-bs-parent=\"#accordion-i9PUm1SAuAIPWb4o\">\n<div class=\"accordion-body\">\n<div class=\"text\">Lyhyt vastaus on v\u00e4hemm\u00e4n aikaa kuin luulet. Modulaariset tilat, joissa k\u00e4ytet\u00e4\u00e4n moderneja rakennusmenetelmi\u00e4, voidaan kehitt\u00e4\u00e4 paljon nopeammin kuin perinteiset tiili- ja laastirakennukset. Esimerkiksi nelj\u00e4n modulaarisen p\u00e4iv\u00e4leikkaussalin, toipumistilan ja muiden tukihuoneiden rakentaminen sairaalaan voi kest\u00e4\u00e4 ostotilauksesta luovutukseen vain 12 viikkoa tai jopa 26 viikkoa, jos tarvitaan r\u00e4\u00e4t\u00e4l\u00f6ity Healthcare Space -ratkaisu.<\/p>\n<p><a href=\"\/fi_fi\/facilities\/operating-theatres\/\" data-type=\"facilities\" data-id=\"162\">Ota selv\u00e4\u00e4, kuinka nopeasti modulaarinen laitos voi saapua sairaalasi alueelle<\/a>.<\/div>\n<\/div>\n<\/div>\n<\/div>\n<div class=\"wp-block-vanguard-concertina-item accordion-item\">\n<h2 class=\"accordion-header\" id=\"heading-1de95927-d811-4aff-adcf-0aefddbe059e\">\n<div class=\"title\">Voinko vuokrata tai ostaa tilan?<\/div>\n<p><span class=\"indicator\"><\/span><\/h2>\n<div id=\"collapse-1de95927-d811-4aff-adcf-0aefddbe059e\" class=\"accordion-collapse collapse\" aria-labelledby=\"heading-1de95927-d811-4aff-adcf-0aefddbe059e\" data-bs-parent=\"#accordion-i9PUm1SAuAIPWb4o\">\n<div class=\"accordion-body\">\n<div class=\"text\">Vastaus on kyll\u00e4 molempiin. Tarjoamme joustavan <a href=\"\/fi_fi\/procurement\/\" data-type=\"page\" data-id=\"455\">hankintamenettely\u00e4<\/a> modulaarisille tiloillemme, joissa on vuokra-, vuokra-\/osto- ja ostovaihtoehdot joko suoraan tai erilaisten puitteiden kautta.<\/p>\n<p><a href=\"\/fi_fi\/our-facilities\/\" data-type=\"page\" data-id=\"164\">Mobiiliyksik\u00f6mme<\/a> ovat saatavilla vain vuokralle, mink\u00e4 ansiosta pystymme toimimaan nopeasti ja vastaamaan kiireellisiin tarpeisiin yksik\u00f6ill\u00e4, jotka tulevat s\u00e4\u00e4nn\u00f6llisesti saataville.<\/div>\n<\/div>\n<\/div>\n<\/div>\n<div class=\"wp-block-vanguard-concertina-item accordion-item\">\n<h2 class=\"accordion-header\" id=\"heading-6af607bb-17f3-405d-a620-f36c0dc0e622\">\n<div class=\"title\">Onko olemassa minimivuokra-aikaa?<\/div>\n<p><span class=\"indicator\"><\/span><\/h2>\n<div id=\"collapse-6af607bb-17f3-405d-a620-f36c0dc0e622\" class=\"accordion-collapse collapse\" aria-labelledby=\"heading-6af607bb-17f3-405d-a620-f36c0dc0e622\" data-bs-parent=\"#accordion-i9PUm1SAuAIPWb4o\">\n<div class=\"accordion-body\">\n<div class=\"text\">Yleisesti ottaen mobiilitilojemme vuokra-aika on v\u00e4hint\u00e4\u00e4n 13 viikkoa ja voimme rakentaa hinnoittelumallin moduulitiloillemme 26 viikosta eteenp\u00e4in. K\u00e4yt\u00e4mme kuitenkin joustavaa l\u00e4hestymistapaa, sill\u00e4 ensisijaisena tavoitteenamme on aina perustaa ratkaisumme asiakkaidemme tarpeiden mukaan rajoitusten asettamisen sijaan.<\/div>\n<\/div>\n<\/div>\n<\/div>\n<div class=\"wp-block-vanguard-concertina-item accordion-item\">\n<h2 class=\"accordion-header\" id=\"heading-343fc496-20ba-4e00-a725-9d3b2efbdbb7\">\n<div class=\"title\">Mit\u00e4 toimenpiteit\u00e4 voidaan suorittaa liikkuvassa leikkaussalissa?<\/div>\n<p><span class=\"indicator\"><\/span><\/h2>\n<div id=\"collapse-343fc496-20ba-4e00-a725-9d3b2efbdbb7\" class=\"accordion-collapse collapse\" aria-labelledby=\"heading-343fc496-20ba-4e00-a725-9d3b2efbdbb7\" data-bs-parent=\"#accordion-i9PUm1SAuAIPWb4o\">\n<div class=\"accordion-body\">\n<div class=\"text\">75% kaikista kliinisist\u00e4 toimenpiteist\u00e4, jotka suoritetaan suuressa akuuttisairaalassa, voidaan suorittaa liikkuvissa leikkaussaleissamme lonkkaproteesista kaihileikkauksiin, endoskopiatoimenpiteist\u00e4 plastiikkakirurgiaan. Lis\u00e4ksi erikoissyd\u00e4nkirurgia ja monimutkaiset sy\u00f6p\u00e4toimenpiteet. T\u00e4ydellinen luettelo on aivan liian pitk\u00e4 sis\u00e4llytett\u00e4v\u00e4ksi t\u00e4h\u00e4n, mutta voit lukea lis\u00e4\u00e4 sivustostamme <a href=\"\/fi_fi\/heritage\/\" data-type=\"page\" data-id=\"674\">Perint\u00f6sivu<\/a>.<\/div>\n<\/div>\n<\/div>\n<\/div>\n<div class=\"wp-block-vanguard-concertina-item accordion-item\">\n<h2 class=\"accordion-header\" id=\"heading-63aa3f64-7374-48b4-9834-2e0222f8eb3d\">\n<div class=\"title\">Mit\u00e4 etuja moduulirakennukset tarjoavat perinteisiin terveydenhuollon rakennuksiin verrattuna?<\/div>\n<p><span class=\"indicator\"><\/span><\/h2>\n<div id=\"collapse-63aa3f64-7374-48b4-9834-2e0222f8eb3d\" class=\"accordion-collapse collapse\" aria-labelledby=\"heading-63aa3f64-7374-48b4-9834-2e0222f8eb3d\" data-bs-parent=\"#accordion-i9PUm1SAuAIPWb4o\">\n<div class=\"accordion-body\">\n<div class=\"text\">Suurin hy\u00f6ty on nopeus, ett\u00e4 he p\u00e4\u00e4sev\u00e4t paikan p\u00e4\u00e4lle ja p\u00e4\u00e4st\u00e4v\u00e4t ensimm\u00e4iset potilaat ovesta sis\u00e4\u00e4n. MMC- ja off-site rakennusrakennukset ovat yht\u00e4 kest\u00e4vi\u00e4 ja laadukkaita kuin perinteiset tiili- ja laastirakennukset, suuri ero on siin\u00e4, ett\u00e4 ne voidaan rakentaa samaan aikaan kun paikan p\u00e4\u00e4ll\u00e4 tehd\u00e4\u00e4n alustaty\u00f6t.<\/p>\n<p>Moduulisuunnittelu ja MMC voivat lyhent\u00e4\u00e4 rakennusaikoja jopa 45%, v\u00e4hent\u00e4\u00e4 kustannuksia 16% ja lis\u00e4t\u00e4 tuottavuutta 30% koko rakennusprosessin ajan.<sup>1<\/sup> My\u00f6s ymp\u00e4rist\u00f6hy\u00f6tyj\u00e4 on rajallinen j\u00e4tem\u00e4\u00e4r\u00e4 ja pienempi hiilidioksidi verrattuna perinteisiin rakennusty\u00f6maatoimituksiin.<\/p>\n<p>Esimerkkin\u00e4: St Joseph&#039;s Hospital Denveriss\u00e4, Coloradossa, havaitsi, ett\u00e4 heid\u00e4n tilojensa rakentaminen vieraili 72 p\u00e4iv\u00e4\u00e4 toimitusajasta ja alensi kustannuksia arviolta 1 TP5T4,3 miljoonalla eurolla.<sup>2<\/sup><\/p>\n<p>1. Parempaa terveydenhuoltoa koskeva valkoinen paperi.<br \/>2. Geiger, 2017.<\/div>\n<\/div>\n<\/div>\n<\/div>\n<div class=\"wp-block-vanguard-concertina-item accordion-item\">\n<h2 class=\"accordion-header\" id=\"heading-96878c66-1ee0-460a-b409-3f21cc53f5a5\">\n<div class=\"title\">Tarvitaanko liikkuvan tilan asentamiseen rakennuslupa?<\/div>\n<p><span class=\"indicator\"><\/span><\/h2>\n<div id=\"collapse-96878c66-1ee0-460a-b409-3f21cc53f5a5\" class=\"accordion-collapse collapse\" aria-labelledby=\"heading-96878c66-1ee0-460a-b409-3f21cc53f5a5\" data-bs-parent=\"#accordion-i9PUm1SAuAIPWb4o\">\n<div class=\"accordion-body\">\n<div class=\"text\">Joihinkin mobiilitoimituksiin tarvitaan joskus suunnittelulupa, se riippuu keston pituudesta ja projektin laajuudesta. \u00c4l\u00e4 huoli, voimme auttaa t\u00e4ss\u00e4.<\/p>\n<p>Kuten arvata saattaa, meill\u00e4 on runsaasti kokemusta t\u00e4lt\u00e4 alalta. Projektiryhm\u00e4\u00e4mme voi kuulua asiantuntija suunnittelukonsultti, joka tukee asiakkaita suunnitelman j\u00e4tt\u00e4mis- ja hyv\u00e4ksymisprosessissa, n\u00e4in on usein meid\u00e4n kohdallamme. <a href=\"\/fi_fi\/service\/turnkey-solutions\/\" data-type=\"service\" data-id=\"185\">avaimet k\u00e4teen -ratkaisut<\/a>. Konsulttimme osallistuu suunnittelua edelt\u00e4viin keskusteluihin asianomaisen paikallisviranomaisen kanssa varmistaakseen, ett\u00e4 heid\u00e4n vaatimukset ymm\u00e4rret\u00e4\u00e4n hyvin. T\u00e4m\u00e4 minimoi rakennusluvan my\u00f6nt\u00e4misen viiv\u00e4stymisen.<\/p>\n<p><strong>Tiimimme keskustelee t\u00e4st\u00e4 mielell\u00e4\u00e4n kanssasi. <a href=\"\/fi_fi\/contact\/\" data-type=\"page\" data-id=\"117\">Ota yhteytt\u00e4<\/a><\/strong><\/p>\n<\/div>\n<\/div>\n<\/div>\n<\/div>\n<div class=\"wp-block-vanguard-concertina-item accordion-item\">\n<h2 class=\"accordion-header\" id=\"heading-b24df5db-04f3-4d41-9d5e-b7bb71fe930e\">\n<div class=\"title\">Tarvitaanko modulaarisen rakennuksen asentamiseen rakennuslupa?<\/div>\n<p><span class=\"indicator\"><\/span><\/h2>\n<div id=\"collapse-b24df5db-04f3-4d41-9d5e-b7bb71fe930e\" class=\"accordion-collapse collapse\" aria-labelledby=\"heading-b24df5db-04f3-4d41-9d5e-b7bb71fe930e\" data-bs-parent=\"#accordion-i9PUm1SAuAIPWb4o\">\n<div class=\"accordion-body\">\n<div class=\"text\">Kyll\u00e4, modulaarisiin rakennuksiin tarvitaan suunnittelulupa projektin keston ja laajuuden vuoksi, mutta voimme auttaa t\u00e4ss\u00e4.<\/p>\n<p>Kuten arvata saattaa, meill\u00e4 on runsaasti kokemusta t\u00e4lt\u00e4 alalta. Projektiryhm\u00e4\u00e4mme voi kuulua asiantuntija suunnittelukonsultti, joka tukee asiakkaita suunnitelman j\u00e4tt\u00e4mis- ja hyv\u00e4ksymisprosessissa, n\u00e4in on usein meid\u00e4n kohdallamme. <a href=\"\/fi_fi\/service\/turnkey-solutions\/\" data-type=\"service\" data-id=\"185\">avaimet k\u00e4teen -ratkaisut<\/a>. Konsulttimme osallistuu suunnittelua edelt\u00e4viin keskusteluihin asianomaisen paikallisviranomaisen kanssa varmistaakseen, ett\u00e4 heid\u00e4n vaatimukset ymm\u00e4rret\u00e4\u00e4n hyvin. T\u00e4m\u00e4 minimoi rakennusluvan my\u00f6nt\u00e4misen viiv\u00e4stymisen.<\/p>\n<p><strong>Meid\u00e4n yst\u00e4v\u00e4llinen<\/strong> <strong>tiimi keskustelee mielell\u00e4\u00e4n t\u00e4st\u00e4 kanssasi. <a href=\"\/fi_fi\/contact\/\" data-type=\"page\" data-id=\"117\">Ota yhteytt\u00e4<\/a><\/strong><\/div>\n<\/div>\n<\/div>\n<\/div>\n<div class=\"wp-block-vanguard-concertina-item accordion-item\">\n<h2 class=\"accordion-header\" id=\"heading-34124cfa-e6e2-45a3-bf73-0b32f35190c3\">\n<div class=\"title\">Voitko tehd\u00e4 laitteiston, joka on r\u00e4\u00e4t\u00e4l\u00f6ity tarpeidemme mukaan?<\/div>\n<p><span class=\"indicator\"><\/span><\/h2>\n<div id=\"collapse-34124cfa-e6e2-45a3-bf73-0b32f35190c3\" class=\"accordion-collapse collapse\" aria-labelledby=\"heading-34124cfa-e6e2-45a3-bf73-0b32f35190c3\" data-bs-parent=\"#accordion-i9PUm1SAuAIPWb4o\">\n<div class=\"accordion-body\">\n<div class=\"text\">Ehdottomasti siit\u00e4 meid\u00e4t tunnetaan. Ty\u00f6skentelemme kanssasi luodaksemme terveydenhuollon tilan, joka on suunniteltu vastaamaan erityisvaatimuksiasi potilasvirran hallinnasta, tehokkuustoimenpiteist\u00e4 ulkoiseen ilmeeseen ja tuntumaan.<\/div>\n<\/div>\n<\/div>\n<\/div>\n<div class=\"wp-block-vanguard-concertina-item accordion-item\">\n<h2 class=\"accordion-header\" id=\"heading-e9236659-7d7f-430c-b93c-bb3da24afa3e\">\n<div class=\"title\">Tarjoatko kliinisi\u00e4 henkil\u00f6st\u00f6ratkaisuja?<\/div>\n<p><span class=\"indicator\"><\/span><\/h2>\n<div id=\"collapse-e9236659-7d7f-430c-b93c-bb3da24afa3e\" class=\"accordion-collapse collapse\" aria-labelledby=\"heading-e9236659-7d7f-430c-b93c-bb3da24afa3e\" data-bs-parent=\"#accordion-i9PUm1SAuAIPWb4o\">\n<div class=\"accordion-body\">\n<div class=\"text\">Kyll\u00e4, kliinisen henkil\u00f6st\u00f6n tarjoaminen on usein osa sopimuksiamme. Meill\u00e4 on vahva tiimi rekister\u00f6ityneist\u00e4 ja rekister\u00f6im\u00e4tt\u00f6mist\u00e4 l\u00e4\u00e4k\u00e4reist\u00e4, jotka eiv\u00e4t ainoastaan tarjoa erinomaista kliinist\u00e4 palvelua asiakkaillemme ja heid\u00e4n potilailleen, vaan heill\u00e4 on my\u00f6s vankka tieto siit\u00e4, mit\u00e4 v\u00e4liaikaisessa laitoksessa ty\u00f6skentely vaatii.<\/p>\n<p>Tyypillisi\u00e4 teht\u00e4vi\u00e4 voivat olla teatteri-, endoskopia- ja johtavat l\u00e4\u00e4k\u00e4rit (kaikki NMC\/HCPC-rekister\u00f6ityj\u00e4), k\u00e4ytt\u00f6osaston ammattilaiset, joilla on kokemusta diagnostisista ja terapeuttisista toimenpiteist\u00e4, dekontaminaation harjoittajat ja yksik\u00f6iden ohjaajat.<\/p>\n<p><a href=\"\/fi_fi\/service\/our-clinicians\/\" data-type=\"service\" data-id=\"188\">Lue lis\u00e4\u00e4 siit\u00e4, kuinka voimme auttaa sinua terveydenhuoltotilasi kliinisen henkil\u00f6st\u00f6n kanssa.<\/a><\/div>\n<\/div>\n<\/div>\n<\/div>\n<div class=\"wp-block-vanguard-concertina-item accordion-item\">\n<h2 class=\"accordion-header\" id=\"heading-b2903f31-9b7b-4f6b-8001-9561a50b590e\">\n<div class=\"title\">Mist\u00e4 saan lis\u00e4tietoja leikkaussalin hankkimisesta paikan p\u00e4\u00e4ll\u00e4?<\/div>\n<p><span class=\"indicator\"><\/span><\/h2>\n<div id=\"collapse-b2903f31-9b7b-4f6b-8001-9561a50b590e\" class=\"accordion-collapse collapse\" aria-labelledby=\"heading-b2903f31-9b7b-4f6b-8001-9561a50b590e\" data-bs-parent=\"#accordion-i9PUm1SAuAIPWb4o\">\n<div class=\"accordion-body\">\n<div class=\"text\">Ota vain yhteytt\u00e4 yst\u00e4v\u00e4lliseen tiimiimme, niin he ottavat sinut l\u00e4pi vaiheet, luultavasti huomaat, ett\u00e4 prosessi on yksinkertaisempi kuin olet kuvitellut. Voimme ottaa pois kovan ty\u00f6n puolestasi ja jopa tarjota a <a href=\"\/fi_fi\/service\/turnkey-solutions\/\" data-type=\"service\">avaimet k\u00e4teen-ratkaisu<\/a> jos se sinulle parhaiten sopii.<\/p>\n<p><strong><a href=\"\/fi_fi\/contact\/\" data-type=\"page\" data-id=\"117\">Ota yhteytt\u00e4<\/a><\/strong><\/div>\n<\/div>\n<\/div>\n<\/div>\n<div class=\"wp-block-vanguard-concertina-item accordion-item\">\n<h2 class=\"accordion-header\" id=\"heading-868c76d8-3257-4fcf-957d-67bf4859f5ec\">\n<div class=\"title\">Tarjoatko palveluita Yhdistyneen kuningaskunnan ulkopuolelle?<\/div>\n<p><span class=\"indicator\"><\/span><\/h2>\n<div id=\"collapse-868c76d8-3257-4fcf-957d-67bf4859f5ec\" class=\"accordion-collapse collapse\" aria-labelledby=\"heading-868c76d8-3257-4fcf-957d-67bf4859f5ec\" data-bs-parent=\"#accordion-i9PUm1SAuAIPWb4o\">\n<div class=\"accordion-body\">\n<div class=\"text\">Kyll\u00e4, toimimme kansainv\u00e4lisesti Q-bital Healthcare Solutions -br\u00e4ndin alla. Meill\u00e4 on kokemusta toimitilojen tarjoamisesta Australiassa, Uudessa-Seelannissa, Benelux-maissa, Ranskassa, Irlannissa ja Pohjoismaissa. Yst\u00e4v\u00e4llinen kansainv\u00e4linen tiimimme voi kertoa sinulle lis\u00e4\u00e4 tai vierailla <a href=\"http:\/\/www.q-bital.com\" data-type=\"URL\" data-id=\"http:\/\/www.q-bital.com\">www.q-bital.com<\/a>.<\/div>\n<\/div>\n<\/div>\n<\/div>\n<div class=\"wp-block-vanguard-concertina-item accordion-item\">\n<h2 class=\"accordion-header\" id=\"heading-32b61ab8-f388-43b3-8c99-1399b90140cf\">\n<div class=\"title\">Miten hallitset ymp\u00e4rist\u00f6vaikutuksiasi, erityisesti suurempien tilojesi kanssa?<\/div>\n<p><span class=\"indicator\"><\/span><\/h2>\n<div id=\"collapse-32b61ab8-f388-43b3-8c99-1399b90140cf\" class=\"accordion-collapse collapse\" aria-labelledby=\"heading-32b61ab8-f388-43b3-8c99-1399b90140cf\" data-bs-parent=\"#accordion-i9PUm1SAuAIPWb4o\">\n<div class=\"accordion-body\">\n<div class=\"text\">Miten hallitset ymp\u00e4rist\u00f6vaikutuksiasi, erityisesti suurempien tilojesi kanssa?<br \/>NHS:n tarjoajana jaamme NHS:n vihre\u00e4n suunnitelman vision. Ratkaisumme suunnitellaan, rakennetaan ja toimitetaan eritt\u00e4in huolellisesti ja ymp\u00e4rist\u00f6\u00e4 kunnioittaen, mik\u00e4 v\u00e4hent\u00e4\u00e4 hiilt\u00e4 valmistusprosessimme jokaisessa vaiheessa. Etsimme jatkuvasti tapoja minimoida resurssien k\u00e4yt\u00f6n vaikutukset keskittyen erityisesti varmistamaan, ett\u00e4 osallistumme maailmanlaajuiseen ilmastonmuutosohjelmaan.<\/p>\n<p>Tavoitteemme on olla hiilidioksidip\u00e4\u00e4st\u00f6jen nettom\u00e4\u00e4r\u00e4 nolla alueiden 1 ja 2 p\u00e4\u00e4st\u00f6iss\u00e4 vuoden 2023 loppuun menness\u00e4 ja soveltamisalan 3 p\u00e4\u00e4st\u00f6iss\u00e4 vuoteen 2035 menness\u00e4; Meill\u00e4 on vankka hiilidioksidip\u00e4\u00e4st\u00f6jen v\u00e4hent\u00e4missuunnitelma, joka auttaa meit\u00e4 saavuttamaan t\u00e4m\u00e4n. Olemme ylpeit\u00e4 edistymisest\u00e4mme matkalla kohti hiilidioksidin nollaa, <a href=\"\/fi_fi\/carbon-reduction-plan\/\" data-type=\"page\" data-id=\"705\">katso tarkemmin t\u00e4st\u00e4\u2026<\/a> <\/p>\n<p>Teimme \u00e4skett\u00e4in yhteisty\u00f6t\u00e4 <a href=\"\/fi_fi\/vanguard-healthcare-solutions-joins-forces-with-klimate-on-carbon-removal-project-and-takes-next-step-in-its-net-zero-journey\/\" data-type=\"post\" data-id=\"429\">Ilmasto<\/a> luoda hiilenpoistostrategia, joka auttaa meit\u00e4 saavuttamaan nollatavoitteemme. Innovatiivinen hiilenpoistoprojektivalikoima sis\u00e4lt\u00e4\u00e4 hankkeita, kuten suora ilman talteenotto, syv\u00e4varastoitu bio\u00f6ljy, merilev\u00e4 ja korjaava puiden istutus. Kaikki on tarkastettu riippumattomasti niiden eheyden varmistamiseksi.<\/div>\n<\/div>\n<\/div>\n<\/div>\n<div class=\"wp-block-vanguard-concertina-item accordion-item\">\n<h2 class=\"accordion-header\" id=\"heading-7562bf47-5278-48e0-b4d4-61a2e1dac74f\">\n<div class=\"title\">Ty\u00f6skenteletk\u00f6 kumppaneiden kanssa?<\/div>\n<p><span class=\"indicator\"><\/span><\/h2>\n<div id=\"collapse-7562bf47-5278-48e0-b4d4-61a2e1dac74f\" class=\"accordion-collapse collapse\" aria-labelledby=\"heading-7562bf47-5278-48e0-b4d4-61a2e1dac74f\" data-bs-parent=\"#accordion-i9PUm1SAuAIPWb4o\">\n<div class=\"accordion-body\">\n<div class=\"text\">Kyll\u00e4, olemme aina valmiita tutkimaan <a href=\"\/fi_fi\/partner-programme\/\" data-type=\"page\" data-id=\"316\">kumppanuusmahdollisuuksia<\/a> ja ty\u00f6skentelev\u00e4t t\u00e4ll\u00e4 hetkell\u00e4 laitevalmistajien, arkkitehtien, rakennusalan ja kliinisten palveluiden toimijoiden kanssa.<\/div>\n<\/div>\n<\/div>\n<\/div>\n<div class=\"wp-block-vanguard-concertina-item accordion-item\">\n<h2 class=\"accordion-header\" id=\"heading-75f6aefa-698c-4048-889a-715d11804108\">\n<div class=\"title\">Onko Vanguard hyv\u00e4ksytty ja listattu kaikissa sairaaloissa?<\/div>\n<p><span class=\"indicator\"><\/span><\/h2>\n<div id=\"collapse-75f6aefa-698c-4048-889a-715d11804108\" class=\"accordion-collapse collapse\" aria-labelledby=\"heading-75f6aefa-698c-4048-889a-715d11804108\" data-bs-parent=\"#accordion-i9PUm1SAuAIPWb4o\">\n<div class=\"accordion-body\">\n<div class=\"text\">Monet asiakkaistamme k\u00e4ytt\u00e4v\u00e4t a <a href=\"\/fi_fi\/procurement\/\" data-type=\"page\" data-id=\"455\">hankittava puitesopimus<\/a> uusi laitos; meid\u00e4t on hyv\u00e4ksytty ja listattu kaikissa suurimmissa sairaaloissa. Jokaiseen kehykseen liittyy etuja, joten on hyv\u00e4 tutkia, mit\u00e4 ne voivat tarjota sinulle.<\/p>\n<p><strong><a href=\"\/fi_fi\/contact\/\" data-type=\"page\" data-id=\"117\">Ota yhteytt\u00e4<\/a><\/strong><\/div>\n<\/div>\n<\/div>\n<\/div>\n<div class=\"wp-block-vanguard-concertina-item accordion-item\">\n<h2 class=\"accordion-header\" id=\"heading-fa666c52-3c78-40f9-895c-adcd67fb5d8b\">\n<div class=\"title\">Onko t\u00e4ysi avaimet k\u00e4teen -ratkaisu saatavilla?<\/div>\n<p><span class=\"indicator\"><\/span><\/h2>\n<div id=\"collapse-fa666c52-3c78-40f9-895c-adcd67fb5d8b\" class=\"accordion-collapse collapse\" aria-labelledby=\"heading-fa666c52-3c78-40f9-895c-adcd67fb5d8b\" data-bs-parent=\"#accordion-i9PUm1SAuAIPWb4o\">\n<div class=\"accordion-body\">\n<div class=\"text\">Voimme ehdottomasti huolehtia koko prosessista ja toimittaa a <a href=\"\/fi_fi\/service\/turnkey-solutions\/\" data-type=\"service\" data-id=\"185\">avaimet k\u00e4teen-ratkaisu<\/a>. T\u00e4m\u00e4 palvelu sis\u00e4lt\u00e4\u00e4 suunnitteluprosessin t\u00e4ydellisen hallinnan (mukaan lukien liiketoimintatapausten hyv\u00e4ksyminen), sis\u00e4isen valmistuksen, asennuspaikan ja projektin k\u00e4ytt\u00f6\u00f6noton. Meill\u00e4 on runsaasti kokemusta kaikkien ty\u00f6maat\u00f6iden hankinnasta ja toimittamisesta terveydenhuollon erikoistuneen suunnittelutiimimme kautta.<\/div>\n<\/div>\n<\/div>\n<\/div>\n<\/div>\n<\/div>\n<\/section>\n<\/div>","protected":false},"excerpt":{"rendered":"","protected":false},"author":2,"featured_media":0,"parent":0,"menu_order":0,"comment_status":"closed","ping_status":"closed","template":"","meta":{"_acf_changed":false,"footnotes":""},"class_list":["post-693","page","type-page","status-publish","format-standard","hentry"],"acf":[],"yoast_head":"<!-- This site is optimized with the Yoast SEO plugin v27.5 - https:\/\/yoast.com\/product\/yoast-seo-wordpress\/ -->\n<title>FAQs - Vanguard Healthcare Solutions<\/title>\n<meta name=\"robots\" content=\"index, follow, max-snippet:-1, max-image-preview:large, max-video-preview:-1\" \/>\n<link rel=\"canonical\" href=\"https:\/\/www.vanguardhealthcare.co.uk\/fi_fi\/faqs\/\" \/>\n<meta property=\"og:locale\" content=\"fi_FI\" \/>\n<meta property=\"og:type\" content=\"article\" \/>\n<meta property=\"og:title\" content=\"FAQs - Vanguard Healthcare Solutions\" \/>\n<meta property=\"og:url\" content=\"https:\/\/www.vanguardhealthcare.co.uk\/fi_fi\/faqs\/\" \/>\n<meta property=\"og:site_name\" content=\"Vanguard Healthcare Solutions\" \/>\n<meta property=\"article:modified_time\" content=\"2023-09-19T13:35:31+00:00\" \/>\n<meta name=\"twitter:card\" content=\"summary_large_image\" \/>\n<meta name=\"twitter:label1\" content=\"Arvioitu lukuaika\" \/>\n\t<meta name=\"twitter:data1\" content=\"6 minuuttia\" \/>\n<script type=\"application\/ld+json\" class=\"yoast-schema-graph\">{\"@context\":\"https:\\\/\\\/schema.org\",\"@graph\":[{\"@type\":\"WebPage\",\"@id\":\"https:\\\/\\\/www.vanguardhealthcare.co.uk\\\/faqs\\\/\",\"url\":\"https:\\\/\\\/www.vanguardhealthcare.co.uk\\\/faqs\\\/\",\"name\":\"FAQs - Vanguard Healthcare Solutions\",\"isPartOf\":{\"@id\":\"https:\\\/\\\/www.vanguardhealthcare.co.uk\\\/#website\"},\"datePublished\":\"2023-07-19T15:41:55+00:00\",\"dateModified\":\"2023-09-19T13:35:31+00:00\",\"breadcrumb\":{\"@id\":\"https:\\\/\\\/www.vanguardhealthcare.co.uk\\\/faqs\\\/#breadcrumb\"},\"inLanguage\":\"fi\",\"potentialAction\":[{\"@type\":\"ReadAction\",\"target\":[\"https:\\\/\\\/www.vanguardhealthcare.co.uk\\\/faqs\\\/\"]}]},{\"@type\":\"BreadcrumbList\",\"@id\":\"https:\\\/\\\/www.vanguardhealthcare.co.uk\\\/faqs\\\/#breadcrumb\",\"itemListElement\":[{\"@type\":\"ListItem\",\"position\":1,\"name\":\"Home\",\"item\":\"https:\\\/\\\/www.vanguardhealthcare.co.uk\\\/\"},{\"@type\":\"ListItem\",\"position\":2,\"name\":\"FAQs\"}]},{\"@type\":\"WebSite\",\"@id\":\"https:\\\/\\\/www.vanguardhealthcare.co.uk\\\/#website\",\"url\":\"https:\\\/\\\/www.vanguardhealthcare.co.uk\\\/\",\"name\":\"Vanguard Healthcare Solutions\",\"description\":\"\",\"potentialAction\":[{\"@type\":\"SearchAction\",\"target\":{\"@type\":\"EntryPoint\",\"urlTemplate\":\"https:\\\/\\\/www.vanguardhealthcare.co.uk\\\/?s={search_term_string}\"},\"query-input\":{\"@type\":\"PropertyValueSpecification\",\"valueRequired\":true,\"valueName\":\"search_term_string\"}}],\"inLanguage\":\"fi\"}]}<\/script>\n<!-- \/ Yoast SEO plugin. -->","yoast_head_json":{"title":"Usein kysytyt kysymykset - Vanguard Terveydenhuollon ratkaisut","robots":{"index":"index","follow":"follow","max-snippet":"max-snippet:-1","max-image-preview":"max-image-preview:large","max-video-preview":"max-video-preview:-1"},"canonical":"https:\/\/www.vanguardhealthcare.co.uk\/fi_fi\/faqs\/","og_locale":"fi_FI","og_type":"article","og_title":"FAQs - Vanguard Healthcare Solutions","og_url":"https:\/\/www.vanguardhealthcare.co.uk\/fi_fi\/faqs\/","og_site_name":"Vanguard Healthcare Solutions","article_modified_time":"2023-09-19T13:35:31+00:00","twitter_card":"summary_large_image","twitter_misc":{"Arvioitu lukuaika":"6 minuuttia"},"schema":{"@context":"https:\/\/schema.org","@graph":[{"@type":"WebPage","@id":"https:\/\/www.vanguardhealthcare.co.uk\/faqs\/","url":"https:\/\/www.vanguardhealthcare.co.uk\/faqs\/","name":"Usein kysytyt kysymykset - Vanguard Terveydenhuollon ratkaisut","isPartOf":{"@id":"https:\/\/www.vanguardhealthcare.co.uk\/#website"},"datePublished":"2023-07-19T15:41:55+00:00","dateModified":"2023-09-19T13:35:31+00:00","breadcrumb":{"@id":"https:\/\/www.vanguardhealthcare.co.uk\/faqs\/#breadcrumb"},"inLanguage":"fi","potentialAction":[{"@type":"ReadAction","target":["https:\/\/www.vanguardhealthcare.co.uk\/faqs\/"]}]},{"@type":"BreadcrumbList","@id":"https:\/\/www.vanguardhealthcare.co.uk\/faqs\/#breadcrumb","itemListElement":[{"@type":"ListItem","position":1,"name":"Home","item":"https:\/\/www.vanguardhealthcare.co.uk\/"},{"@type":"ListItem","position":2,"name":"FAQs"}]},{"@type":"WebSite","@id":"https:\/\/www.vanguardhealthcare.co.uk\/#website","url":"https:\/\/www.vanguardhealthcare.co.uk\/","name":"Vanguard Healthcare Solutions","description":"","potentialAction":[{"@type":"SearchAction","target":{"@type":"EntryPoint","urlTemplate":"https:\/\/www.vanguardhealthcare.co.uk\/?s={search_term_string}"},"query-input":{"@type":"PropertyValueSpecification","valueRequired":true,"valueName":"search_term_string"}}],"inLanguage":"fi"}]}},"_links":{"self":[{"href":"https:\/\/www.vanguardhealthcare.co.uk\/fi_fi\/wp-json\/wp\/v2\/pages\/693","targetHints":{"allow":["GET"]}}],"collection":[{"href":"https:\/\/www.vanguardhealthcare.co.uk\/fi_fi\/wp-json\/wp\/v2\/pages"}],"about":[{"href":"https:\/\/www.vanguardhealthcare.co.uk\/fi_fi\/wp-json\/wp\/v2\/types\/page"}],"author":[{"embeddable":true,"href":"https:\/\/www.vanguardhealthcare.co.uk\/fi_fi\/wp-json\/wp\/v2\/users\/2"}],"replies":[{"embeddable":true,"href":"https:\/\/www.vanguardhealthcare.co.uk\/fi_fi\/wp-json\/wp\/v2\/comments?post=693"}],"version-history":[{"count":0,"href":"https:\/\/www.vanguardhealthcare.co.uk\/fi_fi\/wp-json\/wp\/v2\/pages\/693\/revisions"}],"wp:attachment":[{"href":"https:\/\/www.vanguardhealthcare.co.uk\/fi_fi\/wp-json\/wp\/v2\/media?parent=693"}],"curies":[{"name":"wp","href":"https:\/\/api.w.org\/{rel}","templated":true}]}}