{"id":164,"date":"2023-06-13T09:58:11","date_gmt":"2023-06-13T09:58:11","guid":{"rendered":"https:\/\/www.vanguardhealthcare.co.uk\/?page_id=164"},"modified":"2026-04-02T16:26:36","modified_gmt":"2026-04-02T16:26:36","slug":"our-facilities","status":"publish","type":"page","link":"https:\/\/www.vanguardhealthcare.co.uk\/fi_fi\/our-facilities\/","title":{"rendered":"Tilamme"},"content":{"rendered":"<section id=\"section-2-59\" class=\"ct-section\" style=\"background-image:url(https:\/\/www.vanguardhealthcare.co.uk\/wp-content\/uploads\/2023\/05\/boulders-right.png);background-size: auto;\" >\n<div class=\"ct-section-inner-wrap\">\n<div id=\"div_block-8-59\" class=\"ct-div-block\" ><a id=\"link_text-6-59\" class=\"ct-link-text\" href=\"\/fi_fi\/\" target=\"_self\"  >Koti<\/a><\/p>\n<h1 id=\"headline-3-59\" class=\"ct-headline\"><span id=\"span-4-59\" class=\"ct-span\" >Tilamme<\/span><\/h1>\n<\/div>\n<\/div>\n<\/section>\n<section id=\"section-68-14-text-left-white\" class=\"ct-section\" >\n<div class=\"ct-section-inner-wrap\">\n<div id=\"new_columns-69-14text-left-white\" class=\"ct-new-columns\" >\n<div id=\"div_block-70-14\" class=\"ct-div-block\" >\n<h2 id=\"headline-71-14\" class=\"ct-headline\">Ty\u00f6skentelemme kanssasi potilaan hoidon maksimoimiseksi<\/h2>\n<div id=\"_rich_text-72-14\" class=\"oxy-rich-text\" >\n<p>Tunnistamme sairaaloiden p\u00e4ivitt\u00e4iset paineet ja olemme ylpeit\u00e4 voidessamme tarjota laajan valikoiman innovatiivisia tilaratkaisuja. Voit nopeasti laajentaa terveydenhuoltosi kapasiteettia eritt\u00e4in toimivilla, asiantuntija-integroiduilla kliinisill\u00e4 ymp\u00e4rist\u00f6ill\u00e4mme, jotka sopivat sek\u00e4 rutiini- ett\u00e4 monimutkaisiin toimenpiteisiin.&nbsp;<\/p>\n<p>Kliinisill\u00e4 ja operatiivisilla tiimeill\u00e4mme on n\u00e4kemys ja asiantuntemus suunnitella, rakentaa ja toimittaa terveydenhuollon tiloja yksil\u00f6llisiin tarpeisiisi sopivassa tahdissa. Toimitilat voidaan ottaa k\u00e4ytt\u00f6\u00f6n v\u00e4litt\u00f6m\u00e4sti helpottamaan kiireellisi\u00e4 kapasiteettivaatimuksia, tai voimme yhdess\u00e4 sinun kanssasi luoda ja toimittaa r\u00e4\u00e4t\u00e4l\u00f6idyn ratkaisun. Turvallisuus, hoitomy\u00f6ntyvyys ja potilasreitit ovat kriittisi\u00e4 kaikessa p\u00e4\u00e4t\u00f6ksenteossa.&nbsp;<\/p>\n<p>Leikkaussaleista ja kirurgisista keskuksista paikallisiin diagnostiikkakeskuksiin ja endoskopiaratkaisuihin, infrastruktuurimme ja tilat tarjoavat erinomaisen kokemuksen sek\u00e4 henkil\u00f6kunnalle ett\u00e4 potilaille.&nbsp;<\/p>\n<\/div>\n<\/div>\n<div id=\"div_block-74-14\" class=\"ct-div-block\" ><img decoding=\"async\"  id=\"image-75-14\" alt=\"\" src=\"https:\/\/www.vanguardhealthcare.co.uk\/wp-content\/uploads\/2023\/05\/Staffed-operating-theatre1.jpg\" class=\"ct-image\"\/><\/div>\n<\/div>\n<\/div>\n<\/section>\n<section id=\"section-13-59\" class=\"ct-section\" >\n<div class=\"ct-section-inner-wrap\">\n<div id=\"_dynamic_list-16-59\" class=\"oxy-dynamic-list\">\n<div id=\"div_block-17-59-1\" class=\"ct-div-block\" data-id=\"div_block-17-59\"><a id=\"link-141-59-1\" class=\"ct-link\" href=\"https:\/\/www.vanguardhealthcare.co.uk\/fi_fi\/facilities\/cleanrooms-laboratories-and-containment-facilities\/\" data-id=\"link-141-59\"><img decoding=\"async\" id=\"image-25-59-1\" alt=\"\" src=\"https:\/\/www.vanguardhealthcare.co.uk\/wp-content\/uploads\/2026\/03\/image1.jpg\" class=\"ct-image\" data-id=\"image-25-59\"><\/a><\/p>\n<div id=\"div_block-49-59-1\" class=\"ct-div-block\" data-id=\"div_block-49-59\">\n<h3 id=\"headline-34-59-1\" class=\"ct-headline\" data-id=\"headline-34-59\"><span id=\"span-42-59\" class=\"ct-span\" ><a href='https:\/\/www.vanguardhealthcare.co.uk\/fi_fi\/facilities\/cleanrooms-laboratories-and-containment-facilities\/'>Puhdastilat ja suojatilat<\/a><\/span><\/h3>\n<p><a id=\"link_button-73-167-1\" class=\"ct-link-button button-pink\" href=\"https:\/\/www.vanguardhealthcare.co.uk\/fi_fi\/facilities\/cleanrooms-laboratories-and-containment-facilities\/\" target=\"_self\" data-id=\"link_button-73-167\">Lue lis\u00e4\u00e4<\/a><\/div>\n<\/div>\n<div id=\"div_block-17-59-2\" class=\"ct-div-block\" data-id=\"div_block-17-59\"><a id=\"link-141-59-2\" class=\"ct-link\" href=\"https:\/\/www.vanguardhealthcare.co.uk\/fi_fi\/facilities\/diagnostic-suites\/\" data-id=\"link-141-59\"><img decoding=\"async\" id=\"image-25-59-2\" alt=\"\" src=\"https:\/\/www.vanguardhealthcare.co.uk\/wp-content\/uploads\/2023\/06\/diag-1024x683.png\" class=\"ct-image\" data-id=\"image-25-59\"><\/a><\/p>\n<div id=\"div_block-49-59-2\" class=\"ct-div-block\" data-id=\"div_block-49-59\">\n<h3 id=\"headline-34-59-2\" class=\"ct-headline\" data-id=\"headline-34-59\"><span id=\"span-42-59\" class=\"ct-span\" ><a href='https:\/\/www.vanguardhealthcare.co.uk\/fi_fi\/facilities\/diagnostic-suites\/'>Diagnostiset sviitit<\/a><\/span><\/h3>\n<p><a id=\"link_button-73-167-2\" class=\"ct-link-button button-pink\" href=\"https:\/\/www.vanguardhealthcare.co.uk\/fi_fi\/facilities\/diagnostic-suites\/\" target=\"_self\" data-id=\"link_button-73-167\">Lue lis\u00e4\u00e4<\/a><\/div>\n<\/div>\n<div id=\"div_block-17-59-3\" class=\"ct-div-block\" data-id=\"div_block-17-59\"><a id=\"link-141-59-3\" class=\"ct-link\" href=\"https:\/\/www.vanguardhealthcare.co.uk\/fi_fi\/facilities\/emergency-department-solutions\/\" data-id=\"link-141-59\"><img decoding=\"async\" id=\"image-25-59-3\" alt=\"\" src=\"https:\/\/www.vanguardhealthcare.co.uk\/wp-content\/uploads\/2023\/06\/department.jpg\" class=\"ct-image\" data-id=\"image-25-59\"><\/a><\/p>\n<div id=\"div_block-49-59-3\" class=\"ct-div-block\" data-id=\"div_block-49-59\">\n<h3 id=\"headline-34-59-3\" class=\"ct-headline\" data-id=\"headline-34-59\"><span id=\"span-42-59\" class=\"ct-span\" ><a href='https:\/\/www.vanguardhealthcare.co.uk\/fi_fi\/facilities\/emergency-department-solutions\/'>P\u00e4ivystysratkaisut<\/a><\/span><\/h3>\n<p><a id=\"link_button-73-167-3\" class=\"ct-link-button button-pink\" href=\"https:\/\/www.vanguardhealthcare.co.uk\/fi_fi\/facilities\/emergency-department-solutions\/\" target=\"_self\" data-id=\"link_button-73-167\">Lue lis\u00e4\u00e4<\/a><\/div>\n<\/div>\n<div id=\"div_block-17-59-4\" class=\"ct-div-block\" data-id=\"div_block-17-59\"><a id=\"link-141-59-4\" class=\"ct-link\" href=\"https:\/\/www.vanguardhealthcare.co.uk\/fi_fi\/facilities\/outpatient-clinics\/\" data-id=\"link-141-59\"><img decoding=\"async\" id=\"image-25-59-4\" alt=\"\" src=\"https:\/\/www.vanguardhealthcare.co.uk\/wp-content\/uploads\/2023\/06\/recovery-room-1-scaled-1024x683.jpeg\" class=\"ct-image\" data-id=\"image-25-59\"><\/a><\/p>\n<div id=\"div_block-49-59-4\" class=\"ct-div-block\" data-id=\"div_block-49-59\">\n<h3 id=\"headline-34-59-4\" class=\"ct-headline\" data-id=\"headline-34-59\"><span id=\"span-42-59\" class=\"ct-span\" ><a href='https:\/\/www.vanguardhealthcare.co.uk\/fi_fi\/facilities\/outpatient-clinics\/'>Poliklinikat<\/a><\/span><\/h3>\n<p><a id=\"link_button-73-167-4\" class=\"ct-link-button button-pink\" href=\"https:\/\/www.vanguardhealthcare.co.uk\/fi_fi\/facilities\/outpatient-clinics\/\" target=\"_self\" data-id=\"link_button-73-167\">Lue lis\u00e4\u00e4<\/a><\/div>\n<\/div>\n<div id=\"div_block-17-59-5\" class=\"ct-div-block\" data-id=\"div_block-17-59\"><a id=\"link-141-59-5\" class=\"ct-link\" href=\"https:\/\/www.vanguardhealthcare.co.uk\/fi_fi\/facilities\/ward-solutions\/\" data-id=\"link-141-59\"><img decoding=\"async\" id=\"image-25-59-5\" alt=\"\" src=\"https:\/\/www.vanguardhealthcare.co.uk\/wp-content\/uploads\/2023\/06\/mobile-hospital-ward-delivery-scaled-1024x768.jpeg\" class=\"ct-image\" data-id=\"image-25-59\"><\/a><\/p>\n<div id=\"div_block-49-59-5\" class=\"ct-div-block\" data-id=\"div_block-49-59\">\n<h3 id=\"headline-34-59-5\" class=\"ct-headline\" data-id=\"headline-34-59\"><span id=\"span-42-59\" class=\"ct-span\" ><a href='https:\/\/www.vanguardhealthcare.co.uk\/fi_fi\/facilities\/ward-solutions\/'>Osaston ratkaisut<\/a><\/span><\/h3>\n<p><a id=\"link_button-73-167-5\" class=\"ct-link-button button-pink\" href=\"https:\/\/www.vanguardhealthcare.co.uk\/fi_fi\/facilities\/ward-solutions\/\" target=\"_self\" data-id=\"link_button-73-167\">Lue lis\u00e4\u00e4<\/a><\/div>\n<\/div>\n<div id=\"div_block-17-59-6\" class=\"ct-div-block\" data-id=\"div_block-17-59\"><a id=\"link-141-59-6\" class=\"ct-link\" href=\"https:\/\/www.vanguardhealthcare.co.uk\/fi_fi\/facilities\/day-case-centres\/\" data-id=\"link-141-59\"><img decoding=\"async\" id=\"image-25-59-6\" alt=\"\" src=\"https:\/\/www.vanguardhealthcare.co.uk\/wp-content\/uploads\/2023\/06\/day-case-bay-2-1-scaled-1024x683.jpg\" class=\"ct-image\" data-id=\"image-25-59\"><\/a><\/p>\n<div id=\"div_block-49-59-6\" class=\"ct-div-block\" data-id=\"div_block-49-59\">\n<h3 id=\"headline-34-59-6\" class=\"ct-headline\" data-id=\"headline-34-59\"><span id=\"span-42-59\" class=\"ct-span\" ><a href='https:\/\/www.vanguardhealthcare.co.uk\/fi_fi\/facilities\/day-case-centres\/'>P\u00e4iv\u00e4hoitokeskukset<\/a><\/span><\/h3>\n<p><a id=\"link_button-73-167-6\" class=\"ct-link-button button-pink\" href=\"https:\/\/www.vanguardhealthcare.co.uk\/fi_fi\/facilities\/day-case-centres\/\" target=\"_self\" data-id=\"link_button-73-167\">Lue lis\u00e4\u00e4<\/a><\/div>\n<\/div>\n<div id=\"div_block-17-59-7\" class=\"ct-div-block\" data-id=\"div_block-17-59\"><a id=\"link-141-59-7\" class=\"ct-link\" href=\"https:\/\/www.vanguardhealthcare.co.uk\/fi_fi\/facilities\/central-sterile-services-departments\/\" data-id=\"link-141-59\"><img decoding=\"async\" id=\"image-25-59-7\" alt=\"\" src=\"https:\/\/www.vanguardhealthcare.co.uk\/wp-content\/uploads\/2023\/07\/mobile-cssd1-1024x768.jpg\" class=\"ct-image\" data-id=\"image-25-59\"><\/a><\/p>\n<div id=\"div_block-49-59-7\" class=\"ct-div-block\" data-id=\"div_block-49-59\">\n<h3 id=\"headline-34-59-7\" class=\"ct-headline\" data-id=\"headline-34-59\"><span id=\"span-42-59\" class=\"ct-span\" ><a href='https:\/\/www.vanguardhealthcare.co.uk\/fi_fi\/facilities\/central-sterile-services-departments\/'>Steriilipalveluiden keskusosastot<\/a><\/span><\/h3>\n<p><a id=\"link_button-73-167-7\" class=\"ct-link-button button-pink\" href=\"https:\/\/www.vanguardhealthcare.co.uk\/fi_fi\/facilities\/central-sterile-services-departments\/\" target=\"_self\" data-id=\"link_button-73-167\">Lue lis\u00e4\u00e4<\/a><\/div>\n<\/div>\n<div id=\"div_block-17-59-8\" class=\"ct-div-block\" data-id=\"div_block-17-59\"><a id=\"link-141-59-8\" class=\"ct-link\" href=\"https:\/\/www.vanguardhealthcare.co.uk\/fi_fi\/facilities\/endoscope-decontamination\/\" data-id=\"link-141-59\"><img decoding=\"async\" id=\"image-25-59-8\" alt=\"\" src=\"https:\/\/www.vanguardhealthcare.co.uk\/wp-content\/uploads\/2023\/07\/mobile-endoscopy-decontamination-1024x768.jpg\" class=\"ct-image\" data-id=\"image-25-59\"><\/a><\/p>\n<div id=\"div_block-49-59-8\" class=\"ct-div-block\" data-id=\"div_block-49-59\">\n<h3 id=\"headline-34-59-8\" class=\"ct-headline\" data-id=\"headline-34-59\"><span id=\"span-42-59\" class=\"ct-span\" ><a href='https:\/\/www.vanguardhealthcare.co.uk\/fi_fi\/facilities\/endoscope-decontamination\/'>Endoskoopin dekontaminaatio<\/a><\/span><\/h3>\n<p><a id=\"link_button-73-167-8\" class=\"ct-link-button button-pink\" href=\"https:\/\/www.vanguardhealthcare.co.uk\/fi_fi\/facilities\/endoscope-decontamination\/\" target=\"_self\" data-id=\"link_button-73-167\">Lue lis\u00e4\u00e4<\/a><\/div>\n<\/div>\n<div id=\"div_block-17-59-9\" class=\"ct-div-block\" data-id=\"div_block-17-59\"><a id=\"link-141-59-9\" class=\"ct-link\" href=\"https:\/\/www.vanguardhealthcare.co.uk\/fi_fi\/facilities\/endoscopy\/\" data-id=\"link-141-59\"><img decoding=\"async\" id=\"image-25-59-9\" alt=\"\" src=\"https:\/\/www.vanguardhealthcare.co.uk\/wp-content\/uploads\/2023\/06\/endoscopy-recovery-1-1-1024x768.jpg\" class=\"ct-image\" data-id=\"image-25-59\"><\/a><\/p>\n<div id=\"div_block-49-59-9\" class=\"ct-div-block\" data-id=\"div_block-49-59\">\n<h3 id=\"headline-34-59-9\" class=\"ct-headline\" data-id=\"headline-34-59\"><span id=\"span-42-59\" class=\"ct-span\" ><a href='https:\/\/www.vanguardhealthcare.co.uk\/fi_fi\/facilities\/endoscopy\/'>Endoskopia<\/a><\/span><\/h3>\n<p><a id=\"link_button-73-167-9\" class=\"ct-link-button button-pink\" href=\"https:\/\/www.vanguardhealthcare.co.uk\/fi_fi\/facilities\/endoscopy\/\" target=\"_self\" data-id=\"link_button-73-167\">Lue lis\u00e4\u00e4<\/a><\/div>\n<\/div>\n<div id=\"div_block-17-59-10\" class=\"ct-div-block\" data-id=\"div_block-17-59\"><a id=\"link-141-59-10\" class=\"ct-link\" href=\"https:\/\/www.vanguardhealthcare.co.uk\/fi_fi\/facilities\/interventional-radiology\/\" data-id=\"link-141-59\"><img decoding=\"async\" id=\"image-25-59-10\" alt=\"\" src=\"https:\/\/www.vanguardhealthcare.co.uk\/wp-content\/uploads\/2023\/06\/interventional-radiology-1024x768.jpg\" class=\"ct-image\" data-id=\"image-25-59\"><\/a><\/p>\n<div id=\"div_block-49-59-10\" class=\"ct-div-block\" data-id=\"div_block-49-59\">\n<h3 id=\"headline-34-59-10\" class=\"ct-headline\" data-id=\"headline-34-59\"><span id=\"span-42-59\" class=\"ct-span\" ><a href='https:\/\/www.vanguardhealthcare.co.uk\/fi_fi\/facilities\/interventional-radiology\/'>Interventioradiologia<\/a><\/span><\/h3>\n<p><a id=\"link_button-73-167-10\" class=\"ct-link-button button-pink\" href=\"https:\/\/www.vanguardhealthcare.co.uk\/fi_fi\/facilities\/interventional-radiology\/\" target=\"_self\" data-id=\"link_button-73-167\">Lue lis\u00e4\u00e4<\/a><\/div>\n<\/div>\n<div id=\"div_block-17-59-11\" class=\"ct-div-block\" data-id=\"div_block-17-59\"><a id=\"link-141-59-11\" class=\"ct-link\" href=\"https:\/\/www.vanguardhealthcare.co.uk\/fi_fi\/facilities\/surgical-hubs\/\" data-id=\"link-141-59\"><img decoding=\"async\" id=\"image-25-59-11\" alt=\"\" src=\"https:\/\/www.vanguardhealthcare.co.uk\/wp-content\/uploads\/2023\/06\/modular-operating-theatre-surgical-hub1-1-scaled-1024x768.jpg\" class=\"ct-image\" data-id=\"image-25-59\"><\/a><\/p>\n<div id=\"div_block-49-59-11\" class=\"ct-div-block\" data-id=\"div_block-49-59\">\n<h3 id=\"headline-34-59-11\" class=\"ct-headline\" data-id=\"headline-34-59\"><span id=\"span-42-59\" class=\"ct-span\" ><a href='https:\/\/www.vanguardhealthcare.co.uk\/fi_fi\/facilities\/surgical-hubs\/'>Kirurgiset keskukset<\/a><\/span><\/h3>\n<p><a id=\"link_button-73-167-11\" class=\"ct-link-button button-pink\" href=\"https:\/\/www.vanguardhealthcare.co.uk\/fi_fi\/facilities\/surgical-hubs\/\" target=\"_self\" data-id=\"link_button-73-167\">Lue lis\u00e4\u00e4<\/a><\/div>\n<\/div>\n<div id=\"div_block-17-59-12\" class=\"ct-div-block\" data-id=\"div_block-17-59\"><a id=\"link-141-59-12\" class=\"ct-link\" href=\"https:\/\/www.vanguardhealthcare.co.uk\/fi_fi\/facilities\/operating-theatres\/\" data-id=\"link-141-59\"><img decoding=\"async\" id=\"image-25-59-12\" alt=\"\" src=\"https:\/\/www.vanguardhealthcare.co.uk\/wp-content\/uploads\/2023\/06\/mobile-operating-theatre-8-scaled-1024x683.jpg\" class=\"ct-image\" data-id=\"image-25-59\"><\/a><\/p>\n<div id=\"div_block-49-59-12\" class=\"ct-div-block\" data-id=\"div_block-49-59\">\n<h3 id=\"headline-34-59-12\" class=\"ct-headline\" data-id=\"headline-34-59\"><span id=\"span-42-59\" class=\"ct-span\" ><a href='https:\/\/www.vanguardhealthcare.co.uk\/fi_fi\/facilities\/operating-theatres\/'>Leikkaussalit<\/a><\/span><\/h3>\n<p><a id=\"link_button-73-167-12\" class=\"ct-link-button button-pink\" href=\"https:\/\/www.vanguardhealthcare.co.uk\/fi_fi\/facilities\/operating-theatres\/\" target=\"_self\" data-id=\"link_button-73-167\">Lue lis\u00e4\u00e4<\/a><\/div>\n<\/div>\n<div id=\"div_block-17-59-13\" class=\"ct-div-block\" data-id=\"div_block-17-59\"><a id=\"link-141-59-13\" class=\"ct-link\" href=\"https:\/\/www.vanguardhealthcare.co.uk\/fi_fi\/facilities\/our-facilities\/\" data-id=\"link-141-59\"><img decoding=\"async\" id=\"image-25-59-13\" alt=\"\" src=\"https:\/\/www.vanguardhealthcare.co.uk\/wp-content\/uploads\/2023\/06\/kettering-2-1-1024x472.jpg\" class=\"ct-image\" data-id=\"image-25-59\"><\/a><\/p>\n<div id=\"div_block-49-59-13\" class=\"ct-div-block\" data-id=\"div_block-49-59\">\n<h3 id=\"headline-34-59-13\" class=\"ct-headline\" data-id=\"headline-34-59\"><span id=\"span-42-59\" class=\"ct-span\" ><a href='https:\/\/www.vanguardhealthcare.co.uk\/fi_fi\/facilities\/our-facilities\/'>Tilamme<\/a><\/span><\/h3>\n<p><a id=\"link_button-73-167-13\" class=\"ct-link-button button-pink\" href=\"https:\/\/www.vanguardhealthcare.co.uk\/fi_fi\/facilities\/our-facilities\/\" target=\"_self\" data-id=\"link_button-73-167\">Lue lis\u00e4\u00e4<\/a><\/div>\n<\/div><\/div>\n<\/div>\n<\/section>\n<section id=\"section-2-254\" class=\"ct-section\" >\n<div class=\"ct-section-inner-wrap\">\n<div id=\"fancy_icon-5-254\" class=\"ct-fancy-icon\" ><svg id=\"svg-fancy_icon-5-254\"><use xlink:href=\"#FontAwesomeicon-quote-left\"><\/use><\/svg><\/div>\n<div id=\"text_block-3-254\" class=\"ct-text-block\" >&quot;Ne ovat laadukas ratkaisu; se on ihana, ja se tekee sen, mit\u00e4 peliss\u00e4 lukee, ja siin\u00e4 on tarvitsemani tilat.&quot;<\/div>\n<div id=\"text_block-4-254\" class=\"ct-text-block\" >Leikkaukset, Endoskopian kunnostus<\/div>\n<\/div>\n<\/section>","protected":false},"excerpt":{"rendered":"","protected":false},"author":2,"featured_media":0,"parent":0,"menu_order":0,"comment_status":"closed","ping_status":"closed","template":"","meta":{"_acf_changed":false,"footnotes":""},"class_list":["post-164","page","type-page","status-publish","format-standard","hentry"],"acf":[],"yoast_head":"<!-- This site is optimized with the Yoast SEO plugin v27.4 - https:\/\/yoast.com\/product\/yoast-seo-wordpress\/ -->\n<title>Our Facilities - Vanguard Healthcare Solutions<\/title>\n<meta name=\"robots\" content=\"index, follow, max-snippet:-1, max-image-preview:large, max-video-preview:-1\" \/>\n<link rel=\"canonical\" href=\"https:\/\/www.vanguardhealthcare.co.uk\/fi_fi\/our-facilities\/\" \/>\n<meta property=\"og:locale\" content=\"fi_FI\" \/>\n<meta property=\"og:type\" content=\"article\" \/>\n<meta property=\"og:title\" content=\"Our Facilities - Vanguard Healthcare Solutions\" \/>\n<meta property=\"og:url\" content=\"https:\/\/www.vanguardhealthcare.co.uk\/fi_fi\/our-facilities\/\" \/>\n<meta property=\"og:site_name\" content=\"Vanguard Healthcare Solutions\" \/>\n<meta property=\"article:modified_time\" content=\"2026-04-02T16:26:36+00:00\" \/>\n<meta name=\"twitter:card\" content=\"summary_large_image\" \/>\n<meta name=\"twitter:label1\" content=\"Arvioitu lukuaika\" \/>\n\t<meta name=\"twitter:data1\" content=\"1 minuutti\" \/>\n<script type=\"application\/ld+json\" class=\"yoast-schema-graph\">{\"@context\":\"https:\\\/\\\/schema.org\",\"@graph\":[{\"@type\":\"WebPage\",\"@id\":\"https:\\\/\\\/www.vanguardhealthcare.co.uk\\\/our-facilities\\\/\",\"url\":\"https:\\\/\\\/www.vanguardhealthcare.co.uk\\\/our-facilities\\\/\",\"name\":\"Our Facilities - Vanguard Healthcare Solutions\",\"isPartOf\":{\"@id\":\"https:\\\/\\\/www.vanguardhealthcare.co.uk\\\/#website\"},\"datePublished\":\"2023-06-13T09:58:11+00:00\",\"dateModified\":\"2026-04-02T16:26:36+00:00\",\"breadcrumb\":{\"@id\":\"https:\\\/\\\/www.vanguardhealthcare.co.uk\\\/our-facilities\\\/#breadcrumb\"},\"inLanguage\":\"fi\",\"potentialAction\":[{\"@type\":\"ReadAction\",\"target\":[\"https:\\\/\\\/www.vanguardhealthcare.co.uk\\\/our-facilities\\\/\"]}]},{\"@type\":\"BreadcrumbList\",\"@id\":\"https:\\\/\\\/www.vanguardhealthcare.co.uk\\\/our-facilities\\\/#breadcrumb\",\"itemListElement\":[{\"@type\":\"ListItem\",\"position\":1,\"name\":\"Home\",\"item\":\"https:\\\/\\\/www.vanguardhealthcare.co.uk\\\/\"},{\"@type\":\"ListItem\",\"position\":2,\"name\":\"Our Facilities\"}]},{\"@type\":\"WebSite\",\"@id\":\"https:\\\/\\\/www.vanguardhealthcare.co.uk\\\/#website\",\"url\":\"https:\\\/\\\/www.vanguardhealthcare.co.uk\\\/\",\"name\":\"Vanguard Healthcare Solutions\",\"description\":\"\",\"potentialAction\":[{\"@type\":\"SearchAction\",\"target\":{\"@type\":\"EntryPoint\",\"urlTemplate\":\"https:\\\/\\\/www.vanguardhealthcare.co.uk\\\/?s={search_term_string}\"},\"query-input\":{\"@type\":\"PropertyValueSpecification\",\"valueRequired\":true,\"valueName\":\"search_term_string\"}}],\"inLanguage\":\"fi\"}]}<\/script>\n<!-- \/ Yoast SEO plugin. -->","yoast_head_json":{"title":"Our Facilities - Vanguard Healthcare Solutions","robots":{"index":"index","follow":"follow","max-snippet":"max-snippet:-1","max-image-preview":"max-image-preview:large","max-video-preview":"max-video-preview:-1"},"canonical":"https:\/\/www.vanguardhealthcare.co.uk\/fi_fi\/our-facilities\/","og_locale":"fi_FI","og_type":"article","og_title":"Our Facilities - Vanguard Healthcare Solutions","og_url":"https:\/\/www.vanguardhealthcare.co.uk\/fi_fi\/our-facilities\/","og_site_name":"Vanguard Healthcare Solutions","article_modified_time":"2026-04-02T16:26:36+00:00","twitter_card":"summary_large_image","twitter_misc":{"Arvioitu lukuaika":"1 minuutti"},"schema":{"@context":"https:\/\/schema.org","@graph":[{"@type":"WebPage","@id":"https:\/\/www.vanguardhealthcare.co.uk\/our-facilities\/","url":"https:\/\/www.vanguardhealthcare.co.uk\/our-facilities\/","name":"Our Facilities - Vanguard Healthcare Solutions","isPartOf":{"@id":"https:\/\/www.vanguardhealthcare.co.uk\/#website"},"datePublished":"2023-06-13T09:58:11+00:00","dateModified":"2026-04-02T16:26:36+00:00","breadcrumb":{"@id":"https:\/\/www.vanguardhealthcare.co.uk\/our-facilities\/#breadcrumb"},"inLanguage":"fi","potentialAction":[{"@type":"ReadAction","target":["https:\/\/www.vanguardhealthcare.co.uk\/our-facilities\/"]}]},{"@type":"BreadcrumbList","@id":"https:\/\/www.vanguardhealthcare.co.uk\/our-facilities\/#breadcrumb","itemListElement":[{"@type":"ListItem","position":1,"name":"Home","item":"https:\/\/www.vanguardhealthcare.co.uk\/"},{"@type":"ListItem","position":2,"name":"Our Facilities"}]},{"@type":"WebSite","@id":"https:\/\/www.vanguardhealthcare.co.uk\/#website","url":"https:\/\/www.vanguardhealthcare.co.uk\/","name":"Vanguard Healthcare Solutions","description":"","potentialAction":[{"@type":"SearchAction","target":{"@type":"EntryPoint","urlTemplate":"https:\/\/www.vanguardhealthcare.co.uk\/?s={search_term_string}"},"query-input":{"@type":"PropertyValueSpecification","valueRequired":true,"valueName":"search_term_string"}}],"inLanguage":"fi"}]}},"_links":{"self":[{"href":"https:\/\/www.vanguardhealthcare.co.uk\/fi_fi\/wp-json\/wp\/v2\/pages\/164","targetHints":{"allow":["GET"]}}],"collection":[{"href":"https:\/\/www.vanguardhealthcare.co.uk\/fi_fi\/wp-json\/wp\/v2\/pages"}],"about":[{"href":"https:\/\/www.vanguardhealthcare.co.uk\/fi_fi\/wp-json\/wp\/v2\/types\/page"}],"author":[{"embeddable":true,"href":"https:\/\/www.vanguardhealthcare.co.uk\/fi_fi\/wp-json\/wp\/v2\/users\/2"}],"replies":[{"embeddable":true,"href":"https:\/\/www.vanguardhealthcare.co.uk\/fi_fi\/wp-json\/wp\/v2\/comments?post=164"}],"version-history":[{"count":0,"href":"https:\/\/www.vanguardhealthcare.co.uk\/fi_fi\/wp-json\/wp\/v2\/pages\/164\/revisions"}],"wp:attachment":[{"href":"https:\/\/www.vanguardhealthcare.co.uk\/fi_fi\/wp-json\/wp\/v2\/media?parent=164"}],"curies":[{"name":"wp","href":"https:\/\/api.w.org\/{rel}","templated":true}]}}