{"id":143,"date":"2023-06-05T15:04:05","date_gmt":"2023-06-05T15:04:05","guid":{"rendered":"https:\/\/www.vanguardhealthcare.co.uk\/?page_id=143"},"modified":"2025-09-18T15:57:19","modified_gmt":"2025-09-18T15:57:19","slug":"careers","status":"publish","type":"page","link":"https:\/\/www.vanguardhealthcare.co.uk\/fi_fi\/careers\/","title":{"rendered":"Ura"},"content":{"rendered":"<section id=\"section-2-14\" class=\"ct-section\" >\n<div class=\"ct-section-inner-wrap\">\n<div id=\"new_columns-3-14\" class=\"ct-new-columns\" >\n<div id=\"div_block-4-14\" class=\"ct-div-block\" >\n<div id=\"div_block-21-223\" class=\"ct-div-block\" ><a id=\"link_text-13-223\" class=\"ct-link-text\" href=\"\/fi_fi\/\" target=\"_self\"  >Koti<\/a><a id=\"link_text-25-223\" class=\"ct-link-text\" href=\"http:\/\/\" target=\"_self\"  >&gt;<\/a><\/p>\n<div id=\"text_block-26-223\" class=\"ct-text-block\" ><span id=\"span-27-223\" class=\"ct-span\" >Ura<\/span><\/div>\n<\/div>\n<div id=\"div_block-17-223\" class=\"ct-div-block\" >\n<h1 id=\"headline-5-14\" class=\"ct-headline\">Ole osa laajentuvaa tiimi\u00e4 Isossa-Britanniassa<\/h1>\n<\/div>\n<\/div>\n<div id=\"div_block-9-14\" class=\"ct-div-block\" ><link rel='stylesheet' id='oxygen-unslider-css'  href='https:\/\/www.vanguardhealthcare.co.uk\/wp-content\/plugins\/oxygen\/component-framework\/vendor\/unslider\/unslider.css' type='text\/css' media='all'\/>\n<div id=\"slider-88-14\" class=\"ct-slider ct_unique_slider_2235\" >\n<div class=\"oxygen-unslider-container\">\n<ul>\n<li>\n<div id=\"slide-89-14\" class=\"ct-slide\" ><img decoding=\"async\"  id=\"image-96-14\" alt=\"\" src=\"https:\/\/www.vanguardhealthcare.co.uk\/wp-content\/uploads\/2023\/07\/clinical-team-celebration-2-scaled.jpg\" class=\"ct-image\"\/><\/div>\n<\/li>\n<li>\n<div id=\"slide-101-14\" class=\"ct-slide\" ><img decoding=\"async\"  id=\"image-102-14\" alt=\"\" src=\"https:\/\/www.vanguardhealthcare.co.uk\/wp-content\/uploads\/2023\/07\/team-6-1.jpg\" class=\"ct-image\"\/><\/div>\n<\/li>\n<\/ul>\n<\/div>\n<\/div>\n<p><script class=\"ct-slider-script\">jQuery(document).ready(function($){$('#slider-88-14.ct_unique_slider_2235 .oxygen-unslider-container:not(.unslider-horizontal,.unslider-fade)').unslider({autoplay: true, delay: 3000, animation: 'horizontal', speed : 750, arrows: true, nav: false, infinite: true})});<\/script><\/div>\n<\/div>\n<\/div>\n<\/section>\n<section id=\"section-68-14-text-left-white\" class=\"ct-section\" >\n<div class=\"ct-section-inner-wrap\">\n<div id=\"new_columns-69-14text-left-white\" class=\"ct-new-columns\" >\n<div id=\"div_block-70-14\" class=\"ct-div-block\" >\n<h2 id=\"headline-71-14\" class=\"ct-headline\">Millaista on ty\u00f6skennell\u00e4 meill\u00e4<\/h2>\n<div id=\"_rich_text-72-14\" class=\"oxy-rich-text\" >\n<p dir=\"ltr\">Arvostamme ihmisi\u00e4 ja tarjoamme heille kannustavan ymp\u00e4rist\u00f6n menesty\u00e4.&nbsp;<\/p>\n<p dir=\"ltr\">Olemme jatkaneet ty\u00f6skentely\u00e4 joustavasti pandemian j\u00e4lkeen ja tunnustamme monien perinteisten toimistopohjaisten tukiteht\u00e4viemme hybridity\u00f6skentelyn positiivisen tasapainon.<\/p>\n<p dir=\"ltr\">Olemme kannustava ja v\u00e4litt\u00e4v\u00e4 tiimi, ja meill\u00e4 on koulutettuja mielenterveyden ensiavun antajia koko ty\u00f6ntekij\u00e4v\u00e4est\u00f6llemme sek\u00e4 useita hyvinvointiamme tukevia etuja.<\/p>\n<p dir=\"ltr\">Haluamme oppia ja tukea liiketoiminnan kehittymist\u00e4. Korvaamme ammattij\u00e4senyyksi\u00e4 vuosittain ja tuemme monia tiimimme j\u00e4seni\u00e4 ammatillisessa opiskelussa osana urakehityst\u00e4.&nbsp;<\/p>\n<p dir=\"ltr\">Nopeasti kasvavan, yli 150 kollegan kansainv\u00e4lisen tiimin ansiosta arvomme m\u00e4\u00e4rittelev\u00e4t, kuinka toimimme asiakkaidemme kanssa sis\u00e4isesti ja ulkoisesti: Potilaskeskeinen; Innovatiivinen; Responsiivinen; Intohimoinen; Ryhm\u00e4ty\u00f6.<\/p>\n<p dir=\"ltr\">Vuoden 2023 sitoutumistutkimuksemme tulokset osoittavat sitoutumisemme henkil\u00f6st\u00f6\u00e4mme kohtaan <strong>82% positiivinen sitoutuminen<\/strong> koko liiketoiminnassa.<\/p>\n<p dir=\"ltr\">Yli <strong>90%<\/strong> Yhdistyneen kuningaskunnan ty\u00f6ntekij\u00f6ist\u00e4mme sanoi <em>\u201cSuosittelen t\u00e4\u00e4ll\u00e4 ty\u00f6skentelemist\u00e4 yst\u00e4ville ja perheelle\u201d<\/em> ja <strong>98%<\/strong> kliinisest\u00e4 v\u00e4est\u00f6st\u00e4mme sanovat <em>&quot;Haluan olla t\u00e4\u00e4ll\u00e4 t\u00f6iss\u00e4 12 kuukauden kuluttua&quot;<\/em>.<\/p>\n<\/div>\n<\/div>\n<div id=\"div_block-74-14\" class=\"ct-div-block\" ><img decoding=\"async\"  id=\"image-75-14\" alt=\"\" src=\"https:\/\/www.vanguardhealthcare.co.uk\/wp-content\/uploads\/2023\/07\/clinical-team-celebration-3.jpg\" class=\"ct-image\"\/><\/div>\n<\/div>\n<\/div>\n<\/section>\n<section id=\"section-2-802\" class=\"ct-section\" style=\"background-image:linear-gradient(rgba(0,73,131,0.73), rgba(0,73,131,0.73)), url(https:\/\/www.vanguardhealthcare.co.uk\/wp-content\/uploads\/2023\/05\/boulders-right.png);background-size:auto,  auto;\" >\n<div class=\"ct-section-inner-wrap\">\n<div id=\"div_block-3-802\" class=\"ct-div-block\" >\n<div id=\"text_block-5-802\" class=\"ct-text-block\" >Visiomme ihmisist\u00e4 on:<\/div>\n<div id=\"_rich_text-4-802\" class=\"oxy-rich-text\" >\n<p>Jotta ihmiset voivat saavuttaa poikkeuksellisia tuloksia. Teemme t\u00e4m\u00e4n luomalla voimakkaita ja ketteri\u00e4 tiimej\u00e4, joita tukee aito ja my\u00f6t\u00e4tuntoinen johtaminen ja jotka tarjoavat osallistavan kasvuymp\u00e4rist\u00f6n.<\/p>\n<\/div>\n<\/div>\n<\/div>\n<\/section>\n<section id=\"text-left-blue\" class=\"ct-section\" >\n<div class=\"ct-section-inner-wrap\">\n<div id=\"new_columns-107-34-blue\" class=\"ct-new-columns\" >\n<div id=\"div_block-108-34\" class=\"ct-div-block\" >\n<h2 id=\"headline-109-34\" class=\"ct-headline\">Edumme<\/h2>\n<div id=\"_rich_text-110-34\" class=\"oxy-rich-text\" >\n<p>Tarjoamme kilpailukykyiset palkkapaketit ja kaikissa teht\u00e4viss\u00e4mme seuraavat edut:<\/p>\n<p dir=\"ltr\"><strong>El\u00e4m\u00e4ntapa&nbsp;<\/strong><\/p>\n<ul>\n<li dir=\"ltr\">\n<p dir=\"ltr\" role=\"presentation\">5 viikkoa vuosilomaa (Ison-Britannian arkipyhien lis\u00e4ksi)<\/p>\n<\/li>\n<li dir=\"ltr\">\n<p dir=\"ltr\" role=\"presentation\">Mahdollisuus ostaa\/myyd\u00e4 viel\u00e4 1 viikko vuosilomaa<\/p>\n<\/li>\n<li dir=\"ltr\">\n<p dir=\"ltr\" role=\"presentation\">Employee Discount Scheme \u2013 online-alennusohjelma v\u00e4hitt\u00e4iskaupan, terveydenhuollon, vapaa-ajan ja el\u00e4m\u00e4ntapojen tarjoajille<\/p>\n<\/li>\n<li dir=\"ltr\">\n<p dir=\"ltr\" role=\"presentation\">Yritysel\u00e4ke (5% yritysmaksu ja 5% ty\u00f6ntekij\u00e4maksu, jota voidaan korottaa milloin tahansa)<\/p>\n<\/li>\n<\/ul>\n<\/div>\n<\/div>\n<div id=\"div_block-112-34\" class=\"ct-div-block\" ><img decoding=\"async\"  id=\"image-113-34\" alt=\"\" src=\"https:\/\/www.vanguardhealthcare.co.uk\/wp-content\/uploads\/2023\/07\/team-7-1.jpg\" class=\"ct-image\"\/><\/div>\n<\/div>\n<\/div>\n<\/section>\n<section id=\"section-88-34-blue2\" class=\"ct-section\" >\n<div class=\"ct-section-inner-wrap\">\n<div id=\"new_columns-13-665\" class=\"ct-new-columns\" >\n<div id=\"div_block-14-665\" class=\"ct-div-block\" >\n<div id=\"_rich_text-18-665\" class=\"oxy-rich-text\" >\n<p dir=\"ltr\"><strong>Hyvinvointi<\/strong><\/p>\n<ul>\n<li dir=\"ltr\">\n<p dir=\"ltr\" role=\"presentation\">Korotettu yrityksen sairausajan palkka&nbsp;<\/p>\n<\/li>\n<li dir=\"ltr\">Korotettu \u00e4itiys-, isyys-, adoptio- ja jaetun vanhempainvapaan palkka<\/li>\n<li dir=\"ltr\">\n<p dir=\"ltr\" role=\"presentation\">Influenssapiikkikorvaus&nbsp;<\/p>\n<\/li>\n<li dir=\"ltr\">\n<p dir=\"ltr\" role=\"presentation\">Terveydenhuollon k\u00e4teissuunnitelma Paycaren kautta, mukaan lukien k\u00e4teispalautus sairauskuluihin, terveystarkastukseen ja vaihtoehtoisiin hoitoihin<\/p>\n<\/li>\n<li dir=\"ltr\">\n<p dir=\"ltr\" role=\"presentation\">24\/7 p\u00e4\u00e4sy yleisl\u00e4\u00e4k\u00e4rille maailmanlaajuisesti ja yksityisell\u00e4 reseptipalvelulla<\/p>\n<\/li>\n<li dir=\"ltr\">\n<p dir=\"ltr\" role=\"presentation\">Ty\u00f6ntekij\u00f6iden avustusohjelma, mukaan lukien luottamuksellinen neuvonta ja neuvontapalvelu<\/p>\n<\/li>\n<li dir=\"ltr\">\n<p dir=\"ltr\" role=\"presentation\">Henkivakuutus (vastaa 4 x vuosipalkkaa)&nbsp;<\/p>\n<\/li>\n<li dir=\"ltr\">\n<p dir=\"ltr\" role=\"presentation\">Py\u00f6r\u00e4ily t\u00f6ihin -kaavio<\/p>\n<\/li>\n<li dir=\"ltr\">Tusker-autoj\u00e4rjestelm\u00e4 \u2013 palkasta annettava etu, jonka avulla ty\u00f6ntekij\u00e4t voivat ajaa upouudella, t\u00e4ysin vakuutetulla ja huolletulla autolla kiinte\u00e4ll\u00e4 kuukausimaksulla, joka v\u00e4hennet\u00e4\u00e4n heid\u00e4n palkastaan.<\/li>\n<li dir=\"ltr\">YellowNest - palkkaetu, jonka tarkoituksena on s\u00e4\u00e4st\u00e4\u00e4 vanhempien rahaa lastenhoitomaksuissa<\/li>\n<li dir=\"ltr\">\n<p dir=\"ltr\" role=\"presentation\">Ty\u00f6terveyshuolto<\/p>\n<\/li>\n<li dir=\"ltr\">\n<p dir=\"ltr\" role=\"presentation\">Mielenterveyden ensiapu koulutettujen mielenterveyden ensiapuhenkil\u00f6iden kautta koko organisaatiossa<\/p>\n<\/li>\n<\/ul>\n<p dir=\"ltr\"><strong>Kehitys<\/strong><\/p>\n<ul>\n<li dir=\"ltr\">\n<p dir=\"ltr\" role=\"presentation\">Vuosittaisen ammattij\u00e4senyyden korvaus<\/p>\n<\/li>\n<li dir=\"ltr\">\n<p dir=\"ltr\" role=\"presentation\">Ammatillinen opintotuki osana urakehityst\u00e4<\/p>\n<\/li>\n<\/ul>\n<p>&nbsp;<\/p>\n<p>Jos olet liittym\u00e4ss\u00e4 Vanguard Modular -liiketoimintaamme, etupakettiasi k\u00e4sitell\u00e4\u00e4n haastattelussa.<\/p>\n<\/div>\n<\/div>\n<div id=\"div_block-16-665\" class=\"ct-div-block\" >\n<div id=\"_rich_text-19-665\" class=\"oxy-rich-text\" >\n<p dir=\"ltr\"><strong>Ty\u00f6ntekij\u00e4n tunnustus<\/strong><\/p>\n<p dir=\"ltr\">Tunnustamme s\u00e4\u00e4nn\u00f6llisesti henkil\u00f6st\u00f6\u00e4mme seuraavilla tunnustustoimilla:<\/p>\n<ul>\n<li dir=\"ltr\">\n<p dir=\"ltr\" role=\"presentation\">Pitk\u00e4 palvelutunnustus<\/p>\n<\/li>\n<li dir=\"ltr\">\n<p dir=\"ltr\" role=\"presentation\">Vanguard arvopalkintoja<\/p>\n<\/li>\n<li dir=\"ltr\">\n<p dir=\"ltr\" role=\"presentation\">Ty\u00f6ntekij\u00f6iden juhlatilaisuudet<\/p>\n<\/li>\n<\/ul>\n<p dir=\"ltr\"><strong>Ymp\u00e4rist\u00f6, yhteiskunta ja hallinto<\/strong><\/p>\n<ul>\n<li dir=\"ltr\">\n<p dir=\"ltr\" role=\"presentation\">Tarjoamme tiimin j\u00e4senille mahdollisuuksia osallistua aktiviteetteihin ja aloitteisiin, mukaan lukien vapaaehtoisty\u00f6p\u00e4iv\u00e4t (1-3 p\u00e4iv\u00e4\u00e4 palkallisia), jotka tukevat ESG:t\u00e4 ja sitoumuksiamme<\/p>\n<\/li>\n<\/ul>\n<p dir=\"ltr\"><strong>Seuraavat edut riippuvat roolista:<\/strong><\/p>\n<ul>\n<li dir=\"ltr\">\n<p dir=\"ltr\" role=\"presentation\">Yrityksen auto tai autokorvaus<\/p>\n<\/li>\n<li dir=\"ltr\">\n<p dir=\"ltr\" role=\"presentation\">Hybridi toimii&nbsp;<\/p>\n<\/li>\n<li dir=\"ltr\">\n<p dir=\"ltr\" role=\"presentation\">Ilmainen parkkipaikka \u2013 paikan p\u00e4\u00e4ll\u00e4 parkkipaikka, mukaan lukien s\u00e4hk\u00f6autojen latauspisteet<\/p>\n<\/li>\n<li dir=\"ltr\">\n<p dir=\"ltr\" role=\"presentation\">Matka- ja majoituskulut<\/p>\n<\/li>\n<\/ul>\n<\/div>\n<\/div>\n<\/div>\n<\/div>\n<\/section>\n<section id=\"section-68-14-text-left-white\" class=\"ct-section\" >\n<div class=\"ct-section-inner-wrap\">\n<div id=\"new_columns-69-14text-left-white\" class=\"ct-new-columns\" >\n<div id=\"div_block-70-14\" class=\"ct-div-block\" >\n<h2 id=\"headline-71-14\" class=\"ct-headline\">Meid\u00e4n arvomme<\/h2>\n<div id=\"_rich_text-72-14\" class=\"oxy-rich-text\" >\n<p dir=\"ltr\">Ty\u00f6ntekij\u00f6idemme valitsemat arvomme ovat kaiken toimintamme perusta.<\/p>\n<p dir=\"ltr\">Toimitamme kliinisen infrastruktuurin ja osaamisen nopeudella, jota tarvitaan kapasiteetin laajentamiseen, kliinisen reitin hallitsemiseen ja keskeytym\u00e4tt\u00f6m\u00e4n potilaskeskeisen hoidon tarjoamiseen.<\/p>\n<p dir=\"ltr\">Vanguard Healthcare Solutionsin arvot p\u00e4\u00e4tettiin konsultatiivisella sitouttamisohjelmalla, johon osallistui koko tiimimme. Olemme sitoutuneet edustamaan n\u00e4it\u00e4 arvoja prosessien, tuotteiden, palveluiden ja vuorovaikutuksen kautta sek\u00e4 sis\u00e4isten ett\u00e4 ulkoisten asiakkaiden kanssa.<\/p>\n<p dir=\"ltr\">Alla olevat arvot valittiin yksimielisesti. Ne ilmaisevat parhaiten tavat, joilla varmistamme laadun ja arvon tarjoamisen ulkoisille sidosryhmille ja laajemmalle palvelemallemme potilasyhteis\u00f6lle.<\/p>\n<\/div>\n<\/div>\n<div id=\"div_block-74-14\" class=\"ct-div-block\" ><img decoding=\"async\"  id=\"image-75-14\" alt=\"\" src=\"https:\/\/www.vanguardhealthcare.co.uk\/wp-content\/uploads\/2023\/07\/nhs-75-2.jpg\" class=\"ct-image\"\/><\/div>\n<\/div>\n<\/div>\n<\/section>\n<section id=\"section-2-149\" class=\"ct-section\" >\n<div class=\"ct-section-inner-wrap\">\n<div id=\"div_block-5-149\" class=\"ct-div-block\" >\n<div id=\"div_block-10-149\" class=\"ct-div-block\" ><img decoding=\"async\"  id=\"image-11-149\" alt=\"Passionate\" src=\"https:\/\/www.vanguardhealthcare.co.uk\/wp-content\/uploads\/2023\/06\/passionate.png\" class=\"ct-image\"\/><\/p>\n<div id=\"text_block-12-149\" class=\"ct-text-block\" >Intohimoinen<\/div>\n<\/div>\n<\/div>\n<div id=\"div_block-6-149\" class=\"ct-div-block\" >\n<div id=\"div_block-13-149\" class=\"ct-div-block\" ><img decoding=\"async\"  id=\"image-14-149\" alt=\"Patient focussed\" src=\"https:\/\/www.vanguardhealthcare.co.uk\/wp-content\/uploads\/2023\/06\/patient-focussed.png\" class=\"ct-image\"\/><\/p>\n<div id=\"text_block-15-149\" class=\"ct-text-block\" >Potilaskeskeinen<\/div>\n<\/div>\n<\/div>\n<div id=\"div_block-7-149\" class=\"ct-div-block\" >\n<div id=\"div_block-17-149\" class=\"ct-div-block\" ><img decoding=\"async\"  id=\"image-18-149\" alt=\"Responsive\" src=\"https:\/\/www.vanguardhealthcare.co.uk\/wp-content\/uploads\/2023\/06\/responsive.png\" class=\"ct-image\"\/><\/p>\n<div id=\"text_block-19-149\" class=\"ct-text-block\" >Responsiivinen<\/div>\n<\/div>\n<\/div>\n<div id=\"div_block-8-149\" class=\"ct-div-block\" >\n<div id=\"div_block-21-149\" class=\"ct-div-block\" ><img decoding=\"async\"  id=\"image-22-149\" alt=\"Teamwork\" src=\"https:\/\/www.vanguardhealthcare.co.uk\/wp-content\/uploads\/2023\/06\/teamwork.png\" class=\"ct-image\"\/><\/p>\n<div id=\"text_block-23-149\" class=\"ct-text-block\" >Ryhm\u00e4ty\u00f6<\/div>\n<\/div>\n<\/div>\n<div id=\"div_block-9-149\" class=\"ct-div-block\" >\n<div id=\"div_block-25-149\" class=\"ct-div-block\" ><img decoding=\"async\"  id=\"image-26-149\" alt=\"Innovative\" src=\"https:\/\/www.vanguardhealthcare.co.uk\/wp-content\/uploads\/2023\/06\/innovative.png\" class=\"ct-image\"\/><\/p>\n<div id=\"text_block-27-149\" class=\"ct-text-block\" >Innovatiivinen<\/div>\n<\/div>\n<\/div>\n<\/div>\n<\/section>\n<section id=\"section-132-34\" class=\"ct-section\" >\n<div class=\"ct-section-inner-wrap\">\n<div id=\"new_columns-133-34\" class=\"ct-new-columns\" >\n<div id=\"div_block-138-34\" class=\"ct-div-block\" ><img decoding=\"async\"  id=\"image-139-34\" alt=\"\" src=\"https:\/\/www.vanguardhealthcare.co.uk\/wp-content\/uploads\/2023\/07\/nhs-75-5.jpg\" class=\"ct-image\"\/><\/div>\n<div id=\"div_block-134-34\" class=\"ct-div-block\" >\n<h2 id=\"headline-135-34\" class=\"ct-headline\">L\u00f6yd\u00e4 urapolkusi<\/h2>\n<div id=\"_rich_text-136-34\" class=\"oxy-rich-text\" >\n<p dir=\"ltr\">Nautitpa sitten k\u00e4rsiv\u00e4llisest\u00e4 roolista tai roolista, joka tukee kasvavaa liiketoimintaamme, meill\u00e4 on monia mahdollisuuksia liitty\u00e4 joukkoomme j\u00e4nnitt\u00e4v\u00e4lle matkallemme siirtyess\u00e4mme tulevaisuutemme seuraavaan vaiheeseen kasvutavoitteidemme toteuttamisessa.&nbsp;<\/p>\n<p dir=\"ltr\">Saavutamme tavoitteemme ty\u00f6skentelem\u00e4ll\u00e4 yhdess\u00e4 arvojemme mukaisena tiimin\u00e4.<\/p>\n<p dir=\"ltr\">Pyrimme monipuoliseen ja osallistavaan ty\u00f6paikkaan ja kannustamme vahvasti sopivan p\u00e4tevyyden omaavia hakijoita erilaisista taustoista hakemaan joukkoomme.<\/p>\n<\/div>\n<\/div>\n<\/div>\n<\/div>\n<\/section>","protected":false},"excerpt":{"rendered":"","protected":false},"author":2,"featured_media":0,"parent":0,"menu_order":0,"comment_status":"closed","ping_status":"closed","template":"","meta":{"_acf_changed":false,"footnotes":""},"class_list":["post-143","page","type-page","status-publish","format-standard","hentry"],"acf":[],"yoast_head":"<!-- This site is optimized with the Yoast SEO plugin v27.4 - https:\/\/yoast.com\/product\/yoast-seo-wordpress\/ -->\n<title>Careers - Vanguard Healthcare Solutions<\/title>\n<meta name=\"robots\" content=\"index, follow, max-snippet:-1, max-image-preview:large, max-video-preview:-1\" \/>\n<link rel=\"canonical\" href=\"https:\/\/www.vanguardhealthcare.co.uk\/fi_fi\/careers\/\" \/>\n<meta property=\"og:locale\" content=\"fi_FI\" \/>\n<meta property=\"og:type\" content=\"article\" \/>\n<meta property=\"og:title\" content=\"Careers - Vanguard Healthcare Solutions\" \/>\n<meta property=\"og:url\" content=\"https:\/\/www.vanguardhealthcare.co.uk\/fi_fi\/careers\/\" \/>\n<meta property=\"og:site_name\" content=\"Vanguard Healthcare Solutions\" \/>\n<meta property=\"article:modified_time\" content=\"2025-09-18T15:57:19+00:00\" \/>\n<meta name=\"twitter:card\" content=\"summary_large_image\" \/>\n<meta name=\"twitter:label1\" content=\"Arvioitu lukuaika\" \/>\n\t<meta name=\"twitter:data1\" content=\"1 minuutti\" \/>\n<script type=\"application\/ld+json\" class=\"yoast-schema-graph\">{\"@context\":\"https:\\\/\\\/schema.org\",\"@graph\":[{\"@type\":\"WebPage\",\"@id\":\"https:\\\/\\\/www.vanguardhealthcare.co.uk\\\/careers\\\/\",\"url\":\"https:\\\/\\\/www.vanguardhealthcare.co.uk\\\/careers\\\/\",\"name\":\"Careers - Vanguard Healthcare Solutions\",\"isPartOf\":{\"@id\":\"https:\\\/\\\/www.vanguardhealthcare.co.uk\\\/#website\"},\"datePublished\":\"2023-06-05T15:04:05+00:00\",\"dateModified\":\"2025-09-18T15:57:19+00:00\",\"breadcrumb\":{\"@id\":\"https:\\\/\\\/www.vanguardhealthcare.co.uk\\\/careers\\\/#breadcrumb\"},\"inLanguage\":\"fi\",\"potentialAction\":[{\"@type\":\"ReadAction\",\"target\":[\"https:\\\/\\\/www.vanguardhealthcare.co.uk\\\/careers\\\/\"]}]},{\"@type\":\"BreadcrumbList\",\"@id\":\"https:\\\/\\\/www.vanguardhealthcare.co.uk\\\/careers\\\/#breadcrumb\",\"itemListElement\":[{\"@type\":\"ListItem\",\"position\":1,\"name\":\"Home\",\"item\":\"https:\\\/\\\/www.vanguardhealthcare.co.uk\\\/\"},{\"@type\":\"ListItem\",\"position\":2,\"name\":\"Careers\"}]},{\"@type\":\"WebSite\",\"@id\":\"https:\\\/\\\/www.vanguardhealthcare.co.uk\\\/#website\",\"url\":\"https:\\\/\\\/www.vanguardhealthcare.co.uk\\\/\",\"name\":\"Vanguard Healthcare Solutions\",\"description\":\"\",\"potentialAction\":[{\"@type\":\"SearchAction\",\"target\":{\"@type\":\"EntryPoint\",\"urlTemplate\":\"https:\\\/\\\/www.vanguardhealthcare.co.uk\\\/?s={search_term_string}\"},\"query-input\":{\"@type\":\"PropertyValueSpecification\",\"valueRequired\":true,\"valueName\":\"search_term_string\"}}],\"inLanguage\":\"fi\"}]}<\/script>\n<!-- \/ Yoast SEO plugin. -->","yoast_head_json":{"title":"Ty\u00f6paikat - Vanguard Terveydenhuollon ratkaisut","robots":{"index":"index","follow":"follow","max-snippet":"max-snippet:-1","max-image-preview":"max-image-preview:large","max-video-preview":"max-video-preview:-1"},"canonical":"https:\/\/www.vanguardhealthcare.co.uk\/fi_fi\/careers\/","og_locale":"fi_FI","og_type":"article","og_title":"Careers - Vanguard Healthcare Solutions","og_url":"https:\/\/www.vanguardhealthcare.co.uk\/fi_fi\/careers\/","og_site_name":"Vanguard Healthcare Solutions","article_modified_time":"2025-09-18T15:57:19+00:00","twitter_card":"summary_large_image","twitter_misc":{"Arvioitu lukuaika":"1 minuutti"},"schema":{"@context":"https:\/\/schema.org","@graph":[{"@type":"WebPage","@id":"https:\/\/www.vanguardhealthcare.co.uk\/careers\/","url":"https:\/\/www.vanguardhealthcare.co.uk\/careers\/","name":"Ty\u00f6paikat - Vanguard Terveydenhuollon ratkaisut","isPartOf":{"@id":"https:\/\/www.vanguardhealthcare.co.uk\/#website"},"datePublished":"2023-06-05T15:04:05+00:00","dateModified":"2025-09-18T15:57:19+00:00","breadcrumb":{"@id":"https:\/\/www.vanguardhealthcare.co.uk\/careers\/#breadcrumb"},"inLanguage":"fi","potentialAction":[{"@type":"ReadAction","target":["https:\/\/www.vanguardhealthcare.co.uk\/careers\/"]}]},{"@type":"BreadcrumbList","@id":"https:\/\/www.vanguardhealthcare.co.uk\/careers\/#breadcrumb","itemListElement":[{"@type":"ListItem","position":1,"name":"Home","item":"https:\/\/www.vanguardhealthcare.co.uk\/"},{"@type":"ListItem","position":2,"name":"Careers"}]},{"@type":"WebSite","@id":"https:\/\/www.vanguardhealthcare.co.uk\/#website","url":"https:\/\/www.vanguardhealthcare.co.uk\/","name":"Vanguard Healthcare Solutions","description":"","potentialAction":[{"@type":"SearchAction","target":{"@type":"EntryPoint","urlTemplate":"https:\/\/www.vanguardhealthcare.co.uk\/?s={search_term_string}"},"query-input":{"@type":"PropertyValueSpecification","valueRequired":true,"valueName":"search_term_string"}}],"inLanguage":"fi"}]}},"_links":{"self":[{"href":"https:\/\/www.vanguardhealthcare.co.uk\/fi_fi\/wp-json\/wp\/v2\/pages\/143","targetHints":{"allow":["GET"]}}],"collection":[{"href":"https:\/\/www.vanguardhealthcare.co.uk\/fi_fi\/wp-json\/wp\/v2\/pages"}],"about":[{"href":"https:\/\/www.vanguardhealthcare.co.uk\/fi_fi\/wp-json\/wp\/v2\/types\/page"}],"author":[{"embeddable":true,"href":"https:\/\/www.vanguardhealthcare.co.uk\/fi_fi\/wp-json\/wp\/v2\/users\/2"}],"replies":[{"embeddable":true,"href":"https:\/\/www.vanguardhealthcare.co.uk\/fi_fi\/wp-json\/wp\/v2\/comments?post=143"}],"version-history":[{"count":0,"href":"https:\/\/www.vanguardhealthcare.co.uk\/fi_fi\/wp-json\/wp\/v2\/pages\/143\/revisions"}],"wp:attachment":[{"href":"https:\/\/www.vanguardhealthcare.co.uk\/fi_fi\/wp-json\/wp\/v2\/media?parent=143"}],"curies":[{"name":"wp","href":"https:\/\/api.w.org\/{rel}","templated":true}]}}