{"id":8357,"date":"2026-03-03T12:30:31","date_gmt":"2026-03-03T12:30:31","guid":{"rendered":"https:\/\/www.vanguardhealthcare.co.uk\/?page_id=8357"},"modified":"2026-03-03T12:30:32","modified_gmt":"2026-03-03T12:30:32","slug":"working-in-partnership-with-portland-clinical","status":"publish","type":"page","link":"https:\/\/www.vanguardhealthcare.co.uk\/es_es\/working-in-partnership-with-portland-clinical\/","title":{"rendered":"Trabajando en asociaci\u00f3n con Portland Clinical"},"content":{"rendered":"<section id=\"section-2-59\" class=\"ct-section\" style=\"background-image:url(https:\/\/www.vanguardhealthcare.co.uk\/wp-content\/uploads\/2023\/05\/boulders-right.png);background-size: auto;\" >\n<div class=\"ct-section-inner-wrap\">\n<div id=\"div_block-8-59\" class=\"ct-div-block\" ><a id=\"link_text-6-59\" class=\"ct-link-text\" href=\"\/es_es\/\" target=\"_self\"  >Hogar<\/a><\/p>\n<h1 id=\"headline-3-59\" class=\"ct-headline\"><span id=\"span-4-59\" class=\"ct-span\" >Trabajando en asociaci\u00f3n con Portland Clinical<\/span><\/h1>\n<\/div>\n<\/div>\n<\/section>\n<section id=\"section-68-14-text-left-white\" class=\"ct-section\" >\n<div class=\"ct-section-inner-wrap\">\n<div id=\"new_columns-69-14text-left-white\" class=\"ct-new-columns\" >\n<div id=\"div_block-70-14\" class=\"ct-div-block\" >\n<h2 id=\"headline-71-14\" class=\"ct-headline\"><\/h2>\n<div id=\"_rich_text-72-14\" class=\"oxy-rich-text\" >\n<p data-start=\"50\" data-end=\"432\">Vanguard Healthcare Solutions se enorgullece de colaborar con Portland Clinical, proveedor de atenci\u00f3n m\u00e9dica registrado en CQC que ofrece servicios de internalizaci\u00f3n cl\u00ednica y comunitarios en todo el Reino Unido. Juntos, apoyamos a los fideicomisos del NHS y a los sistemas de atenci\u00f3n integrada para ampliar su capacidad, reducir las listas de espera y proteger los objetivos de recuperaci\u00f3n electiva mediante una atenci\u00f3n segura, de alta calidad y centrada en el paciente.<\/p>\n<p class=\"MsoNormal\">&nbsp;<\/p>\n<p data-start=\"434\" data-end=\"858\">Esta alianza a\u00fana fortalezas complementarias. Portland Clinical ofrece un equipo de consultores, marcos de gobernanza consolidados y experiencia en gesti\u00f3n de rutas de atenci\u00f3n. Vanguard Healthcare Solutions ofrece instalaciones modulares de alta calidad, quir\u00f3fanos m\u00f3viles y entornos cl\u00ednicos totalmente equipados. En conjunto, ofrecemos soluciones integrales y llave en mano, dise\u00f1adas para responder con rapidez y eficacia a las presiones del sistema.<\/p>\n<\/div>\n<\/div>\n<div id=\"div_block-74-14\" class=\"ct-div-block\" ><img decoding=\"async\"  id=\"image-75-14\" alt=\"\" src=\"https:\/\/www.vanguardhealthcare.co.uk\/wp-content\/uploads\/2024\/08\/Vanguard-team.jpg\" class=\"ct-image\"\/><\/div>\n<\/div>\n<\/div>\n<\/section>\n<section id=\"section-132-34\" class=\"ct-section\" >\n<div class=\"ct-section-inner-wrap\">\n<div id=\"new_columns-133-34\" class=\"ct-new-columns\" >\n<div id=\"div_block-138-34\" class=\"ct-div-block\" ><img decoding=\"async\"  id=\"image-139-34\" alt=\"\" src=\"https:\/\/www.vanguardhealthcare.co.uk\/wp-content\/uploads\/2025\/12\/Nurse-Base.jpg\" class=\"ct-image\"\/><\/div>\n<div id=\"div_block-134-34\" class=\"ct-div-block\" >\n<h2 id=\"headline-135-34\" class=\"ct-headline\">Lo que entregamos juntos<\/h2>\n<div id=\"_rich_text-136-34\" class=\"oxy-rich-text\" >\n<h3 data-start=\"889\" data-end=\"912\">Internalizaci\u00f3n cl\u00ednica<\/h3>\n<p data-start=\"914\" data-end=\"1053\">En asociaci\u00f3n, ofrecemos modelos de internalizaci\u00f3n estructurados y de alto impacto que respaldan la recuperaci\u00f3n electiva y la mejora del desempe\u00f1o, incluidos:<\/p>\n<ul data-start=\"1055\" data-end=\"1315\">\n<li data-start=\"1055\" data-end=\"1108\">\n<p data-start=\"1057\" data-end=\"1108\">V\u00edas quir\u00fargicas y no quir\u00fargicas dirigidas por consultores<\/p>\n<\/li>\n<li data-start=\"1109\" data-end=\"1161\">\n<p data-start=\"1111\" data-end=\"1161\">Programas de recuperaci\u00f3n de cartera de pedidos electivos de gran volumen<\/p>\n<\/li>\n<li data-start=\"1162\" data-end=\"1207\">\n<p data-start=\"1164\" data-end=\"1207\">Modelos operativos de fin de semana y jornada extendida<\/p>\n<\/li>\n<li data-start=\"1208\" data-end=\"1260\">\n<p data-start=\"1210\" data-end=\"1260\">Soporte para recuperaci\u00f3n de RTT y mejora del rendimiento<\/p>\n<\/li>\n<li data-start=\"1261\" data-end=\"1315\">\n<p data-start=\"1263\" data-end=\"1315\">Supervisi\u00f3n de gobernanza completa alineada con los est\u00e1ndares de CQC<\/p>\n<\/li>\n<\/ul>\n<p class=\"MsoNormal\">&nbsp;<\/p>\n<p data-start=\"1317\" data-end=\"1465\">Al alinear la prestaci\u00f3n cl\u00ednica con una planificaci\u00f3n operativa s\u00f3lida e instalaciones de alta calidad, ayudamos a los fideicomisos a aumentar la actividad de manera segura y sostenible.<\/p>\n<\/div>\n<\/div>\n<\/div>\n<\/div>\n<\/section>\n<section id=\"section-68-14-text-left-white\" class=\"ct-section\" >\n<div class=\"ct-section-inner-wrap\">\n<div id=\"new_columns-69-14text-left-white\" class=\"ct-new-columns\" >\n<div id=\"div_block-70-14\" class=\"ct-div-block\" >\n<h2 id=\"headline-71-14\" class=\"ct-headline\">Integraci\u00f3n de instalaciones modulares y m\u00f3viles<\/h2>\n<div id=\"_rich_text-72-14\" class=\"oxy-rich-text\" >\n<p data-start=\"1512\" data-end=\"1718\">La experiencia de Vanguard en infraestructura de despliegue r\u00e1pido, combinada con el liderazgo cl\u00ednico de Portland Clinical, permite la creaci\u00f3n de entornos quir\u00fargicos completos y operativos. Nuestra oferta conjunta incluye:<\/p>\n<ul data-start=\"1720\" data-end=\"1991\">\n<li data-start=\"1720\" data-end=\"1772\">\n<p data-start=\"1722\" data-end=\"1772\">Despliegue r\u00e1pido de quir\u00f3fanos y salas<\/p>\n<\/li>\n<li data-start=\"1773\" data-end=\"1830\">\n<p data-start=\"1775\" data-end=\"1830\">Centros quir\u00fargicos independientes para proteger la capacidad electiva<\/p>\n<\/li>\n<li data-start=\"1831\" data-end=\"1891\">\n<p data-start=\"1833\" data-end=\"1891\">Capacidad de decantaci\u00f3n durante la reforma o la presi\u00f3n de las fincas<\/p>\n<\/li>\n<li data-start=\"1892\" data-end=\"1951\">\n<p data-start=\"1894\" data-end=\"1951\">Modelos de servicios gestionados que combinan instalaciones y personal<\/p>\n<\/li>\n<li data-start=\"1952\" data-end=\"1991\">\n<p data-start=\"1954\" data-end=\"1991\">Movilizaci\u00f3n operativa de extremo a extremo<\/p>\n<\/li>\n<\/ul>\n<p class=\"MsoNormal\">&nbsp;<\/p>\n<p data-start=\"1993\" data-end=\"2126\">Este enfoque integrado permite a los socios del NHS acceder tanto a la capacidad f\u00edsica como a equipos cl\u00ednicos capacitados en una soluci\u00f3n coordinada.<\/p>\n<\/div>\n<\/div>\n<div id=\"div_block-74-14\" class=\"ct-div-block\" ><img decoding=\"async\"  id=\"image-75-14\" alt=\"\" src=\"https:\/\/www.vanguardhealthcare.co.uk\/wp-content\/uploads\/2025\/11\/DJI_20250619160710_0016_D-min.jpg\" class=\"ct-image\"\/><\/div>\n<\/div>\n<\/div>\n<\/section>\n<section id=\"section-132-34\" class=\"ct-section\" >\n<div class=\"ct-section-inner-wrap\">\n<div id=\"new_columns-133-34\" class=\"ct-new-columns\" >\n<div id=\"div_block-138-34\" class=\"ct-div-block\" ><img decoding=\"async\"  id=\"image-139-34\" alt=\"\" src=\"https:\/\/www.vanguardhealthcare.co.uk\/wp-content\/uploads\/2025\/12\/Exterior-front-1-scaled.jpg\" class=\"ct-image\"\/><\/div>\n<div id=\"div_block-134-34\" class=\"ct-div-block\" >\n<h2 id=\"headline-135-34\" class=\"ct-headline\">Servicios Comunitarios y de Diagn\u00f3stico<\/h2>\n<div id=\"_rich_text-136-34\" class=\"oxy-rich-text\" >\n<p data-start=\"2167\" data-end=\"2308\">Tambi\u00e9n colaboramos para fortalecer la atenci\u00f3n comunitaria y el diagn\u00f3stico, ayudando a los sistemas a gestionar la demanda m\u00e1s cerca del hogar. Los servicios incluyen:<\/p>\n<ul data-start=\"2310\" data-end=\"2482\">\n<li data-start=\"2310\" data-end=\"2347\">\n<p data-start=\"2312\" data-end=\"2347\">Cl\u00ednicas ambulatorias y de diagn\u00f3stico<\/p>\n<\/li>\n<li data-start=\"2348\" data-end=\"2385\">\n<p data-start=\"2350\" data-end=\"2385\">Caminos electivos basados en la comunidad<\/p>\n<\/li>\n<li data-start=\"2386\" data-end=\"2424\">\n<p data-start=\"2388\" data-end=\"2424\">Servicios de salud mental y terapia<\/p>\n<\/li>\n<li data-start=\"2425\" data-end=\"2482\">\n<p data-start=\"2427\" data-end=\"2482\">Gesti\u00f3n de v\u00edas y triaje de pacientes con soporte digital<\/p>\n<\/li>\n<\/ul>\n<p class=\"MsoNormal\">&nbsp;<\/p>\n<p data-start=\"2484\" data-end=\"2611\">Al combinar infraestructura, fuerza laboral y dise\u00f1o de v\u00edas de atenci\u00f3n, apoyamos flujos de pacientes m\u00e1s eficientes y un mejor acceso a la atenci\u00f3n.<\/p>\n<\/div>\n<\/div>\n<\/div>\n<\/div>\n<\/section>\n<section id=\"section-68-14-text-left-white\" class=\"ct-section\" >\n<div class=\"ct-section-inner-wrap\">\n<div id=\"new_columns-69-14text-left-white\" class=\"ct-new-columns\" >\n<div id=\"div_block-70-14\" class=\"ct-div-block\" >\n<h2 id=\"headline-71-14\" class=\"ct-headline\">Por qu\u00e9 es importante esta asociaci\u00f3n<\/h2>\n<div id=\"_rich_text-72-14\" class=\"oxy-rich-text\" >\n<p data-start=\"2646\" data-end=\"2856\">El NHS contin\u00faa enfrent\u00e1ndose a importantes desaf\u00edos de capacidad en quir\u00f3fanos, servicios de diagn\u00f3stico y electivos. Abordar estas presiones requiere soluciones escalables, compatibles con las normativas y operativamente robustas.<\/p>\n<p data-start=\"2858\" data-end=\"2960\">A trav\u00e9s de nuestra colaboraci\u00f3n con Portland Clinical, Vanguard Healthcare Solutions proporciona sistemas con:<\/p>\n<ul data-start=\"2962\" data-end=\"3204\">\n<li data-start=\"2962\" data-end=\"3026\">\n<p data-start=\"2964\" data-end=\"3026\">Capacidad adicional escalable sin carga de patrimonio a largo plazo<\/p>\n<\/li>\n<li data-start=\"3027\" data-end=\"3073\">\n<p data-start=\"3029\" data-end=\"3073\">Movilizaci\u00f3n r\u00e1pida con gobernanza asegurada<\/p>\n<\/li>\n<li data-start=\"3074\" data-end=\"3107\">\n<p data-start=\"3076\" data-end=\"3107\">Prestaci\u00f3n cl\u00ednica alineada con CQC<\/p>\n<\/li>\n<li data-start=\"3108\" data-end=\"3159\">\n<p data-start=\"3110\" data-end=\"3159\">Informes integrados y gesti\u00f3n del rendimiento<\/p>\n<\/li>\n<li data-start=\"3160\" data-end=\"3204\">\n<p data-start=\"3162\" data-end=\"3204\">Un enfoque colaborativo y centrado en el sistema<\/p>\n<\/li>\n<\/ul>\n<p data-start=\"1512\" data-end=\"1718\">&nbsp;<\/p>\n<p data-start=\"3206\" data-end=\"3360\" data-is-last-node=\"\" data-is-only-node=\"\">Juntos, estamos permitiendo que las organizaciones del NHS ampl\u00eden su capacidad segura a buen ritmo, protejan la recuperaci\u00f3n electiva y brinden atenci\u00f3n oportuna a los pacientes en todo el Reino Unido.<\/p>\n<\/div>\n<\/div>\n<div id=\"div_block-74-14\" class=\"ct-div-block\" ><img decoding=\"async\"  id=\"image-75-14\" alt=\"\" src=\"https:\/\/www.vanguardhealthcare.co.uk\/wp-content\/uploads\/2023\/10\/Every-clinical-team-member-brings-their-expertise-and-experience-image-scaled.jpg\" class=\"ct-image\"\/><\/div>\n<\/div>\n<\/div>\n<\/section>\n<section id=\"section-144-59\" class=\"ct-section\" >\n<div class=\"ct-section-inner-wrap\">\n<div id=\"new_columns-145-59\" class=\"ct-new-columns\" >\n<div id=\"div_block-146-59\" class=\"ct-div-block\" >\n<div id=\"_rich_text-9-63\" class=\"oxy-rich-text\" >\n<p>Encontrar una soluci\u00f3n que funcione para su hospital comienza aqu\u00ed...<\/p>\n<\/div>\n<p><a id=\"link_button-149-59\" class=\"ct-link-button\" href=\"\/es_es\/contact\/\" target=\"_self\"  >Ponerse en contacto<\/a><\/div>\n<div id=\"div_block-150-59\" class=\"ct-div-block\" ><img decoding=\"async\"  id=\"image-151-59\" alt=\"\" src=\"https:\/\/www.vanguardhealthcare.co.uk\/wp-content\/uploads\/2023\/06\/kettering-2-1.jpg\" class=\"ct-image\"\/><\/div>\n<\/div>\n<\/div>\n<\/section>","protected":false},"excerpt":{"rendered":"","protected":false},"author":11,"featured_media":0,"parent":0,"menu_order":0,"comment_status":"closed","ping_status":"closed","template":"","meta":{"_acf_changed":false,"footnotes":""},"class_list":["post-8357","page","type-page","status-publish","format-standard","hentry"],"acf":[],"yoast_head":"<!-- This site is optimized with the Yoast SEO plugin v27.4 - https:\/\/yoast.com\/product\/yoast-seo-wordpress\/ -->\n<title>Working in Partnership with Portland Clinical - Vanguard Healthcare Solutions<\/title>\n<meta name=\"robots\" content=\"index, follow, max-snippet:-1, max-image-preview:large, max-video-preview:-1\" \/>\n<link rel=\"canonical\" href=\"https:\/\/www.vanguardhealthcare.co.uk\/es_es\/working-in-partnership-with-portland-clinical\/\" \/>\n<meta property=\"og:locale\" content=\"es_ES\" \/>\n<meta property=\"og:type\" content=\"article\" \/>\n<meta property=\"og:title\" content=\"Working in Partnership with Portland Clinical - Vanguard Healthcare Solutions\" \/>\n<meta property=\"og:url\" content=\"https:\/\/www.vanguardhealthcare.co.uk\/es_es\/working-in-partnership-with-portland-clinical\/\" \/>\n<meta property=\"og:site_name\" content=\"Vanguard Healthcare Solutions\" \/>\n<meta property=\"article:modified_time\" content=\"2026-03-03T12:30:32+00:00\" \/>\n<meta name=\"twitter:card\" content=\"summary_large_image\" \/>\n<meta name=\"twitter:label1\" content=\"Tiempo de lectura\" \/>\n\t<meta name=\"twitter:data1\" content=\"1 minuto\" \/>\n<script type=\"application\/ld+json\" class=\"yoast-schema-graph\">{\"@context\":\"https:\\\/\\\/schema.org\",\"@graph\":[{\"@type\":\"WebPage\",\"@id\":\"https:\\\/\\\/www.vanguardhealthcare.co.uk\\\/working-in-partnership-with-portland-clinical\\\/\",\"url\":\"https:\\\/\\\/www.vanguardhealthcare.co.uk\\\/working-in-partnership-with-portland-clinical\\\/\",\"name\":\"Working in Partnership with Portland Clinical - Vanguard Healthcare Solutions\",\"isPartOf\":{\"@id\":\"https:\\\/\\\/www.vanguardhealthcare.co.uk\\\/#website\"},\"datePublished\":\"2026-03-03T12:30:31+00:00\",\"dateModified\":\"2026-03-03T12:30:32+00:00\",\"breadcrumb\":{\"@id\":\"https:\\\/\\\/www.vanguardhealthcare.co.uk\\\/working-in-partnership-with-portland-clinical\\\/#breadcrumb\"},\"inLanguage\":\"es\",\"potentialAction\":[{\"@type\":\"ReadAction\",\"target\":[\"https:\\\/\\\/www.vanguardhealthcare.co.uk\\\/working-in-partnership-with-portland-clinical\\\/\"]}]},{\"@type\":\"BreadcrumbList\",\"@id\":\"https:\\\/\\\/www.vanguardhealthcare.co.uk\\\/working-in-partnership-with-portland-clinical\\\/#breadcrumb\",\"itemListElement\":[{\"@type\":\"ListItem\",\"position\":1,\"name\":\"Home\",\"item\":\"https:\\\/\\\/www.vanguardhealthcare.co.uk\\\/\"},{\"@type\":\"ListItem\",\"position\":2,\"name\":\"Working in Partnership with Portland Clinical\"}]},{\"@type\":\"WebSite\",\"@id\":\"https:\\\/\\\/www.vanguardhealthcare.co.uk\\\/#website\",\"url\":\"https:\\\/\\\/www.vanguardhealthcare.co.uk\\\/\",\"name\":\"Vanguard Healthcare Solutions\",\"description\":\"\",\"potentialAction\":[{\"@type\":\"SearchAction\",\"target\":{\"@type\":\"EntryPoint\",\"urlTemplate\":\"https:\\\/\\\/www.vanguardhealthcare.co.uk\\\/?s={search_term_string}\"},\"query-input\":{\"@type\":\"PropertyValueSpecification\",\"valueRequired\":true,\"valueName\":\"search_term_string\"}}],\"inLanguage\":\"es\"}]}<\/script>\n<!-- \/ Yoast SEO plugin. -->","yoast_head_json":{"title":"En colaboraci\u00f3n con Portland Clinical - Vanguard Healthcare Solutions","robots":{"index":"index","follow":"follow","max-snippet":"max-snippet:-1","max-image-preview":"max-image-preview:large","max-video-preview":"max-video-preview:-1"},"canonical":"https:\/\/www.vanguardhealthcare.co.uk\/es_es\/working-in-partnership-with-portland-clinical\/","og_locale":"es_ES","og_type":"article","og_title":"Working in Partnership with Portland Clinical - Vanguard Healthcare Solutions","og_url":"https:\/\/www.vanguardhealthcare.co.uk\/es_es\/working-in-partnership-with-portland-clinical\/","og_site_name":"Vanguard Healthcare Solutions","article_modified_time":"2026-03-03T12:30:32+00:00","twitter_card":"summary_large_image","twitter_misc":{"Tiempo de lectura":"1 minuto"},"schema":{"@context":"https:\/\/schema.org","@graph":[{"@type":"WebPage","@id":"https:\/\/www.vanguardhealthcare.co.uk\/working-in-partnership-with-portland-clinical\/","url":"https:\/\/www.vanguardhealthcare.co.uk\/working-in-partnership-with-portland-clinical\/","name":"En colaboraci\u00f3n con Portland Clinical - Vanguard Healthcare Solutions","isPartOf":{"@id":"https:\/\/www.vanguardhealthcare.co.uk\/#website"},"datePublished":"2026-03-03T12:30:31+00:00","dateModified":"2026-03-03T12:30:32+00:00","breadcrumb":{"@id":"https:\/\/www.vanguardhealthcare.co.uk\/working-in-partnership-with-portland-clinical\/#breadcrumb"},"inLanguage":"es","potentialAction":[{"@type":"ReadAction","target":["https:\/\/www.vanguardhealthcare.co.uk\/working-in-partnership-with-portland-clinical\/"]}]},{"@type":"BreadcrumbList","@id":"https:\/\/www.vanguardhealthcare.co.uk\/working-in-partnership-with-portland-clinical\/#breadcrumb","itemListElement":[{"@type":"ListItem","position":1,"name":"Home","item":"https:\/\/www.vanguardhealthcare.co.uk\/"},{"@type":"ListItem","position":2,"name":"Working in Partnership with Portland Clinical"}]},{"@type":"WebSite","@id":"https:\/\/www.vanguardhealthcare.co.uk\/#website","url":"https:\/\/www.vanguardhealthcare.co.uk\/","name":"Soluciones para el cuidado de la salud Vanguard","description":"","potentialAction":[{"@type":"SearchAction","target":{"@type":"EntryPoint","urlTemplate":"https:\/\/www.vanguardhealthcare.co.uk\/?s={search_term_string}"},"query-input":{"@type":"PropertyValueSpecification","valueRequired":true,"valueName":"search_term_string"}}],"inLanguage":"es"}]}},"_links":{"self":[{"href":"https:\/\/www.vanguardhealthcare.co.uk\/es_es\/wp-json\/wp\/v2\/pages\/8357","targetHints":{"allow":["GET"]}}],"collection":[{"href":"https:\/\/www.vanguardhealthcare.co.uk\/es_es\/wp-json\/wp\/v2\/pages"}],"about":[{"href":"https:\/\/www.vanguardhealthcare.co.uk\/es_es\/wp-json\/wp\/v2\/types\/page"}],"author":[{"embeddable":true,"href":"https:\/\/www.vanguardhealthcare.co.uk\/es_es\/wp-json\/wp\/v2\/users\/11"}],"replies":[{"embeddable":true,"href":"https:\/\/www.vanguardhealthcare.co.uk\/es_es\/wp-json\/wp\/v2\/comments?post=8357"}],"version-history":[{"count":0,"href":"https:\/\/www.vanguardhealthcare.co.uk\/es_es\/wp-json\/wp\/v2\/pages\/8357\/revisions"}],"wp:attachment":[{"href":"https:\/\/www.vanguardhealthcare.co.uk\/es_es\/wp-json\/wp\/v2\/media?parent=8357"}],"curies":[{"name":"gracias","href":"https:\/\/api.w.org\/{rel}","templated":true}]}}