{"id":7861,"date":"2025-03-06T16:20:47","date_gmt":"2025-03-06T16:20:47","guid":{"rendered":"https:\/\/www.vanguardhealthcare.co.uk\/?page_id=7861"},"modified":"2025-04-01T11:52:39","modified_gmt":"2025-04-01T11:52:39","slug":"flexible-finance-solutions","status":"publish","type":"page","link":"https:\/\/www.vanguardhealthcare.co.uk\/es_es\/flexible-finance-solutions\/","title":{"rendered":"Soluciones financieras flexibles"},"content":{"rendered":"<section id=\"section-2-59\" class=\"ct-section\" style=\"background-image:url(https:\/\/www.vanguardhealthcare.co.uk\/wp-content\/uploads\/2023\/05\/boulders-right.png);background-size: auto;\" >\n<div class=\"ct-section-inner-wrap\">\n<div id=\"div_block-8-59\" class=\"ct-div-block\" ><a id=\"link_text-6-59\" class=\"ct-link-text\" href=\"\/es_es\/\" target=\"_self\"  >Hogar<\/a><\/p>\n<h1 id=\"headline-3-59\" class=\"ct-headline\"><span id=\"span-4-59\" class=\"ct-span\" >Soluciones financieras flexibles<\/span><\/h1>\n<\/div>\n<\/div>\n<\/section>\n<section id=\"section-68-14-text-left-white\" class=\"ct-section\" >\n<div class=\"ct-section-inner-wrap\">\n<div id=\"new_columns-69-14text-left-white\" class=\"ct-new-columns\" >\n<div id=\"div_block-70-14\" class=\"ct-div-block\" >\n<h2 id=\"headline-71-14\" class=\"ct-headline\">Facility Flex: un enfoque inteligente para mitigar los desaf\u00edos de la NIIF 16 y la CDEL<\/h2>\n<div id=\"_rich_text-72-14\" class=\"oxy-rich-text\" >\n<h3 class=\"MsoNormal\"><strong><span lang=\"EN-GB\">Bienvenido a Facility Flex<\/span><\/strong><\/h3>\n<p class=\"MsoNormal\"><span lang=\"EN-GB\">En Vanguard Healthcare Solutions, comprendemos las necesidades din\u00e1micas de los proveedores de atenci\u00f3n m\u00e9dica. Nuestros&nbsp;<strong>Flexibilidad de instalaciones<\/strong> El modelo ofrece un enfoque revolucionario a la infraestructura de atenci\u00f3n m\u00e9dica, brindando soluciones flexibles de pago por uso que garantizan el acceso inmediato a entornos cl\u00ednicos de alta calidad.<\/span><\/p>\n<p class=\"MsoNormal\"><span lang=\"EN-GB\">Descargue nuestro Folleto Informativo,&nbsp;<a href=\"\/es_es\/resource\/facility-flex-a-smart-approach-to-mitigating-ifrs16-and-cdel-challenges\/\">aqu\u00ed.<\/a><\/span><\/p>\n<\/div>\n<\/div>\n<div id=\"div_block-74-14\" class=\"ct-div-block\" ><img decoding=\"async\"  id=\"image-75-14\" alt=\"\" src=\"https:\/\/www.vanguardhealthcare.co.uk\/wp-content\/uploads\/2025\/02\/Vanguard-Ribbon-Cutting-Drone-Photography-2-1024x768.jpg\" class=\"ct-image\"\/><\/div>\n<\/div>\n<\/div>\n<\/section>\n<section id=\"section-132-34\" class=\"ct-section\" >\n<div class=\"ct-section-inner-wrap\">\n<div id=\"new_columns-133-34\" class=\"ct-new-columns\" >\n<div id=\"div_block-138-34\" class=\"ct-div-block\" ><img decoding=\"async\"  id=\"image-139-34\" alt=\"\" src=\"https:\/\/www.vanguardhealthcare.co.uk\/wp-content\/uploads\/2025\/01\/IMG_5643-1024x768.jpeg\" class=\"ct-image\"\/><\/div>\n<div id=\"div_block-134-34\" class=\"ct-div-block\" >\n<h2 id=\"headline-135-34\" class=\"ct-headline\">\u00bfPor qu\u00e9 elegir Facility Flex?<\/h2>\n<div id=\"_rich_text-136-34\" class=\"oxy-rich-text\" >\n<p class=\"MsoNormal\"><strong><span lang=\"EN-GB\">Flexibilidad de instalaciones<\/span><\/strong><span lang=\"EN-GB\">&nbsp;Est\u00e1 dise\u00f1ado para satisfacer la creciente demanda de servicios de salud sin necesidad de una inversi\u00f3n de capital significativa. Nuestro modelo basado en ingresos permite a los proveedores de salud utilizar sus presupuestos de ingresos, preservando as\u00ed sus recursos de capital para otras inversiones cruciales. Esta flexibilidad financiera es especialmente beneficiosa para los fideicomisos del NHS, ya que garantiza que no se vean afectados los l\u00edmites del CEDL.<\/span><\/p>\n<p class=\"MsoNormal\"><strong><span lang=\"EN-GB\">Caracter\u00edsticas y beneficios clave<\/span><\/strong><\/p>\n<ul style=\"margin-top: 0cm\" type=\"disc\">\n<li class=\"MsoNormal\"><strong><span lang=\"EN-GB\">Sin gastos de capital<\/span><\/strong><span lang=\"EN-GB\">Nuestro modelo de pago por uso elimina la necesidad de grandes desembolsos de capital, lo que le permite preservar sus recursos financieros.<\/span><\/li>\n<li class=\"MsoNormal\"><strong><span lang=\"EN-GB\">Despliegue r\u00e1pido<\/span><\/strong><span lang=\"EN-GB\">:Brindamos acceso inmediato a una flota completa de instalaciones desmontables y modulares, lo que garantiza que pueda abordar los desaf\u00edos de capacidad r\u00e1pidamente.<\/span><\/li>\n<li class=\"MsoNormal\"><strong><span lang=\"EN-GB\">Infraestructura de alta calidad<\/span><\/strong><span lang=\"EN-GB\">Nuestras instalaciones est\u00e1n dise\u00f1adas por profesionales cl\u00ednicos y equipadas con equipos de \u00faltima generaci\u00f3n, garantizando una atenci\u00f3n \u00f3ptima al paciente.<\/span><\/li>\n<li class=\"MsoNormal\"><strong><span lang=\"EN-GB\">Flexibilidad financiera<\/span><\/strong><span lang=\"EN-GB\">Al utilizar los presupuestos de ingresos, puede invertir en infraestructura esencial sin afectar sus l\u00edmites de gasto de capital.<\/span><\/li>\n<li class=\"MsoNormal\"><strong><span lang=\"EN-GB\">Experiencia mejorada del paciente<\/span><\/strong><span lang=\"EN-GB\">Nuestros entornos cl\u00ednicos listos para usar ayudan a mejorar los resultados de los pacientes y a reducir los tiempos de espera.<\/span><\/li>\n<\/ul>\n<\/div>\n<\/div>\n<\/div>\n<\/div>\n<\/section>\n<section id=\"section-68-14-text-left-white\" class=\"ct-section\" >\n<div class=\"ct-section-inner-wrap\">\n<div id=\"new_columns-69-14text-left-white\" class=\"ct-new-columns\" >\n<div id=\"div_block-70-14\" class=\"ct-div-block\" >\n<h2 id=\"headline-71-14\" class=\"ct-headline\">Soporte integral<\/h2>\n<div id=\"_rich_text-72-14\" class=\"oxy-rich-text\" >\n<p class=\"MsoNormal\"><strong><span lang=\"EN-GB\">Soporte integral<\/span><\/strong><\/p>\n<p class=\"MsoNormal\"><span lang=\"EN-GB\">Trabajamos estrechamente con los fideicomisos del NHS para comprender sus necesidades individuales y sus factores financieros clave. Nuestras soluciones a medida est\u00e1n dise\u00f1adas para garantizar resultados positivos y ofrecemos apoyo integral durante todo el proceso:<\/span><\/p>\n<ul style=\"margin-top: 0cm\" type=\"disc\">\n<li class=\"MsoNormal\">\n<p><strong><span lang=\"EN-GB\">Apoyando la viabilidad<\/span><\/strong><span lang=\"EN-GB\">:Trabajamos junto a usted para validar la viabilidad de la soluci\u00f3n Facility Flex para sus necesidades individuales.<\/span><\/p>\n<\/li>\n<li class=\"MsoNormal\">\n<p><strong><span lang=\"EN-GB\">Discusiones exhaustivas<\/span><\/strong><span lang=\"EN-GB\">:Desarrollar conjuntamente predicciones de uso y dise\u00f1ar soluciones financieras flexibles que funcionen mejor para usted.<\/span><\/p>\n<\/li>\n<li class=\"MsoNormal\">\n<p><strong><span lang=\"EN-GB\">Asistencia para la aprobaci\u00f3n<\/span><\/strong><span lang=\"EN-GB\">:Apoyando el desarrollo de casos de negocio<\/span><\/p>\n<\/li>\n<li class=\"MsoNormal\">\n<p><strong><span lang=\"EN-GB\">Entrega oportuna<\/span><\/strong><span lang=\"EN-GB\">:Entrega de nuestra flota de m\u00f3dulos y desmontables disponible de inmediato<\/span><\/p>\n<\/li>\n<\/ul>\n<\/div>\n<\/div>\n<div id=\"div_block-74-14\" class=\"ct-div-block\" ><img decoding=\"async\"  id=\"image-75-14\" alt=\"\" src=\"https:\/\/www.vanguardhealthcare.co.uk\/wp-content\/uploads\/2024\/07\/IMG_6401-1024x768.jpeg\" class=\"ct-image\"\/><\/div>\n<\/div>\n<\/div>\n<\/section>\n<section id=\"section-132-34\" class=\"ct-section\" >\n<div class=\"ct-section-inner-wrap\">\n<div id=\"new_columns-133-34\" class=\"ct-new-columns\" >\n<div id=\"div_block-138-34\" class=\"ct-div-block\" ><img decoding=\"async\"  id=\"image-139-34\" alt=\"\" src=\"https:\/\/www.vanguardhealthcare.co.uk\/wp-content\/uploads\/2024\/04\/Heartlands-Exterior-3-1024x683.jpg\" class=\"ct-image\"\/><\/div>\n<div id=\"div_block-134-34\" class=\"ct-div-block\" >\n<h2 id=\"headline-135-34\" class=\"ct-headline\">Cumplimiento de los objetivos del programa de reforma electiva<\/h2>\n<div id=\"_rich_text-136-34\" class=\"oxy-rich-text\" >\n<p class=\"MsoNormal\"><span lang=\"EN-GB\">Facility Flex es fundamental para apoyar el Programa de Reforma Electiva del NHS, cuyo objetivo es reducir los tiempos de espera y mejorar la atenci\u00f3n al paciente. Al proporcionar capacidad cl\u00ednica adicional mediante un sistema de pago por uso, Facility Flex ayuda a los fideicomisos del NHS a cumplir los objetivos del programa, garantizando un tratamiento oportuno y eficiente para los pacientes.<\/span><\/p>\n<p class=\"MsoNormal\"><strong><span lang=\"EN-GB\">Nuestro compromiso<\/span><\/strong><\/p>\n<p class=\"MsoNormal\"><span lang=\"EN-GB\">En Vanguard Healthcare Solutions, nos comprometemos a ofrecer una infraestructura sanitaria flexible y de alta calidad que satisfaga las necesidades din\u00e1micas de los profesionales sanitarios. Nuestro equipo experto, capacitado y competente aporta una amplia experiencia y un profundo conocimiento de las necesidades del cliente, lo que garantiza que ofrecemos las soluciones de mayor calidad del sector.<\/span><\/p>\n<\/div>\n<\/div>\n<\/div>\n<\/div>\n<\/section>\n<section id=\"section-144-59\" class=\"ct-section\" >\n<div class=\"ct-section-inner-wrap\">\n<div id=\"new_columns-145-59\" class=\"ct-new-columns\" >\n<div id=\"div_block-146-59\" class=\"ct-div-block\" >\n<div id=\"_rich_text-9-63\" class=\"oxy-rich-text\" >\n<p>Encontrar una soluci\u00f3n que funcione para su hospital comienza aqu\u00ed...<\/p>\n<\/div>\n<p><a id=\"link_button-149-59\" class=\"ct-link-button\" href=\"\/es_es\/contact\/\" target=\"_self\"  >Ponerse en contacto<\/a><\/div>\n<div id=\"div_block-150-59\" class=\"ct-div-block\" ><img decoding=\"async\"  id=\"image-151-59\" alt=\"\" src=\"https:\/\/www.vanguardhealthcare.co.uk\/wp-content\/uploads\/2023\/06\/kettering-2-1.jpg\" class=\"ct-image\"\/><\/div>\n<\/div>\n<\/div>\n<\/section>","protected":false},"excerpt":{"rendered":"","protected":false},"author":11,"featured_media":0,"parent":0,"menu_order":0,"comment_status":"closed","ping_status":"closed","template":"","meta":{"_acf_changed":false,"footnotes":""},"class_list":["post-7861","page","type-page","status-publish","format-standard","hentry"],"acf":[],"yoast_head":"<!-- This site is optimized with the Yoast SEO plugin v27.4 - https:\/\/yoast.com\/product\/yoast-seo-wordpress\/ -->\n<title>Flexible Finance Solutions - Vanguard Healthcare Solutions<\/title>\n<meta name=\"robots\" content=\"index, follow, max-snippet:-1, max-image-preview:large, max-video-preview:-1\" \/>\n<link rel=\"canonical\" href=\"https:\/\/www.vanguardhealthcare.co.uk\/es_es\/flexible-finance-solutions\/\" \/>\n<meta property=\"og:locale\" content=\"es_ES\" \/>\n<meta property=\"og:type\" content=\"article\" \/>\n<meta property=\"og:title\" content=\"Flexible Finance Solutions - Vanguard Healthcare Solutions\" \/>\n<meta property=\"og:url\" content=\"https:\/\/www.vanguardhealthcare.co.uk\/es_es\/flexible-finance-solutions\/\" \/>\n<meta property=\"og:site_name\" content=\"Vanguard Healthcare Solutions\" \/>\n<meta property=\"article:modified_time\" content=\"2025-04-01T11:52:39+00:00\" \/>\n<meta name=\"twitter:card\" content=\"summary_large_image\" \/>\n<meta name=\"twitter:label1\" content=\"Tiempo de lectura\" \/>\n\t<meta name=\"twitter:data1\" content=\"1 minuto\" \/>\n<script type=\"application\/ld+json\" class=\"yoast-schema-graph\">{\"@context\":\"https:\\\/\\\/schema.org\",\"@graph\":[{\"@type\":\"WebPage\",\"@id\":\"https:\\\/\\\/www.vanguardhealthcare.co.uk\\\/flexible-finance-solutions\\\/\",\"url\":\"https:\\\/\\\/www.vanguardhealthcare.co.uk\\\/flexible-finance-solutions\\\/\",\"name\":\"Flexible Finance Solutions - Vanguard Healthcare Solutions\",\"isPartOf\":{\"@id\":\"https:\\\/\\\/www.vanguardhealthcare.co.uk\\\/#website\"},\"datePublished\":\"2025-03-06T16:20:47+00:00\",\"dateModified\":\"2025-04-01T11:52:39+00:00\",\"breadcrumb\":{\"@id\":\"https:\\\/\\\/www.vanguardhealthcare.co.uk\\\/flexible-finance-solutions\\\/#breadcrumb\"},\"inLanguage\":\"es\",\"potentialAction\":[{\"@type\":\"ReadAction\",\"target\":[\"https:\\\/\\\/www.vanguardhealthcare.co.uk\\\/flexible-finance-solutions\\\/\"]}]},{\"@type\":\"BreadcrumbList\",\"@id\":\"https:\\\/\\\/www.vanguardhealthcare.co.uk\\\/flexible-finance-solutions\\\/#breadcrumb\",\"itemListElement\":[{\"@type\":\"ListItem\",\"position\":1,\"name\":\"Home\",\"item\":\"https:\\\/\\\/www.vanguardhealthcare.co.uk\\\/\"},{\"@type\":\"ListItem\",\"position\":2,\"name\":\"Flexible Finance Solutions\"}]},{\"@type\":\"WebSite\",\"@id\":\"https:\\\/\\\/www.vanguardhealthcare.co.uk\\\/#website\",\"url\":\"https:\\\/\\\/www.vanguardhealthcare.co.uk\\\/\",\"name\":\"Vanguard Healthcare Solutions\",\"description\":\"\",\"potentialAction\":[{\"@type\":\"SearchAction\",\"target\":{\"@type\":\"EntryPoint\",\"urlTemplate\":\"https:\\\/\\\/www.vanguardhealthcare.co.uk\\\/?s={search_term_string}\"},\"query-input\":{\"@type\":\"PropertyValueSpecification\",\"valueRequired\":true,\"valueName\":\"search_term_string\"}}],\"inLanguage\":\"es\"}]}<\/script>\n<!-- \/ Yoast SEO plugin. -->","yoast_head_json":{"title":"Soluciones financieras flexibles - Vanguard Healthcare Solutions","robots":{"index":"index","follow":"follow","max-snippet":"max-snippet:-1","max-image-preview":"max-image-preview:large","max-video-preview":"max-video-preview:-1"},"canonical":"https:\/\/www.vanguardhealthcare.co.uk\/es_es\/flexible-finance-solutions\/","og_locale":"es_ES","og_type":"article","og_title":"Flexible Finance Solutions - Vanguard Healthcare Solutions","og_url":"https:\/\/www.vanguardhealthcare.co.uk\/es_es\/flexible-finance-solutions\/","og_site_name":"Vanguard Healthcare Solutions","article_modified_time":"2025-04-01T11:52:39+00:00","twitter_card":"summary_large_image","twitter_misc":{"Tiempo de lectura":"1 minuto"},"schema":{"@context":"https:\/\/schema.org","@graph":[{"@type":"WebPage","@id":"https:\/\/www.vanguardhealthcare.co.uk\/flexible-finance-solutions\/","url":"https:\/\/www.vanguardhealthcare.co.uk\/flexible-finance-solutions\/","name":"Soluciones financieras flexibles - Vanguard Healthcare Solutions","isPartOf":{"@id":"https:\/\/www.vanguardhealthcare.co.uk\/#website"},"datePublished":"2025-03-06T16:20:47+00:00","dateModified":"2025-04-01T11:52:39+00:00","breadcrumb":{"@id":"https:\/\/www.vanguardhealthcare.co.uk\/flexible-finance-solutions\/#breadcrumb"},"inLanguage":"es","potentialAction":[{"@type":"ReadAction","target":["https:\/\/www.vanguardhealthcare.co.uk\/flexible-finance-solutions\/"]}]},{"@type":"BreadcrumbList","@id":"https:\/\/www.vanguardhealthcare.co.uk\/flexible-finance-solutions\/#breadcrumb","itemListElement":[{"@type":"ListItem","position":1,"name":"Home","item":"https:\/\/www.vanguardhealthcare.co.uk\/"},{"@type":"ListItem","position":2,"name":"Flexible Finance Solutions"}]},{"@type":"WebSite","@id":"https:\/\/www.vanguardhealthcare.co.uk\/#website","url":"https:\/\/www.vanguardhealthcare.co.uk\/","name":"Soluciones para el cuidado de la salud Vanguard","description":"","potentialAction":[{"@type":"SearchAction","target":{"@type":"EntryPoint","urlTemplate":"https:\/\/www.vanguardhealthcare.co.uk\/?s={search_term_string}"},"query-input":{"@type":"PropertyValueSpecification","valueRequired":true,"valueName":"search_term_string"}}],"inLanguage":"es"}]}},"_links":{"self":[{"href":"https:\/\/www.vanguardhealthcare.co.uk\/es_es\/wp-json\/wp\/v2\/pages\/7861","targetHints":{"allow":["GET"]}}],"collection":[{"href":"https:\/\/www.vanguardhealthcare.co.uk\/es_es\/wp-json\/wp\/v2\/pages"}],"about":[{"href":"https:\/\/www.vanguardhealthcare.co.uk\/es_es\/wp-json\/wp\/v2\/types\/page"}],"author":[{"embeddable":true,"href":"https:\/\/www.vanguardhealthcare.co.uk\/es_es\/wp-json\/wp\/v2\/users\/11"}],"replies":[{"embeddable":true,"href":"https:\/\/www.vanguardhealthcare.co.uk\/es_es\/wp-json\/wp\/v2\/comments?post=7861"}],"version-history":[{"count":0,"href":"https:\/\/www.vanguardhealthcare.co.uk\/es_es\/wp-json\/wp\/v2\/pages\/7861\/revisions"}],"wp:attachment":[{"href":"https:\/\/www.vanguardhealthcare.co.uk\/es_es\/wp-json\/wp\/v2\/media?parent=7861"}],"curies":[{"name":"gracias","href":"https:\/\/api.w.org\/{rel}","templated":true}]}}