{"id":455,"date":"2023-07-03T14:28:23","date_gmt":"2023-07-03T14:28:23","guid":{"rendered":"https:\/\/www.vanguardhealthcare.co.uk\/?page_id=455"},"modified":"2023-09-07T08:50:18","modified_gmt":"2023-09-07T08:50:18","slug":"procurement","status":"publish","type":"page","link":"https:\/\/www.vanguardhealthcare.co.uk\/es_es\/procurement\/","title":{"rendered":"Obtenci\u00f3n"},"content":{"rendered":"<section id=\"section-2-59\" class=\"ct-section\" style=\"background-image:url(https:\/\/www.vanguardhealthcare.co.uk\/wp-content\/uploads\/2023\/05\/boulders-right.png);background-size: auto;\" >\n<div class=\"ct-section-inner-wrap\">\n<div id=\"div_block-8-59\" class=\"ct-div-block\" ><a id=\"link_text-6-59\" class=\"ct-link-text\" href=\"\/es_es\/\" target=\"_self\"  >Hogar<\/a><\/p>\n<h1 id=\"headline-3-59\" class=\"ct-headline\"><span id=\"span-4-59\" class=\"ct-span\" >Obtenci\u00f3n<\/span><\/h1>\n<\/div>\n<\/div>\n<\/section>\n<section id=\"section-68-14-text-left-white\" class=\"ct-section\" >\n<div class=\"ct-section-inner-wrap\">\n<div id=\"new_columns-69-14text-left-white\" class=\"ct-new-columns\" >\n<div id=\"div_block-70-14\" class=\"ct-div-block\" >\n<h2 id=\"headline-71-14\" class=\"ct-headline\">Planes de adquisiciones adaptados a sus necesidades<\/h2>\n<div id=\"_rich_text-72-14\" class=\"oxy-rich-text\" >\n<p>Somos especialistas en ofrecer soluciones para centros de atenci\u00f3n m\u00e9dica respaldadas por nuestros servicios cl\u00ednicos. Estos pueden ser estandarizados o hechos a medida, alquilarse o comprarse, seg\u00fan sus requisitos.&nbsp;<\/p>\n<p>Ofrecemos una variedad de opciones de contrataci\u00f3n y podemos adaptarnos a sus prioridades de gastos operativos o de capital. Nuestros Espacios de Atenci\u00f3n M\u00e9dica est\u00e1n disponibles en varios marcos diferentes para mayor simplicidad y conveniencia.&nbsp;<a href=\"..\/our-team\/\">Nuestro equipo<\/a>&nbsp;Lo guiar\u00e1 a trav\u00e9s de las opciones y lo guiar\u00e1 en cada paso del camino.&nbsp;<\/p>\n<\/div>\n<\/div>\n<div id=\"div_block-74-14\" class=\"ct-div-block\" ><img decoding=\"async\"  id=\"image-75-14\" alt=\"\" src=\"https:\/\/www.vanguardhealthcare.co.uk\/wp-content\/uploads\/2023\/05\/Staffed-operating-theatre1.jpg\" class=\"ct-image\"\/><\/div>\n<\/div>\n<\/div>\n<\/section>\n<section id=\"section-88-34-blue\" class=\"ct-section\" >\n<div class=\"ct-section-inner-wrap\">\n<div id=\"new_columns-89-34-blue\" class=\"ct-new-columns\" >\n<div id=\"div_block-94-34\" class=\"ct-div-block\" ><img decoding=\"async\"  id=\"image-95-34\" alt=\"\" src=\"https:\/\/www.vanguardhealthcare.co.uk\/wp-content\/uploads\/2023\/05\/Staffed-operating-theatre1.jpg\" class=\"ct-image\"\/><\/div>\n<div id=\"div_block-90-34\" class=\"ct-div-block\" >\n<h2 id=\"headline-91-34\" class=\"ct-headline\">Valor ambiental, social y gobernanza (ESG)<\/h2>\n<div id=\"_rich_text-92-34\" class=\"oxy-rich-text\" >\n<p dir=\"ltr\">Nos tomamos en serio nuestras responsabilidades \u00e9ticas, sociales y de sostenibilidad e incorporamos y aplicamos consistentemente nuestros valores sociales corporativos en nuestras operaciones comerciales. Como empresa internacional, damos prioridad a encontrar formas de reducir los kil\u00f3metros por carretera y los viajes internacionales siempre que sea posible. En ocasiones cuando esto no es posible, compensamos el impacto ambiental de nuestros viajes.<\/p>\n<p dir=\"ltr\">Como proveedor clave del NHS y otros proveedores independientes, tenemos responsabilidades que deben reflejarse en nuestras operaciones y nuestra cadena de suministro. Queremos ver estos valores \u00e9ticos demostrados por nuestros proveedores que son fundamentales para nuestra forma de operar, y en el futuro esperamos que nuestros proveedores clave tengan las normas ISO 14001 y 45001 u otras acreditaciones profesionales relevantes.&nbsp;&nbsp;<\/p>\n<p dir=\"ltr\">Nuestra expectativa es que todos nuestros proveedores cumplan con las leyes, regulaciones y est\u00e1ndares ambientales aplicables. Si a\u00fan no lo est\u00e1n haciendo, les solicitamos que establezcan sistemas y controles para identificar y eliminar peligros potenciales para el <a href=\"..\/environment\/\">ambiente<\/a>, que son proporcionales al riesgo.<\/p>\n<p>&nbsp;<\/p>\n<\/div>\n<\/div>\n<\/div>\n<\/div>\n<\/section>\n<section id=\"section-68-14-text-left-white\" class=\"ct-section\" >\n<div class=\"ct-section-inner-wrap\">\n<div id=\"new_columns-69-14text-left-white\" class=\"ct-new-columns\" >\n<div id=\"div_block-70-14\" class=\"ct-div-block\" >\n<h2 id=\"headline-71-14\" class=\"ct-headline\">Nuestra cadena de suministro<\/h2>\n<div id=\"_rich_text-72-14\" class=\"oxy-rich-text\" >\n<p dir=\"ltr\">Nuestra cadena de suministro se extiende por todo el Reino Unido, Europa o Australia. Somos claros en nuestros contratos y relaciones comerciales de los est\u00e1ndares operativos de nuestros proveedores.&nbsp;&nbsp;<\/p>\n<p dir=\"ltr\">Incorporamos nuestros valores ESG en nuestras operaciones, nuestra gente y nuestra cadena de suministro. Apoyamos nuestra cadena de suministro donde existe la necesidad de adaptarse para lograr nuestros&nbsp;<a href=\"..\/environment\/\">Objetivos ASG<\/a>.&nbsp;<\/p>\n<p dir=\"ltr\">Nuestra estrategia ESG est\u00e1 respaldada por:<\/p>\n<ul>\n<li dir=\"ltr\" aria-level=\"1\">\n<p dir=\"ltr\" role=\"presentation\">Responsabilidades como proveedor clave del NHS<\/p>\n<\/li>\n<li dir=\"ltr\" aria-level=\"1\">\n<p dir=\"ltr\" role=\"presentation\">Objetivos compartidos seg\u00fan lo definido en el Plan Verde del NHS<\/p>\n<\/li>\n<li dir=\"ltr\" aria-level=\"1\">\n<p dir=\"ltr\" role=\"presentation\">Deseo de operar de forma \u00e9tica y responsable.<\/p>\n<\/li>\n<li dir=\"ltr\" aria-level=\"1\">\n<p dir=\"ltr\" role=\"presentation\">Preparaci\u00f3n para la regulaci\u00f3n ESG<\/p>\n<\/li>\n<li dir=\"ltr\" aria-level=\"1\">\n<p dir=\"ltr\" role=\"presentation\">Capacidad para demostrar nuestro compromiso con ESG y operaciones \u00e9ticas a los inversores (actuales y futuros)<\/p>\n<\/li>\n<\/ul>\n<\/div>\n<\/div>\n<div id=\"div_block-74-14\" class=\"ct-div-block\" ><img decoding=\"async\"  id=\"image-75-14\" alt=\"\" src=\"https:\/\/www.vanguardhealthcare.co.uk\/wp-content\/uploads\/2023\/05\/Mobile-operating-theatre-delivery_vanguard.jpg\" class=\"ct-image\"\/><\/div>\n<\/div>\n<\/div>\n<\/section>\n<section id=\"section-88-34-blue\" class=\"ct-section\" >\n<div class=\"ct-section-inner-wrap\">\n<div id=\"new_columns-89-34-blue\" class=\"ct-new-columns\" >\n<div id=\"div_block-94-34\" class=\"ct-div-block\" ><img decoding=\"async\"  id=\"image-95-34\" alt=\"\" src=\"https:\/\/www.vanguardhealthcare.co.uk\/wp-content\/uploads\/2023\/05\/Staffed-operating-theatre1.jpg\" class=\"ct-image\"\/><\/div>\n<div id=\"div_block-90-34\" class=\"ct-div-block\" >\n<h2 id=\"headline-91-34\" class=\"ct-headline\">Evaluamos a nuestros proveedores seg\u00fan el riesgo y su madurez<\/h2>\n<div id=\"_rich_text-92-34\" class=\"oxy-rich-text\" >\n<p dir=\"ltr\">Consideramos a nuestros proveedores:<\/p>\n<ul>\n<li dir=\"ltr\" aria-level=\"1\">\n<p dir=\"ltr\" role=\"presentation\"><a href=\"..\/environment\/\">Responsabilidad social corporativa<\/a>&nbsp;(RSE)<\/p>\n<\/li>\n<li dir=\"ltr\" aria-level=\"1\">\n<p dir=\"ltr\" role=\"presentation\">Eficiencia energ\u00e9tica y de combustible<\/p>\n<\/li>\n<li dir=\"ltr\" aria-level=\"1\">\n<p dir=\"ltr\" role=\"presentation\">Pol\u00edticas de salud y seguridad<\/p>\n<\/li>\n<li dir=\"ltr\" aria-level=\"1\">\n<p dir=\"ltr\" role=\"presentation\">Pol\u00edticas de transporte<\/p>\n<\/li>\n<li dir=\"ltr\" aria-level=\"1\">\n<p dir=\"ltr\" role=\"presentation\">Uso del empleo local<\/p>\n<\/li>\n<li dir=\"ltr\" aria-level=\"1\">\n<p dir=\"ltr\" role=\"presentation\">Registro de aprendizajes y formaci\u00f3n.<\/p>\n<\/li>\n<\/ul>\n<p dir=\"ltr\">Como proveedor de soluciones sanitarias, estamos centrados en el paciente. En todo momento, nuestras prioridades son el cuidado y seguridad de los pacientes y de nuestros clientes; Esperamos que nuestros proveedores compartan estas prioridades.&nbsp;&nbsp;<\/p>\n<p dir=\"ltr\">Nuestra reputaci\u00f3n se basa en nuestra capacidad de ofrecer espacios para el cuidado de la salud de alta calidad. A medida que aumentan nuestros requisitos regulatorios, deseamos retener a aquellos proveedores que cumplan con nuestros est\u00e1ndares para que podamos continuar aprovechando nuestro \u00e9xito hasta la fecha.<\/p>\n<\/div>\n<\/div>\n<\/div>\n<\/div>\n<\/section>\n<section id=\"section-68-14-text-left-white\" class=\"ct-section\" >\n<div class=\"ct-section-inner-wrap\">\n<div id=\"new_columns-69-14text-left-white\" class=\"ct-new-columns\" >\n<div id=\"div_block-70-14\" class=\"ct-div-block\" >\n<h2 id=\"headline-71-14\" class=\"ct-headline\">M\u00e9todos modernos de construcci\u00f3n e innovaci\u00f3n.<\/h2>\n<div id=\"_rich_text-72-14\" class=\"oxy-rich-text\" >\n<p dir=\"ltr\">Sin dejar de ser competitivos, nos aseguramos de que nuestra cadena de suministro respalde nuestras ambiciones corporativas, explorando y probando nuevos productos, materiales y servicios.<\/p>\n<\/div>\n<\/div>\n<div id=\"div_block-74-14\" class=\"ct-div-block\" ><img decoding=\"async\"  id=\"image-75-14\" alt=\"\" src=\"https:\/\/www.vanguardhealthcare.co.uk\/wp-content\/uploads\/2023\/06\/design-and-build-4.jpg\" class=\"ct-image\"\/><\/div>\n<\/div>\n<\/div>\n<\/section>\n<section id=\"section-88-34-blue\" class=\"ct-section\" >\n<div class=\"ct-section-inner-wrap\">\n<div id=\"new_columns-89-34-blue\" class=\"ct-new-columns\" >\n<div id=\"div_block-94-34\" class=\"ct-div-block\" ><img decoding=\"async\"  id=\"image-95-34\" alt=\"\" src=\"https:\/\/www.vanguardhealthcare.co.uk\/wp-content\/uploads\/2023\/09\/ESG_-_Earth_with_stethoscope-1017x1024.jpg\" class=\"ct-image\"\/><\/div>\n<div id=\"div_block-90-34\" class=\"ct-div-block\" >\n<h2 id=\"headline-91-34\" class=\"ct-headline\">Sostenibilidad<\/h2>\n<div id=\"_rich_text-92-34\" class=\"oxy-rich-text\" >\n<p dir=\"ltr\">Somos un grupo internacional y estamos en el camino hacia la neutralidad en carbono. Sobre la base de nuestro compromiso actual, continuaremos mejorando nuestras credenciales ambientales para permitirnos cumplir los objetivos de sostenibilidad que nos fijamos en nuestra&nbsp;<a href=\"..\/environment\/\">Estrategia ESG<\/a>&nbsp;2022\u20142035.<\/p>\n<\/div>\n<\/div>\n<\/div>\n<\/div>\n<\/section>\n<section id=\"section-114-34\" class=\"ct-section\" >\n<div class=\"ct-section-inner-wrap\">\n<div id=\"new_columns-115-34\" class=\"ct-new-columns\" >\n<div id=\"div_block-116-34\" class=\"ct-div-block\" >\n<h2 id=\"headline-117-34\" class=\"ct-headline\">Nuestro marco de participaci\u00f3n<\/h2>\n<div id=\"_rich_text-118-34\" class=\"oxy-rich-text\" >\n<p>Nuestra participaci\u00f3n en los marcos de la cadena de suministro del NHS y nuestro trabajo continuo con el NHS y los organismos de atenci\u00f3n m\u00e9dica nos exige brindar garant\u00edas peri\u00f3dicas en una amplia gama de medidas de cumplimiento.<\/p>\n<\/div>\n<p><a id=\"link_button-119-34\" class=\"ct-link-button button-pink\" href=\"\/es_es\/our-frameworks\/\" target=\"_self\"  >Nuestros marcos<\/a><\/div>\n<div id=\"div_block-120-34\" class=\"ct-div-block\" ><img decoding=\"async\"  id=\"image-121-34\" alt=\"\" src=\"https:\/\/www.vanguardhealthcare.co.uk\/wp-content\/uploads\/2023\/06\/modular-surgical-hub-scaled.jpg\" class=\"ct-image\"\/><\/div>\n<\/div>\n<\/div>\n<\/section>\n<section id=\"section-144-59\" class=\"ct-section\" >\n<div class=\"ct-section-inner-wrap\">\n<div id=\"new_columns-145-59\" class=\"ct-new-columns\" >\n<div id=\"div_block-146-59\" class=\"ct-div-block\" >\n<div id=\"_rich_text-9-63\" class=\"oxy-rich-text\" >\n<p>Encontrar una soluci\u00f3n que funcione para su hospital podr\u00eda comenzar aqu\u00ed...<\/p>\n<\/div>\n<p><a id=\"link_button-149-59\" class=\"ct-link-button\" href=\"\/es_es\/contact\/\" target=\"_self\"  >Ponerse en contacto<\/a><\/div>\n<div id=\"div_block-150-59\" class=\"ct-div-block\" ><img decoding=\"async\"  id=\"image-151-59\" alt=\"\" src=\"https:\/\/www.vanguardhealthcare.co.uk\/wp-content\/uploads\/2023\/06\/kettering-2-1.jpg\" class=\"ct-image\"\/><\/div>\n<\/div>\n<\/div>\n<\/section>","protected":false},"excerpt":{"rendered":"","protected":false},"author":2,"featured_media":0,"parent":0,"menu_order":0,"comment_status":"closed","ping_status":"closed","template":"","meta":{"_acf_changed":false,"footnotes":""},"class_list":["post-455","page","type-page","status-publish","format-standard","hentry"],"acf":[],"yoast_head":"<!-- This site is optimized with the Yoast SEO plugin v27.3 - https:\/\/yoast.com\/product\/yoast-seo-wordpress\/ -->\n<title>Procurement - Vanguard Healthcare Solutions<\/title>\n<meta name=\"robots\" content=\"index, follow, max-snippet:-1, max-image-preview:large, max-video-preview:-1\" \/>\n<link rel=\"canonical\" href=\"https:\/\/www.vanguardhealthcare.co.uk\/es_es\/procurement\/\" \/>\n<meta property=\"og:locale\" content=\"es_ES\" \/>\n<meta property=\"og:type\" content=\"article\" \/>\n<meta property=\"og:title\" content=\"Procurement - Vanguard Healthcare Solutions\" \/>\n<meta property=\"og:url\" content=\"https:\/\/www.vanguardhealthcare.co.uk\/es_es\/procurement\/\" \/>\n<meta property=\"og:site_name\" content=\"Vanguard Healthcare Solutions\" \/>\n<meta property=\"article:modified_time\" content=\"2023-09-07T08:50:18+00:00\" \/>\n<meta name=\"twitter:card\" content=\"summary_large_image\" \/>\n<script type=\"application\/ld+json\" class=\"yoast-schema-graph\">{\"@context\":\"https:\\\/\\\/schema.org\",\"@graph\":[{\"@type\":\"WebPage\",\"@id\":\"https:\\\/\\\/www.vanguardhealthcare.co.uk\\\/procurement\\\/\",\"url\":\"https:\\\/\\\/www.vanguardhealthcare.co.uk\\\/procurement\\\/\",\"name\":\"Procurement - Vanguard Healthcare Solutions\",\"isPartOf\":{\"@id\":\"https:\\\/\\\/www.vanguardhealthcare.co.uk\\\/#website\"},\"datePublished\":\"2023-07-03T14:28:23+00:00\",\"dateModified\":\"2023-09-07T08:50:18+00:00\",\"breadcrumb\":{\"@id\":\"https:\\\/\\\/www.vanguardhealthcare.co.uk\\\/procurement\\\/#breadcrumb\"},\"inLanguage\":\"es\",\"potentialAction\":[{\"@type\":\"ReadAction\",\"target\":[\"https:\\\/\\\/www.vanguardhealthcare.co.uk\\\/procurement\\\/\"]}]},{\"@type\":\"BreadcrumbList\",\"@id\":\"https:\\\/\\\/www.vanguardhealthcare.co.uk\\\/procurement\\\/#breadcrumb\",\"itemListElement\":[{\"@type\":\"ListItem\",\"position\":1,\"name\":\"Home\",\"item\":\"https:\\\/\\\/www.vanguardhealthcare.co.uk\\\/\"},{\"@type\":\"ListItem\",\"position\":2,\"name\":\"Procurement\"}]},{\"@type\":\"WebSite\",\"@id\":\"https:\\\/\\\/www.vanguardhealthcare.co.uk\\\/#website\",\"url\":\"https:\\\/\\\/www.vanguardhealthcare.co.uk\\\/\",\"name\":\"Vanguard Healthcare Solutions\",\"description\":\"\",\"potentialAction\":[{\"@type\":\"SearchAction\",\"target\":{\"@type\":\"EntryPoint\",\"urlTemplate\":\"https:\\\/\\\/www.vanguardhealthcare.co.uk\\\/?s={search_term_string}\"},\"query-input\":{\"@type\":\"PropertyValueSpecification\",\"valueRequired\":true,\"valueName\":\"search_term_string\"}}],\"inLanguage\":\"es\"}]}<\/script>\n<!-- \/ Yoast SEO plugin. -->","yoast_head_json":{"title":"Adquisiciones - Soluciones de salud Vanguard","robots":{"index":"index","follow":"follow","max-snippet":"max-snippet:-1","max-image-preview":"max-image-preview:large","max-video-preview":"max-video-preview:-1"},"canonical":"https:\/\/www.vanguardhealthcare.co.uk\/es_es\/procurement\/","og_locale":"es_ES","og_type":"article","og_title":"Procurement - Vanguard Healthcare Solutions","og_url":"https:\/\/www.vanguardhealthcare.co.uk\/es_es\/procurement\/","og_site_name":"Vanguard Healthcare Solutions","article_modified_time":"2023-09-07T08:50:18+00:00","twitter_card":"summary_large_image","schema":{"@context":"https:\/\/schema.org","@graph":[{"@type":"WebPage","@id":"https:\/\/www.vanguardhealthcare.co.uk\/procurement\/","url":"https:\/\/www.vanguardhealthcare.co.uk\/procurement\/","name":"Adquisiciones - Soluciones de salud Vanguard","isPartOf":{"@id":"https:\/\/www.vanguardhealthcare.co.uk\/#website"},"datePublished":"2023-07-03T14:28:23+00:00","dateModified":"2023-09-07T08:50:18+00:00","breadcrumb":{"@id":"https:\/\/www.vanguardhealthcare.co.uk\/procurement\/#breadcrumb"},"inLanguage":"es","potentialAction":[{"@type":"ReadAction","target":["https:\/\/www.vanguardhealthcare.co.uk\/procurement\/"]}]},{"@type":"BreadcrumbList","@id":"https:\/\/www.vanguardhealthcare.co.uk\/procurement\/#breadcrumb","itemListElement":[{"@type":"ListItem","position":1,"name":"Home","item":"https:\/\/www.vanguardhealthcare.co.uk\/"},{"@type":"ListItem","position":2,"name":"Procurement"}]},{"@type":"WebSite","@id":"https:\/\/www.vanguardhealthcare.co.uk\/#website","url":"https:\/\/www.vanguardhealthcare.co.uk\/","name":"Soluciones para el cuidado de la salud Vanguard","description":"","potentialAction":[{"@type":"SearchAction","target":{"@type":"EntryPoint","urlTemplate":"https:\/\/www.vanguardhealthcare.co.uk\/?s={search_term_string}"},"query-input":{"@type":"PropertyValueSpecification","valueRequired":true,"valueName":"search_term_string"}}],"inLanguage":"es"}]}},"_links":{"self":[{"href":"https:\/\/www.vanguardhealthcare.co.uk\/es_es\/wp-json\/wp\/v2\/pages\/455","targetHints":{"allow":["GET"]}}],"collection":[{"href":"https:\/\/www.vanguardhealthcare.co.uk\/es_es\/wp-json\/wp\/v2\/pages"}],"about":[{"href":"https:\/\/www.vanguardhealthcare.co.uk\/es_es\/wp-json\/wp\/v2\/types\/page"}],"author":[{"embeddable":true,"href":"https:\/\/www.vanguardhealthcare.co.uk\/es_es\/wp-json\/wp\/v2\/users\/2"}],"replies":[{"embeddable":true,"href":"https:\/\/www.vanguardhealthcare.co.uk\/es_es\/wp-json\/wp\/v2\/comments?post=455"}],"version-history":[{"count":0,"href":"https:\/\/www.vanguardhealthcare.co.uk\/es_es\/wp-json\/wp\/v2\/pages\/455\/revisions"}],"wp:attachment":[{"href":"https:\/\/www.vanguardhealthcare.co.uk\/es_es\/wp-json\/wp\/v2\/media?parent=455"}],"curies":[{"name":"gracias","href":"https:\/\/api.w.org\/{rel}","templated":true}]}}