{"id":8428,"date":"2026-03-27T16:30:37","date_gmt":"2026-03-27T16:30:37","guid":{"rendered":"https:\/\/www.vanguardhealthcare.co.uk\/?page_id=8428"},"modified":"2026-03-27T16:43:20","modified_gmt":"2026-03-27T16:43:20","slug":"vanguard-life-sciences","status":"publish","type":"page","link":"https:\/\/www.vanguardhealthcare.co.uk\/de_de\/vanguard-life-sciences\/","title":{"rendered":"Vanguard Life Sciences"},"content":{"rendered":"<section id=\"section-2-59\" class=\"ct-section\" style=\"background-image:url(https:\/\/www.vanguardhealthcare.co.uk\/wp-content\/uploads\/2023\/05\/boulders-right.png);background-size: auto;\" >\n<div class=\"ct-section-inner-wrap\">\n<div id=\"div_block-8-59\" class=\"ct-div-block\" ><a id=\"link_text-6-59\" class=\"ct-link-text\" href=\"\/de_de\/\" target=\"_self\"  >Heim<\/a><\/p>\n<h1 id=\"headline-3-59\" class=\"ct-headline\"><span id=\"span-4-59\" class=\"ct-span\" >Vanguard Life Sciences<\/span><\/h1>\n<\/div>\n<\/div>\n<\/section>\n<section id=\"section-68-14-text-left-white\" class=\"ct-section\" >\n<div class=\"ct-section-inner-wrap\">\n<div id=\"new_columns-69-14text-left-white\" class=\"ct-new-columns\" >\n<div id=\"div_block-70-14\" class=\"ct-div-block\" >\n<h2 id=\"headline-71-14\" class=\"ct-headline\">Seit \u00fcber zwei Jahrzehnten entwickeln wir innovative L\u00f6sungen f\u00fcr Gesundheitsdienstleister<\/h2>\n<div id=\"_rich_text-72-14\" class=\"oxy-rich-text\" >\n<p data-start=\"292\" data-end=\"597\">Vanguard Healthcare Solutions hat sich einen hervorragenden Ruf f\u00fcr die Bereitstellung hochwertiger Gesundheitseinrichtungen erworben, die Patientenversorgung, operative Stabilit\u00e4t und Kontinuit\u00e4t der Dienstleistungen gew\u00e4hrleisten. Aufbauend auf dieser Erfahrung haben wir unsere Kompetenzen durch Vanguard Life Sciences auf den Bereich der Biowissenschaften ausgeweitet.<\/p>\n<p data-start=\"599\" data-end=\"887\">Diese spezialisierte Abteilung konzentriert sich auf die Bereitstellung fortschrittlicher Reinraum- und Containment-Umgebungen f\u00fcr pharmazeutische, biotechnologische und Forschungsorganisationen und wendet dabei die gleichen Prinzipien an, die Vanguard definieren: Qualit\u00e4t, Zuverl\u00e4ssigkeit und das Engagement f\u00fcr die Erf\u00fcllung komplexer, regulierter Anforderungen.<\/p>\n<\/div>\n<\/div>\n<div id=\"div_block-74-14\" class=\"ct-div-block\" ><img decoding=\"async\"  id=\"image-75-14\" alt=\"\" src=\"https:\/\/www.vanguardhealthcare.co.uk\/wp-content\/uploads\/2025\/03\/PHOTOSHOPPED-VERSION-EXTERNAL-scaled.jpg\" class=\"ct-image\"\/><\/div>\n<\/div>\n<\/div>\n<\/section>\n<section id=\"section-132-34\" class=\"ct-section\" >\n<div class=\"ct-section-inner-wrap\">\n<div id=\"new_columns-133-34\" class=\"ct-new-columns\" >\n<div id=\"div_block-138-34\" class=\"ct-div-block\" ><img decoding=\"async\"  id=\"image-139-34\" alt=\"\" src=\"https:\/\/www.vanguardhealthcare.co.uk\/wp-content\/uploads\/2026\/03\/image1.jpg\" class=\"ct-image\"\/><\/div>\n<div id=\"div_block-134-34\" class=\"ct-div-block\" >\n<h2 id=\"headline-135-34\" class=\"ct-headline\">Eine nat\u00fcrliche Weiterentwicklung der F\u00e4higkeiten von Vanguard<\/h2>\n<div id=\"_rich_text-136-34\" class=\"oxy-rich-text\" >\n<p data-start=\"944\" data-end=\"1150\">Im gesamten NHS und im gesamten Gesundheitssektor hat Vanguard stets Organisationen unterst\u00fctzt, die mit Kapazit\u00e4tsproblemen, Immobilienengp\u00e4ssen und der Notwendigkeit konfrontiert sind, den Betrieb w\u00e4hrend Sanierungs- oder Umstrukturierungsma\u00dfnahmen aufrechtzuerhalten.<\/p>\n<p data-start=\"1152\" data-end=\"1327\">Diese Herausforderungen treten zunehmend auch in den Biowissenschaften auf, wo Unternehmen schnell wachsen, die Einhaltung von Vorschriften gew\u00e4hrleisten und in stark kontrollierten Umgebungen agieren m\u00fcssen.<\/p>\n<p data-start=\"1329\" data-end=\"1632\"><a href=\"http:\/\/www.vanguardlifesciences.co.uk\">Vanguard Life Sciences<\/a> Wir bringen diese Erfahrung in einen neuen Kontext ein und kombinieren unsere Expertise in modularer und mobiler Infrastruktur mit spezialisierten Reinraum- und Containment-L\u00f6sungen. Das Ergebnis ist ein flexibler und effizienter Ansatz zur Bereitstellung von Einrichtungen, die Forschung, Entwicklung und Produktion unterst\u00fctzen.<\/p>\n<\/div>\n<\/div>\n<\/div>\n<\/div>\n<\/section>\n<section id=\"section-68-14-text-left-white\" class=\"ct-section\" >\n<div class=\"ct-section-inner-wrap\">\n<div id=\"new_columns-69-14text-left-white\" class=\"ct-new-columns\" >\n<div id=\"div_block-70-14\" class=\"ct-div-block\" >\n<h2 id=\"headline-71-14\" class=\"ct-headline\">Eine nat\u00fcrliche Weiterentwicklung der F\u00e4higkeiten von Vanguard<\/h2>\n<div id=\"_rich_text-72-14\" class=\"oxy-rich-text\" >\n<p data-start=\"944\" data-end=\"1150\">Im gesamten NHS und im gesamten Gesundheitssektor hat Vanguard stets Organisationen unterst\u00fctzt, die mit Kapazit\u00e4tsproblemen, Immobilienengp\u00e4ssen und der Notwendigkeit konfrontiert sind, den Betrieb w\u00e4hrend Sanierungs- oder Umstrukturierungsma\u00dfnahmen aufrechtzuerhalten.<\/p>\n<p data-start=\"1152\" data-end=\"1327\">Diese Herausforderungen treten zunehmend auch in den Biowissenschaften auf, wo Unternehmen schnell wachsen, die Einhaltung von Vorschriften gew\u00e4hrleisten und in stark kontrollierten Umgebungen agieren m\u00fcssen.<\/p>\n<p data-start=\"1329\" data-end=\"1632\"><a href=\"https:\/\/vanguardlifesciences.co.uk\">Vanguard Life Sciences<\/a> Wir bringen diese Erfahrung in einen neuen Kontext ein und kombinieren unsere Expertise in modularer und mobiler Infrastruktur mit spezialisierten Reinraum- und Containment-L\u00f6sungen. Das Ergebnis ist ein flexibler und effizienter Ansatz zur Bereitstellung von Einrichtungen, die Forschung, Entwicklung und Produktion unterst\u00fctzen.<\/p>\n<\/div>\n<\/div>\n<div id=\"div_block-74-14\" class=\"ct-div-block\" ><img decoding=\"async\"  id=\"image-75-14\" alt=\"\" src=\"https:\/\/www.vanguardhealthcare.co.uk\/wp-content\/uploads\/2025\/11\/DJI_20250619160710_0016_D-min.jpg\" class=\"ct-image\"\/><\/div>\n<\/div>\n<\/div>\n<\/section>\n<section id=\"section-132-34\" class=\"ct-section\" >\n<div class=\"ct-section-inner-wrap\">\n<div id=\"new_columns-133-34\" class=\"ct-new-columns\" >\n<div id=\"div_block-138-34\" class=\"ct-div-block\" ><img decoding=\"async\"  id=\"image-139-34\" alt=\"\" src=\"https:\/\/www.vanguardhealthcare.co.uk\/wp-content\/uploads\/2026\/03\/1_Toxic-and-non-toxic-grade-C-cleanrooms.jpg\" class=\"ct-image\"\/><\/div>\n<div id=\"div_block-134-34\" class=\"ct-div-block\" >\n<h2 id=\"headline-135-34\" class=\"ct-headline\">Modulare Expertise angewendet auf die Lebenswissenschaften<\/h2>\n<div id=\"_rich_text-136-34\" class=\"oxy-rich-text\" >\n<p data-start=\"1687\" data-end=\"1775\">Im Kern von <a href=\"https:\/\/vanguardlifesciences.co.uk\">Vanguard Life Sciences<\/a> ist ein moderner Ansatz f\u00fcr Konstruktion und Lieferung.<\/p>\n<p data-start=\"1777\" data-end=\"2016\">Durch den Einsatz modularer und vorgefertigter Bauweisen lassen sich Anlagen schneller planen, herstellen und errichten als mit herk\u00f6mmlichen Bauweisen, ohne dabei Kompromisse bei Qualit\u00e4t und Konsistenz einzugehen. Dieser Ansatz unterst\u00fctzt Unternehmen dabei:<\/p>\n<ul data-start=\"2018\" data-end=\"2200\">\n<li data-section-id=\"tzzjse\" data-start=\"2018\" data-end=\"2058\">Verk\u00fcrzung der Zeit bis zur Einsatzbereitschaft<\/li>\n<li data-section-id=\"18bs0p3\" data-start=\"2059\" data-end=\"2105\">Beeintr\u00e4chtigungen bestehender Anlagen minimieren<\/li>\n<li data-section-id=\"n7j11x\" data-start=\"2106\" data-end=\"2152\">Aufrechterhaltung der Kontinuit\u00e4t kritischer Betriebsabl\u00e4ufe<\/li>\n<li data-section-id=\"c4ipn6\" data-start=\"2153\" data-end=\"2200\">Die Infrastruktur wird an die sich \u00e4ndernden Anforderungen angepasst.<\/li>\n<\/ul>\n<p>&nbsp;<\/p>\n<p data-start=\"2202\" data-end=\"2344\">F\u00fcr Organisationen im Bereich der Biowissenschaften bietet dies eine praktische L\u00f6sung f\u00fcr die Herausforderung, Geschwindigkeit, Compliance und langfristige Flexibilit\u00e4t in Einklang zu bringen.<\/p>\n<\/div>\n<\/div>\n<\/div>\n<\/div>\n<\/section>\n<section id=\"section-68-14-text-left-white\" class=\"ct-section\" >\n<div class=\"ct-section-inner-wrap\">\n<div id=\"new_columns-69-14text-left-white\" class=\"ct-new-columns\" >\n<div id=\"div_block-70-14\" class=\"ct-div-block\" >\n<h2 id=\"headline-71-14\" class=\"ct-headline\">In Zusammenarbeit mit Enbloc<\/h2>\n<div id=\"_rich_text-72-14\" class=\"oxy-rich-text\" >\n<p data-start=\"2385\" data-end=\"2524\"><a href=\"https:\/\/vanguardlifesciences.co.uk\">Vanguard Life Sciences<\/a> arbeitet in Zusammenarbeit mit <a href=\"https:\/\/www.enbloc-cleanrooms.com\/\">Enbloc<\/a>, ein Spezialist f\u00fcr die Planung und den Bau von Reinr\u00e4umen, Laboren und Sicherheitsanlagen.<\/p>\n<p data-start=\"2526\" data-end=\"2801\">Diese Partnerschaft vereint sich erg\u00e4nzende St\u00e4rken. Vanguard bietet Expertise in den Bereichen modulare Lieferung, Projektmanagement und Betrieb in realen, regulierten Umgebungen, w\u00e4hrend <a href=\"https:\/\/www.enbloc-cleanrooms.com\/\">Enbloc<\/a> Bringt fundierte technische Kenntnisse in den Bereichen Reinraumtechnik, Validierung und Konformit\u00e4t ein.<\/p>\n<p data-start=\"2803\" data-end=\"3008\">Gemeinsam realisieren wir Anlagen, die den Anforderungen von Normen wie EU GMP und ISO-Reinraumklassifizierungen entsprechen, und gew\u00e4hrleisten gleichzeitig die effiziente und m\u00f6glichst st\u00f6rungsfreie Abwicklung der Projekte.<\/p>\n<\/div>\n<\/div>\n<div id=\"div_block-74-14\" class=\"ct-div-block\" ><img decoding=\"async\"  id=\"image-75-14\" alt=\"\" src=\"https:\/\/www.vanguardhealthcare.co.uk\/wp-content\/uploads\/2026\/03\/Enbloc-OFFICIAL-LOGO.jpg\" class=\"ct-image\"\/><\/div>\n<\/div>\n<\/div>\n<\/section>\n<section id=\"section-132-34\" class=\"ct-section\" >\n<div class=\"ct-section-inner-wrap\">\n<div id=\"new_columns-133-34\" class=\"ct-new-columns\" >\n<div id=\"div_block-138-34\" class=\"ct-div-block\" ><img decoding=\"async\"  id=\"image-139-34\" alt=\"\" src=\"https:\/\/www.vanguardhealthcare.co.uk\/wp-content\/uploads\/2025\/08\/MCA17.jpeg\" class=\"ct-image\"\/><\/div>\n<div id=\"div_block-134-34\" class=\"ct-div-block\" >\n<h2 id=\"headline-135-34\" class=\"ct-headline\">Unterst\u00fctzung regulierter Umgebungen mit Zuversicht<\/h2>\n<div id=\"_rich_text-136-34\" class=\"oxy-rich-text\" >\n<p data-start=\"3070\" data-end=\"3181\">von <a href=\"https:\/\/vanguardlifesciences.co.uk\">Vanguard Life Sciences<\/a> sind so konzipiert, dass sie ein breites Anwendungsspektrum unterst\u00fctzen, darunter:<\/p>\n<ul data-start=\"3183\" data-end=\"3396\">\n<li data-section-id=\"pw3g4v\" data-start=\"3183\" data-end=\"3215\">Pharmazeutische Herstellung<\/li>\n<li data-section-id=\"vd2r96\" data-start=\"3216\" data-end=\"3256\">Biotechnologie und fortschrittliche Therapien<\/li>\n<li data-section-id=\"13uqfws\" data-start=\"3257\" data-end=\"3298\">Forschungs- und Entwicklungslabore<\/li>\n<li data-section-id=\"rq9u3h\" data-start=\"3299\" data-end=\"3339\">Radiopharmazie und aseptische Verarbeitung<\/li>\n<li data-section-id=\"157rffx\" data-start=\"3340\" data-end=\"3396\">Sicherheitslaboratorien und Spezialumgebungen<\/li>\n<\/ul>\n<p data-start=\"3398\" data-end=\"3560\">Jede L\u00f6sung wird unter Ber\u00fccksichtigung der regulatorischen Erwartungen, der betrieblichen Arbeitsabl\u00e4ufe und der Wichtigkeit der Aufrechterhaltung kontrollierter Umgebungen entwickelt.<\/p>\n<p>&nbsp;<\/p>\n<p data-start=\"3562\" data-end=\"3723\">Unser Ansatz geht \u00fcber die reine Bauphase hinaus und umfasst die Unterst\u00fctzung \u00fcber den gesamten Lebenszyklus einer Anlage hinweg, einschlie\u00dflich Planung, Validierung, Wartung und fortlaufender Einhaltung der Vorschriften.<\/p>\n<\/div>\n<\/div>\n<\/div>\n<\/div>\n<\/section>\n<section id=\"section-68-14-text-left-white\" class=\"ct-section\" >\n<div class=\"ct-section-inner-wrap\">\n<div id=\"new_columns-69-14text-left-white\" class=\"ct-new-columns\" >\n<div id=\"div_block-70-14\" class=\"ct-div-block\" >\n<h2 id=\"headline-71-14\" class=\"ct-headline\">Kontinuit\u00e4t der Werte, ausgedehnt auf einen neuen Sektor<\/h2>\n<div id=\"_rich_text-72-14\" class=\"oxy-rich-text\" >\n<p data-start=\"3784\" data-end=\"3939\">W\u00e4hrend <a href=\"https:\/\/www.enbloc-cleanrooms.com\/\">Vanguard Life Sciences<\/a> stellt einen neuen Schwerpunkt dar, basiert aber auf denselben Werten und demselben Liefermodell, die auch Vanguard Healthcare Solutions zugrunde liegen.<\/p>\n<p data-start=\"3941\" data-end=\"3967\">Wir setzen weiterhin folgende Priorit\u00e4ten:<\/p>\n<ul data-start=\"3969\" data-end=\"4182\">\n<li data-section-id=\"1kvgt66\" data-start=\"3969\" data-end=\"4017\">Qualit\u00e4t und Sicherheit in regulierten Umgebungen<\/li>\n<li data-section-id=\"emkv1\" data-start=\"4018\" data-end=\"4068\">Zuverl\u00e4ssigkeit und Reaktionsf\u00e4higkeit f\u00fcr unsere Kunden<\/li>\n<li data-section-id=\"1rqtbio\" data-start=\"4069\" data-end=\"4117\">Zusammenarbeit mit Partnern und Interessengruppen<\/li>\n<li data-section-id=\"1425da4\" data-start=\"4118\" data-end=\"4182\">Praxisnahe L\u00f6sungen zur Bew\u00e4ltigung realer operativer Herausforderungen<\/li>\n<\/ul>\n<p data-start=\"4184\" data-end=\"4330\">Diese Kontinuit\u00e4t gew\u00e4hrleistet, dass Kunden im Bereich der Biowissenschaften von demselben bew\u00e4hrten Ansatz profitieren, der im gesamten Gesundheitswesen entwickelt wurde.<\/p>\n<\/div>\n<\/div>\n<div id=\"div_block-74-14\" class=\"ct-div-block\" ><img decoding=\"async\"  id=\"image-75-14\" alt=\"\" src=\"https:\/\/www.vanguardhealthcare.co.uk\/wp-content\/uploads\/2025\/08\/MCA3.jpeg\" class=\"ct-image\"\/><\/div>\n<\/div>\n<\/div>\n<\/section>","protected":false},"excerpt":{"rendered":"","protected":false},"author":18,"featured_media":0,"parent":0,"menu_order":0,"comment_status":"closed","ping_status":"closed","template":"","meta":{"_acf_changed":false,"footnotes":""},"class_list":["post-8428","page","type-page","status-publish","format-standard","hentry"],"acf":[],"yoast_head":"<!-- This site is optimized with the Yoast SEO plugin v27.5 - https:\/\/yoast.com\/product\/yoast-seo-wordpress\/ -->\n<title>Vanguard Life Sciences - Vanguard Healthcare Solutions<\/title>\n<meta name=\"robots\" content=\"index, follow, max-snippet:-1, max-image-preview:large, max-video-preview:-1\" \/>\n<link rel=\"canonical\" href=\"https:\/\/www.vanguardhealthcare.co.uk\/de_de\/vanguard-life-sciences\/\" \/>\n<meta property=\"og:locale\" content=\"de_DE\" \/>\n<meta property=\"og:type\" content=\"article\" \/>\n<meta property=\"og:title\" content=\"Vanguard Life Sciences - Vanguard Healthcare Solutions\" \/>\n<meta property=\"og:url\" content=\"https:\/\/www.vanguardhealthcare.co.uk\/de_de\/vanguard-life-sciences\/\" \/>\n<meta property=\"og:site_name\" content=\"Vanguard Healthcare Solutions\" \/>\n<meta property=\"article:modified_time\" content=\"2026-03-27T16:43:20+00:00\" \/>\n<meta name=\"twitter:card\" content=\"summary_large_image\" \/>\n<meta name=\"twitter:label1\" content=\"Gesch\u00e4tzte Lesezeit\" \/>\n\t<meta name=\"twitter:data1\" content=\"1 Minute\" \/>\n<script type=\"application\/ld+json\" class=\"yoast-schema-graph\">{\"@context\":\"https:\\\/\\\/schema.org\",\"@graph\":[{\"@type\":\"WebPage\",\"@id\":\"https:\\\/\\\/www.vanguardhealthcare.co.uk\\\/vanguard-life-sciences\\\/\",\"url\":\"https:\\\/\\\/www.vanguardhealthcare.co.uk\\\/vanguard-life-sciences\\\/\",\"name\":\"Vanguard Life Sciences - Vanguard Healthcare Solutions\",\"isPartOf\":{\"@id\":\"https:\\\/\\\/www.vanguardhealthcare.co.uk\\\/#website\"},\"datePublished\":\"2026-03-27T16:30:37+00:00\",\"dateModified\":\"2026-03-27T16:43:20+00:00\",\"breadcrumb\":{\"@id\":\"https:\\\/\\\/www.vanguardhealthcare.co.uk\\\/vanguard-life-sciences\\\/#breadcrumb\"},\"inLanguage\":\"de-DE\",\"potentialAction\":[{\"@type\":\"ReadAction\",\"target\":[\"https:\\\/\\\/www.vanguardhealthcare.co.uk\\\/vanguard-life-sciences\\\/\"]}]},{\"@type\":\"BreadcrumbList\",\"@id\":\"https:\\\/\\\/www.vanguardhealthcare.co.uk\\\/vanguard-life-sciences\\\/#breadcrumb\",\"itemListElement\":[{\"@type\":\"ListItem\",\"position\":1,\"name\":\"Home\",\"item\":\"https:\\\/\\\/www.vanguardhealthcare.co.uk\\\/\"},{\"@type\":\"ListItem\",\"position\":2,\"name\":\"Vanguard Life Sciences\"}]},{\"@type\":\"WebSite\",\"@id\":\"https:\\\/\\\/www.vanguardhealthcare.co.uk\\\/#website\",\"url\":\"https:\\\/\\\/www.vanguardhealthcare.co.uk\\\/\",\"name\":\"Vanguard Healthcare Solutions\",\"description\":\"\",\"potentialAction\":[{\"@type\":\"SearchAction\",\"target\":{\"@type\":\"EntryPoint\",\"urlTemplate\":\"https:\\\/\\\/www.vanguardhealthcare.co.uk\\\/?s={search_term_string}\"},\"query-input\":{\"@type\":\"PropertyValueSpecification\",\"valueRequired\":true,\"valueName\":\"search_term_string\"}}],\"inLanguage\":\"de-DE\"}]}<\/script>\n<!-- \/ Yoast SEO plugin. -->","yoast_head_json":{"title":"Vanguard Life Sciences \u2013 Vanguard Healthcare Solutions","robots":{"index":"index","follow":"follow","max-snippet":"max-snippet:-1","max-image-preview":"max-image-preview:large","max-video-preview":"max-video-preview:-1"},"canonical":"https:\/\/www.vanguardhealthcare.co.uk\/de_de\/vanguard-life-sciences\/","og_locale":"de_DE","og_type":"article","og_title":"Vanguard Life Sciences - Vanguard Healthcare Solutions","og_url":"https:\/\/www.vanguardhealthcare.co.uk\/de_de\/vanguard-life-sciences\/","og_site_name":"Vanguard Healthcare Solutions","article_modified_time":"2026-03-27T16:43:20+00:00","twitter_card":"summary_large_image","twitter_misc":{"Gesch\u00e4tzte Lesezeit":"1 Minute"},"schema":{"@context":"https:\/\/schema.org","@graph":[{"@type":"WebPage","@id":"https:\/\/www.vanguardhealthcare.co.uk\/vanguard-life-sciences\/","url":"https:\/\/www.vanguardhealthcare.co.uk\/vanguard-life-sciences\/","name":"Vanguard Life Sciences \u2013 Vanguard Healthcare Solutions","isPartOf":{"@id":"https:\/\/www.vanguardhealthcare.co.uk\/#website"},"datePublished":"2026-03-27T16:30:37+00:00","dateModified":"2026-03-27T16:43:20+00:00","breadcrumb":{"@id":"https:\/\/www.vanguardhealthcare.co.uk\/vanguard-life-sciences\/#breadcrumb"},"inLanguage":"de-DE","potentialAction":[{"@type":"ReadAction","target":["https:\/\/www.vanguardhealthcare.co.uk\/vanguard-life-sciences\/"]}]},{"@type":"BreadcrumbList","@id":"https:\/\/www.vanguardhealthcare.co.uk\/vanguard-life-sciences\/#breadcrumb","itemListElement":[{"@type":"ListItem","position":1,"name":"Home","item":"https:\/\/www.vanguardhealthcare.co.uk\/"},{"@type":"ListItem","position":2,"name":"Vanguard Life Sciences"}]},{"@type":"WebSite","@id":"https:\/\/www.vanguardhealthcare.co.uk\/#website","url":"https:\/\/www.vanguardhealthcare.co.uk\/","name":"Vanguard Healthcare-L\u00f6sungen","description":"","potentialAction":[{"@type":"SearchAction","target":{"@type":"EntryPoint","urlTemplate":"https:\/\/www.vanguardhealthcare.co.uk\/?s={search_term_string}"},"query-input":{"@type":"PropertyValueSpecification","valueRequired":true,"valueName":"search_term_string"}}],"inLanguage":"de-DE"}]}},"_links":{"self":[{"href":"https:\/\/www.vanguardhealthcare.co.uk\/de_de\/wp-json\/wp\/v2\/pages\/8428","targetHints":{"allow":["GET"]}}],"collection":[{"href":"https:\/\/www.vanguardhealthcare.co.uk\/de_de\/wp-json\/wp\/v2\/pages"}],"about":[{"href":"https:\/\/www.vanguardhealthcare.co.uk\/de_de\/wp-json\/wp\/v2\/types\/page"}],"author":[{"embeddable":true,"href":"https:\/\/www.vanguardhealthcare.co.uk\/de_de\/wp-json\/wp\/v2\/users\/18"}],"replies":[{"embeddable":true,"href":"https:\/\/www.vanguardhealthcare.co.uk\/de_de\/wp-json\/wp\/v2\/comments?post=8428"}],"version-history":[{"count":0,"href":"https:\/\/www.vanguardhealthcare.co.uk\/de_de\/wp-json\/wp\/v2\/pages\/8428\/revisions"}],"wp:attachment":[{"href":"https:\/\/www.vanguardhealthcare.co.uk\/de_de\/wp-json\/wp\/v2\/media?parent=8428"}],"curies":[{"name":"wp","href":"https:\/\/api.w.org\/{rel}","templated":true}]}}