{"id":7861,"date":"2025-03-06T16:20:47","date_gmt":"2025-03-06T16:20:47","guid":{"rendered":"https:\/\/www.vanguardhealthcare.co.uk\/?page_id=7861"},"modified":"2025-04-01T11:52:39","modified_gmt":"2025-04-01T11:52:39","slug":"flexible-finance-solutions","status":"publish","type":"page","link":"https:\/\/www.vanguardhealthcare.co.uk\/de_de\/flexible-finance-solutions\/","title":{"rendered":"Flexible Finanzl\u00f6sungen"},"content":{"rendered":"<section id=\"section-2-59\" class=\"ct-section\" style=\"background-image:url(https:\/\/www.vanguardhealthcare.co.uk\/wp-content\/uploads\/2023\/05\/boulders-right.png);background-size: auto;\" >\n<div class=\"ct-section-inner-wrap\">\n<div id=\"div_block-8-59\" class=\"ct-div-block\" ><a id=\"link_text-6-59\" class=\"ct-link-text\" href=\"\/de_de\/\" target=\"_self\"  >Heim<\/a><\/p>\n<h1 id=\"headline-3-59\" class=\"ct-headline\"><span id=\"span-4-59\" class=\"ct-span\" >Flexible Finanzl\u00f6sungen<\/span><\/h1>\n<\/div>\n<\/div>\n<\/section>\n<section id=\"section-68-14-text-left-white\" class=\"ct-section\" >\n<div class=\"ct-section-inner-wrap\">\n<div id=\"new_columns-69-14text-left-white\" class=\"ct-new-columns\" >\n<div id=\"div_block-70-14\" class=\"ct-div-block\" >\n<h2 id=\"headline-71-14\" class=\"ct-headline\">Facility Flex \u2013 Ein intelligenter Ansatz zur Bew\u00e4ltigung der Herausforderungen von IFRS16 und CDEL<\/h2>\n<div id=\"_rich_text-72-14\" class=\"oxy-rich-text\" >\n<h3 class=\"MsoNormal\"><strong><span lang=\"EN-GB\">Willkommen bei Facility Flex<\/span><\/strong><\/h3>\n<p class=\"MsoNormal\"><span lang=\"EN-GB\">Bei Vanguard Healthcare Solutions verstehen wir die dynamischen Bed\u00fcrfnisse von Gesundheitsdienstleistern. Unsere&nbsp;<strong>Einrichtung Flex<\/strong> Das Modell bietet einen revolution\u00e4ren Ansatz f\u00fcr die Gesundheitsinfrastruktur und stellt flexible Pay-as-you-go-L\u00f6sungen bereit, die einen sofortigen Zugriff auf hochwertige klinische Umgebungen gew\u00e4hrleisten.<\/span><\/p>\n<p class=\"MsoNormal\"><span lang=\"EN-GB\">Laden Sie unsere informative Brosch\u00fcre herunter,&nbsp;<a href=\"\/de_de\/resource\/facility-flex-a-smart-approach-to-mitigating-ifrs16-and-cdel-challenges\/\">Hier.<\/a><\/span><\/p>\n<\/div>\n<\/div>\n<div id=\"div_block-74-14\" class=\"ct-div-block\" ><img decoding=\"async\"  id=\"image-75-14\" alt=\"\" src=\"https:\/\/www.vanguardhealthcare.co.uk\/wp-content\/uploads\/2025\/02\/Vanguard-Ribbon-Cutting-Drone-Photography-2-1024x768.jpg\" class=\"ct-image\"\/><\/div>\n<\/div>\n<\/div>\n<\/section>\n<section id=\"section-132-34\" class=\"ct-section\" >\n<div class=\"ct-section-inner-wrap\">\n<div id=\"new_columns-133-34\" class=\"ct-new-columns\" >\n<div id=\"div_block-138-34\" class=\"ct-div-block\" ><img decoding=\"async\"  id=\"image-139-34\" alt=\"\" src=\"https:\/\/www.vanguardhealthcare.co.uk\/wp-content\/uploads\/2025\/01\/IMG_5643-1024x768.jpeg\" class=\"ct-image\"\/><\/div>\n<div id=\"div_block-134-34\" class=\"ct-div-block\" >\n<h2 id=\"headline-135-34\" class=\"ct-headline\">Warum Facility Flex w\u00e4hlen?<\/h2>\n<div id=\"_rich_text-136-34\" class=\"oxy-rich-text\" >\n<p class=\"MsoNormal\"><strong><span lang=\"EN-GB\">Einrichtung Flex<\/span><\/strong><span lang=\"EN-GB\">&nbsp;ist darauf ausgelegt, die wachsende Nachfrage nach Gesundheitsdienstleistungen ohne erhebliche Investitionen zu decken. Unser umsatzbasiertes Modell erm\u00f6glicht es Gesundheitsdienstleistern, ihre Einnahmenbudgets zu nutzen und so ihre Kapitalressourcen f\u00fcr andere wichtige Investitionen zu erhalten. Diese finanzielle Flexibilit\u00e4t ist insbesondere f\u00fcr NHS Trusts von Vorteil, da sie sicherstellt, dass die CEDL-Obergrenzen nicht beeintr\u00e4chtigt werden.<\/span><\/p>\n<p class=\"MsoNormal\"><strong><span lang=\"EN-GB\">Hauptfunktionen und Vorteile<\/span><\/strong><\/p>\n<ul style=\"margin-top: 0cm\" type=\"disc\">\n<li class=\"MsoNormal\"><strong><span lang=\"EN-GB\">Keine Kapitalausgaben<\/span><\/strong><span lang=\"EN-GB\">: Unser Pay-as-you-go-Modell macht gro\u00dfe Kapitalausgaben \u00fcberfl\u00fcssig und erm\u00f6glicht Ihnen, Ihre finanziellen Ressourcen zu schonen.<\/span><\/li>\n<li class=\"MsoNormal\"><strong><span lang=\"EN-GB\">Schnelle Bereitstellung<\/span><\/strong><span lang=\"EN-GB\">: Wir bieten sofortigen Zugriff auf eine vollst\u00e4ndige Flotte demontierbarer und modularer Anlagen, sodass Sie Kapazit\u00e4tsprobleme schnell l\u00f6sen k\u00f6nnen.<\/span><\/li>\n<li class=\"MsoNormal\"><strong><span lang=\"EN-GB\">Hochwertige Infrastruktur<\/span><\/strong><span lang=\"EN-GB\">: Unsere Einrichtungen werden von Klinik\u00e4rzten entworfen und mit modernster Ausr\u00fcstung ausgestattet, um eine optimale Patientenversorgung zu gew\u00e4hrleisten.<\/span><\/li>\n<li class=\"MsoNormal\"><strong><span lang=\"EN-GB\">Finanzielle Flexibilit\u00e4t<\/span><\/strong><span lang=\"EN-GB\">: Durch die Nutzung von Einnahmenbudgets k\u00f6nnen Sie in wichtige Infrastruktur investieren, ohne Ihre Investitionsausgabengrenzen zu beeintr\u00e4chtigen.<\/span><\/li>\n<li class=\"MsoNormal\"><strong><span lang=\"EN-GB\">Verbessertes Patientenerlebnis<\/span><\/strong><span lang=\"EN-GB\">: Unsere gebrauchsfertigen klinischen Umgebungen tragen dazu bei, die Behandlungsergebnisse der Patienten zu verbessern und Wartezeiten zu verk\u00fcrzen.<\/span><\/li>\n<\/ul>\n<\/div>\n<\/div>\n<\/div>\n<\/div>\n<\/section>\n<section id=\"section-68-14-text-left-white\" class=\"ct-section\" >\n<div class=\"ct-section-inner-wrap\">\n<div id=\"new_columns-69-14text-left-white\" class=\"ct-new-columns\" >\n<div id=\"div_block-70-14\" class=\"ct-div-block\" >\n<h2 id=\"headline-71-14\" class=\"ct-headline\">Umfassende Unterst\u00fctzung<\/h2>\n<div id=\"_rich_text-72-14\" class=\"oxy-rich-text\" >\n<p class=\"MsoNormal\"><strong><span lang=\"EN-GB\">Umfassende Unterst\u00fctzung<\/span><\/strong><\/p>\n<p class=\"MsoNormal\"><span lang=\"EN-GB\">Wir arbeiten eng mit NHS Trusts zusammen, um ihre individuellen Anforderungen und wichtigsten finanziellen Faktoren zu verstehen. Unsere ma\u00dfgeschneiderten L\u00f6sungen sorgen f\u00fcr positive Ergebnisse und bieten umfassende Unterst\u00fctzung w\u00e4hrend des gesamten Prozesses:<\/span><\/p>\n<ul style=\"margin-top: 0cm\" type=\"disc\">\n<li class=\"MsoNormal\">\n<p><strong><span lang=\"EN-GB\">Unterst\u00fctzung der Lebensf\u00e4higkeit<\/span><\/strong><span lang=\"EN-GB\">: Wir arbeiten mit Ihnen zusammen, um die Machbarkeit der Facility Flex-L\u00f6sung f\u00fcr Ihren individuellen Bedarf zu validieren.<\/span><\/p>\n<\/li>\n<li class=\"MsoNormal\">\n<p><strong><span lang=\"EN-GB\">Umfassende Diskussionen<\/span><\/strong><span lang=\"EN-GB\">: Gemeinsame Entwicklung einer prognostizierten Nutzung und Gestaltung flexibler Finanzierungsl\u00f6sungen, die f\u00fcr Sie optimal geeignet sind.<\/span><\/p>\n<\/li>\n<li class=\"MsoNormal\">\n<p><strong><span lang=\"EN-GB\">Genehmigungsunterst\u00fctzung<\/span><\/strong><span lang=\"EN-GB\">: Unterst\u00fctzung der Business Case-Entwicklung<\/span><\/p>\n<\/li>\n<li class=\"MsoNormal\">\n<p><strong><span lang=\"EN-GB\">P\u00fcnktliche Lieferung<\/span><\/strong><span lang=\"EN-GB\">: Lieferung aus unserem sofort verf\u00fcgbaren Absetz- und Modulfuhrpark<\/span><\/p>\n<\/li>\n<\/ul>\n<\/div>\n<\/div>\n<div id=\"div_block-74-14\" class=\"ct-div-block\" ><img decoding=\"async\"  id=\"image-75-14\" alt=\"\" src=\"https:\/\/www.vanguardhealthcare.co.uk\/wp-content\/uploads\/2024\/07\/IMG_6401-1024x768.jpeg\" class=\"ct-image\"\/><\/div>\n<\/div>\n<\/div>\n<\/section>\n<section id=\"section-132-34\" class=\"ct-section\" >\n<div class=\"ct-section-inner-wrap\">\n<div id=\"new_columns-133-34\" class=\"ct-new-columns\" >\n<div id=\"div_block-138-34\" class=\"ct-div-block\" ><img decoding=\"async\"  id=\"image-139-34\" alt=\"\" src=\"https:\/\/www.vanguardhealthcare.co.uk\/wp-content\/uploads\/2024\/04\/Heartlands-Exterior-3-1024x683.jpg\" class=\"ct-image\"\/><\/div>\n<div id=\"div_block-134-34\" class=\"ct-div-block\" >\n<h2 id=\"headline-135-34\" class=\"ct-headline\">Die Ziele des Wahlreformprogramms erreichen<\/h2>\n<div id=\"_rich_text-136-34\" class=\"oxy-rich-text\" >\n<p class=\"MsoNormal\"><span lang=\"EN-GB\">Facility Flex ist ein integraler Bestandteil des NHS-Reformprogramms, das Wartezeiten verk\u00fcrzen und die Patientenversorgung verbessern soll. Durch die Bereitstellung zus\u00e4tzlicher klinischer Kapazit\u00e4ten auf Pay-as-you-go-Basis unterst\u00fctzt Facility Flex die NHS Trusts dabei, die Ziele des Programms zu erreichen und eine zeitnahe und effiziente Behandlung der Patienten zu gew\u00e4hrleisten.<\/span><\/p>\n<p class=\"MsoNormal\"><strong><span lang=\"EN-GB\">Unser Engagement<\/span><\/strong><\/p>\n<p class=\"MsoNormal\"><span lang=\"EN-GB\">Bei Vanguard Healthcare Solutions haben wir uns der Bereitstellung flexibler, hochwertiger Gesundheitsinfrastruktur verschrieben, die den dynamischen Anforderungen von Gesundheitsdienstleistern gerecht wird. Unser kompetentes, qualifiziertes und leistungsf\u00e4higes Team verf\u00fcgt \u00fcber umfassende Erfahrung und ein tiefes Verst\u00e4ndnis f\u00fcr die Bed\u00fcrfnisse unserer Kunden. So stellen wir sicher, dass wir branchenweit die hochwertigsten L\u00f6sungen anbieten.<\/span><\/p>\n<\/div>\n<\/div>\n<\/div>\n<\/div>\n<\/section>\n<section id=\"section-144-59\" class=\"ct-section\" >\n<div class=\"ct-section-inner-wrap\">\n<div id=\"new_columns-145-59\" class=\"ct-new-columns\" >\n<div id=\"div_block-146-59\" class=\"ct-div-block\" >\n<div id=\"_rich_text-9-63\" class=\"oxy-rich-text\" >\n<p>Die Suche nach einer L\u00f6sung, die f\u00fcr Ihr Krankenhaus funktioniert, beginnt hier \u2026<\/p>\n<\/div>\n<p><a id=\"link_button-149-59\" class=\"ct-link-button\" href=\"\/de_de\/contact\/\" target=\"_self\"  >In Kontakt kommen<\/a><\/div>\n<div id=\"div_block-150-59\" class=\"ct-div-block\" ><img decoding=\"async\"  id=\"image-151-59\" alt=\"\" src=\"https:\/\/www.vanguardhealthcare.co.uk\/wp-content\/uploads\/2023\/06\/kettering-2-1.jpg\" class=\"ct-image\"\/><\/div>\n<\/div>\n<\/div>\n<\/section>","protected":false},"excerpt":{"rendered":"","protected":false},"author":11,"featured_media":0,"parent":0,"menu_order":0,"comment_status":"closed","ping_status":"closed","template":"","meta":{"_acf_changed":false,"footnotes":""},"class_list":["post-7861","page","type-page","status-publish","format-standard","hentry"],"acf":[],"yoast_head":"<!-- This site is optimized with the Yoast SEO plugin v27.4 - https:\/\/yoast.com\/product\/yoast-seo-wordpress\/ -->\n<title>Flexible Finance Solutions - Vanguard Healthcare Solutions<\/title>\n<meta name=\"robots\" content=\"index, follow, max-snippet:-1, max-image-preview:large, max-video-preview:-1\" \/>\n<link rel=\"canonical\" href=\"https:\/\/www.vanguardhealthcare.co.uk\/de_de\/flexible-finance-solutions\/\" \/>\n<meta property=\"og:locale\" content=\"de_DE\" \/>\n<meta property=\"og:type\" content=\"article\" \/>\n<meta property=\"og:title\" content=\"Flexible Finance Solutions - Vanguard Healthcare Solutions\" \/>\n<meta property=\"og:url\" content=\"https:\/\/www.vanguardhealthcare.co.uk\/de_de\/flexible-finance-solutions\/\" \/>\n<meta property=\"og:site_name\" content=\"Vanguard Healthcare Solutions\" \/>\n<meta property=\"article:modified_time\" content=\"2025-04-01T11:52:39+00:00\" \/>\n<meta name=\"twitter:card\" content=\"summary_large_image\" \/>\n<meta name=\"twitter:label1\" content=\"Gesch\u00e4tzte Lesezeit\" \/>\n\t<meta name=\"twitter:data1\" content=\"1 Minute\" \/>\n<script type=\"application\/ld+json\" class=\"yoast-schema-graph\">{\"@context\":\"https:\\\/\\\/schema.org\",\"@graph\":[{\"@type\":\"WebPage\",\"@id\":\"https:\\\/\\\/www.vanguardhealthcare.co.uk\\\/flexible-finance-solutions\\\/\",\"url\":\"https:\\\/\\\/www.vanguardhealthcare.co.uk\\\/flexible-finance-solutions\\\/\",\"name\":\"Flexible Finance Solutions - Vanguard Healthcare Solutions\",\"isPartOf\":{\"@id\":\"https:\\\/\\\/www.vanguardhealthcare.co.uk\\\/#website\"},\"datePublished\":\"2025-03-06T16:20:47+00:00\",\"dateModified\":\"2025-04-01T11:52:39+00:00\",\"breadcrumb\":{\"@id\":\"https:\\\/\\\/www.vanguardhealthcare.co.uk\\\/flexible-finance-solutions\\\/#breadcrumb\"},\"inLanguage\":\"de-DE\",\"potentialAction\":[{\"@type\":\"ReadAction\",\"target\":[\"https:\\\/\\\/www.vanguardhealthcare.co.uk\\\/flexible-finance-solutions\\\/\"]}]},{\"@type\":\"BreadcrumbList\",\"@id\":\"https:\\\/\\\/www.vanguardhealthcare.co.uk\\\/flexible-finance-solutions\\\/#breadcrumb\",\"itemListElement\":[{\"@type\":\"ListItem\",\"position\":1,\"name\":\"Home\",\"item\":\"https:\\\/\\\/www.vanguardhealthcare.co.uk\\\/\"},{\"@type\":\"ListItem\",\"position\":2,\"name\":\"Flexible Finance Solutions\"}]},{\"@type\":\"WebSite\",\"@id\":\"https:\\\/\\\/www.vanguardhealthcare.co.uk\\\/#website\",\"url\":\"https:\\\/\\\/www.vanguardhealthcare.co.uk\\\/\",\"name\":\"Vanguard Healthcare Solutions\",\"description\":\"\",\"potentialAction\":[{\"@type\":\"SearchAction\",\"target\":{\"@type\":\"EntryPoint\",\"urlTemplate\":\"https:\\\/\\\/www.vanguardhealthcare.co.uk\\\/?s={search_term_string}\"},\"query-input\":{\"@type\":\"PropertyValueSpecification\",\"valueRequired\":true,\"valueName\":\"search_term_string\"}}],\"inLanguage\":\"de-DE\"}]}<\/script>\n<!-- \/ Yoast SEO plugin. -->","yoast_head_json":{"title":"Flexible Finanzl\u00f6sungen - Vanguard Healthcare Solutions","robots":{"index":"index","follow":"follow","max-snippet":"max-snippet:-1","max-image-preview":"max-image-preview:large","max-video-preview":"max-video-preview:-1"},"canonical":"https:\/\/www.vanguardhealthcare.co.uk\/de_de\/flexible-finance-solutions\/","og_locale":"de_DE","og_type":"article","og_title":"Flexible Finance Solutions - Vanguard Healthcare Solutions","og_url":"https:\/\/www.vanguardhealthcare.co.uk\/de_de\/flexible-finance-solutions\/","og_site_name":"Vanguard Healthcare Solutions","article_modified_time":"2025-04-01T11:52:39+00:00","twitter_card":"summary_large_image","twitter_misc":{"Gesch\u00e4tzte Lesezeit":"1 Minute"},"schema":{"@context":"https:\/\/schema.org","@graph":[{"@type":"WebPage","@id":"https:\/\/www.vanguardhealthcare.co.uk\/flexible-finance-solutions\/","url":"https:\/\/www.vanguardhealthcare.co.uk\/flexible-finance-solutions\/","name":"Flexible Finanzl\u00f6sungen - Vanguard Healthcare Solutions","isPartOf":{"@id":"https:\/\/www.vanguardhealthcare.co.uk\/#website"},"datePublished":"2025-03-06T16:20:47+00:00","dateModified":"2025-04-01T11:52:39+00:00","breadcrumb":{"@id":"https:\/\/www.vanguardhealthcare.co.uk\/flexible-finance-solutions\/#breadcrumb"},"inLanguage":"de-DE","potentialAction":[{"@type":"ReadAction","target":["https:\/\/www.vanguardhealthcare.co.uk\/flexible-finance-solutions\/"]}]},{"@type":"BreadcrumbList","@id":"https:\/\/www.vanguardhealthcare.co.uk\/flexible-finance-solutions\/#breadcrumb","itemListElement":[{"@type":"ListItem","position":1,"name":"Home","item":"https:\/\/www.vanguardhealthcare.co.uk\/"},{"@type":"ListItem","position":2,"name":"Flexible Finance Solutions"}]},{"@type":"WebSite","@id":"https:\/\/www.vanguardhealthcare.co.uk\/#website","url":"https:\/\/www.vanguardhealthcare.co.uk\/","name":"Vanguard Healthcare-L\u00f6sungen","description":"","potentialAction":[{"@type":"SearchAction","target":{"@type":"EntryPoint","urlTemplate":"https:\/\/www.vanguardhealthcare.co.uk\/?s={search_term_string}"},"query-input":{"@type":"PropertyValueSpecification","valueRequired":true,"valueName":"search_term_string"}}],"inLanguage":"de-DE"}]}},"_links":{"self":[{"href":"https:\/\/www.vanguardhealthcare.co.uk\/de_de\/wp-json\/wp\/v2\/pages\/7861","targetHints":{"allow":["GET"]}}],"collection":[{"href":"https:\/\/www.vanguardhealthcare.co.uk\/de_de\/wp-json\/wp\/v2\/pages"}],"about":[{"href":"https:\/\/www.vanguardhealthcare.co.uk\/de_de\/wp-json\/wp\/v2\/types\/page"}],"author":[{"embeddable":true,"href":"https:\/\/www.vanguardhealthcare.co.uk\/de_de\/wp-json\/wp\/v2\/users\/11"}],"replies":[{"embeddable":true,"href":"https:\/\/www.vanguardhealthcare.co.uk\/de_de\/wp-json\/wp\/v2\/comments?post=7861"}],"version-history":[{"count":0,"href":"https:\/\/www.vanguardhealthcare.co.uk\/de_de\/wp-json\/wp\/v2\/pages\/7861\/revisions"}],"wp:attachment":[{"href":"https:\/\/www.vanguardhealthcare.co.uk\/de_de\/wp-json\/wp\/v2\/media?parent=7861"}],"curies":[{"name":"wp","href":"https:\/\/api.w.org\/{rel}","templated":true}]}}