{"id":59,"date":"2023-05-31T14:28:45","date_gmt":"2023-05-31T14:28:45","guid":{"rendered":"https:\/\/www.vanguardhealthcare.co.uk\/?page_id=59"},"modified":"2024-01-29T15:42:59","modified_gmt":"2024-01-29T15:42:59","slug":"our-team","status":"publish","type":"page","link":"https:\/\/www.vanguardhealthcare.co.uk\/de_de\/our-team\/","title":{"rendered":"Treffen Sie unser Team"},"content":{"rendered":"<section id=\"section-2-59\" class=\"ct-section\" style=\"background-image:url(https:\/\/www.vanguardhealthcare.co.uk\/wp-content\/uploads\/2023\/05\/boulders-right.png);background-size: auto;\" >\n<div class=\"ct-section-inner-wrap\">\n<div id=\"div_block-8-59\" class=\"ct-div-block\" ><a id=\"link_text-6-59\" class=\"ct-link-text\" href=\"\/de_de\/\" target=\"_self\"  >Heim<\/a><\/p>\n<h1 id=\"headline-3-59\" class=\"ct-headline\"><span id=\"span-4-59\" class=\"ct-span\" >Treffen Sie unser Team<\/span><\/h1>\n<\/div>\n<\/div>\n<\/section>\n<section id=\"section-13-59\" class=\"ct-section\" >\n<div class=\"ct-section-inner-wrap\">\n<h2 id=\"headline-14-59\" class=\"ct-headline\">Unser F\u00fchrungsteam<\/h2>\n<div id=\"_rich_text-70-62\" class=\"oxy-rich-text\" >\n<p>Wir werden von einem dynamischen F\u00fchrungsteam geleitet, das \u00fcber langj\u00e4hrige Erfahrung im Gesundheitswesen verf\u00fcgt.<\/p>\n<\/div>\n<div id=\"_dynamic_list-16-59\" class=\"oxy-dynamic-list\">\n<div id=\"div_block-17-59-1\" class=\"ct-div-block\" data-id=\"div_block-17-59\">\n<div id=\"div_block-115-62-1\" class=\"ct-div-block\" data-id=\"div_block-115-62\"><a id=\"link-141-59-1\" class=\"ct-link\" href=\"https:\/\/www.vanguardhealthcare.co.uk\/de_de\/our-team\/graham-rich\/\" data-id=\"link-141-59\"><img decoding=\"async\" id=\"image-25-59-1\" alt=\"\" src=\"https:\/\/www.vanguardhealthcare.co.uk\/wp-content\/uploads\/2025\/11\/Graham-Rich-Picture.jpg\" class=\"ct-image\" data-id=\"image-25-59\"><\/a><\/div>\n<div id=\"div_block-49-59-1\" class=\"ct-div-block\" data-id=\"div_block-49-59\">\n<h3 id=\"headline-34-59-1\" class=\"ct-headline\" data-id=\"headline-34-59\"><span id=\"span-42-59\" class=\"ct-span\" ><a href='https:\/\/www.vanguardhealthcare.co.uk\/de_de\/our-team\/graham-rich\/'>Graham Rich<\/a><\/span><\/h3>\n<div id=\"text_block-50-59-1\" class=\"ct-text-block\" data-id=\"text_block-50-59\"><span id=\"span-64-59\" class=\"ct-span\" ><\/span><\/div>\n<div id=\"text_block-71-59-1\" class=\"ct-text-block\" data-id=\"text_block-71-59\"><span id=\"span-78-59\" class=\"ct-span\" >Graham wurde im Juli 2021 zum Vorsitzenden von Vanguard Healthcare Solutions ernannt und fungiert derzeit auch als Chief Executive Officer.<\/span><\/div>\n<p><a id=\"link_text-86-59-1\" class=\"ct-link-text\" href=\"https:\/\/www.vanguardhealthcare.co.uk\/de_de\/our-team\/graham-rich\/\" target=\"_self\" data-id=\"link_text-86-59\">Weiterlesen<\/a><\/div>\n<\/div>\n<div id=\"div_block-17-59-2\" class=\"ct-div-block\" data-id=\"div_block-17-59\">\n<div id=\"div_block-115-62-2\" class=\"ct-div-block\" data-id=\"div_block-115-62\"><a id=\"link-141-59-2\" class=\"ct-link\" href=\"https:\/\/www.vanguardhealthcare.co.uk\/de_de\/our-team\/tobi-gowers\/\" data-id=\"link-141-59\"><img decoding=\"async\" id=\"image-25-59-2\" alt=\"\" src=\"https:\/\/www.vanguardhealthcare.co.uk\/wp-content\/uploads\/2023\/05\/Tobi-Gowers-square.jpg\" class=\"ct-image\" data-id=\"image-25-59\"><\/a><\/div>\n<div id=\"div_block-49-59-2\" class=\"ct-div-block\" data-id=\"div_block-49-59\">\n<h3 id=\"headline-34-59-2\" class=\"ct-headline\" data-id=\"headline-34-59\"><span id=\"span-42-59\" class=\"ct-span\" ><a href='https:\/\/www.vanguardhealthcare.co.uk\/de_de\/our-team\/tobi-gowers\/'>Tobi Gowers<\/a><\/span><\/h3>\n<div id=\"text_block-50-59-2\" class=\"ct-text-block\" data-id=\"text_block-50-59\"><span id=\"span-64-59\" class=\"ct-span\" ><\/span><\/div>\n<div id=\"text_block-71-59-2\" class=\"ct-text-block\" data-id=\"text_block-71-59\"><span id=\"span-78-59\" class=\"ct-span\" >Tobi kam im Januar 2019 als Chief Financial Officer zu Vanguard.<\/span><\/div>\n<p><a id=\"link_text-86-59-2\" class=\"ct-link-text\" href=\"https:\/\/www.vanguardhealthcare.co.uk\/de_de\/our-team\/tobi-gowers\/\" target=\"_self\" data-id=\"link_text-86-59\">Weiterlesen<\/a><\/div>\n<\/div>\n<div id=\"div_block-17-59-3\" class=\"ct-div-block\" data-id=\"div_block-17-59\">\n<div id=\"div_block-115-62-3\" class=\"ct-div-block\" data-id=\"div_block-115-62\"><a id=\"link-141-59-3\" class=\"ct-link\" href=\"https:\/\/www.vanguardhealthcare.co.uk\/de_de\/our-team\/lindsay-dransfield\/\" data-id=\"link-141-59\"><img decoding=\"async\" id=\"image-25-59-3\" alt=\"\" src=\"https:\/\/www.vanguardhealthcare.co.uk\/wp-content\/uploads\/2023\/05\/Lindsay-Dransfield-square-1.jpg\" class=\"ct-image\" data-id=\"image-25-59\"><\/a><\/div>\n<div id=\"div_block-49-59-3\" class=\"ct-div-block\" data-id=\"div_block-49-59\">\n<h3 id=\"headline-34-59-3\" class=\"ct-headline\" data-id=\"headline-34-59\"><span id=\"span-42-59\" class=\"ct-span\" ><a href='https:\/\/www.vanguardhealthcare.co.uk\/de_de\/our-team\/lindsay-dransfield\/'>Lindsay Dransfield<\/a><\/span><\/h3>\n<div id=\"text_block-50-59-3\" class=\"ct-text-block\" data-id=\"text_block-50-59\"><span id=\"span-64-59\" class=\"ct-span\" ><\/span><\/div>\n<div id=\"text_block-71-59-3\" class=\"ct-text-block\" data-id=\"text_block-71-59\"><span id=\"span-78-59\" class=\"ct-span\" >Lindsay kam im September 2018 zu Vanguard und bringt umfangreiche Erfahrung im Vertrieb und in der Gesch\u00e4ftsentwicklung mit.<\/span><\/div>\n<p><a id=\"link_text-86-59-3\" class=\"ct-link-text\" href=\"https:\/\/www.vanguardhealthcare.co.uk\/de_de\/our-team\/lindsay-dransfield\/\" target=\"_self\" data-id=\"link_text-86-59\">Weiterlesen<\/a><\/div>\n<\/div>\n<div id=\"div_block-17-59-4\" class=\"ct-div-block\" data-id=\"div_block-17-59\">\n<div id=\"div_block-115-62-4\" class=\"ct-div-block\" data-id=\"div_block-115-62\"><a id=\"link-141-59-4\" class=\"ct-link\" href=\"https:\/\/www.vanguardhealthcare.co.uk\/de_de\/our-team\/angela-dillon\/\" data-id=\"link-141-59\"><img decoding=\"async\" id=\"image-25-59-4\" alt=\"\" src=\"https:\/\/www.vanguardhealthcare.co.uk\/wp-content\/uploads\/2023\/05\/Ange-Dillon-picture.png\" class=\"ct-image\" data-id=\"image-25-59\"><\/a><\/div>\n<div id=\"div_block-49-59-4\" class=\"ct-div-block\" data-id=\"div_block-49-59\">\n<h3 id=\"headline-34-59-4\" class=\"ct-headline\" data-id=\"headline-34-59\"><span id=\"span-42-59\" class=\"ct-span\" ><a href='https:\/\/www.vanguardhealthcare.co.uk\/de_de\/our-team\/angela-dillon\/'>Angela Dillon<\/a><\/span><\/h3>\n<div id=\"text_block-50-59-4\" class=\"ct-text-block\" data-id=\"text_block-50-59\"><span id=\"span-64-59\" class=\"ct-span\" ><\/span><\/div>\n<div id=\"text_block-71-59-4\" class=\"ct-text-block\" data-id=\"text_block-71-59\"><span id=\"span-78-59\" class=\"ct-span\" >Angela wurde 2017 als Finanzdirektorin in das F\u00fchrungsteam berufen und 2020 zur operativen Finanzdirektorin ernannt.<\/span><\/div>\n<p><a id=\"link_text-86-59-4\" class=\"ct-link-text\" href=\"https:\/\/www.vanguardhealthcare.co.uk\/de_de\/our-team\/angela-dillon\/\" target=\"_self\" data-id=\"link_text-86-59\">Weiterlesen<\/a><\/div>\n<\/div>\n<div id=\"div_block-17-59-5\" class=\"ct-div-block\" data-id=\"div_block-17-59\">\n<div id=\"div_block-115-62-5\" class=\"ct-div-block\" data-id=\"div_block-115-62\"><a id=\"link-141-59-5\" class=\"ct-link\" href=\"https:\/\/www.vanguardhealthcare.co.uk\/de_de\/our-team\/mark-fox\/\" data-id=\"link-141-59\"><img decoding=\"async\" id=\"image-25-59-5\" alt=\"\" src=\"https:\/\/www.vanguardhealthcare.co.uk\/wp-content\/uploads\/2025\/11\/Mark-Fox-Picture.jpg\" class=\"ct-image\" data-id=\"image-25-59\"><\/a><\/div>\n<div id=\"div_block-49-59-5\" class=\"ct-div-block\" data-id=\"div_block-49-59\">\n<h3 id=\"headline-34-59-5\" class=\"ct-headline\" data-id=\"headline-34-59\"><span id=\"span-42-59\" class=\"ct-span\" ><a href='https:\/\/www.vanguardhealthcare.co.uk\/de_de\/our-team\/mark-fox\/'>Mark Fox<\/a><\/span><\/h3>\n<div id=\"text_block-50-59-5\" class=\"ct-text-block\" data-id=\"text_block-50-59\"><span id=\"span-64-59\" class=\"ct-span\" ><\/span><\/div>\n<div id=\"text_block-71-59-5\" class=\"ct-text-block\" data-id=\"text_block-71-59\"><span id=\"span-78-59\" class=\"ct-span\" >Mark kam im November 2023 zu Vanguard und verf\u00fcgt \u00fcber mehr als zwei Jahrzehnte Erfahrung in den Bereichen Vorfertigung, Produktion und Gro\u00dfprojekte.  <\/span><\/div>\n<p><a id=\"link_text-86-59-5\" class=\"ct-link-text\" href=\"https:\/\/www.vanguardhealthcare.co.uk\/de_de\/our-team\/mark-fox\/\" target=\"_self\" data-id=\"link_text-86-59\">Weiterlesen<\/a><\/div>\n<\/div>\n<div id=\"div_block-17-59-6\" class=\"ct-div-block\" data-id=\"div_block-17-59\">\n<div id=\"div_block-115-62-6\" class=\"ct-div-block\" data-id=\"div_block-115-62\"><a id=\"link-141-59-6\" class=\"ct-link\" href=\"https:\/\/www.vanguardhealthcare.co.uk\/de_de\/our-team\/lucy-williams\/\" data-id=\"link-141-59\"><img decoding=\"async\" id=\"image-25-59-6\" alt=\"\" src=\"https:\/\/www.vanguardhealthcare.co.uk\/wp-content\/uploads\/2025\/11\/Lucy-Williams-Picture.jpg\" class=\"ct-image\" data-id=\"image-25-59\"><\/a><\/div>\n<div id=\"div_block-49-59-6\" class=\"ct-div-block\" data-id=\"div_block-49-59\">\n<h3 id=\"headline-34-59-6\" class=\"ct-headline\" data-id=\"headline-34-59\"><span id=\"span-42-59\" class=\"ct-span\" ><a href='https:\/\/www.vanguardhealthcare.co.uk\/de_de\/our-team\/lucy-williams\/'>Lucy Williams<\/a><\/span><\/h3>\n<div id=\"text_block-50-59-6\" class=\"ct-text-block\" data-id=\"text_block-50-59\"><span id=\"span-64-59\" class=\"ct-span\" ><\/span><\/div>\n<div id=\"text_block-71-59-6\" class=\"ct-text-block\" data-id=\"text_block-71-59\"><span id=\"span-78-59\" class=\"ct-span\" >Lucy kam 2021 zu Vanguard Healthcare Solutions und \u00fcbernimmt die strategische F\u00fchrung der Personalstrategie des Konzerns im gesamten britischen und internationalen Betrieb.<\/span><\/div>\n<p><a id=\"link_text-86-59-6\" class=\"ct-link-text\" href=\"https:\/\/www.vanguardhealthcare.co.uk\/de_de\/our-team\/lucy-williams\/\" target=\"_self\" data-id=\"link_text-86-59\">Weiterlesen<\/a><\/div>\n<\/div><\/div>\n<\/div>\n<\/section>\n<section id=\"section-144-59\" class=\"ct-section\" >\n<div class=\"ct-section-inner-wrap\">\n<div id=\"new_columns-145-59\" class=\"ct-new-columns\" >\n<div id=\"div_block-146-59\" class=\"ct-div-block\" >\n<div id=\"_rich_text-9-63\" class=\"oxy-rich-text\" >\n<p>Die Suche nach einer L\u00f6sung, die f\u00fcr Ihr Krankenhaus funktioniert, k\u00f6nnte hier beginnen \u2026<\/p>\n<\/div>\n<p><a id=\"link_button-149-59\" class=\"ct-link-button\" href=\"\/de_de\/contact\/\" target=\"_self\"  >In Kontakt kommen<\/a><\/div>\n<div id=\"div_block-150-59\" class=\"ct-div-block\" ><img decoding=\"async\"  id=\"image-151-59\" alt=\"\" src=\"https:\/\/www.vanguardhealthcare.co.uk\/wp-content\/uploads\/2023\/06\/kettering-2-1.jpg\" class=\"ct-image\"\/><\/div>\n<\/div>\n<\/div>\n<\/section>","protected":false},"excerpt":{"rendered":"","protected":false},"author":2,"featured_media":0,"parent":0,"menu_order":0,"comment_status":"closed","ping_status":"closed","template":"","meta":{"_acf_changed":false,"footnotes":""},"class_list":["post-59","page","type-page","status-publish","format-standard","hentry"],"acf":[],"yoast_head":"<!-- This site is optimized with the Yoast SEO plugin v27.3 - https:\/\/yoast.com\/product\/yoast-seo-wordpress\/ -->\n<title>Meet our team - Vanguard Healthcare Solutions<\/title>\n<meta name=\"robots\" content=\"index, follow, max-snippet:-1, max-image-preview:large, max-video-preview:-1\" \/>\n<link rel=\"canonical\" href=\"https:\/\/www.vanguardhealthcare.co.uk\/de_de\/our-team\/\" \/>\n<meta property=\"og:locale\" content=\"de_DE\" \/>\n<meta property=\"og:type\" content=\"article\" \/>\n<meta property=\"og:title\" content=\"Meet our team - Vanguard Healthcare Solutions\" \/>\n<meta property=\"og:url\" content=\"https:\/\/www.vanguardhealthcare.co.uk\/de_de\/our-team\/\" \/>\n<meta property=\"og:site_name\" content=\"Vanguard Healthcare Solutions\" \/>\n<meta property=\"article:modified_time\" content=\"2024-01-29T15:42:59+00:00\" \/>\n<meta name=\"twitter:card\" content=\"summary_large_image\" \/>\n<meta name=\"twitter:label1\" content=\"Gesch\u00e4tzte Lesezeit\" \/>\n\t<meta name=\"twitter:data1\" content=\"5 Minuten\" \/>\n<script type=\"application\/ld+json\" class=\"yoast-schema-graph\">{\"@context\":\"https:\\\/\\\/schema.org\",\"@graph\":[{\"@type\":\"WebPage\",\"@id\":\"https:\\\/\\\/www.vanguardhealthcare.co.uk\\\/our-team\\\/\",\"url\":\"https:\\\/\\\/www.vanguardhealthcare.co.uk\\\/our-team\\\/\",\"name\":\"Meet our team - Vanguard Healthcare Solutions\",\"isPartOf\":{\"@id\":\"https:\\\/\\\/www.vanguardhealthcare.co.uk\\\/#website\"},\"datePublished\":\"2023-05-31T14:28:45+00:00\",\"dateModified\":\"2024-01-29T15:42:59+00:00\",\"breadcrumb\":{\"@id\":\"https:\\\/\\\/www.vanguardhealthcare.co.uk\\\/our-team\\\/#breadcrumb\"},\"inLanguage\":\"de-DE\",\"potentialAction\":[{\"@type\":\"ReadAction\",\"target\":[\"https:\\\/\\\/www.vanguardhealthcare.co.uk\\\/our-team\\\/\"]}]},{\"@type\":\"BreadcrumbList\",\"@id\":\"https:\\\/\\\/www.vanguardhealthcare.co.uk\\\/our-team\\\/#breadcrumb\",\"itemListElement\":[{\"@type\":\"ListItem\",\"position\":1,\"name\":\"Home\",\"item\":\"https:\\\/\\\/www.vanguardhealthcare.co.uk\\\/\"},{\"@type\":\"ListItem\",\"position\":2,\"name\":\"Meet our team\"}]},{\"@type\":\"WebSite\",\"@id\":\"https:\\\/\\\/www.vanguardhealthcare.co.uk\\\/#website\",\"url\":\"https:\\\/\\\/www.vanguardhealthcare.co.uk\\\/\",\"name\":\"Vanguard Healthcare Solutions\",\"description\":\"\",\"potentialAction\":[{\"@type\":\"SearchAction\",\"target\":{\"@type\":\"EntryPoint\",\"urlTemplate\":\"https:\\\/\\\/www.vanguardhealthcare.co.uk\\\/?s={search_term_string}\"},\"query-input\":{\"@type\":\"PropertyValueSpecification\",\"valueRequired\":true,\"valueName\":\"search_term_string\"}}],\"inLanguage\":\"de-DE\"}]}<\/script>\n<!-- \/ Yoast SEO plugin. -->","yoast_head_json":{"title":"Lernen Sie unser Team kennen \u2013 Vanguard Healthcare Solutions","robots":{"index":"index","follow":"follow","max-snippet":"max-snippet:-1","max-image-preview":"max-image-preview:large","max-video-preview":"max-video-preview:-1"},"canonical":"https:\/\/www.vanguardhealthcare.co.uk\/de_de\/our-team\/","og_locale":"de_DE","og_type":"article","og_title":"Meet our team - Vanguard Healthcare Solutions","og_url":"https:\/\/www.vanguardhealthcare.co.uk\/de_de\/our-team\/","og_site_name":"Vanguard Healthcare Solutions","article_modified_time":"2024-01-29T15:42:59+00:00","twitter_card":"summary_large_image","twitter_misc":{"Gesch\u00e4tzte Lesezeit":"5 Minuten"},"schema":{"@context":"https:\/\/schema.org","@graph":[{"@type":"WebPage","@id":"https:\/\/www.vanguardhealthcare.co.uk\/our-team\/","url":"https:\/\/www.vanguardhealthcare.co.uk\/our-team\/","name":"Lernen Sie unser Team kennen \u2013 Vanguard Healthcare Solutions","isPartOf":{"@id":"https:\/\/www.vanguardhealthcare.co.uk\/#website"},"datePublished":"2023-05-31T14:28:45+00:00","dateModified":"2024-01-29T15:42:59+00:00","breadcrumb":{"@id":"https:\/\/www.vanguardhealthcare.co.uk\/our-team\/#breadcrumb"},"inLanguage":"de-DE","potentialAction":[{"@type":"ReadAction","target":["https:\/\/www.vanguardhealthcare.co.uk\/our-team\/"]}]},{"@type":"BreadcrumbList","@id":"https:\/\/www.vanguardhealthcare.co.uk\/our-team\/#breadcrumb","itemListElement":[{"@type":"ListItem","position":1,"name":"Home","item":"https:\/\/www.vanguardhealthcare.co.uk\/"},{"@type":"ListItem","position":2,"name":"Meet our team"}]},{"@type":"WebSite","@id":"https:\/\/www.vanguardhealthcare.co.uk\/#website","url":"https:\/\/www.vanguardhealthcare.co.uk\/","name":"Vanguard Healthcare-L\u00f6sungen","description":"","potentialAction":[{"@type":"SearchAction","target":{"@type":"EntryPoint","urlTemplate":"https:\/\/www.vanguardhealthcare.co.uk\/?s={search_term_string}"},"query-input":{"@type":"PropertyValueSpecification","valueRequired":true,"valueName":"search_term_string"}}],"inLanguage":"de-DE"}]}},"_links":{"self":[{"href":"https:\/\/www.vanguardhealthcare.co.uk\/de_de\/wp-json\/wp\/v2\/pages\/59","targetHints":{"allow":["GET"]}}],"collection":[{"href":"https:\/\/www.vanguardhealthcare.co.uk\/de_de\/wp-json\/wp\/v2\/pages"}],"about":[{"href":"https:\/\/www.vanguardhealthcare.co.uk\/de_de\/wp-json\/wp\/v2\/types\/page"}],"author":[{"embeddable":true,"href":"https:\/\/www.vanguardhealthcare.co.uk\/de_de\/wp-json\/wp\/v2\/users\/2"}],"replies":[{"embeddable":true,"href":"https:\/\/www.vanguardhealthcare.co.uk\/de_de\/wp-json\/wp\/v2\/comments?post=59"}],"version-history":[{"count":0,"href":"https:\/\/www.vanguardhealthcare.co.uk\/de_de\/wp-json\/wp\/v2\/pages\/59\/revisions"}],"wp:attachment":[{"href":"https:\/\/www.vanguardhealthcare.co.uk\/de_de\/wp-json\/wp\/v2\/media?parent=59"}],"curies":[{"name":"wp","href":"https:\/\/api.w.org\/{rel}","templated":true}]}}