{"id":455,"date":"2023-07-03T14:28:23","date_gmt":"2023-07-03T14:28:23","guid":{"rendered":"https:\/\/www.vanguardhealthcare.co.uk\/?page_id=455"},"modified":"2023-09-07T08:50:18","modified_gmt":"2023-09-07T08:50:18","slug":"procurement","status":"publish","type":"page","link":"https:\/\/www.vanguardhealthcare.co.uk\/de_de\/procurement\/","title":{"rendered":"Beschaffung"},"content":{"rendered":"<section id=\"section-2-59\" class=\"ct-section\" style=\"background-image:url(https:\/\/www.vanguardhealthcare.co.uk\/wp-content\/uploads\/2023\/05\/boulders-right.png);background-size: auto;\" >\n<div class=\"ct-section-inner-wrap\">\n<div id=\"div_block-8-59\" class=\"ct-div-block\" ><a id=\"link_text-6-59\" class=\"ct-link-text\" href=\"\/de_de\/\" target=\"_self\"  >Heim<\/a><\/p>\n<h1 id=\"headline-3-59\" class=\"ct-headline\"><span id=\"span-4-59\" class=\"ct-span\" >Beschaffung<\/span><\/h1>\n<\/div>\n<\/div>\n<\/section>\n<section id=\"section-68-14-text-left-white\" class=\"ct-section\" >\n<div class=\"ct-section-inner-wrap\">\n<div id=\"new_columns-69-14text-left-white\" class=\"ct-new-columns\" >\n<div id=\"div_block-70-14\" class=\"ct-div-block\" >\n<h2 id=\"headline-71-14\" class=\"ct-headline\">Auf Ihre Bed\u00fcrfnisse zugeschnittene Beschaffungspl\u00e4ne<\/h2>\n<div id=\"_rich_text-72-14\" class=\"oxy-rich-text\" >\n<p>Wir sind darauf spezialisiert, L\u00f6sungen f\u00fcr Gesundheitseinrichtungen anzubieten, die durch unsere klinischen Dienstleistungen unterst\u00fctzt werden. Diese k\u00f6nnen je nach Ihren Anforderungen standardisiert oder ma\u00dfgeschneidert, gemietet oder gekauft werden.&nbsp;<\/p>\n<p>Wir bieten eine Reihe von Vertragsoptionen und k\u00f6nnen auf Ihre Investitions- oder Betriebsausgabenpriorit\u00e4ten eingehen. Unsere Gesundheitsbereiche sind aus Gr\u00fcnden der Einfachheit und Bequemlichkeit in verschiedenen Rahmen verf\u00fcgbar.&nbsp;<a href=\"..\/our-team\/\">Unser Team<\/a>&nbsp;wird Sie durch die Optionen f\u00fchren und Sie bei jedem Schritt begleiten.&nbsp;<\/p>\n<\/div>\n<\/div>\n<div id=\"div_block-74-14\" class=\"ct-div-block\" ><img decoding=\"async\"  id=\"image-75-14\" alt=\"\" src=\"https:\/\/www.vanguardhealthcare.co.uk\/wp-content\/uploads\/2023\/05\/Staffed-operating-theatre1.jpg\" class=\"ct-image\"\/><\/div>\n<\/div>\n<\/div>\n<\/section>\n<section id=\"section-88-34-blue\" class=\"ct-section\" >\n<div class=\"ct-section-inner-wrap\">\n<div id=\"new_columns-89-34-blue\" class=\"ct-new-columns\" >\n<div id=\"div_block-94-34\" class=\"ct-div-block\" ><img decoding=\"async\"  id=\"image-95-34\" alt=\"\" src=\"https:\/\/www.vanguardhealthcare.co.uk\/wp-content\/uploads\/2023\/05\/Staffed-operating-theatre1.jpg\" class=\"ct-image\"\/><\/div>\n<div id=\"div_block-90-34\" class=\"ct-div-block\" >\n<h2 id=\"headline-91-34\" class=\"ct-headline\">Umwelt, sozialer Wert und Governance (ESG)<\/h2>\n<div id=\"_rich_text-92-34\" class=\"oxy-rich-text\" >\n<p dir=\"ltr\">Wir nehmen unsere ethische, nachhaltige und soziale Verantwortung ernst und verankern und wenden unsere sozialen Unternehmenswerte konsequent auf unsere Gesch\u00e4ftst\u00e4tigkeit an. Als internationales Unternehmen legen wir Wert darauf, Wege zu finden, um Stra\u00dfenmeilen und internationale Fahrten, wo immer m\u00f6glich, zu reduzieren. In F\u00e4llen, in denen dies nicht m\u00f6glich ist, kompensieren wir die Umweltauswirkungen unserer Reise.<\/p>\n<p dir=\"ltr\">Als wichtiger Lieferant des NHS und anderer unabh\u00e4ngiger Anbieter tragen wir Verantwortlichkeiten, die sich in unseren Abl\u00e4ufen und unserer Lieferkette widerspiegeln m\u00fcssen. Wir m\u00f6chten, dass diese ethischen Werte von unseren Lieferanten, die f\u00fcr unsere Gesch\u00e4ftst\u00e4tigkeit von entscheidender Bedeutung sind, zum Ausdruck kommen und achten in Zukunft darauf, dass unsere wichtigsten Lieferanten \u00fcber die Standards ISO 14001 und 45001 oder andere relevante professionelle Akkreditierungen verf\u00fcgen.&nbsp;&nbsp;<\/p>\n<p dir=\"ltr\">Wir erwarten, dass alle unsere Lieferanten die geltenden Umweltgesetze, -vorschriften und -standards einhalten. Sofern sie dies nicht bereits tun, fordern wir sie auf, Systeme und Kontrollen einzurichten, um potenzielle Gefahren f\u00fcr das Unternehmen zu erkennen und zu beseitigen <a href=\"..\/environment\/\">Umfeld<\/a>, die im Verh\u00e4ltnis zum Risiko stehen.<\/p>\n<p>&nbsp;<\/p>\n<\/div>\n<\/div>\n<\/div>\n<\/div>\n<\/section>\n<section id=\"section-68-14-text-left-white\" class=\"ct-section\" >\n<div class=\"ct-section-inner-wrap\">\n<div id=\"new_columns-69-14text-left-white\" class=\"ct-new-columns\" >\n<div id=\"div_block-70-14\" class=\"ct-div-block\" >\n<h2 id=\"headline-71-14\" class=\"ct-headline\">Unsere Lieferkette<\/h2>\n<div id=\"_rich_text-72-14\" class=\"oxy-rich-text\" >\n<p dir=\"ltr\">Unsere Lieferkette erstreckt sich \u00fcber Gro\u00dfbritannien, Europa oder Australien. Wir machen in unseren Vertr\u00e4gen und Gesch\u00e4ftsbeziehungen die Betriebsstandards unserer Lieferanten klar.&nbsp;&nbsp;<\/p>\n<p dir=\"ltr\">Wir integrieren unsere ESG-Werte in unsere Gesch\u00e4ftst\u00e4tigkeit, unsere Mitarbeiter und unsere Lieferkette. Wir unterst\u00fctzen unsere Lieferkette dort, wo Anpassungsbedarf besteht, um unsere Ziele zu erreichen&nbsp;<a href=\"..\/environment\/\">ESG-Ziele<\/a>.&nbsp;<\/p>\n<p dir=\"ltr\">Unsere ESG-Strategie wird durch Folgendes untermauert:<\/p>\n<ul>\n<li dir=\"ltr\" aria-level=\"1\">\n<p dir=\"ltr\" role=\"presentation\">Verantwortlichkeiten als Hauptlieferant des NHS<\/p>\n<\/li>\n<li dir=\"ltr\" aria-level=\"1\">\n<p dir=\"ltr\" role=\"presentation\">Gemeinsame Ziele gem\u00e4\u00df der Definition im NHS Green Plan<\/p>\n<\/li>\n<li dir=\"ltr\" aria-level=\"1\">\n<p dir=\"ltr\" role=\"presentation\">Wunsch nach ethischem und verantwortungsvollem Handeln<\/p>\n<\/li>\n<li dir=\"ltr\" aria-level=\"1\">\n<p dir=\"ltr\" role=\"presentation\">Vorbereitung auf ESG-Regulierung<\/p>\n<\/li>\n<li dir=\"ltr\" aria-level=\"1\">\n<p dir=\"ltr\" role=\"presentation\">F\u00e4higkeit, unseren Anlegern (aktuell und zuk\u00fcnftig) unser Engagement f\u00fcr ESG und ethisches Handeln zu demonstrieren<\/p>\n<\/li>\n<\/ul>\n<\/div>\n<\/div>\n<div id=\"div_block-74-14\" class=\"ct-div-block\" ><img decoding=\"async\"  id=\"image-75-14\" alt=\"\" src=\"https:\/\/www.vanguardhealthcare.co.uk\/wp-content\/uploads\/2023\/05\/Mobile-operating-theatre-delivery_vanguard.jpg\" class=\"ct-image\"\/><\/div>\n<\/div>\n<\/div>\n<\/section>\n<section id=\"section-88-34-blue\" class=\"ct-section\" >\n<div class=\"ct-section-inner-wrap\">\n<div id=\"new_columns-89-34-blue\" class=\"ct-new-columns\" >\n<div id=\"div_block-94-34\" class=\"ct-div-block\" ><img decoding=\"async\"  id=\"image-95-34\" alt=\"\" src=\"https:\/\/www.vanguardhealthcare.co.uk\/wp-content\/uploads\/2023\/05\/Staffed-operating-theatre1.jpg\" class=\"ct-image\"\/><\/div>\n<div id=\"div_block-90-34\" class=\"ct-div-block\" >\n<h2 id=\"headline-91-34\" class=\"ct-headline\">Wir bewerten unsere Lieferanten nach Risiko und Reifegrad<\/h2>\n<div id=\"_rich_text-92-34\" class=\"oxy-rich-text\" >\n<p dir=\"ltr\">Wir ber\u00fccksichtigen unsere Lieferanten:<\/p>\n<ul>\n<li dir=\"ltr\" aria-level=\"1\">\n<p dir=\"ltr\" role=\"presentation\"><a href=\"..\/environment\/\">Soziale Verantwortung des Unternehmens<\/a>&nbsp;(CSR)<\/p>\n<\/li>\n<li dir=\"ltr\" aria-level=\"1\">\n<p dir=\"ltr\" role=\"presentation\">Energie- und Kraftstoffeffizienz<\/p>\n<\/li>\n<li dir=\"ltr\" aria-level=\"1\">\n<p dir=\"ltr\" role=\"presentation\">Gesundheits- und Sicherheitsrichtlinien<\/p>\n<\/li>\n<li dir=\"ltr\" aria-level=\"1\">\n<p dir=\"ltr\" role=\"presentation\">Transportrichtlinien<\/p>\n<\/li>\n<li dir=\"ltr\" aria-level=\"1\">\n<p dir=\"ltr\" role=\"presentation\">Nutzung lokaler Arbeitspl\u00e4tze<\/p>\n<\/li>\n<li dir=\"ltr\" aria-level=\"1\">\n<p dir=\"ltr\" role=\"presentation\">Lehrstellen und Ausbildungsnachweis<\/p>\n<\/li>\n<\/ul>\n<p dir=\"ltr\">Als Anbieter von Gesundheitsl\u00f6sungen sind wir patientenorientiert. Unsere Priorit\u00e4ten liegen stets in der F\u00fcrsorge und Sicherheit der Patienten und unserer Kunden; Wir erwarten von unseren Lieferanten, dass sie diese Priorit\u00e4ten teilen.&nbsp;&nbsp;<\/p>\n<p dir=\"ltr\">Unser Ruf basiert auf unserer F\u00e4higkeit, qualitativ hochwertige Gesundheitsr\u00e4ume bereitzustellen. Da unsere regulatorischen Anforderungen steigen, m\u00f6chten wir diejenigen Lieferanten behalten, die unsere Standards erf\u00fcllen, damit wir unseren bisherigen Erfolg weiter ausbauen k\u00f6nnen.<\/p>\n<\/div>\n<\/div>\n<\/div>\n<\/div>\n<\/section>\n<section id=\"section-68-14-text-left-white\" class=\"ct-section\" >\n<div class=\"ct-section-inner-wrap\">\n<div id=\"new_columns-69-14text-left-white\" class=\"ct-new-columns\" >\n<div id=\"div_block-70-14\" class=\"ct-div-block\" >\n<h2 id=\"headline-71-14\" class=\"ct-headline\">Moderne Bauweisen und Innovationen<\/h2>\n<div id=\"_rich_text-72-14\" class=\"oxy-rich-text\" >\n<p dir=\"ltr\">W\u00e4hrend wir wettbewerbsf\u00e4hig bleiben, stellen wir sicher, dass unsere Lieferkette unsere Unternehmensambitionen unterst\u00fctzt, indem wir neue Produkte, Materialien und Dienstleistungen erforschen und testen.<\/p>\n<\/div>\n<\/div>\n<div id=\"div_block-74-14\" class=\"ct-div-block\" ><img decoding=\"async\"  id=\"image-75-14\" alt=\"\" src=\"https:\/\/www.vanguardhealthcare.co.uk\/wp-content\/uploads\/2023\/06\/design-and-build-4.jpg\" class=\"ct-image\"\/><\/div>\n<\/div>\n<\/div>\n<\/section>\n<section id=\"section-88-34-blue\" class=\"ct-section\" >\n<div class=\"ct-section-inner-wrap\">\n<div id=\"new_columns-89-34-blue\" class=\"ct-new-columns\" >\n<div id=\"div_block-94-34\" class=\"ct-div-block\" ><img decoding=\"async\"  id=\"image-95-34\" alt=\"\" src=\"https:\/\/www.vanguardhealthcare.co.uk\/wp-content\/uploads\/2023\/09\/ESG_-_Earth_with_stethoscope-1017x1024.jpg\" class=\"ct-image\"\/><\/div>\n<div id=\"div_block-90-34\" class=\"ct-div-block\" >\n<h2 id=\"headline-91-34\" class=\"ct-headline\">Nachhaltigkeit<\/h2>\n<div id=\"_rich_text-92-34\" class=\"oxy-rich-text\" >\n<p dir=\"ltr\">Wir sind ein internationaler Konzern und auf dem Weg zur CO2-Neutralit\u00e4t. Aufbauend auf unserem bestehenden Engagement werden wir unsere Umweltbilanz weiter verbessern, um die Nachhaltigkeitsziele zu erreichen, die wir uns in unserem Unternehmen gesetzt haben&nbsp;<a href=\"..\/environment\/\">ESG-Strategie<\/a>&nbsp;2022\u20132035.<\/p>\n<\/div>\n<\/div>\n<\/div>\n<\/div>\n<\/section>\n<section id=\"section-114-34\" class=\"ct-section\" >\n<div class=\"ct-section-inner-wrap\">\n<div id=\"new_columns-115-34\" class=\"ct-new-columns\" >\n<div id=\"div_block-116-34\" class=\"ct-div-block\" >\n<h2 id=\"headline-117-34\" class=\"ct-headline\">Unsere Rahmenbeteiligung<\/h2>\n<div id=\"_rich_text-118-34\" class=\"oxy-rich-text\" >\n<p>Unsere Beteiligung an NHS-Lieferkettenrahmenwerken und unsere laufende Zusammenarbeit mit dem NHS und den Gesundheitsbeh\u00f6rden erfordern von uns eine regelm\u00e4\u00dfige Gew\u00e4hrleistung einer breiten Palette von Compliance-Ma\u00dfnahmen.<\/p>\n<\/div>\n<p><a id=\"link_button-119-34\" class=\"ct-link-button button-pink\" href=\"\/de_de\/our-frameworks\/\" target=\"_self\"  >Unsere Frameworks<\/a><\/div>\n<div id=\"div_block-120-34\" class=\"ct-div-block\" ><img decoding=\"async\"  id=\"image-121-34\" alt=\"\" src=\"https:\/\/www.vanguardhealthcare.co.uk\/wp-content\/uploads\/2023\/06\/modular-surgical-hub-scaled.jpg\" class=\"ct-image\"\/><\/div>\n<\/div>\n<\/div>\n<\/section>\n<section id=\"section-144-59\" class=\"ct-section\" >\n<div class=\"ct-section-inner-wrap\">\n<div id=\"new_columns-145-59\" class=\"ct-new-columns\" >\n<div id=\"div_block-146-59\" class=\"ct-div-block\" >\n<div id=\"_rich_text-9-63\" class=\"oxy-rich-text\" >\n<p>Die Suche nach einer L\u00f6sung, die f\u00fcr Ihr Krankenhaus funktioniert, k\u00f6nnte hier beginnen \u2026<\/p>\n<\/div>\n<p><a id=\"link_button-149-59\" class=\"ct-link-button\" href=\"\/de_de\/contact\/\" target=\"_self\"  >In Kontakt kommen<\/a><\/div>\n<div id=\"div_block-150-59\" class=\"ct-div-block\" ><img decoding=\"async\"  id=\"image-151-59\" alt=\"\" src=\"https:\/\/www.vanguardhealthcare.co.uk\/wp-content\/uploads\/2023\/06\/kettering-2-1.jpg\" class=\"ct-image\"\/><\/div>\n<\/div>\n<\/div>\n<\/section>","protected":false},"excerpt":{"rendered":"","protected":false},"author":2,"featured_media":0,"parent":0,"menu_order":0,"comment_status":"closed","ping_status":"closed","template":"","meta":{"_acf_changed":false,"footnotes":""},"class_list":["post-455","page","type-page","status-publish","format-standard","hentry"],"acf":[],"yoast_head":"<!-- This site is optimized with the Yoast SEO plugin v27.5 - https:\/\/yoast.com\/product\/yoast-seo-wordpress\/ -->\n<title>Procurement - Vanguard Healthcare Solutions<\/title>\n<meta name=\"robots\" content=\"index, follow, max-snippet:-1, max-image-preview:large, max-video-preview:-1\" \/>\n<link rel=\"canonical\" href=\"https:\/\/www.vanguardhealthcare.co.uk\/de_de\/procurement\/\" \/>\n<meta property=\"og:locale\" content=\"de_DE\" \/>\n<meta property=\"og:type\" content=\"article\" \/>\n<meta property=\"og:title\" content=\"Procurement - Vanguard Healthcare Solutions\" \/>\n<meta property=\"og:url\" content=\"https:\/\/www.vanguardhealthcare.co.uk\/de_de\/procurement\/\" \/>\n<meta property=\"og:site_name\" content=\"Vanguard Healthcare Solutions\" \/>\n<meta property=\"article:modified_time\" content=\"2023-09-07T08:50:18+00:00\" \/>\n<meta name=\"twitter:card\" content=\"summary_large_image\" \/>\n<script type=\"application\/ld+json\" class=\"yoast-schema-graph\">{\"@context\":\"https:\\\/\\\/schema.org\",\"@graph\":[{\"@type\":\"WebPage\",\"@id\":\"https:\\\/\\\/www.vanguardhealthcare.co.uk\\\/procurement\\\/\",\"url\":\"https:\\\/\\\/www.vanguardhealthcare.co.uk\\\/procurement\\\/\",\"name\":\"Procurement - Vanguard Healthcare Solutions\",\"isPartOf\":{\"@id\":\"https:\\\/\\\/www.vanguardhealthcare.co.uk\\\/#website\"},\"datePublished\":\"2023-07-03T14:28:23+00:00\",\"dateModified\":\"2023-09-07T08:50:18+00:00\",\"breadcrumb\":{\"@id\":\"https:\\\/\\\/www.vanguardhealthcare.co.uk\\\/procurement\\\/#breadcrumb\"},\"inLanguage\":\"de-DE\",\"potentialAction\":[{\"@type\":\"ReadAction\",\"target\":[\"https:\\\/\\\/www.vanguardhealthcare.co.uk\\\/procurement\\\/\"]}]},{\"@type\":\"BreadcrumbList\",\"@id\":\"https:\\\/\\\/www.vanguardhealthcare.co.uk\\\/procurement\\\/#breadcrumb\",\"itemListElement\":[{\"@type\":\"ListItem\",\"position\":1,\"name\":\"Home\",\"item\":\"https:\\\/\\\/www.vanguardhealthcare.co.uk\\\/\"},{\"@type\":\"ListItem\",\"position\":2,\"name\":\"Procurement\"}]},{\"@type\":\"WebSite\",\"@id\":\"https:\\\/\\\/www.vanguardhealthcare.co.uk\\\/#website\",\"url\":\"https:\\\/\\\/www.vanguardhealthcare.co.uk\\\/\",\"name\":\"Vanguard Healthcare Solutions\",\"description\":\"\",\"potentialAction\":[{\"@type\":\"SearchAction\",\"target\":{\"@type\":\"EntryPoint\",\"urlTemplate\":\"https:\\\/\\\/www.vanguardhealthcare.co.uk\\\/?s={search_term_string}\"},\"query-input\":{\"@type\":\"PropertyValueSpecification\",\"valueRequired\":true,\"valueName\":\"search_term_string\"}}],\"inLanguage\":\"de-DE\"}]}<\/script>\n<!-- \/ Yoast SEO plugin. -->","yoast_head_json":{"title":"Beschaffung - Vanguard Healthcare Solutions","robots":{"index":"index","follow":"follow","max-snippet":"max-snippet:-1","max-image-preview":"max-image-preview:large","max-video-preview":"max-video-preview:-1"},"canonical":"https:\/\/www.vanguardhealthcare.co.uk\/de_de\/procurement\/","og_locale":"de_DE","og_type":"article","og_title":"Procurement - Vanguard Healthcare Solutions","og_url":"https:\/\/www.vanguardhealthcare.co.uk\/de_de\/procurement\/","og_site_name":"Vanguard Healthcare Solutions","article_modified_time":"2023-09-07T08:50:18+00:00","twitter_card":"summary_large_image","schema":{"@context":"https:\/\/schema.org","@graph":[{"@type":"WebPage","@id":"https:\/\/www.vanguardhealthcare.co.uk\/procurement\/","url":"https:\/\/www.vanguardhealthcare.co.uk\/procurement\/","name":"Beschaffung - Vanguard Healthcare Solutions","isPartOf":{"@id":"https:\/\/www.vanguardhealthcare.co.uk\/#website"},"datePublished":"2023-07-03T14:28:23+00:00","dateModified":"2023-09-07T08:50:18+00:00","breadcrumb":{"@id":"https:\/\/www.vanguardhealthcare.co.uk\/procurement\/#breadcrumb"},"inLanguage":"de-DE","potentialAction":[{"@type":"ReadAction","target":["https:\/\/www.vanguardhealthcare.co.uk\/procurement\/"]}]},{"@type":"BreadcrumbList","@id":"https:\/\/www.vanguardhealthcare.co.uk\/procurement\/#breadcrumb","itemListElement":[{"@type":"ListItem","position":1,"name":"Home","item":"https:\/\/www.vanguardhealthcare.co.uk\/"},{"@type":"ListItem","position":2,"name":"Procurement"}]},{"@type":"WebSite","@id":"https:\/\/www.vanguardhealthcare.co.uk\/#website","url":"https:\/\/www.vanguardhealthcare.co.uk\/","name":"Vanguard Healthcare-L\u00f6sungen","description":"","potentialAction":[{"@type":"SearchAction","target":{"@type":"EntryPoint","urlTemplate":"https:\/\/www.vanguardhealthcare.co.uk\/?s={search_term_string}"},"query-input":{"@type":"PropertyValueSpecification","valueRequired":true,"valueName":"search_term_string"}}],"inLanguage":"de-DE"}]}},"_links":{"self":[{"href":"https:\/\/www.vanguardhealthcare.co.uk\/de_de\/wp-json\/wp\/v2\/pages\/455","targetHints":{"allow":["GET"]}}],"collection":[{"href":"https:\/\/www.vanguardhealthcare.co.uk\/de_de\/wp-json\/wp\/v2\/pages"}],"about":[{"href":"https:\/\/www.vanguardhealthcare.co.uk\/de_de\/wp-json\/wp\/v2\/types\/page"}],"author":[{"embeddable":true,"href":"https:\/\/www.vanguardhealthcare.co.uk\/de_de\/wp-json\/wp\/v2\/users\/2"}],"replies":[{"embeddable":true,"href":"https:\/\/www.vanguardhealthcare.co.uk\/de_de\/wp-json\/wp\/v2\/comments?post=455"}],"version-history":[{"count":0,"href":"https:\/\/www.vanguardhealthcare.co.uk\/de_de\/wp-json\/wp\/v2\/pages\/455\/revisions"}],"wp:attachment":[{"href":"https:\/\/www.vanguardhealthcare.co.uk\/de_de\/wp-json\/wp\/v2\/media?parent=455"}],"curies":[{"name":"wp","href":"https:\/\/api.w.org\/{rel}","templated":true}]}}