{"id":143,"date":"2023-06-05T15:04:05","date_gmt":"2023-06-05T15:04:05","guid":{"rendered":"https:\/\/www.vanguardhealthcare.co.uk\/?page_id=143"},"modified":"2025-09-18T15:57:19","modified_gmt":"2025-09-18T15:57:19","slug":"careers","status":"publish","type":"page","link":"https:\/\/www.vanguardhealthcare.co.uk\/de_de\/careers\/","title":{"rendered":"Karriere"},"content":{"rendered":"<section id=\"section-2-14\" class=\"ct-section\" >\n<div class=\"ct-section-inner-wrap\">\n<div id=\"new_columns-3-14\" class=\"ct-new-columns\" >\n<div id=\"div_block-4-14\" class=\"ct-div-block\" >\n<div id=\"div_block-21-223\" class=\"ct-div-block\" ><a id=\"link_text-13-223\" class=\"ct-link-text\" href=\"\/de_de\/\" target=\"_self\"  >Heim<\/a><a id=\"link_text-25-223\" class=\"ct-link-text\" href=\"http:\/\/\" target=\"_self\"  >&gt;<\/a><\/p>\n<div id=\"text_block-26-223\" class=\"ct-text-block\" ><span id=\"span-27-223\" class=\"ct-span\" >Karriere<\/span><\/div>\n<\/div>\n<div id=\"div_block-17-223\" class=\"ct-div-block\" >\n<h1 id=\"headline-5-14\" class=\"ct-headline\">Werden Sie Teil eines wachsenden Teams im Vereinigten K\u00f6nigreich<\/h1>\n<\/div>\n<\/div>\n<div id=\"div_block-9-14\" class=\"ct-div-block\" ><link rel='stylesheet' id='oxygen-unslider-css'  href='https:\/\/www.vanguardhealthcare.co.uk\/wp-content\/plugins\/oxygen\/component-framework\/vendor\/unslider\/unslider.css' type='text\/css' media='all'\/>\n<div id=\"slider-88-14\" class=\"ct-slider ct_unique_slider_1138\" >\n<div class=\"oxygen-unslider-container\">\n<ul>\n<li>\n<div id=\"slide-89-14\" class=\"ct-slide\" ><img decoding=\"async\"  id=\"image-96-14\" alt=\"\" src=\"https:\/\/www.vanguardhealthcare.co.uk\/wp-content\/uploads\/2023\/07\/clinical-team-celebration-2-scaled.jpg\" class=\"ct-image\"\/><\/div>\n<\/li>\n<li>\n<div id=\"slide-101-14\" class=\"ct-slide\" ><img decoding=\"async\"  id=\"image-102-14\" alt=\"\" src=\"https:\/\/www.vanguardhealthcare.co.uk\/wp-content\/uploads\/2023\/07\/team-6-1.jpg\" class=\"ct-image\"\/><\/div>\n<\/li>\n<\/ul>\n<\/div>\n<\/div>\n<p><script class=\"ct-slider-script\">jQuery(document).ready(function($){$('#slider-88-14.ct_unique_slider_1138 .oxygen-unslider-container:not(.unslider-horizontal,.unslider-fade)').unslider({autoplay: true, delay: 3000, animation: 'horizontal', speed : 750, arrows: true, nav: false, infinite: true})});<\/script><\/div>\n<\/div>\n<\/div>\n<\/section>\n<section id=\"section-68-14-text-left-white\" class=\"ct-section\" >\n<div class=\"ct-section-inner-wrap\">\n<div id=\"new_columns-69-14text-left-white\" class=\"ct-new-columns\" >\n<div id=\"div_block-70-14\" class=\"ct-div-block\" >\n<h2 id=\"headline-71-14\" class=\"ct-headline\">Wie es ist, f\u00fcr uns zu arbeiten<\/h2>\n<div id=\"_rich_text-72-14\" class=\"oxy-rich-text\" >\n<p dir=\"ltr\">Wir sch\u00e4tzen unsere Mitarbeiter und bieten ihnen ein unterst\u00fctzendes Umfeld, in dem sie sich entfalten k\u00f6nnen.&nbsp;<\/p>\n<p dir=\"ltr\">Wir arbeiten seit der Pandemie weiterhin flexibel und erkennen die positive Bilanz des hybriden Arbeitens f\u00fcr viele unserer traditionellen Unterst\u00fctzungsfunktionen im B\u00fcro.<\/p>\n<p dir=\"ltr\">Wir sind ein unterst\u00fctzendes und f\u00fcrsorgliches Team und verf\u00fcgen \u00fcber geschulte Ersthelfer f\u00fcr die psychische Gesundheit aller unserer Mitarbeiter sowie \u00fcber eine Reihe von Vorteilen, die unser Wohlbefinden unterst\u00fctzen.<\/p>\n<p dir=\"ltr\">Wir lieben es, zu lernen und die Entwicklung im gesamten Unternehmen zu unterst\u00fctzen. Wir erstatten jedes Jahr Berufsmitgliedschaften und unterst\u00fctzen viele unserer Teammitglieder bei der Berufsausbildung als Teil ihrer Karriereentwicklung.&nbsp;<\/p>\n<p dir=\"ltr\">Mit einem schnell wachsenden Team von \u00fcber 150 Kollegen auf der ganzen Welt bestimmen unsere Werte, wie wir intern und extern mit unseren Kunden Gesch\u00e4fte machen: Patientenorientiert; Innovativ; Reaktionsfreudig; Leidenschaftlich; Zusammenarbeit.<\/p>\n<p dir=\"ltr\">Unsere Ergebnisse der Engagement-Umfrage 2023 zeigen unser Engagement f\u00fcr unsere Mitarbeiter <strong>82% positives Engagement<\/strong> im gesamten Unternehmen.<\/p>\n<p dir=\"ltr\">\u00dcber <strong>90%<\/strong> unserer Mitarbeiter in Gro\u00dfbritannien sagten <em>\u201eIch w\u00fcrde Freunden und Familie empfehlen, hier zu arbeiten\u201c<\/em> Und <strong>98%<\/strong> unserer klinischen Bev\u00f6lkerung sagen <em>\u201eIch m\u00f6chte in 12 Monaten hier arbeiten\u201c<\/em>.<\/p>\n<\/div>\n<\/div>\n<div id=\"div_block-74-14\" class=\"ct-div-block\" ><img decoding=\"async\"  id=\"image-75-14\" alt=\"\" src=\"https:\/\/www.vanguardhealthcare.co.uk\/wp-content\/uploads\/2023\/07\/clinical-team-celebration-3.jpg\" class=\"ct-image\"\/><\/div>\n<\/div>\n<\/div>\n<\/section>\n<section id=\"section-2-802\" class=\"ct-section\" style=\"background-image:linear-gradient(rgba(0,73,131,0.73), rgba(0,73,131,0.73)), url(https:\/\/www.vanguardhealthcare.co.uk\/wp-content\/uploads\/2023\/05\/boulders-right.png);background-size:auto,  auto;\" >\n<div class=\"ct-section-inner-wrap\">\n<div id=\"div_block-3-802\" class=\"ct-div-block\" >\n<div id=\"text_block-5-802\" class=\"ct-text-block\" >Unsere Mitarbeitervision ist:<\/div>\n<div id=\"_rich_text-4-802\" class=\"oxy-rich-text\" >\n<p>Damit unsere Mitarbeiter au\u00dfergew\u00f6hnliche Ergebnisse erzielen k\u00f6nnen. Dies erreichen wir, indem wir bef\u00e4higte und agile Teams bilden, die von einer authentischen und mitf\u00fchlenden F\u00fchrung unterst\u00fctzt werden und ein integratives Umfeld f\u00fcr Wachstum bieten.<\/p>\n<\/div>\n<\/div>\n<\/div>\n<\/section>\n<section id=\"text-left-blue\" class=\"ct-section\" >\n<div class=\"ct-section-inner-wrap\">\n<div id=\"new_columns-107-34-blue\" class=\"ct-new-columns\" >\n<div id=\"div_block-108-34\" class=\"ct-div-block\" >\n<h2 id=\"headline-109-34\" class=\"ct-headline\">Unsere Vorteile<\/h2>\n<div id=\"_rich_text-110-34\" class=\"oxy-rich-text\" >\n<p>Wir bieten wettbewerbsf\u00e4hige Gehaltspakete und alle unsere Rollen bieten die folgenden Vorteile:<\/p>\n<p dir=\"ltr\"><strong>Lebensstil&nbsp;<\/strong><\/p>\n<ul>\n<li dir=\"ltr\">\n<p dir=\"ltr\" role=\"presentation\">5 Wochen Jahresurlaub (zus\u00e4tzlich zu den britischen Feiertagen)<\/p>\n<\/li>\n<li dir=\"ltr\">\n<p dir=\"ltr\" role=\"presentation\">Eine Option zum Kauf\/Verkauf einer zus\u00e4tzlichen Woche Jahresurlaub<\/p>\n<\/li>\n<li dir=\"ltr\">\n<p dir=\"ltr\" role=\"presentation\">Mitarbeiterrabattprogramm \u2013 Online-Rabattprogramm f\u00fcr Einzelhandels-, Gesundheits-, Freizeit- und Lifestyle-Anbieter<\/p>\n<\/li>\n<li dir=\"ltr\">\n<p dir=\"ltr\" role=\"presentation\">Betriebsrente (5% Firmenbeitrag und 5% Arbeitnehmerbeitrag, jederzeit erh\u00f6hungsf\u00e4hig)<\/p>\n<\/li>\n<\/ul>\n<\/div>\n<\/div>\n<div id=\"div_block-112-34\" class=\"ct-div-block\" ><img decoding=\"async\"  id=\"image-113-34\" alt=\"\" src=\"https:\/\/www.vanguardhealthcare.co.uk\/wp-content\/uploads\/2023\/07\/team-7-1.jpg\" class=\"ct-image\"\/><\/div>\n<\/div>\n<\/div>\n<\/section>\n<section id=\"section-88-34-blue2\" class=\"ct-section\" >\n<div class=\"ct-section-inner-wrap\">\n<div id=\"new_columns-13-665\" class=\"ct-new-columns\" >\n<div id=\"div_block-14-665\" class=\"ct-div-block\" >\n<div id=\"_rich_text-18-665\" class=\"oxy-rich-text\" >\n<p dir=\"ltr\"><strong>Wohlbefinden<\/strong><\/p>\n<ul>\n<li dir=\"ltr\">\n<p dir=\"ltr\" role=\"presentation\">Verbessertes Krankengeld des Unternehmens&nbsp;<\/p>\n<\/li>\n<li dir=\"ltr\">Verbesserte Bezahlung bei Mutterschafts-, Vaterschafts-, Adoptions- und geteiltem Elternurlaub<\/li>\n<li dir=\"ltr\">\n<p dir=\"ltr\" role=\"presentation\">Erstattung der Grippeimpfung&nbsp;<\/p>\n<\/li>\n<li dir=\"ltr\">\n<p dir=\"ltr\" role=\"presentation\">Cash-Plan f\u00fcr das Gesundheitswesen \u00fcber Paycare, einschlie\u00dflich Cashback f\u00fcr medizinische Ausgaben, Gesundheitsuntersuchungen und alternative Therapien<\/p>\n<\/li>\n<li dir=\"ltr\">\n<p dir=\"ltr\" role=\"presentation\">Rund-um-die-Uhr-Zugang zum Hausarzt mit weltweitem Versicherungsschutz und privatem Rezeptservice<\/p>\n<\/li>\n<li dir=\"ltr\">\n<p dir=\"ltr\" role=\"presentation\">Mitarbeiterhilfsprogramm, einschlie\u00dflich vertraulicher Beratung und Helpline-Service<\/p>\n<\/li>\n<li dir=\"ltr\">\n<p dir=\"ltr\" role=\"presentation\">Lebensversicherung (entspricht dem 4-fachen Jahresgehalt)&nbsp;<\/p>\n<\/li>\n<li dir=\"ltr\">\n<p dir=\"ltr\" role=\"presentation\">Mit dem Rad zur Arbeit fahren<\/p>\n<\/li>\n<li dir=\"ltr\">Das Tusker Car Scheme \u2013 ein Gehaltsverzichtsvorteil f\u00fcr Mitarbeiter, die gegen eine feste monatliche Geb\u00fchr, die von ihrem Gehalt abgezogen wird, ein brandneues, voll versichertes und gewartetes Auto fahren k\u00f6nnen.<\/li>\n<li dir=\"ltr\">YellowNest \u2013 eine Gehaltsverzichtsleistung, die Eltern Geld bei den Kinderbetreuungsgeb\u00fchren sparen soll<\/li>\n<li dir=\"ltr\">\n<p dir=\"ltr\" role=\"presentation\">Arbeitsmedizinischer Dienst<\/p>\n<\/li>\n<li dir=\"ltr\">\n<p dir=\"ltr\" role=\"presentation\">Erste Hilfe f\u00fcr psychische Gesundheit durch geschulte Ersthelfer f\u00fcr psychische Gesundheit im gesamten Unternehmen<\/p>\n<\/li>\n<\/ul>\n<p dir=\"ltr\"><strong>Entwicklung<\/strong><\/p>\n<ul>\n<li dir=\"ltr\">\n<p dir=\"ltr\" role=\"presentation\">Erstattung der j\u00e4hrlichen Berufsmitgliedschaften<\/p>\n<\/li>\n<li dir=\"ltr\">\n<p dir=\"ltr\" role=\"presentation\">Professionelle Studienunterst\u00fctzung als Teil der Karriereentwicklung<\/p>\n<\/li>\n<\/ul>\n<p>&nbsp;<\/p>\n<p>Wenn Sie unserem Vanguard Modular-Unternehmen beitreten, wird Ihr Leistungspaket im Vorstellungsgespr\u00e4ch besprochen.<\/p>\n<\/div>\n<\/div>\n<div id=\"div_block-16-665\" class=\"ct-div-block\" >\n<div id=\"_rich_text-19-665\" class=\"oxy-rich-text\" >\n<p dir=\"ltr\"><strong>Anerkennung der Mitarbeiter<\/strong><\/p>\n<p dir=\"ltr\">Wir zeichnen unsere Mitarbeiter regelm\u00e4\u00dfig durch die folgenden Anerkennungsaktivit\u00e4ten aus:<\/p>\n<ul>\n<li dir=\"ltr\">\n<p dir=\"ltr\" role=\"presentation\">Anerkennung f\u00fcr langj\u00e4hrige Dienstzeit<\/p>\n<\/li>\n<li dir=\"ltr\">\n<p dir=\"ltr\" role=\"presentation\">Vanguard sch\u00e4tzt Auszeichnungen<\/p>\n<\/li>\n<li dir=\"ltr\">\n<p dir=\"ltr\" role=\"presentation\">Mitarbeiterfeiern<\/p>\n<\/li>\n<\/ul>\n<p dir=\"ltr\"><strong>Umwelt, Soziales und Governance<\/strong><\/p>\n<ul>\n<li dir=\"ltr\">\n<p dir=\"ltr\" role=\"presentation\">Wir bieten Teammitgliedern die M\u00f6glichkeit, sich an Aktivit\u00e4ten und Initiativen zu beteiligen, einschlie\u00dflich ehrenamtlicher Tage (1\u20133 bezahlte Tage), die unsere ESG und Verpflichtungen unterst\u00fctzen<\/p>\n<\/li>\n<\/ul>\n<p dir=\"ltr\"><strong>Die folgenden Vorteile sind rollenabh\u00e4ngig:<\/strong><\/p>\n<ul>\n<li dir=\"ltr\">\n<p dir=\"ltr\" role=\"presentation\">Firmenwagen oder Pkw-Zuschuss<\/p>\n<\/li>\n<li dir=\"ltr\">\n<p dir=\"ltr\" role=\"presentation\">Hybrides Arbeiten&nbsp;<\/p>\n<\/li>\n<li dir=\"ltr\">\n<p dir=\"ltr\" role=\"presentation\">Kostenlose Parkpl\u00e4tze \u2013 Parkpl\u00e4tze vor Ort, einschlie\u00dflich Ladestationen f\u00fcr Elektroautos<\/p>\n<\/li>\n<li dir=\"ltr\">\n<p dir=\"ltr\" role=\"presentation\">Reise- und \u00dcbernachtungskosten<\/p>\n<\/li>\n<\/ul>\n<\/div>\n<\/div>\n<\/div>\n<\/div>\n<\/section>\n<section id=\"section-68-14-text-left-white\" class=\"ct-section\" >\n<div class=\"ct-section-inner-wrap\">\n<div id=\"new_columns-69-14text-left-white\" class=\"ct-new-columns\" >\n<div id=\"div_block-70-14\" class=\"ct-div-block\" >\n<h2 id=\"headline-71-14\" class=\"ct-headline\">Unsere Werte<\/h2>\n<div id=\"_rich_text-72-14\" class=\"oxy-rich-text\" >\n<p dir=\"ltr\">Unsere von unseren Mitarbeitern gew\u00e4hlten Werte bilden die Grundlage f\u00fcr alles, was wir tun.<\/p>\n<p dir=\"ltr\">Wir stellen klinische Infrastruktur und Wissen mit der erforderlichen Geschwindigkeit bereit, um die Kapazit\u00e4t zu erweitern, den klinischen Verlauf zu steuern und eine unterbrechungsfreie, patientenorientierte Versorgung zu gew\u00e4hrleisten.<\/p>\n<p dir=\"ltr\">Die Werte von Vanguard Healthcare Solutions wurden durch ein Beratungsprogramm festgelegt, an dem unser gesamtes Team teilnahm. Wir sind bestrebt, diese Werte durch unsere Prozesse, Produkte, Dienstleistungen und Interaktionen mit internen und externen Kunden zu vertreten.<\/p>\n<p dir=\"ltr\">Die folgenden Werte wurden im Konsens gew\u00e4hlt. Sie bringen am besten zum Ausdruck, wie wir die Bereitstellung von Qualit\u00e4t und Mehrwert f\u00fcr externe Interessengruppen und die breitere Patientengemeinschaft, der wir dienen, sicherstellen.<\/p>\n<\/div>\n<\/div>\n<div id=\"div_block-74-14\" class=\"ct-div-block\" ><img decoding=\"async\"  id=\"image-75-14\" alt=\"\" src=\"https:\/\/www.vanguardhealthcare.co.uk\/wp-content\/uploads\/2023\/07\/nhs-75-2.jpg\" class=\"ct-image\"\/><\/div>\n<\/div>\n<\/div>\n<\/section>\n<section id=\"section-2-149\" class=\"ct-section\" >\n<div class=\"ct-section-inner-wrap\">\n<div id=\"div_block-5-149\" class=\"ct-div-block\" >\n<div id=\"div_block-10-149\" class=\"ct-div-block\" ><img decoding=\"async\"  id=\"image-11-149\" alt=\"Passionate\" src=\"https:\/\/www.vanguardhealthcare.co.uk\/wp-content\/uploads\/2023\/06\/passionate.png\" class=\"ct-image\"\/><\/p>\n<div id=\"text_block-12-149\" class=\"ct-text-block\" >Leidenschaftlich<\/div>\n<\/div>\n<\/div>\n<div id=\"div_block-6-149\" class=\"ct-div-block\" >\n<div id=\"div_block-13-149\" class=\"ct-div-block\" ><img decoding=\"async\"  id=\"image-14-149\" alt=\"Patient focussed\" src=\"https:\/\/www.vanguardhealthcare.co.uk\/wp-content\/uploads\/2023\/06\/patient-focussed.png\" class=\"ct-image\"\/><\/p>\n<div id=\"text_block-15-149\" class=\"ct-text-block\" >Patientenorientiert<\/div>\n<\/div>\n<\/div>\n<div id=\"div_block-7-149\" class=\"ct-div-block\" >\n<div id=\"div_block-17-149\" class=\"ct-div-block\" ><img decoding=\"async\"  id=\"image-18-149\" alt=\"Responsive\" src=\"https:\/\/www.vanguardhealthcare.co.uk\/wp-content\/uploads\/2023\/06\/responsive.png\" class=\"ct-image\"\/><\/p>\n<div id=\"text_block-19-149\" class=\"ct-text-block\" >Reaktionsfreudig<\/div>\n<\/div>\n<\/div>\n<div id=\"div_block-8-149\" class=\"ct-div-block\" >\n<div id=\"div_block-21-149\" class=\"ct-div-block\" ><img decoding=\"async\"  id=\"image-22-149\" alt=\"Teamwork\" src=\"https:\/\/www.vanguardhealthcare.co.uk\/wp-content\/uploads\/2023\/06\/teamwork.png\" class=\"ct-image\"\/><\/p>\n<div id=\"text_block-23-149\" class=\"ct-text-block\" >Zusammenarbeit<\/div>\n<\/div>\n<\/div>\n<div id=\"div_block-9-149\" class=\"ct-div-block\" >\n<div id=\"div_block-25-149\" class=\"ct-div-block\" ><img decoding=\"async\"  id=\"image-26-149\" alt=\"Innovative\" src=\"https:\/\/www.vanguardhealthcare.co.uk\/wp-content\/uploads\/2023\/06\/innovative.png\" class=\"ct-image\"\/><\/p>\n<div id=\"text_block-27-149\" class=\"ct-text-block\" >Innovativ<\/div>\n<\/div>\n<\/div>\n<\/div>\n<\/section>\n<section id=\"section-132-34\" class=\"ct-section\" >\n<div class=\"ct-section-inner-wrap\">\n<div id=\"new_columns-133-34\" class=\"ct-new-columns\" >\n<div id=\"div_block-138-34\" class=\"ct-div-block\" ><img decoding=\"async\"  id=\"image-139-34\" alt=\"\" src=\"https:\/\/www.vanguardhealthcare.co.uk\/wp-content\/uploads\/2023\/07\/nhs-75-5.jpg\" class=\"ct-image\"\/><\/div>\n<div id=\"div_block-134-34\" class=\"ct-div-block\" >\n<h2 id=\"headline-135-34\" class=\"ct-headline\">Finden Sie Ihren Karriereweg<\/h2>\n<div id=\"_rich_text-136-34\" class=\"oxy-rich-text\" >\n<p dir=\"ltr\">Ganz gleich, ob Ihnen eine Rolle gef\u00e4llt, bei der es um den Patienten geht, oder eine Rolle, die unser wachsendes Unternehmen unterst\u00fctzt, wir haben eine Reihe von M\u00f6glichkeiten, uns auf unserer spannenden Reise zu begleiten, w\u00e4hrend wir in die n\u00e4chste Phase unserer Zukunft eintreten und unsere Wachstumsziele erreichen.&nbsp;<\/p>\n<p dir=\"ltr\">Wir erreichen unsere Ziele, indem wir als Team zusammenarbeiten, das an unseren Werten ausgerichtet ist.<\/p>\n<p dir=\"ltr\">Wir streben nach einem vielf\u00e4ltigen und integrativen Arbeitsplatz und ermutigen entsprechend qualifizierte Bewerber mit unterschiedlichem Hintergrund nachdr\u00fccklich, sich f\u00fcr die Verst\u00e4rkung unseres Teams zu bewerben.<\/p>\n<\/div>\n<\/div>\n<\/div>\n<\/div>\n<\/section>","protected":false},"excerpt":{"rendered":"","protected":false},"author":2,"featured_media":0,"parent":0,"menu_order":0,"comment_status":"closed","ping_status":"closed","template":"","meta":{"_acf_changed":false,"footnotes":""},"class_list":["post-143","page","type-page","status-publish","format-standard","hentry"],"acf":[],"yoast_head":"<!-- This site is optimized with the Yoast SEO plugin v27.5 - https:\/\/yoast.com\/product\/yoast-seo-wordpress\/ -->\n<title>Careers - Vanguard Healthcare Solutions<\/title>\n<meta name=\"robots\" content=\"index, follow, max-snippet:-1, max-image-preview:large, max-video-preview:-1\" \/>\n<link rel=\"canonical\" href=\"https:\/\/www.vanguardhealthcare.co.uk\/de_de\/careers\/\" \/>\n<meta property=\"og:locale\" content=\"de_DE\" \/>\n<meta property=\"og:type\" content=\"article\" \/>\n<meta property=\"og:title\" content=\"Careers - Vanguard Healthcare Solutions\" \/>\n<meta property=\"og:url\" content=\"https:\/\/www.vanguardhealthcare.co.uk\/de_de\/careers\/\" \/>\n<meta property=\"og:site_name\" content=\"Vanguard Healthcare Solutions\" \/>\n<meta property=\"article:modified_time\" content=\"2025-09-18T15:57:19+00:00\" \/>\n<meta name=\"twitter:card\" content=\"summary_large_image\" \/>\n<meta name=\"twitter:label1\" content=\"Gesch\u00e4tzte Lesezeit\" \/>\n\t<meta name=\"twitter:data1\" content=\"1 Minute\" \/>\n<script type=\"application\/ld+json\" class=\"yoast-schema-graph\">{\"@context\":\"https:\\\/\\\/schema.org\",\"@graph\":[{\"@type\":\"WebPage\",\"@id\":\"https:\\\/\\\/www.vanguardhealthcare.co.uk\\\/careers\\\/\",\"url\":\"https:\\\/\\\/www.vanguardhealthcare.co.uk\\\/careers\\\/\",\"name\":\"Careers - Vanguard Healthcare Solutions\",\"isPartOf\":{\"@id\":\"https:\\\/\\\/www.vanguardhealthcare.co.uk\\\/#website\"},\"datePublished\":\"2023-06-05T15:04:05+00:00\",\"dateModified\":\"2025-09-18T15:57:19+00:00\",\"breadcrumb\":{\"@id\":\"https:\\\/\\\/www.vanguardhealthcare.co.uk\\\/careers\\\/#breadcrumb\"},\"inLanguage\":\"de-DE\",\"potentialAction\":[{\"@type\":\"ReadAction\",\"target\":[\"https:\\\/\\\/www.vanguardhealthcare.co.uk\\\/careers\\\/\"]}]},{\"@type\":\"BreadcrumbList\",\"@id\":\"https:\\\/\\\/www.vanguardhealthcare.co.uk\\\/careers\\\/#breadcrumb\",\"itemListElement\":[{\"@type\":\"ListItem\",\"position\":1,\"name\":\"Home\",\"item\":\"https:\\\/\\\/www.vanguardhealthcare.co.uk\\\/\"},{\"@type\":\"ListItem\",\"position\":2,\"name\":\"Careers\"}]},{\"@type\":\"WebSite\",\"@id\":\"https:\\\/\\\/www.vanguardhealthcare.co.uk\\\/#website\",\"url\":\"https:\\\/\\\/www.vanguardhealthcare.co.uk\\\/\",\"name\":\"Vanguard Healthcare Solutions\",\"description\":\"\",\"potentialAction\":[{\"@type\":\"SearchAction\",\"target\":{\"@type\":\"EntryPoint\",\"urlTemplate\":\"https:\\\/\\\/www.vanguardhealthcare.co.uk\\\/?s={search_term_string}\"},\"query-input\":{\"@type\":\"PropertyValueSpecification\",\"valueRequired\":true,\"valueName\":\"search_term_string\"}}],\"inLanguage\":\"de-DE\"}]}<\/script>\n<!-- \/ Yoast SEO plugin. -->","yoast_head_json":{"title":"Karriere - Vanguard Healthcare Solutions","robots":{"index":"index","follow":"follow","max-snippet":"max-snippet:-1","max-image-preview":"max-image-preview:large","max-video-preview":"max-video-preview:-1"},"canonical":"https:\/\/www.vanguardhealthcare.co.uk\/de_de\/careers\/","og_locale":"de_DE","og_type":"article","og_title":"Careers - Vanguard Healthcare Solutions","og_url":"https:\/\/www.vanguardhealthcare.co.uk\/de_de\/careers\/","og_site_name":"Vanguard Healthcare Solutions","article_modified_time":"2025-09-18T15:57:19+00:00","twitter_card":"summary_large_image","twitter_misc":{"Gesch\u00e4tzte Lesezeit":"1 Minute"},"schema":{"@context":"https:\/\/schema.org","@graph":[{"@type":"WebPage","@id":"https:\/\/www.vanguardhealthcare.co.uk\/careers\/","url":"https:\/\/www.vanguardhealthcare.co.uk\/careers\/","name":"Karriere - Vanguard Healthcare Solutions","isPartOf":{"@id":"https:\/\/www.vanguardhealthcare.co.uk\/#website"},"datePublished":"2023-06-05T15:04:05+00:00","dateModified":"2025-09-18T15:57:19+00:00","breadcrumb":{"@id":"https:\/\/www.vanguardhealthcare.co.uk\/careers\/#breadcrumb"},"inLanguage":"de-DE","potentialAction":[{"@type":"ReadAction","target":["https:\/\/www.vanguardhealthcare.co.uk\/careers\/"]}]},{"@type":"BreadcrumbList","@id":"https:\/\/www.vanguardhealthcare.co.uk\/careers\/#breadcrumb","itemListElement":[{"@type":"ListItem","position":1,"name":"Home","item":"https:\/\/www.vanguardhealthcare.co.uk\/"},{"@type":"ListItem","position":2,"name":"Careers"}]},{"@type":"WebSite","@id":"https:\/\/www.vanguardhealthcare.co.uk\/#website","url":"https:\/\/www.vanguardhealthcare.co.uk\/","name":"Vanguard Healthcare-L\u00f6sungen","description":"","potentialAction":[{"@type":"SearchAction","target":{"@type":"EntryPoint","urlTemplate":"https:\/\/www.vanguardhealthcare.co.uk\/?s={search_term_string}"},"query-input":{"@type":"PropertyValueSpecification","valueRequired":true,"valueName":"search_term_string"}}],"inLanguage":"de-DE"}]}},"_links":{"self":[{"href":"https:\/\/www.vanguardhealthcare.co.uk\/de_de\/wp-json\/wp\/v2\/pages\/143","targetHints":{"allow":["GET"]}}],"collection":[{"href":"https:\/\/www.vanguardhealthcare.co.uk\/de_de\/wp-json\/wp\/v2\/pages"}],"about":[{"href":"https:\/\/www.vanguardhealthcare.co.uk\/de_de\/wp-json\/wp\/v2\/types\/page"}],"author":[{"embeddable":true,"href":"https:\/\/www.vanguardhealthcare.co.uk\/de_de\/wp-json\/wp\/v2\/users\/2"}],"replies":[{"embeddable":true,"href":"https:\/\/www.vanguardhealthcare.co.uk\/de_de\/wp-json\/wp\/v2\/comments?post=143"}],"version-history":[{"count":0,"href":"https:\/\/www.vanguardhealthcare.co.uk\/de_de\/wp-json\/wp\/v2\/pages\/143\/revisions"}],"wp:attachment":[{"href":"https:\/\/www.vanguardhealthcare.co.uk\/de_de\/wp-json\/wp\/v2\/media?parent=143"}],"curies":[{"name":"wp","href":"https:\/\/api.w.org\/{rel}","templated":true}]}}