{"id":8428,"date":"2026-03-27T16:30:37","date_gmt":"2026-03-27T16:30:37","guid":{"rendered":"https:\/\/www.vanguardhealthcare.co.uk\/?page_id=8428"},"modified":"2026-05-08T09:38:28","modified_gmt":"2026-05-08T09:38:28","slug":"vanguard-life-sciences","status":"publish","type":"page","link":"https:\/\/www.vanguardhealthcare.co.uk\/da_dk\/vanguard-life-sciences\/","title":{"rendered":"Vanguard Biovidenskab"},"content":{"rendered":"<section id=\"section-2-59\" class=\"ct-section\" style=\"background-image:url(https:\/\/www.vanguardhealthcare.co.uk\/wp-content\/uploads\/2023\/05\/boulders-right.png);background-size: auto;\" >\n<div class=\"ct-section-inner-wrap\">\n<div id=\"div_block-8-59\" class=\"ct-div-block\" ><a id=\"link_text-6-59\" class=\"ct-link-text\" href=\"\/da_dk\/\" target=\"_self\"  >Hjem<\/a><\/p>\n<h1 id=\"headline-3-59\" class=\"ct-headline\"><span id=\"span-4-59\" class=\"ct-span\" >Vanguard Biovidenskab<\/span><\/h1>\n<\/div>\n<\/div>\n<\/section>\n<section id=\"section-68-14-text-left-white\" class=\"ct-section\" >\n<div class=\"ct-section-inner-wrap\">\n<div id=\"new_columns-69-14text-left-white\" class=\"ct-new-columns\" >\n<div id=\"div_block-70-14\" class=\"ct-div-block\" >\n<h2 id=\"headline-71-14\" class=\"ct-headline\">Skab innovative l\u00f8sninger for sundhedsudbydere i over to \u00e5rtier<\/h2>\n<div id=\"_rich_text-72-14\" class=\"oxy-rich-text\" >\n<p data-start=\"292\" data-end=\"597\">Vanguard Healthcare Solutions har opbygget et st\u00e6rkt ry for at levere sundhedsfaciliteter af h\u00f8j kvalitet, der underst\u00f8tter patientpleje, operationel robusthed og servicekontinuitet. Med udgangspunkt i denne erfaring har vi udvidet vores kapacitet til life science-sektoren gennem Vanguard Life Sciences.<\/p>\n<p data-start=\"599\" data-end=\"887\">Denne dedikerede afdeling fokuserer p\u00e5 at levere avancerede renrums- og indeslutningsmilj\u00f8er til farmaceutiske, bioteknologiske og forskningsorganisationer, idet de anvender de samme principper, der definerer Vanguard: kvalitet, p\u00e5lidelighed og en forpligtelse til at opfylde komplekse, regulerede krav.<\/p>\n<\/div>\n<\/div>\n<div id=\"div_block-74-14\" class=\"ct-div-block\" ><img decoding=\"async\"  id=\"image-75-14\" alt=\"\" src=\"https:\/\/www.vanguardhealthcare.co.uk\/wp-content\/uploads\/2025\/03\/PHOTOSHOPPED-VERSION-EXTERNAL-scaled.jpg\" class=\"ct-image\"\/><\/div>\n<\/div>\n<\/div>\n<\/section>\n<section id=\"section-68-14-text-left-white\" class=\"ct-section\" >\n<div class=\"ct-section-inner-wrap\">\n<div id=\"new_columns-69-14text-left-white\" class=\"ct-new-columns\" >\n<div id=\"div_block-70-14\" class=\"ct-div-block\" >\n<h2 id=\"headline-71-14\" class=\"ct-headline\">En naturlig udvikling af Vanguard&#039;s kapacitet<\/h2>\n<div id=\"_rich_text-72-14\" class=\"oxy-rich-text\" >\n<p data-start=\"944\" data-end=\"1150\">P\u00e5 tv\u00e6rs af NHS og den bredere sundhedssektor har Vanguard konsekvent st\u00f8ttet organisationer, der st\u00e5r over for kapacitetsudfordringer, ejendomsbegr\u00e6nsninger og behovet for at opretholde tjenester under renovering eller forandring.<\/p>\n<p data-start=\"1152\" data-end=\"1327\">De samme udfordringer er i stigende grad til stede inden for life science, hvor organisationer skal skalere hurtigt, opretholde compliance og operere i st\u00e6rkt kontrollerede milj\u00f8er.<\/p>\n<p data-start=\"1329\" data-end=\"1632\"><a href=\"https:\/\/vanguardlifesciences.co.uk\">Vanguard Biovidenskab<\/a> bringer denne erfaring ind i en ny kontekst ved at kombinere vores ekspertise inden for modul\u00e6r og mobil infrastruktur med specialiserede renrums- og indeslutningsl\u00f8sninger. Resultatet er en fleksibel og effektiv tilgang til at levere faciliteter, der underst\u00f8tter forskning, udvikling og produktion.<\/p>\n<\/div>\n<\/div>\n<div id=\"div_block-74-14\" class=\"ct-div-block\" ><img decoding=\"async\"  id=\"image-75-14\" alt=\"\" src=\"https:\/\/www.vanguardhealthcare.co.uk\/wp-content\/uploads\/2025\/11\/DJI_20250619160710_0016_D-min.jpg\" class=\"ct-image\"\/><\/div>\n<\/div>\n<\/div>\n<\/section>\n<section id=\"section-132-34\" class=\"ct-section\" >\n<div class=\"ct-section-inner-wrap\">\n<div id=\"new_columns-133-34\" class=\"ct-new-columns\" >\n<div id=\"div_block-138-34\" class=\"ct-div-block\" ><img decoding=\"async\"  id=\"image-139-34\" alt=\"\" src=\"https:\/\/www.vanguardhealthcare.co.uk\/wp-content\/uploads\/2026\/03\/1_Toxic-and-non-toxic-grade-C-cleanrooms.jpg\" class=\"ct-image\"\/><\/div>\n<div id=\"div_block-134-34\" class=\"ct-div-block\" >\n<h2 id=\"headline-135-34\" class=\"ct-headline\">Modul\u00e6r ekspertise anvendt til biovidenskab<\/h2>\n<div id=\"_rich_text-136-34\" class=\"oxy-rich-text\" >\n<p data-start=\"1687\" data-end=\"1775\">I kernen af <a href=\"https:\/\/vanguardlifesciences.co.uk\">Vanguard Biovidenskab<\/a> er en moderne tilgang til konstruktion og levering.<\/p>\n<p data-start=\"1777\" data-end=\"2016\">Ved hj\u00e6lp af modul\u00e6re og eksterne byggemetoder kan faciliteter designes, fremstilles og implementeres hurtigere end traditionelle byggeri, samtidig med at h\u00f8je standarder for kvalitet og ensartethed opretholdes. Denne tilgang hj\u00e6lper organisationer med at:<\/p>\n<ul data-start=\"2018\" data-end=\"2200\">\n<li data-section-id=\"tzzjse\" data-start=\"2018\" data-end=\"2058\">Reducer tiden til operationel beredskab<\/li>\n<li data-section-id=\"18bs0p3\" data-start=\"2059\" data-end=\"2105\">Minim\u00e9r forstyrrelser af eksisterende faciliteter<\/li>\n<li data-section-id=\"n7j11x\" data-start=\"2106\" data-end=\"2152\">Oprethold kontinuitet i kritiske operationer<\/li>\n<li data-section-id=\"c4ipn6\" data-start=\"2153\" data-end=\"2200\">Tilpas infrastrukturen i takt med at kravene udvikler sig<\/li>\n<\/ul>\n<p>&nbsp;<\/p>\n<p data-start=\"2202\" data-end=\"2344\">For life science-organisationer giver dette en praktisk l\u00f8sning p\u00e5 udfordringen med at balancere hastighed, compliance og langsigtet fleksibilitet.<\/p>\n<\/div>\n<\/div>\n<\/div>\n<\/div>\n<\/section>\n<section id=\"section-68-14-text-left-white\" class=\"ct-section\" >\n<div class=\"ct-section-inner-wrap\">\n<div id=\"new_columns-69-14text-left-white\" class=\"ct-new-columns\" >\n<div id=\"div_block-70-14\" class=\"ct-div-block\" >\n<h2 id=\"headline-71-14\" class=\"ct-headline\">I samarbejde med Enbloc<\/h2>\n<div id=\"_rich_text-72-14\" class=\"oxy-rich-text\" >\n<p data-start=\"2385\" data-end=\"2524\"><a href=\"https:\/\/vanguardlifesciences.co.uk\">Vanguard Biovidenskab<\/a> arbejder i samarbejde med <a href=\"https:\/\/www.enbloc-cleanrooms.com\/\">Enblok<\/a>, en specialist i design og konstruktion af renrum, laboratorier og indeslutningsfaciliteter.<\/p>\n<p data-start=\"2526\" data-end=\"2801\">Dette partnerskab forener komplement\u00e6re styrker. Vanguard leverer ekspertise inden for modul\u00e6r levering, projektledelse og drift i live, regulerede milj\u00f8er, mens <a href=\"https:\/\/www.enbloc-cleanrooms.com\/\">Enblok<\/a> bidrager med dybdeg\u00e5ende teknisk viden om renrumsteknik, validering og compliance.<\/p>\n<p data-start=\"2803\" data-end=\"3008\">Sammen leverer vi faciliteter, der opfylder kravene i standarder som EU GMP og ISO renrumsklassificeringer, samtidig med at vi sikrer, at projekter gennemf\u00f8res effektivt og med minimal forstyrrelse.<\/p>\n<\/div>\n<\/div>\n<div id=\"div_block-74-14\" class=\"ct-div-block\" ><img decoding=\"async\"  id=\"image-75-14\" alt=\"\" src=\"https:\/\/www.vanguardhealthcare.co.uk\/wp-content\/uploads\/2026\/03\/Enbloc-OFFICIAL-LOGO.jpg\" class=\"ct-image\"\/><\/div>\n<\/div>\n<\/div>\n<\/section>\n<section id=\"section-132-34\" class=\"ct-section\" >\n<div class=\"ct-section-inner-wrap\">\n<div id=\"new_columns-133-34\" class=\"ct-new-columns\" >\n<div id=\"div_block-138-34\" class=\"ct-div-block\" ><img decoding=\"async\"  id=\"image-139-34\" alt=\"\" src=\"https:\/\/www.vanguardhealthcare.co.uk\/wp-content\/uploads\/2025\/08\/MCA17.jpeg\" class=\"ct-image\"\/><\/div>\n<div id=\"div_block-134-34\" class=\"ct-div-block\" >\n<h2 id=\"headline-135-34\" class=\"ct-headline\">St\u00f8tter regulerede milj\u00f8er med tillid<\/h2>\n<div id=\"_rich_text-136-34\" class=\"oxy-rich-text\" >\n<p data-start=\"3070\" data-end=\"3181\">Faciliteter leveret af <a href=\"https:\/\/vanguardlifesciences.co.uk\">Vanguard Biovidenskab<\/a> er designet til at underst\u00f8tte en bred vifte af applikationer, herunder:<\/p>\n<ul data-start=\"3183\" data-end=\"3396\">\n<li data-section-id=\"pw3g4v\" data-start=\"3183\" data-end=\"3215\">Farmaceutisk produktion<\/li>\n<li data-section-id=\"vd2r96\" data-start=\"3216\" data-end=\"3256\">Bioteknologi og avancerede terapier<\/li>\n<li data-section-id=\"13uqfws\" data-start=\"3257\" data-end=\"3298\">Forsknings- og udviklingslaboratorier<\/li>\n<li data-section-id=\"rq9u3h\" data-start=\"3299\" data-end=\"3339\">Radiofarmaci og aseptisk behandling<\/li>\n<li data-section-id=\"157rffx\" data-start=\"3340\" data-end=\"3396\">Indeslutningslaboratorier og specialiserede milj\u00f8er<\/li>\n<\/ul>\n<p data-start=\"3398\" data-end=\"3560\">Hver l\u00f8sning er udviklet med en klar forst\u00e5else af lovgivningsm\u00e6ssige forventninger, operationelle arbejdsgange og vigtigheden af at opretholde kontrollerede milj\u00f8er.<\/p>\n<p>&nbsp;<\/p>\n<p data-start=\"3562\" data-end=\"3723\">Vores tilgang r\u00e6kker ud over byggeri og tilbyder support gennem hele et anl\u00e6gs livscyklus, herunder design, validering, vedligeholdelse og l\u00f8bende overholdelse af regler.<\/p>\n<\/div>\n<\/div>\n<\/div>\n<\/div>\n<\/section>\n<section id=\"section-68-14-text-left-white\" class=\"ct-section\" >\n<div class=\"ct-section-inner-wrap\">\n<div id=\"new_columns-69-14text-left-white\" class=\"ct-new-columns\" >\n<div id=\"div_block-70-14\" class=\"ct-div-block\" >\n<h2 id=\"headline-71-14\" class=\"ct-headline\">Kontinuitet i v\u00e6rdier, udvidet til en ny sektor<\/h2>\n<div id=\"_rich_text-72-14\" class=\"oxy-rich-text\" >\n<p data-start=\"3784\" data-end=\"3939\">Mens <a href=\"https:\/\/www.enbloc-cleanrooms.com\/\">Vanguard Biovidenskab<\/a> repr\u00e6senterer et nyt fokusomr\u00e5de, det er bygget p\u00e5 de samme v\u00e6rdier og leveringsmodel, der ligger til grund for Vanguard Healthcare Solutions.<\/p>\n<p data-start=\"3941\" data-end=\"3967\">Vi forts\u00e6tter med at prioritere:<\/p>\n<ul data-start=\"3969\" data-end=\"4182\">\n<li data-section-id=\"1kvgt66\" data-start=\"3969\" data-end=\"4017\">Kvalitet og sikkerhed i regulerede milj\u00f8er<\/li>\n<li data-section-id=\"emkv1\" data-start=\"4018\" data-end=\"4068\">P\u00e5lidelighed og responstid for vores kunder<\/li>\n<li data-section-id=\"1rqtbio\" data-start=\"4069\" data-end=\"4117\">Samarbejde med partnere og interessenter<\/li>\n<li data-section-id=\"1425da4\" data-start=\"4118\" data-end=\"4182\">Praktiske l\u00f8sninger, der adresserer reelle operationelle udfordringer<\/li>\n<\/ul>\n<p data-start=\"4184\" data-end=\"4330\">Denne kontinuitet sikrer, at klienter i life science-sektoren drager fordel af den samme p\u00e5lidelige tilgang, der er udviklet p\u00e5 tv\u00e6rs af sundhedsv\u00e6senet.<\/p>\n<\/div>\n<\/div>\n<div id=\"div_block-74-14\" class=\"ct-div-block\" ><img decoding=\"async\"  id=\"image-75-14\" alt=\"\" src=\"https:\/\/www.vanguardhealthcare.co.uk\/wp-content\/uploads\/2025\/08\/MCA3.jpeg\" class=\"ct-image\"\/><\/div>\n<\/div>\n<\/div>\n<\/section>","protected":false},"excerpt":{"rendered":"","protected":false},"author":18,"featured_media":0,"parent":0,"menu_order":0,"comment_status":"closed","ping_status":"closed","template":"","meta":{"_acf_changed":false,"footnotes":""},"class_list":["post-8428","page","type-page","status-publish","format-standard","hentry"],"acf":[],"yoast_head":"<!-- This site is optimized with the Yoast SEO plugin v27.5 - https:\/\/yoast.com\/product\/yoast-seo-wordpress\/ -->\n<title>Vanguard Life Sciences - Vanguard Healthcare Solutions<\/title>\n<meta name=\"robots\" content=\"index, follow, max-snippet:-1, max-image-preview:large, max-video-preview:-1\" \/>\n<link rel=\"canonical\" href=\"https:\/\/www.vanguardhealthcare.co.uk\/da_dk\/vanguard-life-sciences\/\" \/>\n<meta property=\"og:locale\" content=\"da_DK\" \/>\n<meta property=\"og:type\" content=\"article\" \/>\n<meta property=\"og:title\" content=\"Vanguard Life Sciences - Vanguard Healthcare Solutions\" \/>\n<meta property=\"og:url\" content=\"https:\/\/www.vanguardhealthcare.co.uk\/da_dk\/vanguard-life-sciences\/\" \/>\n<meta property=\"og:site_name\" content=\"Vanguard Healthcare Solutions\" \/>\n<meta property=\"article:modified_time\" content=\"2026-05-08T09:38:28+00:00\" \/>\n<meta name=\"twitter:card\" content=\"summary_large_image\" \/>\n<meta name=\"twitter:label1\" content=\"Estimeret l\u00e6setid\" \/>\n\t<meta name=\"twitter:data1\" content=\"1 minut\" \/>\n<script type=\"application\/ld+json\" class=\"yoast-schema-graph\">{\"@context\":\"https:\\\/\\\/schema.org\",\"@graph\":[{\"@type\":\"WebPage\",\"@id\":\"https:\\\/\\\/www.vanguardhealthcare.co.uk\\\/vanguard-life-sciences\\\/\",\"url\":\"https:\\\/\\\/www.vanguardhealthcare.co.uk\\\/vanguard-life-sciences\\\/\",\"name\":\"Vanguard Life Sciences - Vanguard Healthcare Solutions\",\"isPartOf\":{\"@id\":\"https:\\\/\\\/www.vanguardhealthcare.co.uk\\\/#website\"},\"datePublished\":\"2026-03-27T16:30:37+00:00\",\"dateModified\":\"2026-05-08T09:38:28+00:00\",\"breadcrumb\":{\"@id\":\"https:\\\/\\\/www.vanguardhealthcare.co.uk\\\/vanguard-life-sciences\\\/#breadcrumb\"},\"inLanguage\":\"da-DK\",\"potentialAction\":[{\"@type\":\"ReadAction\",\"target\":[\"https:\\\/\\\/www.vanguardhealthcare.co.uk\\\/vanguard-life-sciences\\\/\"]}]},{\"@type\":\"BreadcrumbList\",\"@id\":\"https:\\\/\\\/www.vanguardhealthcare.co.uk\\\/vanguard-life-sciences\\\/#breadcrumb\",\"itemListElement\":[{\"@type\":\"ListItem\",\"position\":1,\"name\":\"Home\",\"item\":\"https:\\\/\\\/www.vanguardhealthcare.co.uk\\\/\"},{\"@type\":\"ListItem\",\"position\":2,\"name\":\"Vanguard Life Sciences\"}]},{\"@type\":\"WebSite\",\"@id\":\"https:\\\/\\\/www.vanguardhealthcare.co.uk\\\/#website\",\"url\":\"https:\\\/\\\/www.vanguardhealthcare.co.uk\\\/\",\"name\":\"Vanguard Healthcare Solutions\",\"description\":\"\",\"potentialAction\":[{\"@type\":\"SearchAction\",\"target\":{\"@type\":\"EntryPoint\",\"urlTemplate\":\"https:\\\/\\\/www.vanguardhealthcare.co.uk\\\/?s={search_term_string}\"},\"query-input\":{\"@type\":\"PropertyValueSpecification\",\"valueRequired\":true,\"valueName\":\"search_term_string\"}}],\"inLanguage\":\"da-DK\"}]}<\/script>\n<!-- \/ Yoast SEO plugin. -->","yoast_head_json":{"title":"Vanguard Biovidenskab - Vanguard Sundhedsl\u00f8sninger","robots":{"index":"index","follow":"follow","max-snippet":"max-snippet:-1","max-image-preview":"max-image-preview:large","max-video-preview":"max-video-preview:-1"},"canonical":"https:\/\/www.vanguardhealthcare.co.uk\/da_dk\/vanguard-life-sciences\/","og_locale":"da_DK","og_type":"article","og_title":"Vanguard Life Sciences - Vanguard Healthcare Solutions","og_url":"https:\/\/www.vanguardhealthcare.co.uk\/da_dk\/vanguard-life-sciences\/","og_site_name":"Vanguard Healthcare Solutions","article_modified_time":"2026-05-08T09:38:28+00:00","twitter_card":"summary_large_image","twitter_misc":{"Estimeret l\u00e6setid":"1 minut"},"schema":{"@context":"https:\/\/schema.org","@graph":[{"@type":"WebPage","@id":"https:\/\/www.vanguardhealthcare.co.uk\/vanguard-life-sciences\/","url":"https:\/\/www.vanguardhealthcare.co.uk\/vanguard-life-sciences\/","name":"Vanguard Biovidenskab - Vanguard Sundhedsl\u00f8sninger","isPartOf":{"@id":"https:\/\/www.vanguardhealthcare.co.uk\/#website"},"datePublished":"2026-03-27T16:30:37+00:00","dateModified":"2026-05-08T09:38:28+00:00","breadcrumb":{"@id":"https:\/\/www.vanguardhealthcare.co.uk\/vanguard-life-sciences\/#breadcrumb"},"inLanguage":"da-DK","potentialAction":[{"@type":"ReadAction","target":["https:\/\/www.vanguardhealthcare.co.uk\/vanguard-life-sciences\/"]}]},{"@type":"BreadcrumbList","@id":"https:\/\/www.vanguardhealthcare.co.uk\/vanguard-life-sciences\/#breadcrumb","itemListElement":[{"@type":"ListItem","position":1,"name":"Home","item":"https:\/\/www.vanguardhealthcare.co.uk\/"},{"@type":"ListItem","position":2,"name":"Vanguard Life Sciences"}]},{"@type":"WebSite","@id":"https:\/\/www.vanguardhealthcare.co.uk\/#website","url":"https:\/\/www.vanguardhealthcare.co.uk\/","name":"Vanguard Healthcare Solutions","description":"","potentialAction":[{"@type":"SearchAction","target":{"@type":"EntryPoint","urlTemplate":"https:\/\/www.vanguardhealthcare.co.uk\/?s={search_term_string}"},"query-input":{"@type":"PropertyValueSpecification","valueRequired":true,"valueName":"search_term_string"}}],"inLanguage":"da-DK"}]}},"_links":{"self":[{"href":"https:\/\/www.vanguardhealthcare.co.uk\/da_dk\/wp-json\/wp\/v2\/pages\/8428","targetHints":{"allow":["GET"]}}],"collection":[{"href":"https:\/\/www.vanguardhealthcare.co.uk\/da_dk\/wp-json\/wp\/v2\/pages"}],"about":[{"href":"https:\/\/www.vanguardhealthcare.co.uk\/da_dk\/wp-json\/wp\/v2\/types\/page"}],"author":[{"embeddable":true,"href":"https:\/\/www.vanguardhealthcare.co.uk\/da_dk\/wp-json\/wp\/v2\/users\/18"}],"replies":[{"embeddable":true,"href":"https:\/\/www.vanguardhealthcare.co.uk\/da_dk\/wp-json\/wp\/v2\/comments?post=8428"}],"version-history":[{"count":0,"href":"https:\/\/www.vanguardhealthcare.co.uk\/da_dk\/wp-json\/wp\/v2\/pages\/8428\/revisions"}],"wp:attachment":[{"href":"https:\/\/www.vanguardhealthcare.co.uk\/da_dk\/wp-json\/wp\/v2\/media?parent=8428"}],"curies":[{"name":"wp","href":"https:\/\/api.w.org\/{rel}","templated":true}]}}