{"id":7861,"date":"2025-03-06T16:20:47","date_gmt":"2025-03-06T16:20:47","guid":{"rendered":"https:\/\/www.vanguardhealthcare.co.uk\/?page_id=7861"},"modified":"2025-04-01T11:52:39","modified_gmt":"2025-04-01T11:52:39","slug":"flexible-finance-solutions","status":"publish","type":"page","link":"https:\/\/www.vanguardhealthcare.co.uk\/da_dk\/flexible-finance-solutions\/","title":{"rendered":"Fleksible \u00f8konomil\u00f8sninger"},"content":{"rendered":"<section id=\"section-2-59\" class=\"ct-section\" style=\"background-image:url(https:\/\/www.vanguardhealthcare.co.uk\/wp-content\/uploads\/2023\/05\/boulders-right.png);background-size: auto;\" >\n<div class=\"ct-section-inner-wrap\">\n<div id=\"div_block-8-59\" class=\"ct-div-block\" ><a id=\"link_text-6-59\" class=\"ct-link-text\" href=\"\/da_dk\/\" target=\"_self\"  >Hjem<\/a><\/p>\n<h1 id=\"headline-3-59\" class=\"ct-headline\"><span id=\"span-4-59\" class=\"ct-span\" >Fleksible \u00f8konomil\u00f8sninger<\/span><\/h1>\n<\/div>\n<\/div>\n<\/section>\n<section id=\"section-68-14-text-left-white\" class=\"ct-section\" >\n<div class=\"ct-section-inner-wrap\">\n<div id=\"new_columns-69-14text-left-white\" class=\"ct-new-columns\" >\n<div id=\"div_block-70-14\" class=\"ct-div-block\" >\n<h2 id=\"headline-71-14\" class=\"ct-headline\">Facility Flex - En smart tilgang til at afb\u00f8de IFRS16- og CDEL-udfordringer<\/h2>\n<div id=\"_rich_text-72-14\" class=\"oxy-rich-text\" >\n<h3 class=\"MsoNormal\"><strong><span lang=\"EN-GB\">Velkommen til Facility Flex<\/span><\/strong><\/h3>\n<p class=\"MsoNormal\"><span lang=\"EN-GB\">Hos Vanguard Healthcare Solutions forst\u00e5r vi sundhedsudbydernes dynamiske behov. Vores&nbsp;<strong>Facilitets Flex<\/strong> model tilbyder en revolutionerende tilgang til sundhedsinfrastruktur, der giver fleksible, pay-as-you-go-l\u00f8sninger, der sikrer \u00f8jeblikkelig adgang til kliniske milj\u00f8er af h\u00f8j kvalitet.<\/span><\/p>\n<p class=\"MsoNormal\"><span lang=\"EN-GB\">Download vores informative brochure,&nbsp;<a href=\"\/da_dk\/resource\/facility-flex-a-smart-approach-to-mitigating-ifrs16-and-cdel-challenges\/\">her.<\/a><\/span><\/p>\n<\/div>\n<\/div>\n<div id=\"div_block-74-14\" class=\"ct-div-block\" ><img decoding=\"async\"  id=\"image-75-14\" alt=\"\" src=\"https:\/\/www.vanguardhealthcare.co.uk\/wp-content\/uploads\/2025\/02\/Vanguard-Ribbon-Cutting-Drone-Photography-2-1024x768.jpg\" class=\"ct-image\"\/><\/div>\n<\/div>\n<\/div>\n<\/section>\n<section id=\"section-132-34\" class=\"ct-section\" >\n<div class=\"ct-section-inner-wrap\">\n<div id=\"new_columns-133-34\" class=\"ct-new-columns\" >\n<div id=\"div_block-138-34\" class=\"ct-div-block\" ><img decoding=\"async\"  id=\"image-139-34\" alt=\"\" src=\"https:\/\/www.vanguardhealthcare.co.uk\/wp-content\/uploads\/2025\/01\/IMG_5643-1024x768.jpeg\" class=\"ct-image\"\/><\/div>\n<div id=\"div_block-134-34\" class=\"ct-div-block\" >\n<h2 id=\"headline-135-34\" class=\"ct-headline\">Hvorfor v\u00e6lge Facility Flex?<\/h2>\n<div id=\"_rich_text-136-34\" class=\"oxy-rich-text\" >\n<p class=\"MsoNormal\"><strong><span lang=\"EN-GB\">Facilitets Flex<\/span><\/strong><span lang=\"EN-GB\">&nbsp;er designet til at im\u00f8dekomme den stigende eftersp\u00f8rgsel efter sundhedsydelser uden behov for betydelige anl\u00e6gsudgifter. Vores indt\u00e6gtsbaserede model giver sundhedsudbydere mulighed for at bruge indt\u00e6gtsbudgetter og bevare deres kapitalressourcer til andre kritiske investeringer. Denne finansielle fleksibilitet er s\u00e6rlig gavnlig for NHS Trusts, da den ikke sikrer nogen indvirkning p\u00e5 CEDL-lofter.<\/span><\/p>\n<p class=\"MsoNormal\"><strong><span lang=\"EN-GB\">N\u00f8glefunktioner og fordele<\/span><\/strong><\/p>\n<ul style=\"margin-top: 0cm\" type=\"disc\">\n<li class=\"MsoNormal\"><strong><span lang=\"EN-GB\">Ingen kapitaludgifter<\/span><\/strong><span lang=\"EN-GB\">: Vores pay-as-you-go-model eliminerer behovet for store kapitaludl\u00e6g, hvilket giver dig mulighed for at bevare \u00f8konomiske ressourcer.<\/span><\/li>\n<li class=\"MsoNormal\"><strong><span lang=\"EN-GB\">Hurtig implementering<\/span><\/strong><span lang=\"EN-GB\">: Vi giver \u00f8jeblikkelig adgang til en komplet fl\u00e5de af demonterbare og modul\u00e6re faciliteter, hvilket sikrer, at du kan h\u00e5ndtere kapacitetsudfordringer hurtigt.<\/span><\/li>\n<li class=\"MsoNormal\"><strong><span lang=\"EN-GB\">Infrastruktur af h\u00f8j kvalitet<\/span><\/strong><span lang=\"EN-GB\">: Vores faciliteter er designet af kliniske praktiserende l\u00e6ger og udstyret med avanceret udstyr, hvilket sikrer optimal patientpleje.<\/span><\/li>\n<li class=\"MsoNormal\"><strong><span lang=\"EN-GB\">Finansiel fleksibilitet<\/span><\/strong><span lang=\"EN-GB\">: Ved at bruge indt\u00e6gtsbudgetter kan du investere i v\u00e6sentlig infrastruktur uden at p\u00e5virke dine kapitaludgiftsgr\u00e6nser.<\/span><\/li>\n<li class=\"MsoNormal\"><strong><span lang=\"EN-GB\">Forbedret patientoplevelse<\/span><\/strong><span lang=\"EN-GB\">: Vores klar til brug kliniske milj\u00f8er hj\u00e6lper med at forbedre patientresultater og reducere ventetider.<\/span><\/li>\n<\/ul>\n<\/div>\n<\/div>\n<\/div>\n<\/div>\n<\/section>\n<section id=\"section-68-14-text-left-white\" class=\"ct-section\" >\n<div class=\"ct-section-inner-wrap\">\n<div id=\"new_columns-69-14text-left-white\" class=\"ct-new-columns\" >\n<div id=\"div_block-70-14\" class=\"ct-div-block\" >\n<h2 id=\"headline-71-14\" class=\"ct-headline\">Omfattende support<\/h2>\n<div id=\"_rich_text-72-14\" class=\"oxy-rich-text\" >\n<p class=\"MsoNormal\"><strong><span lang=\"EN-GB\">Omfattende support<\/span><\/strong><\/p>\n<p class=\"MsoNormal\"><span lang=\"EN-GB\">Vi arbejder t\u00e6t sammen med NHS Trusts for at forst\u00e5 deres individuelle krav og vigtige \u00f8konomiske drivkr\u00e6fter. Vores skr\u00e6ddersyede l\u00f8sninger er designet til at sikre positive resultater, og vi yder omfattende support gennem hele processen:<\/span><\/p>\n<ul style=\"margin-top: 0cm\" type=\"disc\">\n<li class=\"MsoNormal\">\n<p><strong><span lang=\"EN-GB\">Underst\u00f8tter levedygtighed<\/span><\/strong><span lang=\"EN-GB\">: Arbejder sammen med dig for at validere gennemf\u00f8rligheden af Facility Flex-l\u00f8sningen til dit individuelle behov.<\/span><\/p>\n<\/li>\n<li class=\"MsoNormal\">\n<p><strong><span lang=\"EN-GB\">Omfattende diskussioner<\/span><\/strong><span lang=\"EN-GB\">: Udvikling af f\u00e6lles forudsagt brug og design af fleksible \u00f8konomil\u00f8sninger, der fungerer bedst for dig.<\/span><\/p>\n<\/li>\n<li class=\"MsoNormal\">\n<p><strong><span lang=\"EN-GB\">Godkendelseshj\u00e6lp<\/span><\/strong><span lang=\"EN-GB\">: Underst\u00f8ttelse af business case-udvikling<\/span><\/p>\n<\/li>\n<li class=\"MsoNormal\">\n<p><strong><span lang=\"EN-GB\">Rettidig levering<\/span><\/strong><span lang=\"EN-GB\">: Leverer fra vores umiddelbart tilg\u00e6ngelige demonterbare og modulfl\u00e5de<\/span><\/p>\n<\/li>\n<\/ul>\n<\/div>\n<\/div>\n<div id=\"div_block-74-14\" class=\"ct-div-block\" ><img decoding=\"async\"  id=\"image-75-14\" alt=\"\" src=\"https:\/\/www.vanguardhealthcare.co.uk\/wp-content\/uploads\/2024\/07\/IMG_6401-1024x768.jpeg\" class=\"ct-image\"\/><\/div>\n<\/div>\n<\/div>\n<\/section>\n<section id=\"section-132-34\" class=\"ct-section\" >\n<div class=\"ct-section-inner-wrap\">\n<div id=\"new_columns-133-34\" class=\"ct-new-columns\" >\n<div id=\"div_block-138-34\" class=\"ct-div-block\" ><img decoding=\"async\"  id=\"image-139-34\" alt=\"\" src=\"https:\/\/www.vanguardhealthcare.co.uk\/wp-content\/uploads\/2024\/04\/Heartlands-Exterior-3-1024x683.jpg\" class=\"ct-image\"\/><\/div>\n<div id=\"div_block-134-34\" class=\"ct-div-block\" >\n<h2 id=\"headline-135-34\" class=\"ct-headline\">Opfyldelse af m\u00e5lene for det valgfrie reformprogram<\/h2>\n<div id=\"_rich_text-136-34\" class=\"oxy-rich-text\" >\n<p class=\"MsoNormal\"><span lang=\"EN-GB\">Facility Flex er en integreret del af st\u00f8tten til NHS&#039;s Elective Reform Program, som har til form\u00e5l at reducere ventetider og forbedre patientbehandlingen. Ved at levere yderligere klinisk kapacitet p\u00e5 pay-as-you-go-basis hj\u00e6lper Facility Flex NHS Trusts med at opfylde programmets m\u00e5l og sikre rettidig og effektiv behandling for patienter.<\/span><\/p>\n<p class=\"MsoNormal\"><strong><span lang=\"EN-GB\">Vores forpligtelse<\/span><\/strong><\/p>\n<p class=\"MsoNormal\"><span lang=\"EN-GB\">Hos Vanguard Healthcare Solutions er vi forpligtet til at levere fleksibel sundhedsinfrastruktur af h\u00f8j kvalitet, der opfylder sundhedsudbyderes dynamiske behov. Vores kyndige, dygtige og dygtige team bringer stor erfaring og en dyb forst\u00e5else af kundernes behov, hvilket sikrer, at vi leverer l\u00f8sninger af h\u00f8jeste kvalitet i branchen.<\/span><\/p>\n<\/div>\n<\/div>\n<\/div>\n<\/div>\n<\/section>\n<section id=\"section-144-59\" class=\"ct-section\" >\n<div class=\"ct-section-inner-wrap\">\n<div id=\"new_columns-145-59\" class=\"ct-new-columns\" >\n<div id=\"div_block-146-59\" class=\"ct-div-block\" >\n<div id=\"_rich_text-9-63\" class=\"oxy-rich-text\" >\n<p>At finde en l\u00f8sning, der fungerer for dit hospital, starter her...<\/p>\n<\/div>\n<p><a id=\"link_button-149-59\" class=\"ct-link-button\" href=\"\/da_dk\/contact\/\" target=\"_self\"  >Tag kontakt<\/a><\/div>\n<div id=\"div_block-150-59\" class=\"ct-div-block\" ><img decoding=\"async\"  id=\"image-151-59\" alt=\"\" src=\"https:\/\/www.vanguardhealthcare.co.uk\/wp-content\/uploads\/2023\/06\/kettering-2-1.jpg\" class=\"ct-image\"\/><\/div>\n<\/div>\n<\/div>\n<\/section>","protected":false},"excerpt":{"rendered":"","protected":false},"author":11,"featured_media":0,"parent":0,"menu_order":0,"comment_status":"closed","ping_status":"closed","template":"","meta":{"_acf_changed":false,"footnotes":""},"class_list":["post-7861","page","type-page","status-publish","format-standard","hentry"],"acf":[],"yoast_head":"<!-- This site is optimized with the Yoast SEO plugin v27.4 - https:\/\/yoast.com\/product\/yoast-seo-wordpress\/ -->\n<title>Flexible Finance Solutions - Vanguard Healthcare Solutions<\/title>\n<meta name=\"robots\" content=\"index, follow, max-snippet:-1, max-image-preview:large, max-video-preview:-1\" \/>\n<link rel=\"canonical\" href=\"https:\/\/www.vanguardhealthcare.co.uk\/da_dk\/flexible-finance-solutions\/\" \/>\n<meta property=\"og:locale\" content=\"da_DK\" \/>\n<meta property=\"og:type\" content=\"article\" \/>\n<meta property=\"og:title\" content=\"Flexible Finance Solutions - Vanguard Healthcare Solutions\" \/>\n<meta property=\"og:url\" content=\"https:\/\/www.vanguardhealthcare.co.uk\/da_dk\/flexible-finance-solutions\/\" \/>\n<meta property=\"og:site_name\" content=\"Vanguard Healthcare Solutions\" \/>\n<meta property=\"article:modified_time\" content=\"2025-04-01T11:52:39+00:00\" \/>\n<meta name=\"twitter:card\" content=\"summary_large_image\" \/>\n<meta name=\"twitter:label1\" content=\"Estimeret l\u00e6setid\" \/>\n\t<meta name=\"twitter:data1\" content=\"1 minut\" \/>\n<script type=\"application\/ld+json\" class=\"yoast-schema-graph\">{\"@context\":\"https:\\\/\\\/schema.org\",\"@graph\":[{\"@type\":\"WebPage\",\"@id\":\"https:\\\/\\\/www.vanguardhealthcare.co.uk\\\/flexible-finance-solutions\\\/\",\"url\":\"https:\\\/\\\/www.vanguardhealthcare.co.uk\\\/flexible-finance-solutions\\\/\",\"name\":\"Flexible Finance Solutions - Vanguard Healthcare Solutions\",\"isPartOf\":{\"@id\":\"https:\\\/\\\/www.vanguardhealthcare.co.uk\\\/#website\"},\"datePublished\":\"2025-03-06T16:20:47+00:00\",\"dateModified\":\"2025-04-01T11:52:39+00:00\",\"breadcrumb\":{\"@id\":\"https:\\\/\\\/www.vanguardhealthcare.co.uk\\\/flexible-finance-solutions\\\/#breadcrumb\"},\"inLanguage\":\"da-DK\",\"potentialAction\":[{\"@type\":\"ReadAction\",\"target\":[\"https:\\\/\\\/www.vanguardhealthcare.co.uk\\\/flexible-finance-solutions\\\/\"]}]},{\"@type\":\"BreadcrumbList\",\"@id\":\"https:\\\/\\\/www.vanguardhealthcare.co.uk\\\/flexible-finance-solutions\\\/#breadcrumb\",\"itemListElement\":[{\"@type\":\"ListItem\",\"position\":1,\"name\":\"Home\",\"item\":\"https:\\\/\\\/www.vanguardhealthcare.co.uk\\\/\"},{\"@type\":\"ListItem\",\"position\":2,\"name\":\"Flexible Finance Solutions\"}]},{\"@type\":\"WebSite\",\"@id\":\"https:\\\/\\\/www.vanguardhealthcare.co.uk\\\/#website\",\"url\":\"https:\\\/\\\/www.vanguardhealthcare.co.uk\\\/\",\"name\":\"Vanguard Healthcare Solutions\",\"description\":\"\",\"potentialAction\":[{\"@type\":\"SearchAction\",\"target\":{\"@type\":\"EntryPoint\",\"urlTemplate\":\"https:\\\/\\\/www.vanguardhealthcare.co.uk\\\/?s={search_term_string}\"},\"query-input\":{\"@type\":\"PropertyValueSpecification\",\"valueRequired\":true,\"valueName\":\"search_term_string\"}}],\"inLanguage\":\"da-DK\"}]}<\/script>\n<!-- \/ Yoast SEO plugin. -->","yoast_head_json":{"title":"Fleksible finansieringsl\u00f8sninger - Vanguard Sundhedsl\u00f8sninger","robots":{"index":"index","follow":"follow","max-snippet":"max-snippet:-1","max-image-preview":"max-image-preview:large","max-video-preview":"max-video-preview:-1"},"canonical":"https:\/\/www.vanguardhealthcare.co.uk\/da_dk\/flexible-finance-solutions\/","og_locale":"da_DK","og_type":"article","og_title":"Flexible Finance Solutions - Vanguard Healthcare Solutions","og_url":"https:\/\/www.vanguardhealthcare.co.uk\/da_dk\/flexible-finance-solutions\/","og_site_name":"Vanguard Healthcare Solutions","article_modified_time":"2025-04-01T11:52:39+00:00","twitter_card":"summary_large_image","twitter_misc":{"Estimeret l\u00e6setid":"1 minut"},"schema":{"@context":"https:\/\/schema.org","@graph":[{"@type":"WebPage","@id":"https:\/\/www.vanguardhealthcare.co.uk\/flexible-finance-solutions\/","url":"https:\/\/www.vanguardhealthcare.co.uk\/flexible-finance-solutions\/","name":"Fleksible finansieringsl\u00f8sninger - Vanguard Sundhedsl\u00f8sninger","isPartOf":{"@id":"https:\/\/www.vanguardhealthcare.co.uk\/#website"},"datePublished":"2025-03-06T16:20:47+00:00","dateModified":"2025-04-01T11:52:39+00:00","breadcrumb":{"@id":"https:\/\/www.vanguardhealthcare.co.uk\/flexible-finance-solutions\/#breadcrumb"},"inLanguage":"da-DK","potentialAction":[{"@type":"ReadAction","target":["https:\/\/www.vanguardhealthcare.co.uk\/flexible-finance-solutions\/"]}]},{"@type":"BreadcrumbList","@id":"https:\/\/www.vanguardhealthcare.co.uk\/flexible-finance-solutions\/#breadcrumb","itemListElement":[{"@type":"ListItem","position":1,"name":"Home","item":"https:\/\/www.vanguardhealthcare.co.uk\/"},{"@type":"ListItem","position":2,"name":"Flexible Finance Solutions"}]},{"@type":"WebSite","@id":"https:\/\/www.vanguardhealthcare.co.uk\/#website","url":"https:\/\/www.vanguardhealthcare.co.uk\/","name":"Vanguard Healthcare Solutions","description":"","potentialAction":[{"@type":"SearchAction","target":{"@type":"EntryPoint","urlTemplate":"https:\/\/www.vanguardhealthcare.co.uk\/?s={search_term_string}"},"query-input":{"@type":"PropertyValueSpecification","valueRequired":true,"valueName":"search_term_string"}}],"inLanguage":"da-DK"}]}},"_links":{"self":[{"href":"https:\/\/www.vanguardhealthcare.co.uk\/da_dk\/wp-json\/wp\/v2\/pages\/7861","targetHints":{"allow":["GET"]}}],"collection":[{"href":"https:\/\/www.vanguardhealthcare.co.uk\/da_dk\/wp-json\/wp\/v2\/pages"}],"about":[{"href":"https:\/\/www.vanguardhealthcare.co.uk\/da_dk\/wp-json\/wp\/v2\/types\/page"}],"author":[{"embeddable":true,"href":"https:\/\/www.vanguardhealthcare.co.uk\/da_dk\/wp-json\/wp\/v2\/users\/11"}],"replies":[{"embeddable":true,"href":"https:\/\/www.vanguardhealthcare.co.uk\/da_dk\/wp-json\/wp\/v2\/comments?post=7861"}],"version-history":[{"count":0,"href":"https:\/\/www.vanguardhealthcare.co.uk\/da_dk\/wp-json\/wp\/v2\/pages\/7861\/revisions"}],"wp:attachment":[{"href":"https:\/\/www.vanguardhealthcare.co.uk\/da_dk\/wp-json\/wp\/v2\/media?parent=7861"}],"curies":[{"name":"wp","href":"https:\/\/api.w.org\/{rel}","templated":true}]}}