{"id":693,"date":"2023-07-19T15:41:55","date_gmt":"2023-07-19T15:41:55","guid":{"rendered":"https:\/\/www.vanguardhealthcare.co.uk\/?page_id=693"},"modified":"2023-09-19T13:35:31","modified_gmt":"2023-09-19T13:35:31","slug":"faqs","status":"publish","type":"page","link":"https:\/\/www.vanguardhealthcare.co.uk\/da_dk\/faqs\/","title":{"rendered":"Ofte stillede sp\u00f8rgsm\u00e5l"},"content":{"rendered":"<section id=\"section-2-59\" class=\"ct-section\" style=\"background-image:url(https:\/\/www.vanguardhealthcare.co.uk\/wp-content\/uploads\/2023\/05\/boulders-right.png);background-size: auto;\" >\n<div class=\"ct-section-inner-wrap\">\n<div id=\"div_block-8-59\" class=\"ct-div-block\" ><a id=\"link_text-6-59\" class=\"ct-link-text\" href=\"\/da_dk\/\" target=\"_self\"  >Hjem<\/a><\/p>\n<h1 id=\"headline-3-59\" class=\"ct-headline\"><span id=\"span-4-59\" class=\"ct-span\" >Ofte stillede sp\u00f8rgsm\u00e5l<\/span><\/h1>\n<\/div>\n<\/div>\n<\/section>\n<div class=\"wp-block-vanguard-concertina\">\n<section class=\"ct-section\">\n<div class=\"ct-section-inner-wrap\">\n<div id=\"accordion-i9PUm1SAuAIPWb4o\" class=\"concertina accordion concertina-2col\">\n<div class=\"wp-block-vanguard-concertina-item accordion-item\">\n<h2 class=\"accordion-header\" id=\"heading-d078635e-3876-4394-8c4b-860ab9bdab1a\">\n<div class=\"title\">Hvor lang tid tager det at installere et modul\u00e6rt anl\u00e6g?<\/div>\n<p><span class=\"indicator\"><\/span><\/h2>\n<div id=\"collapse-d078635e-3876-4394-8c4b-860ab9bdab1a\" class=\"accordion-collapse collapse\" aria-labelledby=\"heading-d078635e-3876-4394-8c4b-860ab9bdab1a\" data-bs-parent=\"#accordion-i9PUm1SAuAIPWb4o\">\n<div class=\"accordion-body\">\n<div class=\"text\">Det korte svar er mindre tid, end du m\u00e5ske tror. Modul\u00e6re faciliteter ved hj\u00e6lp af moderne konstruktionsmetoder kan udvikles langt hurtigere end traditionelle murstens- og m\u00f8rtelbygninger. Som et eksempel, fra indk\u00f8bsordre til overdragelse, kan opf\u00f8relsen af fire modulopbyggede operationsstuer, opv\u00e5gningsrum og andre st\u00f8tterum p\u00e5 et hospital tage s\u00e5 lidt som 12 uger eller op til 26 uger, hvis der kr\u00e6ves en skr\u00e6ddersyet Healthcare Space-l\u00f8sning.<\/p>\n<p><a href=\"\/da_dk\/facilities\/operating-theatres\/\" data-type=\"facilities\" data-id=\"162\">Opdag, hvor hurtigt en modulopbygget facilitet kan ankomme til dit hospitalssted<\/a>.<\/div>\n<\/div>\n<\/div>\n<\/div>\n<div class=\"wp-block-vanguard-concertina-item accordion-item\">\n<h2 class=\"accordion-header\" id=\"heading-1de95927-d811-4aff-adcf-0aefddbe059e\">\n<div class=\"title\">Kan jeg leje eller k\u00f8be en facilitet?<\/div>\n<p><span class=\"indicator\"><\/span><\/h2>\n<div id=\"collapse-1de95927-d811-4aff-adcf-0aefddbe059e\" class=\"accordion-collapse collapse\" aria-labelledby=\"heading-1de95927-d811-4aff-adcf-0aefddbe059e\" data-bs-parent=\"#accordion-i9PUm1SAuAIPWb4o\">\n<div class=\"accordion-body\">\n<div class=\"text\">Svaret er ja til begge dele. Vi tilbyder en fleksibel <a href=\"\/da_dk\/procurement\/\" data-type=\"page\" data-id=\"455\">indk\u00f8bstilgang<\/a> for vores modulopbyggede faciliteter med leje-, leje-\/k\u00f8bs- og k\u00f8bsmuligheder tilg\u00e6ngelige enten direkte eller gennem forskellige rammer.<\/p>\n<p><a href=\"\/da_dk\/our-facilities\/\" data-type=\"page\" data-id=\"164\">Vores mobile enheder<\/a> er kun tilg\u00e6ngelige til udlejning, dette giver os mulighed for at v\u00e6re fl\u00e5de og reagere p\u00e5 presserende behov med enheder, der regelm\u00e6ssigt bliver tilg\u00e6ngelige.<\/div>\n<\/div>\n<\/div>\n<\/div>\n<div class=\"wp-block-vanguard-concertina-item accordion-item\">\n<h2 class=\"accordion-header\" id=\"heading-6af607bb-17f3-405d-a620-f36c0dc0e622\">\n<div class=\"title\">Er der en minimumslejeperiode?<\/div>\n<p><span class=\"indicator\"><\/span><\/h2>\n<div id=\"collapse-6af607bb-17f3-405d-a620-f36c0dc0e622\" class=\"accordion-collapse collapse\" aria-labelledby=\"heading-6af607bb-17f3-405d-a620-f36c0dc0e622\" data-bs-parent=\"#accordion-i9PUm1SAuAIPWb4o\">\n<div class=\"accordion-body\">\n<div class=\"text\">Generelt er der minimum 13 ugers lejeperiode for vores mobile faciliteter, og vi kan konstruere en prismodel for vores modulanl\u00e6g fra 26 uger og frem. Vi har dog en fleksibel tilgang, da vores prioritet altid er at basere vores l\u00f8sninger p\u00e5 vores kunders behov i mods\u00e6tning til at p\u00e5l\u00e6gge begr\u00e6nsninger.<\/div>\n<\/div>\n<\/div>\n<\/div>\n<div class=\"wp-block-vanguard-concertina-item accordion-item\">\n<h2 class=\"accordion-header\" id=\"heading-343fc496-20ba-4e00-a725-9d3b2efbdbb7\">\n<div class=\"title\">Hvilke procedurer kan udf\u00f8res i en mobil operationsstue?<\/div>\n<p><span class=\"indicator\"><\/span><\/h2>\n<div id=\"collapse-343fc496-20ba-4e00-a725-9d3b2efbdbb7\" class=\"accordion-collapse collapse\" aria-labelledby=\"heading-343fc496-20ba-4e00-a725-9d3b2efbdbb7\" data-bs-parent=\"#accordion-i9PUm1SAuAIPWb4o\">\n<div class=\"accordion-body\">\n<div class=\"text\">75% af alle typer af kliniske procedurer, der udf\u00f8res p\u00e5 et st\u00f8rre akuthospital, kan udf\u00f8res i vores mobile operationsstuer, lige fra hofteudskiftninger til gr\u00e5 st\u00e6rkirurgi, endoskopiprocedurer til plastikkirurgi. Plus specialist hjertekirurgi og komplekse kr\u00e6ftprocedurer. Den komplette liste er alt for lang til at inkludere her, men du kan finde ud af mere p\u00e5 vores <a href=\"\/da_dk\/heritage\/\" data-type=\"page\" data-id=\"674\">Arv side<\/a>.<\/div>\n<\/div>\n<\/div>\n<\/div>\n<div class=\"wp-block-vanguard-concertina-item accordion-item\">\n<h2 class=\"accordion-header\" id=\"heading-63aa3f64-7374-48b4-9834-2e0222f8eb3d\">\n<div class=\"title\">Hvilke fordele tilbyder modulbygninger i forhold til traditionelle sundhedsbygninger?<\/div>\n<p><span class=\"indicator\"><\/span><\/h2>\n<div id=\"collapse-63aa3f64-7374-48b4-9834-2e0222f8eb3d\" class=\"accordion-collapse collapse\" aria-labelledby=\"heading-63aa3f64-7374-48b4-9834-2e0222f8eb3d\" data-bs-parent=\"#accordion-i9PUm1SAuAIPWb4o\">\n<div class=\"accordion-body\">\n<div class=\"text\">Den st\u00f8rste fordel er den hastighed, de kan ankomme p\u00e5 stedet og lukke de f\u00f8rste patienter igennem d\u00f8ren. MMC og off-site byggebygninger er lige s\u00e5 robuste og af h\u00f8j kvalitet som traditionelle &#039;mursten og m\u00f8rtel&#039; bygninger, den store forskel er, at de kan bygges samtidig med, at underbygningsarbejdet p\u00e5 stedet udf\u00f8res.<\/p>\n<p>Moduldesign og MMC kan reducere byggetiden med op til 45%, reducere omkostningerne med 16% og \u00f8ge produktiviteten med 30% gennem hele byggeprocessen.<sup>1<\/sup> Der er ogs\u00e5 milj\u00f8m\u00e6ssige fordele med begr\u00e6nset spild og reduceret kulstof i forhold til traditionelle byggepladsleverancer.<\/p>\n<p>Som et eksempel - St Joseph&#039;s Hospital i Denver, Colorado fandt, at off-site konstruktionen af deres faciliteter barberet 72 dage fra leveringstiden og reducerede omkostningerne med ansl\u00e5et $4,3 millioner.<sup>2<\/sup><\/p>\n<p>1. Opbygning af bedre sundhedspleje hvidbog.<br \/>2. Geiger, 2017.<\/div>\n<\/div>\n<\/div>\n<\/div>\n<div class=\"wp-block-vanguard-concertina-item accordion-item\">\n<h2 class=\"accordion-header\" id=\"heading-96878c66-1ee0-460a-b409-3f21cc53f5a5\">\n<div class=\"title\">Er der behov for byggetilladelse for at installere en mobil facilitet?<\/div>\n<p><span class=\"indicator\"><\/span><\/h2>\n<div id=\"collapse-96878c66-1ee0-460a-b409-3f21cc53f5a5\" class=\"accordion-collapse collapse\" aria-labelledby=\"heading-96878c66-1ee0-460a-b409-3f21cc53f5a5\" data-bs-parent=\"#accordion-i9PUm1SAuAIPWb4o\">\n<div class=\"accordion-body\">\n<div class=\"text\">Planl\u00e6gningstilladelse er nogle gange n\u00f8dvendig for nogle mobile leverancer, det afh\u00e6nger af l\u00f8betidens l\u00e6ngde og projektets omfang. Bare rolig, vi kan hj\u00e6lpe med dette.<\/p>\n<p>Som du ville forvente, har vi et v\u00e6ld af erfaring p\u00e5 dette omr\u00e5de. Vores projektteam kan inkludere en specialist planl\u00e6gningskonsulent til at st\u00f8tte kunderne med planl\u00e6gningsindsendelse og godkendelsesprocessen, dette er ofte tilf\u00e6ldet med vores <a href=\"\/da_dk\/service\/turnkey-solutions\/\" data-type=\"service\" data-id=\"185\">n\u00f8glef\u00e6rdige l\u00f8sninger<\/a>. Vores konsulent vil engagere sig i forudg\u00e5ende planl\u00e6gningsdiskussioner med den relevante lokale myndighed for at sikre, at deres krav er godt forst\u00e5et, hvilket minimerer forsinkelser i at give byggetilladelse.<\/p>\n<p><strong>Vores team vil med gl\u00e6de diskutere dette med dig. <a href=\"\/da_dk\/contact\/\" data-type=\"page\" data-id=\"117\">Tag kontakt<\/a><\/strong><\/p>\n<\/div>\n<\/div>\n<\/div>\n<\/div>\n<div class=\"wp-block-vanguard-concertina-item accordion-item\">\n<h2 class=\"accordion-header\" id=\"heading-b24df5db-04f3-4d41-9d5e-b7bb71fe930e\">\n<div class=\"title\">Er der behov for byggetilladelse for at installere et modulanl\u00e6g?<\/div>\n<p><span class=\"indicator\"><\/span><\/h2>\n<div id=\"collapse-b24df5db-04f3-4d41-9d5e-b7bb71fe930e\" class=\"accordion-collapse collapse\" aria-labelledby=\"heading-b24df5db-04f3-4d41-9d5e-b7bb71fe930e\" data-bs-parent=\"#accordion-i9PUm1SAuAIPWb4o\">\n<div class=\"accordion-body\">\n<div class=\"text\">Ja, der kr\u00e6ves byggetilladelse til modulbyggeri p\u00e5 grund af projektets varighed og omfang, men vi kan hj\u00e6lpe med dette.<\/p>\n<p>Som du ville forvente, har vi et v\u00e6ld af erfaring p\u00e5 dette omr\u00e5de. Vores projektteam kan inkludere en specialist planl\u00e6gningskonsulent til at st\u00f8tte kunderne med planl\u00e6gningsindsendelse og godkendelsesprocessen, dette er ofte tilf\u00e6ldet med vores <a href=\"\/da_dk\/service\/turnkey-solutions\/\" data-type=\"service\" data-id=\"185\">n\u00f8glef\u00e6rdige l\u00f8sninger<\/a>. Vores konsulent vil engagere sig i forudg\u00e5ende planl\u00e6gningsdiskussioner med den relevante lokale myndighed for at sikre, at deres krav er godt forst\u00e5et, hvilket minimerer forsinkelser i at give byggetilladelse.<\/p>\n<p><strong>Vores venlige<\/strong> <strong>team vil med gl\u00e6de diskutere dette med dig. <a href=\"\/da_dk\/contact\/\" data-type=\"page\" data-id=\"117\">Tag kontakt<\/a><\/strong><\/div>\n<\/div>\n<\/div>\n<\/div>\n<div class=\"wp-block-vanguard-concertina-item accordion-item\">\n<h2 class=\"accordion-header\" id=\"heading-34124cfa-e6e2-45a3-bf73-0b32f35190c3\">\n<div class=\"title\">Kan du lave et anl\u00e6g, der er skr\u00e6ddersyet til vores krav?<\/div>\n<p><span class=\"indicator\"><\/span><\/h2>\n<div id=\"collapse-34124cfa-e6e2-45a3-bf73-0b32f35190c3\" class=\"accordion-collapse collapse\" aria-labelledby=\"heading-34124cfa-e6e2-45a3-bf73-0b32f35190c3\" data-bs-parent=\"#accordion-i9PUm1SAuAIPWb4o\">\n<div class=\"accordion-body\">\n<div class=\"text\">Absolut, det er det, vi er kendt for. Vi vil arbejde sammen med dig om at skabe et Healthcare Space, der er designet til at matche dine specifikke krav, fra styring af patientflow, effektivitetsforanstaltninger til det ydre udseende og f\u00f8lelse.<\/div>\n<\/div>\n<\/div>\n<\/div>\n<div class=\"wp-block-vanguard-concertina-item accordion-item\">\n<h2 class=\"accordion-header\" id=\"heading-e9236659-7d7f-430c-b93c-bb3da24afa3e\">\n<div class=\"title\">Leverer du kliniske personalel\u00f8sninger?<\/div>\n<p><span class=\"indicator\"><\/span><\/h2>\n<div id=\"collapse-e9236659-7d7f-430c-b93c-bb3da24afa3e\" class=\"accordion-collapse collapse\" aria-labelledby=\"heading-e9236659-7d7f-430c-b93c-bb3da24afa3e\" data-bs-parent=\"#accordion-i9PUm1SAuAIPWb4o\">\n<div class=\"accordion-body\">\n<div class=\"text\">Ja, klinisk personaleydelse er ofte en del af vores kontrakter. Vi har et st\u00e6rkt team af registrerede og ikke-registrerede behandlere, som ikke kun yder en fremragende klinisk service til vores klienter og deres patienter, men som ogs\u00e5 har solid viden om, hvad det kr\u00e6ver at arbejde i en midlertidig facilitet.<\/p>\n<p>Typiske roller kan omfatte teater-, endoskopi- og ledende praktiserende l\u00e6ger (alle NMC\/HCPC-registrerede), praktiserende l\u00e6ger med erfaring i diagnostiske og terapeutiske procedurer, dekontamineringspraktiserende l\u00e6ger og enhedsfacilitatorer.<\/p>\n<p><a href=\"\/da_dk\/service\/our-clinicians\/\" data-type=\"service\" data-id=\"188\">Opdag mere om, hvordan vi kan hj\u00e6lpe dig med klinisk personale til dit Healthcare Space.<\/a><\/div>\n<\/div>\n<\/div>\n<\/div>\n<div class=\"wp-block-vanguard-concertina-item accordion-item\">\n<h2 class=\"accordion-header\" id=\"heading-b2903f31-9b7b-4f6b-8001-9561a50b590e\">\n<div class=\"title\">Hvordan kan jeg finde ud af mere om at f\u00e5 en operationsstue p\u00e5 stedet?<\/div>\n<p><span class=\"indicator\"><\/span><\/h2>\n<div id=\"collapse-b2903f31-9b7b-4f6b-8001-9561a50b590e\" class=\"accordion-collapse collapse\" aria-labelledby=\"heading-b2903f31-9b7b-4f6b-8001-9561a50b590e\" data-bs-parent=\"#accordion-i9PUm1SAuAIPWb4o\">\n<div class=\"accordion-body\">\n<div class=\"text\">Bare tag kontakt til vores venlige team, og de vil tage dig gennem trinene. Du vil sandsynligvis opdage, at processen er mere ligetil, end du havde forestillet dig. Vi kan tage det h\u00e5rde arbejde v\u00e6k for dig og endda s\u00f8rge for en <a href=\"\/da_dk\/service\/turnkey-solutions\/\" data-type=\"service\">n\u00f8glef\u00e6rdig l\u00f8sning<\/a> hvis det passer dig bedst.<\/p>\n<p><strong><a href=\"\/da_dk\/contact\/\" data-type=\"page\" data-id=\"117\">Tag kontakt<\/a><\/strong><\/div>\n<\/div>\n<\/div>\n<\/div>\n<div class=\"wp-block-vanguard-concertina-item accordion-item\">\n<h2 class=\"accordion-header\" id=\"heading-868c76d8-3257-4fcf-957d-67bf4859f5ec\">\n<div class=\"title\">Leverer du faciliteter uden for Storbritannien?<\/div>\n<p><span class=\"indicator\"><\/span><\/h2>\n<div id=\"collapse-868c76d8-3257-4fcf-957d-67bf4859f5ec\" class=\"accordion-collapse collapse\" aria-labelledby=\"heading-868c76d8-3257-4fcf-957d-67bf4859f5ec\" data-bs-parent=\"#accordion-i9PUm1SAuAIPWb4o\">\n<div class=\"accordion-body\">\n<div class=\"text\">Ja, vi opererer internationalt under m\u00e6rket Q-bital Healthcare Solutions. Vi har erfaring med at levere faciliteter i Australien, New Zealand, Benelux, Frankrig, Irland og Norden. Vores venlige internationale team kan fort\u00e6lle dig mere eller bes\u00f8ge <a href=\"http:\/\/www.q-bital.com\" data-type=\"URL\" data-id=\"http:\/\/www.q-bital.com\">www.q-bital.com<\/a>.<\/div>\n<\/div>\n<\/div>\n<\/div>\n<div class=\"wp-block-vanguard-concertina-item accordion-item\">\n<h2 class=\"accordion-header\" id=\"heading-32b61ab8-f388-43b3-8c99-1399b90140cf\">\n<div class=\"title\">Hvordan styrer du din p\u00e5virkning af milj\u00f8et, is\u00e6r med dine st\u00f8rre faciliteter?<\/div>\n<p><span class=\"indicator\"><\/span><\/h2>\n<div id=\"collapse-32b61ab8-f388-43b3-8c99-1399b90140cf\" class=\"accordion-collapse collapse\" aria-labelledby=\"heading-32b61ab8-f388-43b3-8c99-1399b90140cf\" data-bs-parent=\"#accordion-i9PUm1SAuAIPWb4o\">\n<div class=\"accordion-body\">\n<div class=\"text\">Hvordan styrer du din p\u00e5virkning af milj\u00f8et, is\u00e6r med dine st\u00f8rre faciliteter?<br \/>Som udbyder til NHS deler vi visionen i NHS Green Plan. Vores l\u00f8sninger er designet, bygget og leveret med stor omhu og hensyntagen til milj\u00f8et, hvilket reducerer kulstof p\u00e5 hvert trin i vores fremstillingsproces. Vi leder konstant efter m\u00e5der at minimere p\u00e5virkningen af, hvordan vi bruger ressourcer med et s\u00e6rligt fokus p\u00e5 at sikre, at vi bidrager til den globale dagsorden for klima\u00e6ndringer.<\/p>\n<p>Vores m\u00e5l er at v\u00e6re nettokulstofnul for scope 1 &amp; 2 emissioner inden udgangen af 2023 og for scope 3 inden 2035; vi har en robust CO2-reduktionsplan p\u00e5 plads for at hj\u00e6lpe os med at opn\u00e5 dette. Vi er stolte af vores fremskridt p\u00e5 rejsen mod CO2 netto nul, <a href=\"\/da_dk\/carbon-reduction-plan\/\" data-type=\"page\" data-id=\"705\">se n\u00e6rmere her...<\/a> <\/p>\n<p>Vi samarbejdede for nylig med <a href=\"\/da_dk\/vanguard-healthcare-solutions-joins-forces-with-klimate-on-carbon-removal-project-and-takes-next-step-in-its-net-zero-journey\/\" data-type=\"post\" data-id=\"429\">Klimate<\/a> at skabe en CO2-fjernelsesstrategi for at hj\u00e6lpe os med at n\u00e5 vores netto nul-ambitioner. Den innovative portef\u00f8lje af kulstoffjernelsesprojekter omfatter projekter som direkte luftopsamling, dyb lagring af bioolie, havtang og genoprettende tr\u00e6plantning. Alle er uafh\u00e6ngigt verificeret for at sikre deres integritet.<\/div>\n<\/div>\n<\/div>\n<\/div>\n<div class=\"wp-block-vanguard-concertina-item accordion-item\">\n<h2 class=\"accordion-header\" id=\"heading-7562bf47-5278-48e0-b4d4-61a2e1dac74f\">\n<div class=\"title\">Arbejder du med partnere?<\/div>\n<p><span class=\"indicator\"><\/span><\/h2>\n<div id=\"collapse-7562bf47-5278-48e0-b4d4-61a2e1dac74f\" class=\"accordion-collapse collapse\" aria-labelledby=\"heading-7562bf47-5278-48e0-b4d4-61a2e1dac74f\" data-bs-parent=\"#accordion-i9PUm1SAuAIPWb4o\">\n<div class=\"accordion-body\">\n<div class=\"text\">Ja, vi er altid villige til at unders\u00f8ge sagen <a href=\"\/da_dk\/partner-programme\/\" data-type=\"page\" data-id=\"316\">partnerskabsmuligheder<\/a> og arbejder i \u00f8jeblikket med udstyrsproducenter, arkitekter, byggeri og operat\u00f8rer af kliniske tjenester.<\/div>\n<\/div>\n<\/div>\n<\/div>\n<div class=\"wp-block-vanguard-concertina-item accordion-item\">\n<h2 class=\"accordion-header\" id=\"heading-75f6aefa-698c-4048-889a-715d11804108\">\n<div class=\"title\">Er Vanguard godkendt og opf\u00f8rt p\u00e5 alle hospitalsrammer?<\/div>\n<p><span class=\"indicator\"><\/span><\/h2>\n<div id=\"collapse-75f6aefa-698c-4048-889a-715d11804108\" class=\"accordion-collapse collapse\" aria-labelledby=\"heading-75f6aefa-698c-4048-889a-715d11804108\" data-bs-parent=\"#accordion-i9PUm1SAuAIPWb4o\">\n<div class=\"accordion-body\">\n<div class=\"text\">Mange af vores kunder bruger en <a href=\"\/da_dk\/procurement\/\" data-type=\"page\" data-id=\"455\">rammeaftale om indk\u00f8b<\/a> et nyt anl\u00e6g; vi er godkendt og opf\u00f8rt p\u00e5 alle st\u00f8rre hospitalsrammer. Der er fordele knyttet til hvert af rammerne, s\u00e5 det er godt at unders\u00f8ge, hvad de kan tilbyde dig.<\/p>\n<p><strong><a href=\"\/da_dk\/contact\/\" data-type=\"page\" data-id=\"117\">Tag kontakt<\/a><\/strong><\/div>\n<\/div>\n<\/div>\n<\/div>\n<div class=\"wp-block-vanguard-concertina-item accordion-item\">\n<h2 class=\"accordion-header\" id=\"heading-fa666c52-3c78-40f9-895c-adcd67fb5d8b\">\n<div class=\"title\">Findes en komplet n\u00f8glef\u00e6rdig l\u00f8sning?<\/div>\n<p><span class=\"indicator\"><\/span><\/h2>\n<div id=\"collapse-fa666c52-3c78-40f9-895c-adcd67fb5d8b\" class=\"accordion-collapse collapse\" aria-labelledby=\"heading-fa666c52-3c78-40f9-895c-adcd67fb5d8b\" data-bs-parent=\"#accordion-i9PUm1SAuAIPWb4o\">\n<div class=\"accordion-body\">\n<div class=\"text\">Absolut, vi kan tage os af hele processen og levere en <a href=\"\/da_dk\/service\/turnkey-solutions\/\" data-type=\"service\" data-id=\"185\">n\u00f8glef\u00e6rdig l\u00f8sning<\/a>. Denne service omfatter fuld styring af designprocessen (herunder godkendelse af business case), intern produktion, installation p\u00e5 stedet og idrifts\u00e6ttelse af projekter. Vi har et v\u00e6ld af erfaring med at indk\u00f8be og levere alt arbejde p\u00e5 stedet gennem vores specialiserede sundhedsdesignteam.<\/div>\n<\/div>\n<\/div>\n<\/div>\n<\/div>\n<\/div>\n<\/section>\n<\/div>","protected":false},"excerpt":{"rendered":"","protected":false},"author":2,"featured_media":0,"parent":0,"menu_order":0,"comment_status":"closed","ping_status":"closed","template":"","meta":{"_acf_changed":false,"footnotes":""},"class_list":["post-693","page","type-page","status-publish","format-standard","hentry"],"acf":[],"yoast_head":"<!-- This site is optimized with the Yoast SEO plugin v27.4 - https:\/\/yoast.com\/product\/yoast-seo-wordpress\/ -->\n<title>FAQs - Vanguard Healthcare Solutions<\/title>\n<meta name=\"robots\" content=\"index, follow, max-snippet:-1, max-image-preview:large, max-video-preview:-1\" \/>\n<link rel=\"canonical\" href=\"https:\/\/www.vanguardhealthcare.co.uk\/da_dk\/faqs\/\" \/>\n<meta property=\"og:locale\" content=\"da_DK\" \/>\n<meta property=\"og:type\" content=\"article\" \/>\n<meta property=\"og:title\" content=\"FAQs - Vanguard Healthcare Solutions\" \/>\n<meta property=\"og:url\" content=\"https:\/\/www.vanguardhealthcare.co.uk\/da_dk\/faqs\/\" \/>\n<meta property=\"og:site_name\" content=\"Vanguard Healthcare Solutions\" \/>\n<meta property=\"article:modified_time\" content=\"2023-09-19T13:35:31+00:00\" \/>\n<meta name=\"twitter:card\" content=\"summary_large_image\" \/>\n<meta name=\"twitter:label1\" content=\"Estimeret l\u00e6setid\" \/>\n\t<meta name=\"twitter:data1\" content=\"6 minutter\" \/>\n<script type=\"application\/ld+json\" class=\"yoast-schema-graph\">{\"@context\":\"https:\\\/\\\/schema.org\",\"@graph\":[{\"@type\":\"WebPage\",\"@id\":\"https:\\\/\\\/www.vanguardhealthcare.co.uk\\\/faqs\\\/\",\"url\":\"https:\\\/\\\/www.vanguardhealthcare.co.uk\\\/faqs\\\/\",\"name\":\"FAQs - Vanguard Healthcare Solutions\",\"isPartOf\":{\"@id\":\"https:\\\/\\\/www.vanguardhealthcare.co.uk\\\/#website\"},\"datePublished\":\"2023-07-19T15:41:55+00:00\",\"dateModified\":\"2023-09-19T13:35:31+00:00\",\"breadcrumb\":{\"@id\":\"https:\\\/\\\/www.vanguardhealthcare.co.uk\\\/faqs\\\/#breadcrumb\"},\"inLanguage\":\"da-DK\",\"potentialAction\":[{\"@type\":\"ReadAction\",\"target\":[\"https:\\\/\\\/www.vanguardhealthcare.co.uk\\\/faqs\\\/\"]}]},{\"@type\":\"BreadcrumbList\",\"@id\":\"https:\\\/\\\/www.vanguardhealthcare.co.uk\\\/faqs\\\/#breadcrumb\",\"itemListElement\":[{\"@type\":\"ListItem\",\"position\":1,\"name\":\"Home\",\"item\":\"https:\\\/\\\/www.vanguardhealthcare.co.uk\\\/\"},{\"@type\":\"ListItem\",\"position\":2,\"name\":\"FAQs\"}]},{\"@type\":\"WebSite\",\"@id\":\"https:\\\/\\\/www.vanguardhealthcare.co.uk\\\/#website\",\"url\":\"https:\\\/\\\/www.vanguardhealthcare.co.uk\\\/\",\"name\":\"Vanguard Healthcare Solutions\",\"description\":\"\",\"potentialAction\":[{\"@type\":\"SearchAction\",\"target\":{\"@type\":\"EntryPoint\",\"urlTemplate\":\"https:\\\/\\\/www.vanguardhealthcare.co.uk\\\/?s={search_term_string}\"},\"query-input\":{\"@type\":\"PropertyValueSpecification\",\"valueRequired\":true,\"valueName\":\"search_term_string\"}}],\"inLanguage\":\"da-DK\"}]}<\/script>\n<!-- \/ Yoast SEO plugin. -->","yoast_head_json":{"title":"Ofte stillede sp\u00f8rgsm\u00e5l - Vanguard Sundhedsl\u00f8sninger","robots":{"index":"index","follow":"follow","max-snippet":"max-snippet:-1","max-image-preview":"max-image-preview:large","max-video-preview":"max-video-preview:-1"},"canonical":"https:\/\/www.vanguardhealthcare.co.uk\/da_dk\/faqs\/","og_locale":"da_DK","og_type":"article","og_title":"FAQs - Vanguard Healthcare Solutions","og_url":"https:\/\/www.vanguardhealthcare.co.uk\/da_dk\/faqs\/","og_site_name":"Vanguard Healthcare Solutions","article_modified_time":"2023-09-19T13:35:31+00:00","twitter_card":"summary_large_image","twitter_misc":{"Estimeret l\u00e6setid":"6 minutter"},"schema":{"@context":"https:\/\/schema.org","@graph":[{"@type":"WebPage","@id":"https:\/\/www.vanguardhealthcare.co.uk\/faqs\/","url":"https:\/\/www.vanguardhealthcare.co.uk\/faqs\/","name":"Ofte stillede sp\u00f8rgsm\u00e5l - Vanguard Sundhedsl\u00f8sninger","isPartOf":{"@id":"https:\/\/www.vanguardhealthcare.co.uk\/#website"},"datePublished":"2023-07-19T15:41:55+00:00","dateModified":"2023-09-19T13:35:31+00:00","breadcrumb":{"@id":"https:\/\/www.vanguardhealthcare.co.uk\/faqs\/#breadcrumb"},"inLanguage":"da-DK","potentialAction":[{"@type":"ReadAction","target":["https:\/\/www.vanguardhealthcare.co.uk\/faqs\/"]}]},{"@type":"BreadcrumbList","@id":"https:\/\/www.vanguardhealthcare.co.uk\/faqs\/#breadcrumb","itemListElement":[{"@type":"ListItem","position":1,"name":"Home","item":"https:\/\/www.vanguardhealthcare.co.uk\/"},{"@type":"ListItem","position":2,"name":"FAQs"}]},{"@type":"WebSite","@id":"https:\/\/www.vanguardhealthcare.co.uk\/#website","url":"https:\/\/www.vanguardhealthcare.co.uk\/","name":"Vanguard Healthcare Solutions","description":"","potentialAction":[{"@type":"SearchAction","target":{"@type":"EntryPoint","urlTemplate":"https:\/\/www.vanguardhealthcare.co.uk\/?s={search_term_string}"},"query-input":{"@type":"PropertyValueSpecification","valueRequired":true,"valueName":"search_term_string"}}],"inLanguage":"da-DK"}]}},"_links":{"self":[{"href":"https:\/\/www.vanguardhealthcare.co.uk\/da_dk\/wp-json\/wp\/v2\/pages\/693","targetHints":{"allow":["GET"]}}],"collection":[{"href":"https:\/\/www.vanguardhealthcare.co.uk\/da_dk\/wp-json\/wp\/v2\/pages"}],"about":[{"href":"https:\/\/www.vanguardhealthcare.co.uk\/da_dk\/wp-json\/wp\/v2\/types\/page"}],"author":[{"embeddable":true,"href":"https:\/\/www.vanguardhealthcare.co.uk\/da_dk\/wp-json\/wp\/v2\/users\/2"}],"replies":[{"embeddable":true,"href":"https:\/\/www.vanguardhealthcare.co.uk\/da_dk\/wp-json\/wp\/v2\/comments?post=693"}],"version-history":[{"count":0,"href":"https:\/\/www.vanguardhealthcare.co.uk\/da_dk\/wp-json\/wp\/v2\/pages\/693\/revisions"}],"wp:attachment":[{"href":"https:\/\/www.vanguardhealthcare.co.uk\/da_dk\/wp-json\/wp\/v2\/media?parent=693"}],"curies":[{"name":"wp","href":"https:\/\/api.w.org\/{rel}","templated":true}]}}