{"id":674,"date":"2023-07-19T14:17:08","date_gmt":"2023-07-19T14:17:08","guid":{"rendered":"https:\/\/www.vanguardhealthcare.co.uk\/?page_id=674"},"modified":"2026-03-27T16:46:36","modified_gmt":"2026-03-27T16:46:36","slug":"heritage","status":"publish","type":"page","link":"https:\/\/www.vanguardhealthcare.co.uk\/da_dk\/heritage\/","title":{"rendered":"Arv"},"content":{"rendered":"<section id=\"section-2-59\" class=\"ct-section\" style=\"background-image:url(https:\/\/www.vanguardhealthcare.co.uk\/wp-content\/uploads\/2023\/05\/boulders-right.png);background-size: auto;\" >\n<div class=\"ct-section-inner-wrap\">\n<div id=\"div_block-8-59\" class=\"ct-div-block\" ><a id=\"link_text-6-59\" class=\"ct-link-text\" href=\"\/da_dk\/\" target=\"_self\"  >Hjem<\/a><\/p>\n<h1 id=\"headline-3-59\" class=\"ct-headline\"><span id=\"span-4-59\" class=\"ct-span\" >Arv<\/span><\/h1>\n<\/div>\n<\/div>\n<\/section>\n<section id=\"section-68-14-text-left-white\" class=\"ct-section\" >\n<div class=\"ct-section-inner-wrap\">\n<div id=\"new_columns-69-14text-left-white\" class=\"ct-new-columns\" >\n<div id=\"div_block-70-14\" class=\"ct-div-block\" >\n<h2 id=\"headline-71-14\" class=\"ct-headline\">Skab innovative l\u00f8sninger for sundhedsudbydere i over to \u00e5rtier<\/h2>\n<div id=\"_rich_text-72-14\" class=\"oxy-rich-text\" >\n<p dir=\"ltr\">Siden Vanguard Healthcare Solutions blev etableret i 1999, er vores ry som en f\u00f8rende global leverand\u00f8r af fleksibel klinisk infrastruktur og tjenester vokset st\u00f8t. Vi er stolte af at arbejde i partnerskab med NHS Trusts og uafh\u00e6ngige sektororganisationer i hele Storbritannien - over 50% af britiske offentlige hospitalsudbydere har nu brugt et af vores Healthcare Spaces. Vores kunder stoler p\u00e5, at vi leverer h\u00f8jkvalitets, teknisk avancerede l\u00f8sninger for at forbedre sundhedsresultater i tempo og vender tilbage til os igen og igen, n\u00e5r behovene \u00e6ndrer sig.&nbsp;<\/p>\n<p dir=\"ltr\">I 2018 blev Q-bital Healthcare Solutions officielt lanceret, den internationale afdeling af Vanguard Healthcare Solutions. Virksomhedens ekspansion er fortsat uformindsket i b\u00e5de Storbritannien og internationalt, og det forts\u00e6tter med at levere innovative nye l\u00f8sninger. Vi opererer nu internationalt i Holland, Sverige, Australien og Frankrig og forts\u00e6tter med at se p\u00e5 nye markeder at ekspandere til, og yder support, hvor det er n\u00f8dvendigt. For yderligere information om vores internationale aktiviteter, bes\u00f8g venligst <a href=\"https:\/\/www.q-bital.com\" target=\"_blank\" rel=\"noopener\">www.q-bital.com<\/a>.<\/p>\n<p dir=\"ltr\">I 2023 annoncerede Vanguard Healthcare Solutions k\u00f8bet af en specialbygget produktionsfacilitet i Hull. Denne investering tillader yderligere kapacitet til vores midlertidige og permanente modul\u00e6re rumproduktionskapacitet. Dette initiativ vil give st\u00f8rre muligheder for med succes at im\u00f8dekomme behovene for infrastrukturinvesteringer i sundhedssektoren.<\/p>\n<p dir=\"ltr\">I 2026 ekspanderede Vanguard Healthcare Solutions til life science-sektoren med lanceringen af&nbsp;<a href=\"http:\/\/www.vanguardlifesciences.co.uk\">Vanguard Biovidenskab<\/a>. Med udgangspunkt i sin etablerede ekspertise inden for levering af modul\u00e6re sundhedsfaciliteter fokuserer denne nye division p\u00e5 at levere avancerede renrums- og indeslutningsmilj\u00f8er til farmaceutiske, bioteknologiske og forskningsorganisationer. Leveret i samarbejde med specialiseret partner&nbsp;<a href=\"https:\/\/www.enbloc-cleanrooms.com\/\">Enblok<\/a>,&nbsp;<a href=\"\/wp-admin\/vanguardlifescience\">Vanguard Biovidenskab<\/a>&nbsp;udvider virksomhedens kapacitet til st\u00e6rkt regulerede milj\u00f8er og underst\u00f8tter kunder med fleksible, kompatible infrastrukturl\u00f8sninger.<\/p>\n<p dir=\"ltr\">&nbsp;<\/p>\n<\/div>\n<\/div>\n<div id=\"div_block-74-14\" class=\"ct-div-block\" ><img decoding=\"async\"  id=\"image-75-14\" alt=\"\" src=\"https:\/\/www.vanguardhealthcare.co.uk\/wp-content\/uploads\/2025\/03\/PHOTOSHOPPED-VERSION-EXTERNAL-scaled.jpg\" class=\"ct-image\"\/><\/div>\n<\/div>\n<\/div>\n<\/section>\n<section id=\"section-132-34\" class=\"ct-section\" >\n<div class=\"ct-section-inner-wrap\">\n<div id=\"new_columns-133-34\" class=\"ct-new-columns\" >\n<div id=\"div_block-138-34\" class=\"ct-div-block\" ><img decoding=\"async\"  id=\"image-139-34\" alt=\"\" src=\"https:\/\/www.vanguardhealthcare.co.uk\/wp-content\/uploads\/2025\/10\/NUFFIELD-TEES-USE-THIS-BETTER-FORMAT.jpg\" class=\"ct-image\"\/><\/div>\n<div id=\"div_block-134-34\" class=\"ct-div-block\" >\n<h2 id=\"headline-135-34\" class=\"ct-headline\">Hver detalje bliver overvejet for at f\u00e5 vores sundhedsrum til at fungere for vores kunder<\/h2>\n<div id=\"_rich_text-136-34\" class=\"oxy-rich-text\" >\n<p dir=\"ltr\">Vi arbejder sammen med vores kunder om at levere b\u00e6redygtige sundhedsl\u00f8sninger af h\u00f8j kvalitet med skr\u00e6ddersyede mobile og modul\u00e6re Healthcare Spaces, der im\u00f8dekommer de unikke behov i hvert sundhedssystem. Vores faciliteter kan skr\u00e6ddersyes med en r\u00e6kke valgmuligheder, herunder operationsstuer, kirurgiske centre, community diagnostic centre (CDC&#039;er), endoskopisuiter, dekontaminerings- og steriliseringsfaciliteter, afdelinger, klinikker og mindre skadesafdelinger (MIU). Vores produkter, tjenester og muligheder for klinisk personale kan kombineres for at tilbyde uendelige muligheder; hvert nyt projekt er en mulighed for at skabe et helt unikt Healthcare Space.<\/p>\n<p dir=\"ltr\">Vores omd\u00f8mme blev dannet af vores evne til at st\u00f8tte hospitaler med yderligere kapacitetsfaciliteter, der kunne leveres i l\u00f8bet af f\u00e5 dage. Men vi tilbyder vores kunder s\u00e5 meget mere, med uendelige muligheder for vores betroede partnere til at udvide gr\u00e6nserne for deres sundhedsydelser.&nbsp;<\/p>\n<p dir=\"ltr\">Vores ekspertise er baseret p\u00e5 at skabe st\u00e6rke relationer med vores kunder og udvikle m\u00e5der at forbedre den eksisterende infrastruktur i sundhedsomr\u00e5det. Vores drivende ambition er at v\u00e6re en del af udviklingen af verdens mest fleksible sundhedsinfrastrukturl\u00f8sninger. Udover at tilbyde Healthcare Spaces til at hj\u00e6lpe med h\u00f8j patienteftersp\u00f8rgsel og lange ventelister, kan vi hj\u00e6lpe dig med at overvinde driftsm\u00e6ssige udfordringer s\u00e5som en renovering og tilbyde en n\u00f8dberedskab, hvis du oplever en brand, oversv\u00f8mmelse eller biografsammenbrud.&nbsp;<\/p>\n<p dir=\"ltr\">Et dedikeret team af eksperter hj\u00e6lper med at projektlede design, implementering og klinisk servicelevering af hver enkelt facilitet fra den f\u00f8rste id\u00e9 til fjernelse fra stedet. Hvert trin i projektet underst\u00f8ttes af et klinisk team af praktiserende l\u00e6ger, sundhedsassistenter og registrerede sygeplejersker, som er til r\u00e5dighed for at yde yderligere bemanding af faciliteterne, n\u00e5r det er n\u00f8dvendigt.<\/p>\n<\/div>\n<\/div>\n<\/div>\n<\/div>\n<\/section>\n<section id=\"section-2-202\" class=\"ct-section\" >\n<div class=\"ct-section-inner-wrap\">\n<div id=\"div_block-3-202\" class=\"ct-div-block\" >\n<h2 id=\"headline-4-202\" class=\"ct-headline\">Over 350.000 procedurer og t\u00e6ller...<\/h2>\n<div id=\"_rich_text-5-202\" class=\"oxy-rich-text\" >\n<p dir=\"ltr\">Over 350.000 procedurer er blevet udf\u00f8rt i vores mobile faciliteter bemandet med klinikere til dato.<\/p>\n<p dir=\"ltr\">Som en klinisk serviceudbyder i verdensklasse er vi stolte af, at vores Healthcare Spaces er velegnede til 75% af alle typer kliniske procedurer, der udf\u00f8res p\u00e5 et st\u00f8rre akut hospital, lige fra hofteudskiftninger til kataraktkirurgi, endoskopiprocedurer til plastikkirurgi.<\/p>\n<p dir=\"ltr\">Mange af vores faciliteter bliver brugt og bemandet af hospitalet. For kontrakter, hvor en Vanguard-enhedsfacilitator er p\u00e5 stedet, overv\u00e5ger og registrerer virksomheden en l\u00f8bende proceduret\u00e6ller for at muligg\u00f8re kontinuerlige forbedringer og for at bevise sin erfaringsrigdom.<\/p>\n<\/div>\n<div id=\"div_block-6-202\" class=\"ct-div-block\" ><img decoding=\"async\"  id=\"image-7-202\" alt=\"\" src=\"https:\/\/www.vanguardhealthcare.co.uk\/wp-content\/uploads\/2023\/07\/proceedures-infographic.png\" class=\"ct-image\"\/><\/div>\n<\/div>\n<\/div>\n<\/section>\n<section id=\"section-144-59\" class=\"ct-section\" >\n<div class=\"ct-section-inner-wrap\">\n<div id=\"new_columns-145-59\" class=\"ct-new-columns\" >\n<div id=\"div_block-146-59\" class=\"ct-div-block\" >\n<div id=\"_rich_text-9-63\" class=\"oxy-rich-text\" >\n<p>At finde en l\u00f8sning, der fungerer for dit hospital, starter her...<\/p>\n<\/div>\n<p><a id=\"link_button-149-59\" class=\"ct-link-button\" href=\"\/da_dk\/contact\/\" target=\"_self\"  >Tag kontakt<\/a><\/div>\n<div id=\"div_block-150-59\" class=\"ct-div-block\" ><img decoding=\"async\"  id=\"image-151-59\" alt=\"\" src=\"https:\/\/www.vanguardhealthcare.co.uk\/wp-content\/uploads\/2023\/06\/kettering-2-1.jpg\" class=\"ct-image\"\/><\/div>\n<\/div>\n<\/div>\n<\/section>","protected":false},"excerpt":{"rendered":"","protected":false},"author":2,"featured_media":0,"parent":0,"menu_order":0,"comment_status":"closed","ping_status":"closed","template":"","meta":{"_acf_changed":false,"footnotes":""},"class_list":["post-674","page","type-page","status-publish","format-standard","hentry"],"acf":[],"yoast_head":"<!-- This site is optimized with the Yoast SEO plugin v27.3 - https:\/\/yoast.com\/product\/yoast-seo-wordpress\/ -->\n<title>Heritage - Vanguard Healthcare Solutions<\/title>\n<meta name=\"robots\" content=\"index, follow, max-snippet:-1, max-image-preview:large, max-video-preview:-1\" \/>\n<link rel=\"canonical\" href=\"https:\/\/www.vanguardhealthcare.co.uk\/da_dk\/heritage\/\" \/>\n<meta property=\"og:locale\" content=\"da_DK\" \/>\n<meta property=\"og:type\" content=\"article\" \/>\n<meta property=\"og:title\" content=\"Heritage - Vanguard Healthcare Solutions\" \/>\n<meta property=\"og:url\" content=\"https:\/\/www.vanguardhealthcare.co.uk\/da_dk\/heritage\/\" \/>\n<meta property=\"og:site_name\" content=\"Vanguard Healthcare Solutions\" \/>\n<meta property=\"article:modified_time\" content=\"2026-03-27T16:46:36+00:00\" \/>\n<meta name=\"twitter:card\" content=\"summary_large_image\" \/>\n<meta name=\"twitter:label1\" content=\"Estimeret l\u00e6setid\" \/>\n\t<meta name=\"twitter:data1\" content=\"1 minut\" \/>\n<script type=\"application\/ld+json\" class=\"yoast-schema-graph\">{\"@context\":\"https:\\\/\\\/schema.org\",\"@graph\":[{\"@type\":\"WebPage\",\"@id\":\"https:\\\/\\\/www.vanguardhealthcare.co.uk\\\/heritage\\\/\",\"url\":\"https:\\\/\\\/www.vanguardhealthcare.co.uk\\\/heritage\\\/\",\"name\":\"Heritage - Vanguard Healthcare Solutions\",\"isPartOf\":{\"@id\":\"https:\\\/\\\/www.vanguardhealthcare.co.uk\\\/#website\"},\"datePublished\":\"2023-07-19T14:17:08+00:00\",\"dateModified\":\"2026-03-27T16:46:36+00:00\",\"breadcrumb\":{\"@id\":\"https:\\\/\\\/www.vanguardhealthcare.co.uk\\\/heritage\\\/#breadcrumb\"},\"inLanguage\":\"da-DK\",\"potentialAction\":[{\"@type\":\"ReadAction\",\"target\":[\"https:\\\/\\\/www.vanguardhealthcare.co.uk\\\/heritage\\\/\"]}]},{\"@type\":\"BreadcrumbList\",\"@id\":\"https:\\\/\\\/www.vanguardhealthcare.co.uk\\\/heritage\\\/#breadcrumb\",\"itemListElement\":[{\"@type\":\"ListItem\",\"position\":1,\"name\":\"Home\",\"item\":\"https:\\\/\\\/www.vanguardhealthcare.co.uk\\\/\"},{\"@type\":\"ListItem\",\"position\":2,\"name\":\"Heritage\"}]},{\"@type\":\"WebSite\",\"@id\":\"https:\\\/\\\/www.vanguardhealthcare.co.uk\\\/#website\",\"url\":\"https:\\\/\\\/www.vanguardhealthcare.co.uk\\\/\",\"name\":\"Vanguard Healthcare Solutions\",\"description\":\"\",\"potentialAction\":[{\"@type\":\"SearchAction\",\"target\":{\"@type\":\"EntryPoint\",\"urlTemplate\":\"https:\\\/\\\/www.vanguardhealthcare.co.uk\\\/?s={search_term_string}\"},\"query-input\":{\"@type\":\"PropertyValueSpecification\",\"valueRequired\":true,\"valueName\":\"search_term_string\"}}],\"inLanguage\":\"da-DK\"}]}<\/script>\n<!-- \/ Yoast SEO plugin. -->","yoast_head_json":{"title":"Arv - Vanguard Sundhedsl\u00f8sninger","robots":{"index":"index","follow":"follow","max-snippet":"max-snippet:-1","max-image-preview":"max-image-preview:large","max-video-preview":"max-video-preview:-1"},"canonical":"https:\/\/www.vanguardhealthcare.co.uk\/da_dk\/heritage\/","og_locale":"da_DK","og_type":"article","og_title":"Heritage - Vanguard Healthcare Solutions","og_url":"https:\/\/www.vanguardhealthcare.co.uk\/da_dk\/heritage\/","og_site_name":"Vanguard Healthcare Solutions","article_modified_time":"2026-03-27T16:46:36+00:00","twitter_card":"summary_large_image","twitter_misc":{"Estimeret l\u00e6setid":"1 minut"},"schema":{"@context":"https:\/\/schema.org","@graph":[{"@type":"WebPage","@id":"https:\/\/www.vanguardhealthcare.co.uk\/heritage\/","url":"https:\/\/www.vanguardhealthcare.co.uk\/heritage\/","name":"Arv - Vanguard Sundhedsl\u00f8sninger","isPartOf":{"@id":"https:\/\/www.vanguardhealthcare.co.uk\/#website"},"datePublished":"2023-07-19T14:17:08+00:00","dateModified":"2026-03-27T16:46:36+00:00","breadcrumb":{"@id":"https:\/\/www.vanguardhealthcare.co.uk\/heritage\/#breadcrumb"},"inLanguage":"da-DK","potentialAction":[{"@type":"ReadAction","target":["https:\/\/www.vanguardhealthcare.co.uk\/heritage\/"]}]},{"@type":"BreadcrumbList","@id":"https:\/\/www.vanguardhealthcare.co.uk\/heritage\/#breadcrumb","itemListElement":[{"@type":"ListItem","position":1,"name":"Home","item":"https:\/\/www.vanguardhealthcare.co.uk\/"},{"@type":"ListItem","position":2,"name":"Heritage"}]},{"@type":"WebSite","@id":"https:\/\/www.vanguardhealthcare.co.uk\/#website","url":"https:\/\/www.vanguardhealthcare.co.uk\/","name":"Vanguard Healthcare Solutions","description":"","potentialAction":[{"@type":"SearchAction","target":{"@type":"EntryPoint","urlTemplate":"https:\/\/www.vanguardhealthcare.co.uk\/?s={search_term_string}"},"query-input":{"@type":"PropertyValueSpecification","valueRequired":true,"valueName":"search_term_string"}}],"inLanguage":"da-DK"}]}},"_links":{"self":[{"href":"https:\/\/www.vanguardhealthcare.co.uk\/da_dk\/wp-json\/wp\/v2\/pages\/674","targetHints":{"allow":["GET"]}}],"collection":[{"href":"https:\/\/www.vanguardhealthcare.co.uk\/da_dk\/wp-json\/wp\/v2\/pages"}],"about":[{"href":"https:\/\/www.vanguardhealthcare.co.uk\/da_dk\/wp-json\/wp\/v2\/types\/page"}],"author":[{"embeddable":true,"href":"https:\/\/www.vanguardhealthcare.co.uk\/da_dk\/wp-json\/wp\/v2\/users\/2"}],"replies":[{"embeddable":true,"href":"https:\/\/www.vanguardhealthcare.co.uk\/da_dk\/wp-json\/wp\/v2\/comments?post=674"}],"version-history":[{"count":0,"href":"https:\/\/www.vanguardhealthcare.co.uk\/da_dk\/wp-json\/wp\/v2\/pages\/674\/revisions"}],"wp:attachment":[{"href":"https:\/\/www.vanguardhealthcare.co.uk\/da_dk\/wp-json\/wp\/v2\/media?parent=674"}],"curies":[{"name":"wp","href":"https:\/\/api.w.org\/{rel}","templated":true}]}}