{"id":191,"date":"2023-06-13T14:14:32","date_gmt":"2023-06-13T14:14:32","guid":{"rendered":"https:\/\/www.vanguardhealthcare.co.uk\/?page_id=191"},"modified":"2026-04-02T16:22:00","modified_gmt":"2026-04-02T16:22:00","slug":"where-you-work-1","status":"publish","type":"page","link":"https:\/\/www.vanguardhealthcare.co.uk\/da_dk\/where-you-work-1\/","title":{"rendered":"Vores l\u00f8sninger"},"content":{"rendered":"<section id=\"section-2-59\" class=\"ct-section\" style=\"background-image:url(https:\/\/www.vanguardhealthcare.co.uk\/wp-content\/uploads\/2023\/05\/boulders-right.png);background-size: auto;\" >\n<div class=\"ct-section-inner-wrap\">\n<div id=\"div_block-8-59\" class=\"ct-div-block\" ><a id=\"link_text-6-59\" class=\"ct-link-text\" href=\"\/da_dk\/\" target=\"_self\"  >Hjem<\/a><\/p>\n<h1 id=\"headline-3-59\" class=\"ct-headline\"><span id=\"span-4-59\" class=\"ct-span\" >Vores l\u00f8sninger<\/span><\/h1>\n<\/div>\n<\/div>\n<\/section>\n<section id=\"section-13-59\" class=\"ct-section\" >\n<div class=\"ct-section-inner-wrap\">\n<div id=\"_dynamic_list-16-59\" class=\"oxy-dynamic-list\">\n<div id=\"div_block-17-59-1\" class=\"ct-div-block\" data-id=\"div_block-17-59\"><a id=\"link-141-59-1\" class=\"ct-link\" href=\"https:\/\/www.vanguardhealthcare.co.uk\/da_dk\/service\/additional-capacity\/\" data-id=\"link-141-59\"><img decoding=\"async\" id=\"image-25-59-1\" alt=\"\" src=\"https:\/\/www.vanguardhealthcare.co.uk\/wp-content\/uploads\/2023\/06\/day-case-bay-1-1-1024x768.jpg\" class=\"ct-image\" data-id=\"image-25-59\"><\/a><\/p>\n<div id=\"div_block-49-59-1\" class=\"ct-div-block\" data-id=\"div_block-49-59\">\n<h3 id=\"headline-34-59-1\" class=\"ct-headline\" data-id=\"headline-34-59\"><span id=\"span-42-59\" class=\"ct-span\" ><a href='https:\/\/www.vanguardhealthcare.co.uk\/da_dk\/service\/additional-capacity\/'>Ekstra kapacitet<\/a><\/span><\/h3>\n<p><a id=\"link_button-73-167-1\" class=\"ct-link-button button-pink\" href=\"https:\/\/www.vanguardhealthcare.co.uk\/da_dk\/service\/additional-capacity\/\" target=\"_self\" data-id=\"link_button-73-167\">L\u00e6r mere<\/a><\/div>\n<\/div>\n<div id=\"div_block-17-59-2\" class=\"ct-div-block\" data-id=\"div_block-17-59\"><a id=\"link-141-59-2\" class=\"ct-link\" href=\"https:\/\/www.vanguardhealthcare.co.uk\/da_dk\/service\/turnkey-solutions\/\" data-id=\"link-141-59\"><img decoding=\"async\" id=\"image-25-59-2\" alt=\"\" src=\"https:\/\/www.vanguardhealthcare.co.uk\/wp-content\/uploads\/2023\/06\/modular-operating-theatre-1-1024x769.jpg\" class=\"ct-image\" data-id=\"image-25-59\"><\/a><\/p>\n<div id=\"div_block-49-59-2\" class=\"ct-div-block\" data-id=\"div_block-49-59\">\n<h3 id=\"headline-34-59-2\" class=\"ct-headline\" data-id=\"headline-34-59\"><span id=\"span-42-59\" class=\"ct-span\" ><a href='https:\/\/www.vanguardhealthcare.co.uk\/da_dk\/service\/turnkey-solutions\/'>N\u00f8glef\u00e6rdige l\u00f8sninger<\/a><\/span><\/h3>\n<p><a id=\"link_button-73-167-2\" class=\"ct-link-button button-pink\" href=\"https:\/\/www.vanguardhealthcare.co.uk\/da_dk\/service\/turnkey-solutions\/\" target=\"_self\" data-id=\"link_button-73-167\">L\u00e6r mere<\/a><\/div>\n<\/div>\n<div id=\"div_block-17-59-3\" class=\"ct-div-block\" data-id=\"div_block-17-59\"><a id=\"link-141-59-3\" class=\"ct-link\" href=\"https:\/\/www.vanguardhealthcare.co.uk\/da_dk\/service\/design-and-build\/\" data-id=\"link-141-59\"><img decoding=\"async\" id=\"image-25-59-3\" alt=\"\" src=\"https:\/\/www.vanguardhealthcare.co.uk\/wp-content\/uploads\/2023\/06\/QBital_20230303_NAL_B4A7226-Copy-1024x683.jpg\" class=\"ct-image\" data-id=\"image-25-59\"><\/a><\/p>\n<div id=\"div_block-49-59-3\" class=\"ct-div-block\" data-id=\"div_block-49-59\">\n<h3 id=\"headline-34-59-3\" class=\"ct-headline\" data-id=\"headline-34-59\"><span id=\"span-42-59\" class=\"ct-span\" ><a href='https:\/\/www.vanguardhealthcare.co.uk\/da_dk\/service\/design-and-build\/'>Design og byg<\/a><\/span><\/h3>\n<p><a id=\"link_button-73-167-3\" class=\"ct-link-button button-pink\" href=\"https:\/\/www.vanguardhealthcare.co.uk\/da_dk\/service\/design-and-build\/\" target=\"_self\" data-id=\"link_button-73-167\">L\u00e6r mere<\/a><\/div>\n<\/div>\n<div id=\"div_block-17-59-4\" class=\"ct-div-block\" data-id=\"div_block-17-59\"><a id=\"link-141-59-4\" class=\"ct-link\" href=\"https:\/\/www.vanguardhealthcare.co.uk\/da_dk\/service\/neighbourhood-health-centres\/\" data-id=\"link-141-59\"><img decoding=\"async\" id=\"image-25-59-4\" alt=\"\" src=\"https:\/\/www.vanguardhealthcare.co.uk\/wp-content\/uploads\/2023\/06\/healthcare-portability.jpg\" class=\"ct-image\" data-id=\"image-25-59\"><\/a><\/p>\n<div id=\"div_block-49-59-4\" class=\"ct-div-block\" data-id=\"div_block-49-59\">\n<h3 id=\"headline-34-59-4\" class=\"ct-headline\" data-id=\"headline-34-59\"><span id=\"span-42-59\" class=\"ct-span\" ><a href='https:\/\/www.vanguardhealthcare.co.uk\/da_dk\/service\/neighbourhood-health-centres\/'>N\u00e6rmilj\u00f8ets sundhedscentre<\/a><\/span><\/h3>\n<p><a id=\"link_button-73-167-4\" class=\"ct-link-button button-pink\" href=\"https:\/\/www.vanguardhealthcare.co.uk\/da_dk\/service\/neighbourhood-health-centres\/\" target=\"_self\" data-id=\"link_button-73-167\">L\u00e6r mere<\/a><\/div>\n<\/div>\n<div id=\"div_block-17-59-5\" class=\"ct-div-block\" data-id=\"div_block-17-59\"><a id=\"link-141-59-5\" class=\"ct-link\" href=\"https:\/\/www.vanguardhealthcare.co.uk\/da_dk\/service\/emergency-response\/\" data-id=\"link-141-59\"><img decoding=\"async\" id=\"image-25-59-5\" alt=\"\" src=\"https:\/\/www.vanguardhealthcare.co.uk\/wp-content\/uploads\/2023\/06\/Rectangle-31-1.jpg\" class=\"ct-image\" data-id=\"image-25-59\"><\/a><\/p>\n<div id=\"div_block-49-59-5\" class=\"ct-div-block\" data-id=\"div_block-49-59\">\n<h3 id=\"headline-34-59-5\" class=\"ct-headline\" data-id=\"headline-34-59\"><span id=\"span-42-59\" class=\"ct-span\" ><a href='https:\/\/www.vanguardhealthcare.co.uk\/da_dk\/service\/emergency-response\/'>N\u00f8dberedskab<\/a><\/span><\/h3>\n<p><a id=\"link_button-73-167-5\" class=\"ct-link-button button-pink\" href=\"https:\/\/www.vanguardhealthcare.co.uk\/da_dk\/service\/emergency-response\/\" target=\"_self\" data-id=\"link_button-73-167\">L\u00e6r mere<\/a><\/div>\n<\/div>\n<div id=\"div_block-17-59-6\" class=\"ct-div-block\" data-id=\"div_block-17-59\"><a id=\"link-141-59-6\" class=\"ct-link\" href=\"https:\/\/www.vanguardhealthcare.co.uk\/da_dk\/service\/disaster-recovery-planning\/\" data-id=\"link-141-59\"><img decoding=\"async\" id=\"image-25-59-6\" alt=\"\" src=\"https:\/\/www.vanguardhealthcare.co.uk\/wp-content\/uploads\/2023\/06\/Disaster-Recovery-1024x683.jpg\" class=\"ct-image\" data-id=\"image-25-59\"><\/a><\/p>\n<div id=\"div_block-49-59-6\" class=\"ct-div-block\" data-id=\"div_block-49-59\">\n<h3 id=\"headline-34-59-6\" class=\"ct-headline\" data-id=\"headline-34-59\"><span id=\"span-42-59\" class=\"ct-span\" ><a href='https:\/\/www.vanguardhealthcare.co.uk\/da_dk\/service\/disaster-recovery-planning\/'>Disaster recovery planl\u00e6gning<\/a><\/span><\/h3>\n<p><a id=\"link_button-73-167-6\" class=\"ct-link-button button-pink\" href=\"https:\/\/www.vanguardhealthcare.co.uk\/da_dk\/service\/disaster-recovery-planning\/\" target=\"_self\" data-id=\"link_button-73-167\">L\u00e6r mere<\/a><\/div>\n<\/div>\n<div id=\"div_block-17-59-7\" class=\"ct-div-block\" data-id=\"div_block-17-59\"><a id=\"link-141-59-7\" class=\"ct-link\" href=\"https:\/\/www.vanguardhealthcare.co.uk\/da_dk\/service\/refurbishment-or-reconfiguration\/\" data-id=\"link-141-59\"><img decoding=\"async\" id=\"image-25-59-7\" alt=\"\" src=\"https:\/\/www.vanguardhealthcare.co.uk\/wp-content\/uploads\/2023\/06\/Rectangle-31-1.jpg\" class=\"ct-image\" data-id=\"image-25-59\"><\/a><\/p>\n<div id=\"div_block-49-59-7\" class=\"ct-div-block\" data-id=\"div_block-49-59\">\n<h3 id=\"headline-34-59-7\" class=\"ct-headline\" data-id=\"headline-34-59\"><span id=\"span-42-59\" class=\"ct-span\" ><a href='https:\/\/www.vanguardhealthcare.co.uk\/da_dk\/service\/refurbishment-or-reconfiguration\/'>Renovering eller omkonfiguration<\/a><\/span><\/h3>\n<p><a id=\"link_button-73-167-7\" class=\"ct-link-button button-pink\" href=\"https:\/\/www.vanguardhealthcare.co.uk\/da_dk\/service\/refurbishment-or-reconfiguration\/\" target=\"_self\" data-id=\"link_button-73-167\">L\u00e6r mere<\/a><\/div>\n<\/div>\n<div id=\"div_block-17-59-8\" class=\"ct-div-block\" data-id=\"div_block-17-59\"><a id=\"link-141-59-8\" class=\"ct-link\" href=\"https:\/\/www.vanguardhealthcare.co.uk\/da_dk\/service\/our-clinicians\/\" data-id=\"link-141-59\"><img decoding=\"async\" id=\"image-25-59-8\" alt=\"\" src=\"https:\/\/www.vanguardhealthcare.co.uk\/wp-content\/uploads\/2023\/06\/clinical-team-1024x683.jpg\" class=\"ct-image\" data-id=\"image-25-59\"><\/a><\/p>\n<div id=\"div_block-49-59-8\" class=\"ct-div-block\" data-id=\"div_block-49-59\">\n<h3 id=\"headline-34-59-8\" class=\"ct-headline\" data-id=\"headline-34-59\"><span id=\"span-42-59\" class=\"ct-span\" ><a href='https:\/\/www.vanguardhealthcare.co.uk\/da_dk\/service\/our-clinicians\/'>Vores klinikere\u00a0<\/a><\/span><\/h3>\n<p><a id=\"link_button-73-167-8\" class=\"ct-link-button button-pink\" href=\"https:\/\/www.vanguardhealthcare.co.uk\/da_dk\/service\/our-clinicians\/\" target=\"_self\" data-id=\"link_button-73-167\">L\u00e6r mere<\/a><\/div>\n<\/div>\n<div id=\"div_block-17-59-9\" class=\"ct-div-block\" data-id=\"div_block-17-59\"><a id=\"link-141-59-9\" class=\"ct-link\" href=\"https:\/\/www.vanguardhealthcare.co.uk\/da_dk\/service\/equipment-inventory\/\" data-id=\"link-141-59\"><img decoding=\"async\" id=\"image-25-59-9\" alt=\"\" src=\"https:\/\/www.vanguardhealthcare.co.uk\/wp-content\/uploads\/2023\/06\/recovery-room-1-scaled-1024x683.jpeg\" class=\"ct-image\" data-id=\"image-25-59\"><\/a><\/p>\n<div id=\"div_block-49-59-9\" class=\"ct-div-block\" data-id=\"div_block-49-59\">\n<h3 id=\"headline-34-59-9\" class=\"ct-headline\" data-id=\"headline-34-59\"><span id=\"span-42-59\" class=\"ct-span\" ><a href='https:\/\/www.vanguardhealthcare.co.uk\/da_dk\/service\/equipment-inventory\/'>Udstyr inventar<\/a><\/span><\/h3>\n<p><a id=\"link_button-73-167-9\" class=\"ct-link-button button-pink\" href=\"https:\/\/www.vanguardhealthcare.co.uk\/da_dk\/service\/equipment-inventory\/\" target=\"_self\" data-id=\"link_button-73-167\">L\u00e6r mere<\/a><\/div>\n<\/div>\n<div id=\"div_block-17-59-10\" class=\"ct-div-block\" data-id=\"div_block-17-59\"><a id=\"link-141-59-10\" class=\"ct-link\" href=\"https:\/\/www.vanguardhealthcare.co.uk\/da_dk\/service\/feedback\/\" data-id=\"link-141-59\"><img decoding=\"async\" id=\"image-25-59-10\" alt=\"\" src=\"https:\/\/www.vanguardhealthcare.co.uk\/wp-content\/uploads\/2023\/05\/Staffed-operating-theatre1-1024x713.jpg\" class=\"ct-image\" data-id=\"image-25-59\"><\/a><\/p>\n<div id=\"div_block-49-59-10\" class=\"ct-div-block\" data-id=\"div_block-49-59\">\n<h3 id=\"headline-34-59-10\" class=\"ct-headline\" data-id=\"headline-34-59\"><span id=\"span-42-59\" class=\"ct-span\" ><a href='https:\/\/www.vanguardhealthcare.co.uk\/da_dk\/service\/feedback\/'>Feedback<\/a><\/span><\/h3>\n<p><a id=\"link_button-73-167-10\" class=\"ct-link-button button-pink\" href=\"https:\/\/www.vanguardhealthcare.co.uk\/da_dk\/service\/feedback\/\" target=\"_self\" data-id=\"link_button-73-167\">L\u00e6r mere<\/a><\/div>\n<\/div><\/div>\n<\/div>\n<\/section>\n<section id=\"section-144-59\" class=\"ct-section\" >\n<div class=\"ct-section-inner-wrap\">\n<div id=\"new_columns-145-59\" class=\"ct-new-columns\" >\n<div id=\"div_block-146-59\" class=\"ct-div-block\" >\n<div id=\"_rich_text-9-63\" class=\"oxy-rich-text\" >\n<p>At finde en l\u00f8sning, der fungerer for dit hospital, starter her...<\/p>\n<\/div>\n<p><a id=\"link_button-149-59\" class=\"ct-link-button\" href=\"\/da_dk\/contact\/\" target=\"_self\"  >Tag kontakt<\/a><\/div>\n<div id=\"div_block-150-59\" class=\"ct-div-block\" ><img decoding=\"async\"  id=\"image-151-59\" alt=\"\" src=\"https:\/\/www.vanguardhealthcare.co.uk\/wp-content\/uploads\/2023\/06\/kettering-2-scaled.jpg\" class=\"ct-image\"\/><\/div>\n<\/div>\n<\/div>\n<\/section>","protected":false},"excerpt":{"rendered":"","protected":false},"author":2,"featured_media":0,"parent":0,"menu_order":0,"comment_status":"closed","ping_status":"closed","template":"","meta":{"_acf_changed":false,"footnotes":""},"class_list":["post-191","page","type-page","status-publish","format-standard","hentry"],"acf":[],"yoast_head":"<!-- This site is optimized with the Yoast SEO plugin v27.3 - https:\/\/yoast.com\/product\/yoast-seo-wordpress\/ -->\n<title>Our Solutions - Vanguard Healthcare Solutions<\/title>\n<meta name=\"robots\" content=\"index, follow, max-snippet:-1, max-image-preview:large, max-video-preview:-1\" \/>\n<link rel=\"canonical\" href=\"https:\/\/www.vanguardhealthcare.co.uk\/da_dk\/where-you-work-1\/\" \/>\n<meta property=\"og:locale\" content=\"da_DK\" \/>\n<meta property=\"og:type\" content=\"article\" \/>\n<meta property=\"og:title\" content=\"Our Solutions - Vanguard Healthcare Solutions\" \/>\n<meta property=\"og:url\" content=\"https:\/\/www.vanguardhealthcare.co.uk\/da_dk\/where-you-work-1\/\" \/>\n<meta property=\"og:site_name\" content=\"Vanguard Healthcare Solutions\" \/>\n<meta property=\"article:modified_time\" content=\"2026-04-02T16:22:00+00:00\" \/>\n<meta name=\"twitter:card\" content=\"summary_large_image\" \/>\n<meta name=\"twitter:label1\" content=\"Estimeret l\u00e6setid\" \/>\n\t<meta name=\"twitter:data1\" content=\"1 minut\" \/>\n<script type=\"application\/ld+json\" class=\"yoast-schema-graph\">{\"@context\":\"https:\\\/\\\/schema.org\",\"@graph\":[{\"@type\":\"WebPage\",\"@id\":\"https:\\\/\\\/www.vanguardhealthcare.co.uk\\\/where-you-work-1\\\/\",\"url\":\"https:\\\/\\\/www.vanguardhealthcare.co.uk\\\/where-you-work-1\\\/\",\"name\":\"Our Solutions - Vanguard Healthcare Solutions\",\"isPartOf\":{\"@id\":\"https:\\\/\\\/www.vanguardhealthcare.co.uk\\\/#website\"},\"datePublished\":\"2023-06-13T14:14:32+00:00\",\"dateModified\":\"2026-04-02T16:22:00+00:00\",\"breadcrumb\":{\"@id\":\"https:\\\/\\\/www.vanguardhealthcare.co.uk\\\/where-you-work-1\\\/#breadcrumb\"},\"inLanguage\":\"da-DK\",\"potentialAction\":[{\"@type\":\"ReadAction\",\"target\":[\"https:\\\/\\\/www.vanguardhealthcare.co.uk\\\/where-you-work-1\\\/\"]}]},{\"@type\":\"BreadcrumbList\",\"@id\":\"https:\\\/\\\/www.vanguardhealthcare.co.uk\\\/where-you-work-1\\\/#breadcrumb\",\"itemListElement\":[{\"@type\":\"ListItem\",\"position\":1,\"name\":\"Home\",\"item\":\"https:\\\/\\\/www.vanguardhealthcare.co.uk\\\/\"},{\"@type\":\"ListItem\",\"position\":2,\"name\":\"Our Solutions\"}]},{\"@type\":\"WebSite\",\"@id\":\"https:\\\/\\\/www.vanguardhealthcare.co.uk\\\/#website\",\"url\":\"https:\\\/\\\/www.vanguardhealthcare.co.uk\\\/\",\"name\":\"Vanguard Healthcare Solutions\",\"description\":\"\",\"potentialAction\":[{\"@type\":\"SearchAction\",\"target\":{\"@type\":\"EntryPoint\",\"urlTemplate\":\"https:\\\/\\\/www.vanguardhealthcare.co.uk\\\/?s={search_term_string}\"},\"query-input\":{\"@type\":\"PropertyValueSpecification\",\"valueRequired\":true,\"valueName\":\"search_term_string\"}}],\"inLanguage\":\"da-DK\"}]}<\/script>\n<!-- \/ Yoast SEO plugin. -->","yoast_head_json":{"title":"Our Solutions - Vanguard Healthcare Solutions","robots":{"index":"index","follow":"follow","max-snippet":"max-snippet:-1","max-image-preview":"max-image-preview:large","max-video-preview":"max-video-preview:-1"},"canonical":"https:\/\/www.vanguardhealthcare.co.uk\/da_dk\/where-you-work-1\/","og_locale":"da_DK","og_type":"article","og_title":"Our Solutions - Vanguard Healthcare Solutions","og_url":"https:\/\/www.vanguardhealthcare.co.uk\/da_dk\/where-you-work-1\/","og_site_name":"Vanguard Healthcare Solutions","article_modified_time":"2026-04-02T16:22:00+00:00","twitter_card":"summary_large_image","twitter_misc":{"Estimeret l\u00e6setid":"1 minut"},"schema":{"@context":"https:\/\/schema.org","@graph":[{"@type":"WebPage","@id":"https:\/\/www.vanguardhealthcare.co.uk\/where-you-work-1\/","url":"https:\/\/www.vanguardhealthcare.co.uk\/where-you-work-1\/","name":"Our Solutions - Vanguard Healthcare Solutions","isPartOf":{"@id":"https:\/\/www.vanguardhealthcare.co.uk\/#website"},"datePublished":"2023-06-13T14:14:32+00:00","dateModified":"2026-04-02T16:22:00+00:00","breadcrumb":{"@id":"https:\/\/www.vanguardhealthcare.co.uk\/where-you-work-1\/#breadcrumb"},"inLanguage":"da-DK","potentialAction":[{"@type":"ReadAction","target":["https:\/\/www.vanguardhealthcare.co.uk\/where-you-work-1\/"]}]},{"@type":"BreadcrumbList","@id":"https:\/\/www.vanguardhealthcare.co.uk\/where-you-work-1\/#breadcrumb","itemListElement":[{"@type":"ListItem","position":1,"name":"Home","item":"https:\/\/www.vanguardhealthcare.co.uk\/"},{"@type":"ListItem","position":2,"name":"Our Solutions"}]},{"@type":"WebSite","@id":"https:\/\/www.vanguardhealthcare.co.uk\/#website","url":"https:\/\/www.vanguardhealthcare.co.uk\/","name":"Vanguard Healthcare Solutions","description":"","potentialAction":[{"@type":"SearchAction","target":{"@type":"EntryPoint","urlTemplate":"https:\/\/www.vanguardhealthcare.co.uk\/?s={search_term_string}"},"query-input":{"@type":"PropertyValueSpecification","valueRequired":true,"valueName":"search_term_string"}}],"inLanguage":"da-DK"}]}},"_links":{"self":[{"href":"https:\/\/www.vanguardhealthcare.co.uk\/da_dk\/wp-json\/wp\/v2\/pages\/191","targetHints":{"allow":["GET"]}}],"collection":[{"href":"https:\/\/www.vanguardhealthcare.co.uk\/da_dk\/wp-json\/wp\/v2\/pages"}],"about":[{"href":"https:\/\/www.vanguardhealthcare.co.uk\/da_dk\/wp-json\/wp\/v2\/types\/page"}],"author":[{"embeddable":true,"href":"https:\/\/www.vanguardhealthcare.co.uk\/da_dk\/wp-json\/wp\/v2\/users\/2"}],"replies":[{"embeddable":true,"href":"https:\/\/www.vanguardhealthcare.co.uk\/da_dk\/wp-json\/wp\/v2\/comments?post=191"}],"version-history":[{"count":0,"href":"https:\/\/www.vanguardhealthcare.co.uk\/da_dk\/wp-json\/wp\/v2\/pages\/191\/revisions"}],"wp:attachment":[{"href":"https:\/\/www.vanguardhealthcare.co.uk\/da_dk\/wp-json\/wp\/v2\/media?parent=191"}],"curies":[{"name":"wp","href":"https:\/\/api.w.org\/{rel}","templated":true}]}}