{"id":8428,"date":"2026-03-27T16:30:37","date_gmt":"2026-03-27T16:30:37","guid":{"rendered":"https:\/\/www.vanguardhealthcare.co.uk\/?page_id=8428"},"modified":"2026-03-27T16:43:20","modified_gmt":"2026-03-27T16:43:20","slug":"vanguard-life-sciences","status":"publish","type":"page","link":"https:\/\/www.vanguardhealthcare.co.uk\/cs_cz\/vanguard-life-sciences\/","title":{"rendered":"Vanguard Biologick\u00e9 v\u011bdy"},"content":{"rendered":"<section id=\"section-2-59\" class=\"ct-section\" style=\"background-image:url(https:\/\/www.vanguardhealthcare.co.uk\/wp-content\/uploads\/2023\/05\/boulders-right.png);background-size: auto;\" >\n<div class=\"ct-section-inner-wrap\">\n<div id=\"div_block-8-59\" class=\"ct-div-block\" ><a id=\"link_text-6-59\" class=\"ct-link-text\" href=\"\/cs_cz\/\" target=\"_self\"  >Domov<\/a><\/p>\n<h1 id=\"headline-3-59\" class=\"ct-headline\"><span id=\"span-4-59\" class=\"ct-span\" >Vanguard Biologick\u00e9 v\u011bdy<\/span><\/h1>\n<\/div>\n<\/div>\n<\/section>\n<section id=\"section-68-14-text-left-white\" class=\"ct-section\" >\n<div class=\"ct-section-inner-wrap\">\n<div id=\"new_columns-69-14text-left-white\" class=\"ct-new-columns\" >\n<div id=\"div_block-70-14\" class=\"ct-div-block\" >\n<h2 id=\"headline-71-14\" class=\"ct-headline\">Vytv\u00e1\u0159en\u00ed inovativn\u00edch \u0159e\u0161en\u00ed pro poskytovatele zdravotn\u00ed p\u00e9\u010de ji\u017e v\u00edce ne\u017e dv\u011b desetilet\u00ed<\/h2>\n<div id=\"_rich_text-72-14\" class=\"oxy-rich-text\" >\n<p data-start=\"292\" data-end=\"597\">Spole\u010dnost Vanguard Healthcare Solutions si vybudovala silnou reputaci v oblasti poskytov\u00e1n\u00ed vysoce kvalitn\u00edch zdravotnick\u00fdch za\u0159\u00edzen\u00ed, kter\u00e1 podporuj\u00ed p\u00e9\u010di o pacienty, provozn\u00ed odolnost a kontinuitu slu\u017eeb. Na z\u00e1klad\u011b t\u011bchto zku\u0161enost\u00ed jsme roz\u0161\u00ed\u0159ili na\u0161e schopnosti do sektoru biologick\u00fdch v\u011bd prost\u0159ednictv\u00edm spole\u010dnosti Vanguard Life Sciences.<\/p>\n<p data-start=\"599\" data-end=\"887\">Tato specializovan\u00e1 divize se zam\u011b\u0159uje na poskytov\u00e1n\u00ed pokro\u010dil\u00fdch \u010dist\u00fdch prostor a prost\u0159ed\u00ed pro kontrolu ovzdu\u0161\u00ed pro farmaceutick\u00e9, biotechnologick\u00e9 a v\u00fdzkumn\u00e9 organizace a uplat\u0148uje stejn\u00e9 principy, kter\u00e9 definuj\u00ed Vanguard: kvalita, spolehlivost a z\u00e1vazek spl\u0148ovat komplexn\u00ed regulovan\u00e9 po\u017eadavky.<\/p>\n<\/div>\n<\/div>\n<div id=\"div_block-74-14\" class=\"ct-div-block\" ><img decoding=\"async\"  id=\"image-75-14\" alt=\"\" src=\"https:\/\/www.vanguardhealthcare.co.uk\/wp-content\/uploads\/2025\/03\/PHOTOSHOPPED-VERSION-EXTERNAL-scaled.jpg\" class=\"ct-image\"\/><\/div>\n<\/div>\n<\/div>\n<\/section>\n<section id=\"section-132-34\" class=\"ct-section\" >\n<div class=\"ct-section-inner-wrap\">\n<div id=\"new_columns-133-34\" class=\"ct-new-columns\" >\n<div id=\"div_block-138-34\" class=\"ct-div-block\" ><img decoding=\"async\"  id=\"image-139-34\" alt=\"\" src=\"https:\/\/www.vanguardhealthcare.co.uk\/wp-content\/uploads\/2026\/03\/image1.jpg\" class=\"ct-image\"\/><\/div>\n<div id=\"div_block-134-34\" class=\"ct-div-block\" >\n<h2 id=\"headline-135-34\" class=\"ct-headline\">P\u0159irozen\u00fd v\u00fdvoj schopnost\u00ed Vanguard<\/h2>\n<div id=\"_rich_text-136-34\" class=\"oxy-rich-text\" >\n<p data-start=\"944\" data-end=\"1150\">V r\u00e1mci NHS a \u0161ir\u0161\u00edho sektoru zdravotn\u00ed p\u00e9\u010de Vanguard soustavn\u011b podporuje organizace, kter\u00e9 \u010del\u00ed kapacitn\u00edm probl\u00e9m\u016fm, omezen\u00fdm prostor\u00e1m a pot\u0159eb\u011b zachovat slu\u017eby b\u011bhem rekonstrukc\u00ed nebo zm\u011bn.<\/p>\n<p data-start=\"1152\" data-end=\"1327\">Stejn\u00e9 v\u00fdzvy se st\u00e1le \u010dast\u011bji vyskytuj\u00ed i v biologick\u00fdch v\u011bd\u00e1ch, kde se organizace mus\u00ed rychle roz\u0161i\u0159ovat, dodr\u017eovat p\u0159edpisy a fungovat ve vysoce kontrolovan\u00e9m prost\u0159ed\u00ed.<\/p>\n<p data-start=\"1329\" data-end=\"1632\"><a href=\"http:\/\/www.vanguardlifesciences.co.uk\">Vanguard Biologick\u00e9 v\u011bdy<\/a> p\u0159in\u00e1\u0161\u00ed tuto zku\u0161enost do nov\u00e9ho kontextu a kombinuje na\u0161e odborn\u00e9 znalosti v oblasti modul\u00e1rn\u00ed a mobiln\u00ed infrastruktury se specializovan\u00fdmi \u0159e\u0161en\u00edmi pro \u010dist\u00e9 prostory a ochrann\u00e9 obaly. V\u00fdsledkem je flexibiln\u00ed a efektivn\u00ed p\u0159\u00edstup k poskytov\u00e1n\u00ed za\u0159\u00edzen\u00ed, kter\u00e1 podporuj\u00ed v\u00fdzkum, v\u00fdvoj a v\u00fdrobu.<\/p>\n<\/div>\n<\/div>\n<\/div>\n<\/div>\n<\/section>\n<section id=\"section-68-14-text-left-white\" class=\"ct-section\" >\n<div class=\"ct-section-inner-wrap\">\n<div id=\"new_columns-69-14text-left-white\" class=\"ct-new-columns\" >\n<div id=\"div_block-70-14\" class=\"ct-div-block\" >\n<h2 id=\"headline-71-14\" class=\"ct-headline\">P\u0159irozen\u00fd v\u00fdvoj schopnost\u00ed Vanguard<\/h2>\n<div id=\"_rich_text-72-14\" class=\"oxy-rich-text\" >\n<p data-start=\"944\" data-end=\"1150\">V r\u00e1mci NHS a \u0161ir\u0161\u00edho sektoru zdravotn\u00ed p\u00e9\u010de Vanguard soustavn\u011b podporuje organizace, kter\u00e9 \u010del\u00ed kapacitn\u00edm probl\u00e9m\u016fm, omezen\u00fdm prostor\u00e1m a pot\u0159eb\u011b zachovat slu\u017eby b\u011bhem rekonstrukc\u00ed nebo zm\u011bn.<\/p>\n<p data-start=\"1152\" data-end=\"1327\">Stejn\u00e9 v\u00fdzvy se st\u00e1le \u010dast\u011bji vyskytuj\u00ed i v biologick\u00fdch v\u011bd\u00e1ch, kde se organizace mus\u00ed rychle roz\u0161i\u0159ovat, dodr\u017eovat p\u0159edpisy a fungovat ve vysoce kontrolovan\u00e9m prost\u0159ed\u00ed.<\/p>\n<p data-start=\"1329\" data-end=\"1632\"><a href=\"https:\/\/vanguardlifesciences.co.uk\">Vanguard Biologick\u00e9 v\u011bdy<\/a> p\u0159in\u00e1\u0161\u00ed tuto zku\u0161enost do nov\u00e9ho kontextu a kombinuje na\u0161e odborn\u00e9 znalosti v oblasti modul\u00e1rn\u00ed a mobiln\u00ed infrastruktury se specializovan\u00fdmi \u0159e\u0161en\u00edmi pro \u010dist\u00e9 prostory a ochrann\u00e9 obaly. V\u00fdsledkem je flexibiln\u00ed a efektivn\u00ed p\u0159\u00edstup k poskytov\u00e1n\u00ed za\u0159\u00edzen\u00ed, kter\u00e1 podporuj\u00ed v\u00fdzkum, v\u00fdvoj a v\u00fdrobu.<\/p>\n<\/div>\n<\/div>\n<div id=\"div_block-74-14\" class=\"ct-div-block\" ><img decoding=\"async\"  id=\"image-75-14\" alt=\"\" src=\"https:\/\/www.vanguardhealthcare.co.uk\/wp-content\/uploads\/2025\/11\/DJI_20250619160710_0016_D-min.jpg\" class=\"ct-image\"\/><\/div>\n<\/div>\n<\/div>\n<\/section>\n<section id=\"section-132-34\" class=\"ct-section\" >\n<div class=\"ct-section-inner-wrap\">\n<div id=\"new_columns-133-34\" class=\"ct-new-columns\" >\n<div id=\"div_block-138-34\" class=\"ct-div-block\" ><img decoding=\"async\"  id=\"image-139-34\" alt=\"\" src=\"https:\/\/www.vanguardhealthcare.co.uk\/wp-content\/uploads\/2026\/03\/1_Toxic-and-non-toxic-grade-C-cleanrooms.jpg\" class=\"ct-image\"\/><\/div>\n<div id=\"div_block-134-34\" class=\"ct-div-block\" >\n<h2 id=\"headline-135-34\" class=\"ct-headline\">Modul\u00e1rn\u00ed expert\u00edza aplikovan\u00e1 na biologick\u00e9 v\u011bdy<\/h2>\n<div id=\"_rich_text-136-34\" class=\"oxy-rich-text\" >\n<p data-start=\"1687\" data-end=\"1775\">V j\u00e1dru <a href=\"https:\/\/vanguardlifesciences.co.uk\">Vanguard Biologick\u00e9 v\u011bdy<\/a> je modern\u00ed p\u0159\u00edstup ke konstrukci a dod\u00e1vce.<\/p>\n<p data-start=\"1777\" data-end=\"2016\">D\u00edky modul\u00e1rn\u00edm metod\u00e1m a metod\u00e1m v\u00fdstavby mimo pracovi\u0161t\u011b lze za\u0159\u00edzen\u00ed navrhovat, vyr\u00e1b\u011bt a nasadit rychleji ne\u017e u tradi\u010dn\u00edch staveb, a to p\u0159i zachov\u00e1n\u00ed vysok\u00fdch standard\u016f kvality a konzistence. Tento p\u0159\u00edstup pom\u00e1h\u00e1 organizac\u00edm:<\/p>\n<ul data-start=\"2018\" data-end=\"2200\">\n<li data-section-id=\"tzzjse\" data-start=\"2018\" data-end=\"2058\">Zkr\u00e1cen\u00ed doby do provozn\u00ed p\u0159ipravenosti<\/li>\n<li data-section-id=\"18bs0p3\" data-start=\"2059\" data-end=\"2105\">Minimalizujte naru\u0161en\u00ed st\u00e1vaj\u00edc\u00edch za\u0159\u00edzen\u00ed<\/li>\n<li data-section-id=\"n7j11x\" data-start=\"2106\" data-end=\"2152\">Udr\u017eov\u00e1n\u00ed kontinuity kritick\u00fdch operac\u00ed<\/li>\n<li data-section-id=\"c4ipn6\" data-start=\"2153\" data-end=\"2200\">P\u0159izp\u016fsobte infrastrukturu v\u00fdvoji po\u017eadavk\u016f<\/li>\n<\/ul>\n<p>&nbsp;<\/p>\n<p data-start=\"2202\" data-end=\"2344\">Pro organizace v oblasti biologick\u00fdch v\u011bd to p\u0159edstavuje praktick\u00e9 \u0159e\u0161en\u00ed probl\u00e9mu vyv\u00e1\u017een\u00ed rychlosti, dodr\u017eov\u00e1n\u00ed p\u0159edpis\u016f a dlouhodob\u00e9 flexibility.<\/p>\n<\/div>\n<\/div>\n<\/div>\n<\/div>\n<\/section>\n<section id=\"section-68-14-text-left-white\" class=\"ct-section\" >\n<div class=\"ct-section-inner-wrap\">\n<div id=\"new_columns-69-14text-left-white\" class=\"ct-new-columns\" >\n<div id=\"div_block-70-14\" class=\"ct-div-block\" >\n<h2 id=\"headline-71-14\" class=\"ct-headline\">Ve spolupr\u00e1ci s Enblocem<\/h2>\n<div id=\"_rich_text-72-14\" class=\"oxy-rich-text\" >\n<p data-start=\"2385\" data-end=\"2524\"><a href=\"https:\/\/vanguardlifesciences.co.uk\">Vanguard Biologick\u00e9 v\u011bdy<\/a> pracuje ve spolupr\u00e1ci s <a href=\"https:\/\/www.enbloc-cleanrooms.com\/\">Enbloc<\/a>, specialista na n\u00e1vrh a v\u00fdstavbu \u010dist\u00fdch prostor, laborato\u0159\u00ed a ochrann\u00fdch za\u0159\u00edzen\u00ed.<\/p>\n<p data-start=\"2526\" data-end=\"2801\">Toto partnerstv\u00ed spojuje vz\u00e1jemn\u011b se dopl\u0148uj\u00edc\u00ed siln\u00e9 str\u00e1nky. Vanguard poskytuje odborn\u00e9 znalosti v oblasti modul\u00e1rn\u00edch dod\u00e1vek, projektov\u00e9ho \u0159\u00edzen\u00ed a provozu v re\u00e1ln\u00e9m, regulovan\u00e9m prost\u0159ed\u00ed. <a href=\"https:\/\/www.enbloc-cleanrooms.com\/\">Enbloc<\/a> p\u0159isp\u00edv\u00e1 hlubok\u00fdmi technick\u00fdmi znalostmi in\u017een\u00fdrstv\u00ed \u010dist\u00fdch prostor, validace a shody s p\u0159edpisy.<\/p>\n<p data-start=\"2803\" data-end=\"3008\">Spole\u010dn\u011b dod\u00e1v\u00e1me za\u0159\u00edzen\u00ed, kter\u00e1 spl\u0148uj\u00ed po\u017eadavky norem, jako je EU GMP a klasifikace \u010dist\u00fdch prostor ISO, a z\u00e1rove\u0148 zaji\u0161\u0165ujeme efektivn\u00ed dokon\u010den\u00ed projekt\u016f s minim\u00e1ln\u00edm naru\u0161en\u00edm provozu.<\/p>\n<\/div>\n<\/div>\n<div id=\"div_block-74-14\" class=\"ct-div-block\" ><img decoding=\"async\"  id=\"image-75-14\" alt=\"\" src=\"https:\/\/www.vanguardhealthcare.co.uk\/wp-content\/uploads\/2026\/03\/Enbloc-OFFICIAL-LOGO.jpg\" class=\"ct-image\"\/><\/div>\n<\/div>\n<\/div>\n<\/section>\n<section id=\"section-132-34\" class=\"ct-section\" >\n<div class=\"ct-section-inner-wrap\">\n<div id=\"new_columns-133-34\" class=\"ct-new-columns\" >\n<div id=\"div_block-138-34\" class=\"ct-div-block\" ><img decoding=\"async\"  id=\"image-139-34\" alt=\"\" src=\"https:\/\/www.vanguardhealthcare.co.uk\/wp-content\/uploads\/2025\/08\/MCA17.jpeg\" class=\"ct-image\"\/><\/div>\n<div id=\"div_block-134-34\" class=\"ct-div-block\" >\n<h2 id=\"headline-135-34\" class=\"ct-headline\">Podpora regulovan\u00e9ho prost\u0159ed\u00ed s jistotou<\/h2>\n<div id=\"_rich_text-136-34\" class=\"oxy-rich-text\" >\n<p data-start=\"3070\" data-end=\"3181\">Za\u0159\u00edzen\u00ed poskytovan\u00e1 spole\u010dnost\u00ed <a href=\"https:\/\/vanguardlifesciences.co.uk\">Vanguard Biologick\u00e9 v\u011bdy<\/a> jsou navr\u017eeny pro podporu \u0161irok\u00e9 \u0161k\u00e1ly aplikac\u00ed, v\u010detn\u011b:<\/p>\n<ul data-start=\"3183\" data-end=\"3396\">\n<li data-section-id=\"pw3g4v\" data-start=\"3183\" data-end=\"3215\">Farmaceutick\u00e1 v\u00fdroba<\/li>\n<li data-section-id=\"vd2r96\" data-start=\"3216\" data-end=\"3256\">Biotechnologie a pokro\u010dil\u00e9 terapie<\/li>\n<li data-section-id=\"13uqfws\" data-start=\"3257\" data-end=\"3298\">V\u00fdzkumn\u00e9 a v\u00fdvojov\u00e9 laborato\u0159e<\/li>\n<li data-section-id=\"rq9u3h\" data-start=\"3299\" data-end=\"3339\">Radiofarmacie a aseptick\u00e9 zpracov\u00e1n\u00ed<\/li>\n<li data-section-id=\"157rffx\" data-start=\"3340\" data-end=\"3396\">Laborato\u0159e pro uzav\u0159en\u00ed a specializovan\u00e1 prost\u0159ed\u00ed<\/li>\n<\/ul>\n<p data-start=\"3398\" data-end=\"3560\">Ka\u017ed\u00e9 \u0159e\u0161en\u00ed je vyv\u00edjeno s jasn\u00fdm pochopen\u00edm regula\u010dn\u00edch o\u010dek\u00e1v\u00e1n\u00ed, provozn\u00edch pracovn\u00edch postup\u016f a d\u016fle\u017eitosti udr\u017eov\u00e1n\u00ed kontrolovan\u00e9ho prost\u0159ed\u00ed.<\/p>\n<p>&nbsp;<\/p>\n<p data-start=\"3562\" data-end=\"3723\">N\u00e1\u0161 p\u0159\u00edstup p\u0159esahuje r\u00e1mec v\u00fdstavby a nab\u00edz\u00ed podporu v cel\u00e9m \u017eivotn\u00edm cyklu za\u0159\u00edzen\u00ed, v\u010detn\u011b n\u00e1vrhu, validace, \u00fadr\u017eby a pr\u016fb\u011b\u017en\u00e9ho dodr\u017eov\u00e1n\u00ed p\u0159edpis\u016f.<\/p>\n<\/div>\n<\/div>\n<\/div>\n<\/div>\n<\/section>\n<section id=\"section-68-14-text-left-white\" class=\"ct-section\" >\n<div class=\"ct-section-inner-wrap\">\n<div id=\"new_columns-69-14text-left-white\" class=\"ct-new-columns\" >\n<div id=\"div_block-70-14\" class=\"ct-div-block\" >\n<h2 id=\"headline-71-14\" class=\"ct-headline\">Kontinuita hodnot, roz\u0161\u00ed\u0159en\u00e1 do nov\u00e9ho sektoru<\/h2>\n<div id=\"_rich_text-72-14\" class=\"oxy-rich-text\" >\n<p data-start=\"3784\" data-end=\"3939\">Zat\u00edmco <a href=\"https:\/\/www.enbloc-cleanrooms.com\/\">Vanguard Biologick\u00e9 v\u011bdy<\/a> p\u0159edstavuje novou oblast zam\u011b\u0159en\u00ed a je postavena na stejn\u00fdch hodnot\u00e1ch a modelu poskytov\u00e1n\u00ed slu\u017eeb, kter\u00e9 jsou z\u00e1kladem \u0159e\u0161en\u00ed pro zdravotnictv\u00ed Vanguard.<\/p>\n<p data-start=\"3941\" data-end=\"3967\">I nad\u00e1le up\u0159ednost\u0148ujeme:<\/p>\n<ul data-start=\"3969\" data-end=\"4182\">\n<li data-section-id=\"1kvgt66\" data-start=\"3969\" data-end=\"4017\">Kvalita a bezpe\u010dnost v regulovan\u00e9m prost\u0159ed\u00ed<\/li>\n<li data-section-id=\"emkv1\" data-start=\"4018\" data-end=\"4068\">Spolehlivost a vst\u0159\u00edcnost pro na\u0161e klienty<\/li>\n<li data-section-id=\"1rqtbio\" data-start=\"4069\" data-end=\"4117\">Spolupr\u00e1ce s partnery a zainteresovan\u00fdmi stranami<\/li>\n<li data-section-id=\"1425da4\" data-start=\"4118\" data-end=\"4182\">Praktick\u00e1 \u0159e\u0161en\u00ed, kter\u00e1 \u0159e\u0161\u00ed skute\u010dn\u00e9 provozn\u00ed v\u00fdzvy<\/li>\n<\/ul>\n<p data-start=\"4184\" data-end=\"4330\">Tato kontinuita zaji\u0161\u0165uje, \u017ee klienti v sektoru biologick\u00fdch v\u011bd t\u011b\u017e\u00ed ze stejn\u00e9ho d\u016fv\u011bryhodn\u00e9ho p\u0159\u00edstupu, kter\u00fd byl vyvinut v cel\u00e9m zdravotnictv\u00ed.<\/p>\n<\/div>\n<\/div>\n<div id=\"div_block-74-14\" class=\"ct-div-block\" ><img decoding=\"async\"  id=\"image-75-14\" alt=\"\" src=\"https:\/\/www.vanguardhealthcare.co.uk\/wp-content\/uploads\/2025\/08\/MCA3.jpeg\" class=\"ct-image\"\/><\/div>\n<\/div>\n<\/div>\n<\/section>","protected":false},"excerpt":{"rendered":"","protected":false},"author":18,"featured_media":0,"parent":0,"menu_order":0,"comment_status":"closed","ping_status":"closed","template":"","meta":{"_acf_changed":false,"footnotes":""},"class_list":["post-8428","page","type-page","status-publish","format-standard","hentry"],"acf":[],"yoast_head":"<!-- This site is optimized with the Yoast SEO plugin v27.3 - https:\/\/yoast.com\/product\/yoast-seo-wordpress\/ -->\n<title>Vanguard Life Sciences - Vanguard Healthcare Solutions<\/title>\n<meta name=\"robots\" content=\"index, follow, max-snippet:-1, max-image-preview:large, max-video-preview:-1\" \/>\n<link rel=\"canonical\" href=\"https:\/\/www.vanguardhealthcare.co.uk\/cs_cz\/vanguard-life-sciences\/\" \/>\n<meta property=\"og:locale\" content=\"cs_CZ\" \/>\n<meta property=\"og:type\" content=\"article\" \/>\n<meta property=\"og:title\" content=\"Vanguard Life Sciences - Vanguard Healthcare Solutions\" \/>\n<meta property=\"og:url\" content=\"https:\/\/www.vanguardhealthcare.co.uk\/cs_cz\/vanguard-life-sciences\/\" \/>\n<meta property=\"og:site_name\" content=\"Vanguard Healthcare Solutions\" \/>\n<meta property=\"article:modified_time\" content=\"2026-03-27T16:43:20+00:00\" \/>\n<meta name=\"twitter:card\" content=\"summary_large_image\" \/>\n<meta name=\"twitter:label1\" content=\"Odhadovan\u00e1 doba \u010dten\u00ed\" \/>\n\t<meta name=\"twitter:data1\" content=\"1 minuta\" \/>\n<script type=\"application\/ld+json\" class=\"yoast-schema-graph\">{\"@context\":\"https:\\\/\\\/schema.org\",\"@graph\":[{\"@type\":\"WebPage\",\"@id\":\"https:\\\/\\\/www.vanguardhealthcare.co.uk\\\/vanguard-life-sciences\\\/\",\"url\":\"https:\\\/\\\/www.vanguardhealthcare.co.uk\\\/vanguard-life-sciences\\\/\",\"name\":\"Vanguard Life Sciences - Vanguard Healthcare Solutions\",\"isPartOf\":{\"@id\":\"https:\\\/\\\/www.vanguardhealthcare.co.uk\\\/#website\"},\"datePublished\":\"2026-03-27T16:30:37+00:00\",\"dateModified\":\"2026-03-27T16:43:20+00:00\",\"breadcrumb\":{\"@id\":\"https:\\\/\\\/www.vanguardhealthcare.co.uk\\\/vanguard-life-sciences\\\/#breadcrumb\"},\"inLanguage\":\"cs\",\"potentialAction\":[{\"@type\":\"ReadAction\",\"target\":[\"https:\\\/\\\/www.vanguardhealthcare.co.uk\\\/vanguard-life-sciences\\\/\"]}]},{\"@type\":\"BreadcrumbList\",\"@id\":\"https:\\\/\\\/www.vanguardhealthcare.co.uk\\\/vanguard-life-sciences\\\/#breadcrumb\",\"itemListElement\":[{\"@type\":\"ListItem\",\"position\":1,\"name\":\"Home\",\"item\":\"https:\\\/\\\/www.vanguardhealthcare.co.uk\\\/\"},{\"@type\":\"ListItem\",\"position\":2,\"name\":\"Vanguard Life Sciences\"}]},{\"@type\":\"WebSite\",\"@id\":\"https:\\\/\\\/www.vanguardhealthcare.co.uk\\\/#website\",\"url\":\"https:\\\/\\\/www.vanguardhealthcare.co.uk\\\/\",\"name\":\"Vanguard Healthcare Solutions\",\"description\":\"\",\"potentialAction\":[{\"@type\":\"SearchAction\",\"target\":{\"@type\":\"EntryPoint\",\"urlTemplate\":\"https:\\\/\\\/www.vanguardhealthcare.co.uk\\\/?s={search_term_string}\"},\"query-input\":{\"@type\":\"PropertyValueSpecification\",\"valueRequired\":true,\"valueName\":\"search_term_string\"}}],\"inLanguage\":\"cs\"}]}<\/script>\n<!-- \/ Yoast SEO plugin. -->","yoast_head_json":{"title":"Vanguard Life Sciences - Vanguard Healthcare Solutions","robots":{"index":"index","follow":"follow","max-snippet":"max-snippet:-1","max-image-preview":"max-image-preview:large","max-video-preview":"max-video-preview:-1"},"canonical":"https:\/\/www.vanguardhealthcare.co.uk\/cs_cz\/vanguard-life-sciences\/","og_locale":"cs_CZ","og_type":"article","og_title":"Vanguard Life Sciences - Vanguard Healthcare Solutions","og_url":"https:\/\/www.vanguardhealthcare.co.uk\/cs_cz\/vanguard-life-sciences\/","og_site_name":"Vanguard Healthcare Solutions","article_modified_time":"2026-03-27T16:43:20+00:00","twitter_card":"summary_large_image","twitter_misc":{"Odhadovan\u00e1 doba \u010dten\u00ed":"1 minuta"},"schema":{"@context":"https:\/\/schema.org","@graph":[{"@type":"WebPage","@id":"https:\/\/www.vanguardhealthcare.co.uk\/vanguard-life-sciences\/","url":"https:\/\/www.vanguardhealthcare.co.uk\/vanguard-life-sciences\/","name":"Vanguard Life Sciences - Vanguard Healthcare Solutions","isPartOf":{"@id":"https:\/\/www.vanguardhealthcare.co.uk\/#website"},"datePublished":"2026-03-27T16:30:37+00:00","dateModified":"2026-03-27T16:43:20+00:00","breadcrumb":{"@id":"https:\/\/www.vanguardhealthcare.co.uk\/vanguard-life-sciences\/#breadcrumb"},"inLanguage":"cs","potentialAction":[{"@type":"ReadAction","target":["https:\/\/www.vanguardhealthcare.co.uk\/vanguard-life-sciences\/"]}]},{"@type":"BreadcrumbList","@id":"https:\/\/www.vanguardhealthcare.co.uk\/vanguard-life-sciences\/#breadcrumb","itemListElement":[{"@type":"ListItem","position":1,"name":"Home","item":"https:\/\/www.vanguardhealthcare.co.uk\/"},{"@type":"ListItem","position":2,"name":"Vanguard Life Sciences"}]},{"@type":"WebSite","@id":"https:\/\/www.vanguardhealthcare.co.uk\/#website","url":"https:\/\/www.vanguardhealthcare.co.uk\/","name":"Vanguard Zdravotn\u00ed \u0159e\u0161en\u00ed","description":"","potentialAction":[{"@type":"SearchAction","target":{"@type":"EntryPoint","urlTemplate":"https:\/\/www.vanguardhealthcare.co.uk\/?s={search_term_string}"},"query-input":{"@type":"PropertyValueSpecification","valueRequired":true,"valueName":"search_term_string"}}],"inLanguage":"cs"}]}},"_links":{"self":[{"href":"https:\/\/www.vanguardhealthcare.co.uk\/cs_cz\/wp-json\/wp\/v2\/pages\/8428","targetHints":{"allow":["GET"]}}],"collection":[{"href":"https:\/\/www.vanguardhealthcare.co.uk\/cs_cz\/wp-json\/wp\/v2\/pages"}],"about":[{"href":"https:\/\/www.vanguardhealthcare.co.uk\/cs_cz\/wp-json\/wp\/v2\/types\/page"}],"author":[{"embeddable":true,"href":"https:\/\/www.vanguardhealthcare.co.uk\/cs_cz\/wp-json\/wp\/v2\/users\/18"}],"replies":[{"embeddable":true,"href":"https:\/\/www.vanguardhealthcare.co.uk\/cs_cz\/wp-json\/wp\/v2\/comments?post=8428"}],"version-history":[{"count":0,"href":"https:\/\/www.vanguardhealthcare.co.uk\/cs_cz\/wp-json\/wp\/v2\/pages\/8428\/revisions"}],"wp:attachment":[{"href":"https:\/\/www.vanguardhealthcare.co.uk\/cs_cz\/wp-json\/wp\/v2\/media?parent=8428"}],"curies":[{"name":"wp","href":"https:\/\/api.w.org\/{rel}","templated":true}]}}