{"id":8357,"date":"2026-03-03T12:30:31","date_gmt":"2026-03-03T12:30:31","guid":{"rendered":"https:\/\/www.vanguardhealthcare.co.uk\/?page_id=8357"},"modified":"2026-03-03T12:30:32","modified_gmt":"2026-03-03T12:30:32","slug":"working-in-partnership-with-portland-clinical","status":"publish","type":"page","link":"https:\/\/www.vanguardhealthcare.co.uk\/cs_cz\/working-in-partnership-with-portland-clinical\/","title":{"rendered":"Spolupr\u00e1ce s Portland Clinical"},"content":{"rendered":"<section id=\"section-2-59\" class=\"ct-section\" style=\"background-image:url(https:\/\/www.vanguardhealthcare.co.uk\/wp-content\/uploads\/2023\/05\/boulders-right.png);background-size: auto;\" >\n<div class=\"ct-section-inner-wrap\">\n<div id=\"div_block-8-59\" class=\"ct-div-block\" ><a id=\"link_text-6-59\" class=\"ct-link-text\" href=\"\/cs_cz\/\" target=\"_self\"  >Domov<\/a><\/p>\n<h1 id=\"headline-3-59\" class=\"ct-headline\"><span id=\"span-4-59\" class=\"ct-span\" >Spolupr\u00e1ce s Portland Clinical<\/span><\/h1>\n<\/div>\n<\/div>\n<\/section>\n<section id=\"section-68-14-text-left-white\" class=\"ct-section\" >\n<div class=\"ct-section-inner-wrap\">\n<div id=\"new_columns-69-14text-left-white\" class=\"ct-new-columns\" >\n<div id=\"div_block-70-14\" class=\"ct-div-block\" >\n<h2 id=\"headline-71-14\" class=\"ct-headline\"><\/h2>\n<div id=\"_rich_text-72-14\" class=\"oxy-rich-text\" >\n<p data-start=\"50\" data-end=\"432\">Spole\u010dnost Vanguard Healthcare Solutions je hrd\u00e1 na spolupr\u00e1ci s Portland Clinical, poskytovatelem zdravotn\u00ed p\u00e9\u010de registrovan\u00fdm v CQC, kter\u00fd poskytuje klinick\u00e9 insourcingov\u00e9 a komunitn\u00ed slu\u017eby po cel\u00e9m Spojen\u00e9m kr\u00e1lovstv\u00ed. Spole\u010dn\u011b podporujeme NHS Trusts a Integrated Care Systems s c\u00edlem roz\u0161\u00ed\u0159it kapacitu, sn\u00ed\u017eit \u010dekac\u00ed listiny a chr\u00e1nit c\u00edlov\u00e9 skupiny v oblasti pl\u00e1novan\u00e9ho zotaven\u00ed prost\u0159ednictv\u00edm bezpe\u010dn\u00e9, vysoce kvalitn\u00ed p\u00e9\u010de zam\u011b\u0159en\u00e9 na pacienta.<\/p>\n<p class=\"MsoNormal\">&nbsp;<\/p>\n<p data-start=\"434\" data-end=\"858\">Toto partnerstv\u00ed spojuje dopl\u0148kov\u00e9 siln\u00e9 str\u00e1nky. Portland Clinical poskytuje konzultanty veden\u00e9 t\u00fdmem, zaveden\u00e9 r\u00e1mce \u0159\u00edzen\u00ed a odborn\u00e9 znalosti v oblasti spr\u00e1vy postup\u016f. Vanguard Healthcare Solutions dod\u00e1v\u00e1 vysoce kvalitn\u00ed modul\u00e1rn\u00ed za\u0159\u00edzen\u00ed, mobiln\u00ed s\u00e1ly a pln\u011b vybaven\u00e1 klinick\u00e1 prost\u0159ed\u00ed. Spole\u010dn\u011b nab\u00edz\u00edme integrovan\u00e1 \u0159e\u0161en\u00ed na kl\u00ed\u010d, kter\u00e1 jsou navr\u017eena tak, aby rychle a efektivn\u011b reagovala na syst\u00e9mov\u00e9 tlaky.<\/p>\n<\/div>\n<\/div>\n<div id=\"div_block-74-14\" class=\"ct-div-block\" ><img decoding=\"async\"  id=\"image-75-14\" alt=\"\" src=\"https:\/\/www.vanguardhealthcare.co.uk\/wp-content\/uploads\/2024\/08\/Vanguard-team.jpg\" class=\"ct-image\"\/><\/div>\n<\/div>\n<\/div>\n<\/section>\n<section id=\"section-132-34\" class=\"ct-section\" >\n<div class=\"ct-section-inner-wrap\">\n<div id=\"new_columns-133-34\" class=\"ct-new-columns\" >\n<div id=\"div_block-138-34\" class=\"ct-div-block\" ><img decoding=\"async\"  id=\"image-139-34\" alt=\"\" src=\"https:\/\/www.vanguardhealthcare.co.uk\/wp-content\/uploads\/2025\/12\/Nurse-Base.jpg\" class=\"ct-image\"\/><\/div>\n<div id=\"div_block-134-34\" class=\"ct-div-block\" >\n<h2 id=\"headline-135-34\" class=\"ct-headline\">Co spole\u010dn\u011b dod\u00e1v\u00e1me<\/h2>\n<div id=\"_rich_text-136-34\" class=\"oxy-rich-text\" >\n<h3 data-start=\"889\" data-end=\"912\">Klinick\u00fd insourcing<\/h3>\n<p data-start=\"914\" data-end=\"1053\">V partnerstv\u00ed poskytujeme strukturovan\u00e9, vysoce \u00fa\u010dinn\u00e9 modely insourcingu, kter\u00e9 podporuj\u00ed voliteln\u00e9 zotaven\u00ed a zlep\u0161en\u00ed v\u00fdkonu, v\u010detn\u011b:<\/p>\n<ul data-start=\"1055\" data-end=\"1315\">\n<li data-start=\"1055\" data-end=\"1108\">\n<p data-start=\"1057\" data-end=\"1108\">Chirurgick\u00e9 a nechirurgick\u00e9 postupy veden\u00e9 konzultantem<\/p>\n<\/li>\n<li data-start=\"1109\" data-end=\"1161\">\n<p data-start=\"1111\" data-end=\"1161\">Voliteln\u00e9 programy pro vym\u00e1h\u00e1n\u00ed nevy\u0159\u00edzen\u00fdch prac\u00ed s vysok\u00fdm objemem<\/p>\n<\/li>\n<li data-start=\"1162\" data-end=\"1207\">\n<p data-start=\"1164\" data-end=\"1207\">Provozn\u00ed modely o v\u00edkendech a prodlou\u017een\u00fdch dnech<\/p>\n<\/li>\n<li data-start=\"1208\" data-end=\"1260\">\n<p data-start=\"1210\" data-end=\"1260\">Podpora pro obnoven\u00ed a zlep\u0161en\u00ed v\u00fdkonu RTT<\/p>\n<\/li>\n<li data-start=\"1261\" data-end=\"1315\">\n<p data-start=\"1263\" data-end=\"1315\">Pln\u00fd dohled nad \u0159\u00edzen\u00edm v souladu se standardy CQC<\/p>\n<\/li>\n<\/ul>\n<p class=\"MsoNormal\">&nbsp;<\/p>\n<p data-start=\"1317\" data-end=\"1465\">Propojen\u00edm klinick\u00e9 p\u00e9\u010de s robustn\u00edm provozn\u00edm pl\u00e1nov\u00e1n\u00edm a vysoce kvalitn\u00edm vybaven\u00edm pom\u00e1h\u00e1me nadac\u00edm bezpe\u010dn\u011b a udr\u017eiteln\u011b zvy\u0161ovat aktivitu.<\/p>\n<\/div>\n<\/div>\n<\/div>\n<\/div>\n<\/section>\n<section id=\"section-68-14-text-left-white\" class=\"ct-section\" >\n<div class=\"ct-section-inner-wrap\">\n<div id=\"new_columns-69-14text-left-white\" class=\"ct-new-columns\" >\n<div id=\"div_block-70-14\" class=\"ct-div-block\" >\n<h2 id=\"headline-71-14\" class=\"ct-headline\">Integrace modul\u00e1rn\u00edch a mobiln\u00edch za\u0159\u00edzen\u00ed<\/h2>\n<div id=\"_rich_text-72-14\" class=\"oxy-rich-text\" >\n<p data-start=\"1512\" data-end=\"1718\">Odborn\u00e9 znalosti Vanguard v oblasti infrastruktury pro rychl\u00e9 nasazen\u00ed v kombinaci s klinick\u00fdm veden\u00edm spole\u010dnosti Portland Clinical umo\u017e\u0148uj\u00ed dod\u00e1vky kompletn\u00edch a funk\u010dn\u00edch chirurgick\u00fdch prost\u0159ed\u00ed. Na\u0161e spole\u010dn\u00e1 nab\u00eddka zahrnuje:<\/p>\n<ul data-start=\"1720\" data-end=\"1991\">\n<li data-start=\"1720\" data-end=\"1772\">\n<p data-start=\"1722\" data-end=\"1772\">Rychl\u00e9 nasazen\u00ed opera\u010dn\u00edch s\u00e1l\u016f a odd\u011blen\u00ed<\/p>\n<\/li>\n<li data-start=\"1773\" data-end=\"1830\">\n<p data-start=\"1775\" data-end=\"1830\">Samostatn\u00e1 chirurgick\u00e1 centra pro ochranu voliteln\u00fdch kapacit<\/p>\n<\/li>\n<li data-start=\"1831\" data-end=\"1891\">\n<p data-start=\"1833\" data-end=\"1891\">P\u0159e\u010derp\u00e1n\u00ed kapacity b\u011bhem rekonstrukce nebo tlaku na nemovitosti<\/p>\n<\/li>\n<li data-start=\"1892\" data-end=\"1951\">\n<p data-start=\"1894\" data-end=\"1951\">Modely spravovan\u00fdch slu\u017eeb kombinuj\u00edc\u00ed za\u0159\u00edzen\u00ed a pracovn\u00ed s\u00edlu<\/p>\n<\/li>\n<li data-start=\"1952\" data-end=\"1991\">\n<p data-start=\"1954\" data-end=\"1991\">Komplexn\u00ed opera\u010dn\u00ed mobilizace<\/p>\n<\/li>\n<\/ul>\n<p class=\"MsoNormal\">&nbsp;<\/p>\n<p data-start=\"1993\" data-end=\"2126\">Tento integrovan\u00fd p\u0159\u00edstup umo\u017e\u0148uje partner\u016fm NHS p\u0159\u00edstup k fyzick\u00e9 kapacit\u011b i kvalifikovan\u00fdm klinick\u00fdm t\u00fdm\u016fm v r\u00e1mci jednoho koordinovan\u00e9ho \u0159e\u0161en\u00ed.<\/p>\n<\/div>\n<\/div>\n<div id=\"div_block-74-14\" class=\"ct-div-block\" ><img decoding=\"async\"  id=\"image-75-14\" alt=\"\" src=\"https:\/\/www.vanguardhealthcare.co.uk\/wp-content\/uploads\/2025\/11\/DJI_20250619160710_0016_D-min.jpg\" class=\"ct-image\"\/><\/div>\n<\/div>\n<\/div>\n<\/section>\n<section id=\"section-132-34\" class=\"ct-section\" >\n<div class=\"ct-section-inner-wrap\">\n<div id=\"new_columns-133-34\" class=\"ct-new-columns\" >\n<div id=\"div_block-138-34\" class=\"ct-div-block\" ><img decoding=\"async\"  id=\"image-139-34\" alt=\"\" src=\"https:\/\/www.vanguardhealthcare.co.uk\/wp-content\/uploads\/2025\/12\/Exterior-front-1-scaled.jpg\" class=\"ct-image\"\/><\/div>\n<div id=\"div_block-134-34\" class=\"ct-div-block\" >\n<h2 id=\"headline-135-34\" class=\"ct-headline\">Komunitn\u00ed a diagnostick\u00e9 slu\u017eby<\/h2>\n<div id=\"_rich_text-136-34\" class=\"oxy-rich-text\" >\n<p data-start=\"2167\" data-end=\"2308\">Spolupracujeme tak\u00e9 na pos\u00edlen\u00ed komunitn\u00ed a diagnostick\u00e9 p\u00e9\u010de a pom\u00e1h\u00e1me syst\u00e9m\u016fm \u0159\u00eddit popt\u00e1vku bl\u00ed\u017ee domovu. Slu\u017eby zahrnuj\u00ed:<\/p>\n<ul data-start=\"2310\" data-end=\"2482\">\n<li data-start=\"2310\" data-end=\"2347\">\n<p data-start=\"2312\" data-end=\"2347\">Ambulantn\u00ed a diagnostick\u00e9 kliniky<\/p>\n<\/li>\n<li data-start=\"2348\" data-end=\"2385\">\n<p data-start=\"2350\" data-end=\"2385\">Voliteln\u00e9 cesty zalo\u017een\u00e9 na komunit\u011b<\/p>\n<\/li>\n<li data-start=\"2386\" data-end=\"2424\">\n<p data-start=\"2388\" data-end=\"2424\">Slu\u017eby du\u0161evn\u00edho zdrav\u00ed a terapie<\/p>\n<\/li>\n<li data-start=\"2425\" data-end=\"2482\">\n<p data-start=\"2427\" data-end=\"2482\">Digit\u00e1ln\u011b podpo\u0159en\u00e9 t\u0159\u00edd\u011bn\u00ed pacient\u016f a \u0159\u00edzen\u00ed jejich postupu<\/p>\n<\/li>\n<\/ul>\n<p class=\"MsoNormal\">&nbsp;<\/p>\n<p data-start=\"2484\" data-end=\"2611\">Kombinac\u00ed infrastruktury, pracovn\u00ed s\u00edly a n\u00e1vrhu cest p\u00e9\u010de podporujeme efektivn\u011bj\u0161\u00ed tok pacient\u016f a lep\u0161\u00ed p\u0159\u00edstup k p\u00e9\u010di.<\/p>\n<\/div>\n<\/div>\n<\/div>\n<\/div>\n<\/section>\n<section id=\"section-68-14-text-left-white\" class=\"ct-section\" >\n<div class=\"ct-section-inner-wrap\">\n<div id=\"new_columns-69-14text-left-white\" class=\"ct-new-columns\" >\n<div id=\"div_block-70-14\" class=\"ct-div-block\" >\n<h2 id=\"headline-71-14\" class=\"ct-headline\">Pro\u010d je toto partnerstv\u00ed d\u016fle\u017eit\u00e9<\/h2>\n<div id=\"_rich_text-72-14\" class=\"oxy-rich-text\" >\n<p data-start=\"2646\" data-end=\"2856\">NHS i nad\u00e1le \u010del\u00ed zna\u010dn\u00fdm probl\u00e9m\u016fm s kapacitou nap\u0159\u00ed\u010d opera\u010dn\u00edmi s\u00e1ly, diagnostick\u00fdmi a pl\u00e1novan\u00fdmi slu\u017ebami. \u0158e\u0161en\u00ed t\u011bchto tlak\u016f vy\u017eaduje \u0161k\u00e1lovateln\u00e1, kompatibiln\u00ed s p\u0159edpisy a provozn\u011b robustn\u00ed \u0159e\u0161en\u00ed.<\/p>\n<p data-start=\"2858\" data-end=\"2960\">D\u00edky spolupr\u00e1ci s Portland Clinical poskytuje Vanguard Healthcare Solutions syst\u00e9my s:<\/p>\n<ul data-start=\"2962\" data-end=\"3204\">\n<li data-start=\"2962\" data-end=\"3026\">\n<p data-start=\"2964\" data-end=\"3026\">\u0160k\u00e1lovateln\u00e1 dodate\u010dn\u00e1 kapacita bez dlouhodob\u00e9 z\u00e1t\u011b\u017ee z hlediska nemovitost\u00ed<\/p>\n<\/li>\n<li data-start=\"3027\" data-end=\"3073\">\n<p data-start=\"3029\" data-end=\"3073\">Rychl\u00e1 mobilizace se zaji\u0161t\u011bnou spr\u00e1vou v\u011bc\u00ed ve\u0159ejn\u00fdch<\/p>\n<\/li>\n<li data-start=\"3074\" data-end=\"3107\">\n<p data-start=\"3076\" data-end=\"3107\">Klinick\u00e1 realizace v souladu s CQC<\/p>\n<\/li>\n<li data-start=\"3108\" data-end=\"3159\">\n<p data-start=\"3110\" data-end=\"3159\">Integrovan\u00fd reporting a \u0159\u00edzen\u00ed v\u00fdkonnosti<\/p>\n<\/li>\n<li data-start=\"3160\" data-end=\"3204\">\n<p data-start=\"3162\" data-end=\"3204\">Kolaborativn\u00ed, syst\u00e9mov\u011b zam\u011b\u0159en\u00fd p\u0159\u00edstup<\/p>\n<\/li>\n<\/ul>\n<p data-start=\"1512\" data-end=\"1718\">&nbsp;<\/p>\n<p data-start=\"3206\" data-end=\"3360\" data-is-last-node=\"\" data-is-only-node=\"\">Spole\u010dn\u011b umo\u017e\u0148ujeme organizac\u00edm NHS rychle roz\u0161i\u0159ovat bezpe\u010dn\u00e9 kapacity, chr\u00e1nit pl\u00e1novan\u00e9 zotaven\u00ed a poskytovat v\u010dasnou p\u00e9\u010di pacient\u016fm po cel\u00e9m Spojen\u00e9m kr\u00e1lovstv\u00ed.<\/p>\n<\/div>\n<\/div>\n<div id=\"div_block-74-14\" class=\"ct-div-block\" ><img decoding=\"async\"  id=\"image-75-14\" alt=\"\" src=\"https:\/\/www.vanguardhealthcare.co.uk\/wp-content\/uploads\/2023\/10\/Every-clinical-team-member-brings-their-expertise-and-experience-image-scaled.jpg\" class=\"ct-image\"\/><\/div>\n<\/div>\n<\/div>\n<\/section>\n<section id=\"section-144-59\" class=\"ct-section\" >\n<div class=\"ct-section-inner-wrap\">\n<div id=\"new_columns-145-59\" class=\"ct-new-columns\" >\n<div id=\"div_block-146-59\" class=\"ct-div-block\" >\n<div id=\"_rich_text-9-63\" class=\"oxy-rich-text\" >\n<p>Hled\u00e1n\u00ed \u0159e\u0161en\u00ed, kter\u00e9 funguje pro va\u0161i nemocnici, za\u010d\u00edn\u00e1 zde\u2026<\/p>\n<\/div>\n<p><a id=\"link_button-149-59\" class=\"ct-link-button\" href=\"\/cs_cz\/contact\/\" target=\"_self\"  >B\u00fdt v kontaktu<\/a><\/div>\n<div id=\"div_block-150-59\" class=\"ct-div-block\" ><img decoding=\"async\"  id=\"image-151-59\" alt=\"\" src=\"https:\/\/www.vanguardhealthcare.co.uk\/wp-content\/uploads\/2023\/06\/kettering-2-1.jpg\" class=\"ct-image\"\/><\/div>\n<\/div>\n<\/div>\n<\/section>","protected":false},"excerpt":{"rendered":"","protected":false},"author":11,"featured_media":0,"parent":0,"menu_order":0,"comment_status":"closed","ping_status":"closed","template":"","meta":{"_acf_changed":false,"footnotes":""},"class_list":["post-8357","page","type-page","status-publish","format-standard","hentry"],"acf":[],"yoast_head":"<!-- This site is optimized with the Yoast SEO plugin v27.4 - https:\/\/yoast.com\/product\/yoast-seo-wordpress\/ -->\n<title>Working in Partnership with Portland Clinical - Vanguard Healthcare Solutions<\/title>\n<meta name=\"robots\" content=\"index, follow, max-snippet:-1, max-image-preview:large, max-video-preview:-1\" \/>\n<link rel=\"canonical\" href=\"https:\/\/www.vanguardhealthcare.co.uk\/cs_cz\/working-in-partnership-with-portland-clinical\/\" \/>\n<meta property=\"og:locale\" content=\"cs_CZ\" \/>\n<meta property=\"og:type\" content=\"article\" \/>\n<meta property=\"og:title\" content=\"Working in Partnership with Portland Clinical - Vanguard Healthcare Solutions\" \/>\n<meta property=\"og:url\" content=\"https:\/\/www.vanguardhealthcare.co.uk\/cs_cz\/working-in-partnership-with-portland-clinical\/\" \/>\n<meta property=\"og:site_name\" content=\"Vanguard Healthcare Solutions\" \/>\n<meta property=\"article:modified_time\" content=\"2026-03-03T12:30:32+00:00\" \/>\n<meta name=\"twitter:card\" content=\"summary_large_image\" \/>\n<meta name=\"twitter:label1\" content=\"Odhadovan\u00e1 doba \u010dten\u00ed\" \/>\n\t<meta name=\"twitter:data1\" content=\"1 minuta\" \/>\n<script type=\"application\/ld+json\" class=\"yoast-schema-graph\">{\"@context\":\"https:\\\/\\\/schema.org\",\"@graph\":[{\"@type\":\"WebPage\",\"@id\":\"https:\\\/\\\/www.vanguardhealthcare.co.uk\\\/working-in-partnership-with-portland-clinical\\\/\",\"url\":\"https:\\\/\\\/www.vanguardhealthcare.co.uk\\\/working-in-partnership-with-portland-clinical\\\/\",\"name\":\"Working in Partnership with Portland Clinical - Vanguard Healthcare Solutions\",\"isPartOf\":{\"@id\":\"https:\\\/\\\/www.vanguardhealthcare.co.uk\\\/#website\"},\"datePublished\":\"2026-03-03T12:30:31+00:00\",\"dateModified\":\"2026-03-03T12:30:32+00:00\",\"breadcrumb\":{\"@id\":\"https:\\\/\\\/www.vanguardhealthcare.co.uk\\\/working-in-partnership-with-portland-clinical\\\/#breadcrumb\"},\"inLanguage\":\"cs\",\"potentialAction\":[{\"@type\":\"ReadAction\",\"target\":[\"https:\\\/\\\/www.vanguardhealthcare.co.uk\\\/working-in-partnership-with-portland-clinical\\\/\"]}]},{\"@type\":\"BreadcrumbList\",\"@id\":\"https:\\\/\\\/www.vanguardhealthcare.co.uk\\\/working-in-partnership-with-portland-clinical\\\/#breadcrumb\",\"itemListElement\":[{\"@type\":\"ListItem\",\"position\":1,\"name\":\"Home\",\"item\":\"https:\\\/\\\/www.vanguardhealthcare.co.uk\\\/\"},{\"@type\":\"ListItem\",\"position\":2,\"name\":\"Working in Partnership with Portland Clinical\"}]},{\"@type\":\"WebSite\",\"@id\":\"https:\\\/\\\/www.vanguardhealthcare.co.uk\\\/#website\",\"url\":\"https:\\\/\\\/www.vanguardhealthcare.co.uk\\\/\",\"name\":\"Vanguard Healthcare Solutions\",\"description\":\"\",\"potentialAction\":[{\"@type\":\"SearchAction\",\"target\":{\"@type\":\"EntryPoint\",\"urlTemplate\":\"https:\\\/\\\/www.vanguardhealthcare.co.uk\\\/?s={search_term_string}\"},\"query-input\":{\"@type\":\"PropertyValueSpecification\",\"valueRequired\":true,\"valueName\":\"search_term_string\"}}],\"inLanguage\":\"cs\"}]}<\/script>\n<!-- \/ Yoast SEO plugin. -->","yoast_head_json":{"title":"Spolupr\u00e1ce s Portland Clinical - Vanguard Healthcare Solutions","robots":{"index":"index","follow":"follow","max-snippet":"max-snippet:-1","max-image-preview":"max-image-preview:large","max-video-preview":"max-video-preview:-1"},"canonical":"https:\/\/www.vanguardhealthcare.co.uk\/cs_cz\/working-in-partnership-with-portland-clinical\/","og_locale":"cs_CZ","og_type":"article","og_title":"Working in Partnership with Portland Clinical - Vanguard Healthcare Solutions","og_url":"https:\/\/www.vanguardhealthcare.co.uk\/cs_cz\/working-in-partnership-with-portland-clinical\/","og_site_name":"Vanguard Healthcare Solutions","article_modified_time":"2026-03-03T12:30:32+00:00","twitter_card":"summary_large_image","twitter_misc":{"Odhadovan\u00e1 doba \u010dten\u00ed":"1 minuta"},"schema":{"@context":"https:\/\/schema.org","@graph":[{"@type":"WebPage","@id":"https:\/\/www.vanguardhealthcare.co.uk\/working-in-partnership-with-portland-clinical\/","url":"https:\/\/www.vanguardhealthcare.co.uk\/working-in-partnership-with-portland-clinical\/","name":"Spolupr\u00e1ce s Portland Clinical - Vanguard Healthcare Solutions","isPartOf":{"@id":"https:\/\/www.vanguardhealthcare.co.uk\/#website"},"datePublished":"2026-03-03T12:30:31+00:00","dateModified":"2026-03-03T12:30:32+00:00","breadcrumb":{"@id":"https:\/\/www.vanguardhealthcare.co.uk\/working-in-partnership-with-portland-clinical\/#breadcrumb"},"inLanguage":"cs","potentialAction":[{"@type":"ReadAction","target":["https:\/\/www.vanguardhealthcare.co.uk\/working-in-partnership-with-portland-clinical\/"]}]},{"@type":"BreadcrumbList","@id":"https:\/\/www.vanguardhealthcare.co.uk\/working-in-partnership-with-portland-clinical\/#breadcrumb","itemListElement":[{"@type":"ListItem","position":1,"name":"Home","item":"https:\/\/www.vanguardhealthcare.co.uk\/"},{"@type":"ListItem","position":2,"name":"Working in Partnership with Portland Clinical"}]},{"@type":"WebSite","@id":"https:\/\/www.vanguardhealthcare.co.uk\/#website","url":"https:\/\/www.vanguardhealthcare.co.uk\/","name":"Vanguard Zdravotn\u00ed \u0159e\u0161en\u00ed","description":"","potentialAction":[{"@type":"SearchAction","target":{"@type":"EntryPoint","urlTemplate":"https:\/\/www.vanguardhealthcare.co.uk\/?s={search_term_string}"},"query-input":{"@type":"PropertyValueSpecification","valueRequired":true,"valueName":"search_term_string"}}],"inLanguage":"cs"}]}},"_links":{"self":[{"href":"https:\/\/www.vanguardhealthcare.co.uk\/cs_cz\/wp-json\/wp\/v2\/pages\/8357","targetHints":{"allow":["GET"]}}],"collection":[{"href":"https:\/\/www.vanguardhealthcare.co.uk\/cs_cz\/wp-json\/wp\/v2\/pages"}],"about":[{"href":"https:\/\/www.vanguardhealthcare.co.uk\/cs_cz\/wp-json\/wp\/v2\/types\/page"}],"author":[{"embeddable":true,"href":"https:\/\/www.vanguardhealthcare.co.uk\/cs_cz\/wp-json\/wp\/v2\/users\/11"}],"replies":[{"embeddable":true,"href":"https:\/\/www.vanguardhealthcare.co.uk\/cs_cz\/wp-json\/wp\/v2\/comments?post=8357"}],"version-history":[{"count":0,"href":"https:\/\/www.vanguardhealthcare.co.uk\/cs_cz\/wp-json\/wp\/v2\/pages\/8357\/revisions"}],"wp:attachment":[{"href":"https:\/\/www.vanguardhealthcare.co.uk\/cs_cz\/wp-json\/wp\/v2\/media?parent=8357"}],"curies":[{"name":"wp","href":"https:\/\/api.w.org\/{rel}","templated":true}]}}