{"id":7861,"date":"2025-03-06T16:20:47","date_gmt":"2025-03-06T16:20:47","guid":{"rendered":"https:\/\/www.vanguardhealthcare.co.uk\/?page_id=7861"},"modified":"2025-04-01T11:52:39","modified_gmt":"2025-04-01T11:52:39","slug":"flexible-finance-solutions","status":"publish","type":"page","link":"https:\/\/www.vanguardhealthcare.co.uk\/cs_cz\/flexible-finance-solutions\/","title":{"rendered":"Flexibiln\u00ed finan\u010dn\u00ed \u0159e\u0161en\u00ed"},"content":{"rendered":"<section id=\"section-2-59\" class=\"ct-section\" style=\"background-image:url(https:\/\/www.vanguardhealthcare.co.uk\/wp-content\/uploads\/2023\/05\/boulders-right.png);background-size: auto;\" >\n<div class=\"ct-section-inner-wrap\">\n<div id=\"div_block-8-59\" class=\"ct-div-block\" ><a id=\"link_text-6-59\" class=\"ct-link-text\" href=\"\/cs_cz\/\" target=\"_self\"  >Domov<\/a><\/p>\n<h1 id=\"headline-3-59\" class=\"ct-headline\"><span id=\"span-4-59\" class=\"ct-span\" >Flexibiln\u00ed finan\u010dn\u00ed \u0159e\u0161en\u00ed<\/span><\/h1>\n<\/div>\n<\/div>\n<\/section>\n<section id=\"section-68-14-text-left-white\" class=\"ct-section\" >\n<div class=\"ct-section-inner-wrap\">\n<div id=\"new_columns-69-14text-left-white\" class=\"ct-new-columns\" >\n<div id=\"div_block-70-14\" class=\"ct-div-block\" >\n<h2 id=\"headline-71-14\" class=\"ct-headline\">Facility Flex \u2013 Chytr\u00fd p\u0159\u00edstup ke zm\u00edrn\u011bn\u00ed probl\u00e9m\u016f IFRS16 a CDEL<\/h2>\n<div id=\"_rich_text-72-14\" class=\"oxy-rich-text\" >\n<h3 class=\"MsoNormal\"><strong><span lang=\"EN-GB\">V\u00edtejte ve Facility Flex<\/span><\/strong><\/h3>\n<p class=\"MsoNormal\"><span lang=\"EN-GB\">Ve spole\u010dnosti Vanguard Healthcare Solutions rozum\u00edme dynamick\u00fdm pot\u0159eb\u00e1m poskytovatel\u016f zdravotn\u00ed p\u00e9\u010de. N\u00e1\u0161&nbsp;<strong>Facility Flex<\/strong> model nab\u00edz\u00ed revolu\u010dn\u00ed p\u0159\u00edstup ke zdravotnick\u00e9 infrastruktu\u0159e a poskytuje flexibiln\u00ed, pr\u016fb\u011b\u017en\u00e1 \u0159e\u0161en\u00ed, kter\u00e1 zaji\u0161\u0165uj\u00ed okam\u017eit\u00fd p\u0159\u00edstup k vysoce kvalitn\u00edmu klinick\u00e9mu prost\u0159ed\u00ed.<\/span><\/p>\n<p class=\"MsoNormal\"><span lang=\"EN-GB\">St\u00e1hn\u011bte si na\u0161i informativn\u00ed bro\u017euru,&nbsp;<a href=\"\/cs_cz\/resource\/facility-flex-a-smart-approach-to-mitigating-ifrs16-and-cdel-challenges\/\">tady.<\/a><\/span><\/p>\n<\/div>\n<\/div>\n<div id=\"div_block-74-14\" class=\"ct-div-block\" ><img decoding=\"async\"  id=\"image-75-14\" alt=\"\" src=\"https:\/\/www.vanguardhealthcare.co.uk\/wp-content\/uploads\/2025\/02\/Vanguard-Ribbon-Cutting-Drone-Photography-2-1024x768.jpg\" class=\"ct-image\"\/><\/div>\n<\/div>\n<\/div>\n<\/section>\n<section id=\"section-132-34\" class=\"ct-section\" >\n<div class=\"ct-section-inner-wrap\">\n<div id=\"new_columns-133-34\" class=\"ct-new-columns\" >\n<div id=\"div_block-138-34\" class=\"ct-div-block\" ><img decoding=\"async\"  id=\"image-139-34\" alt=\"\" src=\"https:\/\/www.vanguardhealthcare.co.uk\/wp-content\/uploads\/2025\/01\/IMG_5643-1024x768.jpeg\" class=\"ct-image\"\/><\/div>\n<div id=\"div_block-134-34\" class=\"ct-div-block\" >\n<h2 id=\"headline-135-34\" class=\"ct-headline\">Pro\u010d zvolit Facility Flex?<\/h2>\n<div id=\"_rich_text-136-34\" class=\"oxy-rich-text\" >\n<p class=\"MsoNormal\"><strong><span lang=\"EN-GB\">Facility Flex<\/span><\/strong><span lang=\"EN-GB\">&nbsp;je navr\u017een tak, aby uspokojil rostouc\u00ed popt\u00e1vku po zdravotnick\u00fdch slu\u017eb\u00e1ch bez nutnosti zna\u010dn\u00fdch kapit\u00e1lov\u00fdch v\u00fddaj\u016f. N\u00e1\u0161 model zalo\u017een\u00fd na p\u0159\u00edjmech umo\u017e\u0148uje poskytovatel\u016fm zdravotn\u00ed p\u00e9\u010de vyu\u017e\u00edvat p\u0159\u00edjmov\u00e9 rozpo\u010dty a uchovat jejich kapit\u00e1lov\u00e9 zdroje pro dal\u0161\u00ed d\u016fle\u017eit\u00e9 investice. Tato finan\u010dn\u00ed flexibilita je zvl\u00e1\u0161t\u011b v\u00fdhodn\u00e1 pro NHS Trusts, proto\u017ee nezaji\u0161\u0165uje \u017e\u00e1dn\u00fd dopad na stropy CEDL.<\/span><\/p>\n<p class=\"MsoNormal\"><strong><span lang=\"EN-GB\">Kl\u00ed\u010dov\u00e9 vlastnosti a v\u00fdhody<\/span><\/strong><\/p>\n<ul style=\"margin-top: 0cm\" type=\"disc\">\n<li class=\"MsoNormal\"><strong><span lang=\"EN-GB\">\u017d\u00e1dn\u00e9 kapit\u00e1lov\u00e9 v\u00fddaje<\/span><\/strong><span lang=\"EN-GB\">: N\u00e1\u0161 pr\u016fb\u011b\u017en\u00fd model eliminuje pot\u0159ebu velk\u00fdch kapit\u00e1lov\u00fdch v\u00fddaj\u016f a umo\u017e\u0148uje v\u00e1m zachovat finan\u010dn\u00ed zdroje.<\/span><\/li>\n<li class=\"MsoNormal\"><strong><span lang=\"EN-GB\">Rychl\u00e9 nasazen\u00ed<\/span><\/strong><span lang=\"EN-GB\">: Poskytujeme okam\u017eit\u00fd p\u0159\u00edstup k cel\u00e9 flotile demontovateln\u00fdch a modul\u00e1rn\u00edch za\u0159\u00edzen\u00ed, co\u017e zaji\u0161\u0165uje, \u017ee m\u016f\u017eete rychle \u0159e\u0161it probl\u00e9my s kapacitou.<\/span><\/li>\n<li class=\"MsoNormal\"><strong><span lang=\"EN-GB\">Vysoce kvalitn\u00ed infrastruktura<\/span><\/strong><span lang=\"EN-GB\">: Na\u0161e za\u0159\u00edzen\u00ed jsou navr\u017eena klinick\u00fdmi l\u00e9ka\u0159i a vybavena nejmodern\u011bj\u0161\u00edm vybaven\u00edm, kter\u00e9 zaji\u0161\u0165uje optim\u00e1ln\u00ed p\u00e9\u010di o pacienta.<\/span><\/li>\n<li class=\"MsoNormal\"><strong><span lang=\"EN-GB\">Finan\u010dn\u00ed flexibilita<\/span><\/strong><span lang=\"EN-GB\">: Vyu\u017eit\u00edm rozpo\u010dt\u016f na p\u0159\u00edjmy m\u016f\u017eete investovat do z\u00e1kladn\u00ed infrastruktury, ani\u017e byste ovlivnili limity kapit\u00e1lov\u00fdch v\u00fddaj\u016f.<\/span><\/li>\n<li class=\"MsoNormal\"><strong><span lang=\"EN-GB\">Vylep\u0161en\u00e1 zku\u0161enost pacienta<\/span><\/strong><span lang=\"EN-GB\">: Na\u0161e klinick\u00e1 prost\u0159ed\u00ed p\u0159ipraven\u00e1 k pou\u017eit\u00ed pom\u00e1haj\u00ed zlep\u0161it v\u00fdsledky pacient\u016f a zkr\u00e1tit \u010dekac\u00ed doby.<\/span><\/li>\n<\/ul>\n<\/div>\n<\/div>\n<\/div>\n<\/div>\n<\/section>\n<section id=\"section-68-14-text-left-white\" class=\"ct-section\" >\n<div class=\"ct-section-inner-wrap\">\n<div id=\"new_columns-69-14text-left-white\" class=\"ct-new-columns\" >\n<div id=\"div_block-70-14\" class=\"ct-div-block\" >\n<h2 id=\"headline-71-14\" class=\"ct-headline\">Komplexn\u00ed podpora<\/h2>\n<div id=\"_rich_text-72-14\" class=\"oxy-rich-text\" >\n<p class=\"MsoNormal\"><strong><span lang=\"EN-GB\">Komplexn\u00ed podpora<\/span><\/strong><\/p>\n<p class=\"MsoNormal\"><span lang=\"EN-GB\">\u00dazce spolupracujeme s NHS Trusts, abychom pochopili jejich individu\u00e1ln\u00ed po\u017eadavky a kl\u00ed\u010dov\u00e9 finan\u010dn\u00ed faktory. Na\u0161e \u0159e\u0161en\u00ed na m\u00edru jsou navr\u017eena tak, aby zajistila pozitivn\u00ed v\u00fdsledky, a poskytujeme komplexn\u00ed podporu b\u011bhem cel\u00e9ho procesu:<\/span><\/p>\n<ul style=\"margin-top: 0cm\" type=\"disc\">\n<li class=\"MsoNormal\">\n<p><strong><span lang=\"EN-GB\">Podpora \u017eivotaschopnosti<\/span><\/strong><span lang=\"EN-GB\">: Spolupracujeme s v\u00e1mi na ov\u011b\u0159en\u00ed proveditelnosti \u0159e\u0161en\u00ed Facility Flex pro va\u0161e individu\u00e1ln\u00ed pot\u0159eby.<\/span><\/p>\n<\/li>\n<li class=\"MsoNormal\">\n<p><strong><span lang=\"EN-GB\">Komplexn\u00ed diskuse<\/span><\/strong><span lang=\"EN-GB\">: Spole\u010dn\u00fd v\u00fdvoj p\u0159edpokl\u00e1dan\u00e9ho pou\u017eit\u00ed a n\u00e1vrh flexibiln\u00edch finan\u010dn\u00edch \u0159e\u0161en\u00ed, kter\u00e1 v\u00e1m nejl\u00e9pe vyhovuj\u00ed.<\/span><\/p>\n<\/li>\n<li class=\"MsoNormal\">\n<p><strong><span lang=\"EN-GB\">Asistence p\u0159i schvalov\u00e1n\u00ed<\/span><\/strong><span lang=\"EN-GB\">: Podpora rozvoje obchodn\u00edch p\u0159\u00edpad\u016f<\/span><\/p>\n<\/li>\n<li class=\"MsoNormal\">\n<p><strong><span lang=\"EN-GB\">V\u010dasn\u00e9 dod\u00e1n\u00ed<\/span><\/strong><span lang=\"EN-GB\">: Dod\u00e1vka z na\u0161\u00ed okam\u017eit\u011b dostupn\u00e9 demontovateln\u00e9 a modulov\u00e9 flotily<\/span><\/p>\n<\/li>\n<\/ul>\n<\/div>\n<\/div>\n<div id=\"div_block-74-14\" class=\"ct-div-block\" ><img decoding=\"async\"  id=\"image-75-14\" alt=\"\" src=\"https:\/\/www.vanguardhealthcare.co.uk\/wp-content\/uploads\/2024\/07\/IMG_6401-1024x768.jpeg\" class=\"ct-image\"\/><\/div>\n<\/div>\n<\/div>\n<\/section>\n<section id=\"section-132-34\" class=\"ct-section\" >\n<div class=\"ct-section-inner-wrap\">\n<div id=\"new_columns-133-34\" class=\"ct-new-columns\" >\n<div id=\"div_block-138-34\" class=\"ct-div-block\" ><img decoding=\"async\"  id=\"image-139-34\" alt=\"\" src=\"https:\/\/www.vanguardhealthcare.co.uk\/wp-content\/uploads\/2024\/04\/Heartlands-Exterior-3-1024x683.jpg\" class=\"ct-image\"\/><\/div>\n<div id=\"div_block-134-34\" class=\"ct-div-block\" >\n<h2 id=\"headline-135-34\" class=\"ct-headline\">Pln\u011bn\u00ed c\u00edl\u016f programu volebn\u00ed reformy<\/h2>\n<div id=\"_rich_text-136-34\" class=\"oxy-rich-text\" >\n<p class=\"MsoNormal\"><span lang=\"EN-GB\">Facility Flex je ned\u00edlnou sou\u010d\u00e1st\u00ed podpory programu voliteln\u00fdch reforem NHS, jeho\u017e c\u00edlem je zkr\u00e1tit \u010dekac\u00ed doby a zlep\u0161it p\u00e9\u010di o pacienty. T\u00edm, \u017ee Facility Flex poskytuje dal\u0161\u00ed klinickou kapacitu na pr\u016fb\u011b\u017en\u00e9m z\u00e1klad\u011b, pom\u00e1h\u00e1 NHS Trusts splnit c\u00edle programu a zajistit pacient\u016fm v\u010dasnou a \u00fa\u010dinnou l\u00e9\u010dbu.<\/span><\/p>\n<p class=\"MsoNormal\"><strong><span lang=\"EN-GB\">N\u00e1\u0161 z\u00e1vazek<\/span><\/strong><\/p>\n<p class=\"MsoNormal\"><span lang=\"EN-GB\">Ve spole\u010dnosti Vanguard Healthcare Solutions jsme odhodl\u00e1ni poskytovat flexibiln\u00ed a vysoce kvalitn\u00ed zdravotnickou infrastrukturu, kter\u00e1 spl\u0148uje dynamick\u00e9 pot\u0159eby poskytovatel\u016f zdravotn\u00ed p\u00e9\u010de. N\u00e1\u0161 informovan\u00fd, zru\u010dn\u00fd a schopn\u00fd t\u00fdm p\u0159in\u00e1\u0161\u00ed rozs\u00e1hl\u00e9 zku\u0161enosti a hlubok\u00e9 porozum\u011bn\u00ed pot\u0159eb\u00e1m z\u00e1kazn\u00edk\u016f, co\u017e zaji\u0161\u0165uje, \u017ee poskytujeme \u0159e\u0161en\u00ed nejvy\u0161\u0161\u00ed kvality v oboru.<\/span><\/p>\n<\/div>\n<\/div>\n<\/div>\n<\/div>\n<\/section>\n<section id=\"section-144-59\" class=\"ct-section\" >\n<div class=\"ct-section-inner-wrap\">\n<div id=\"new_columns-145-59\" class=\"ct-new-columns\" >\n<div id=\"div_block-146-59\" class=\"ct-div-block\" >\n<div id=\"_rich_text-9-63\" class=\"oxy-rich-text\" >\n<p>Hled\u00e1n\u00ed \u0159e\u0161en\u00ed, kter\u00e9 funguje pro va\u0161i nemocnici, za\u010d\u00edn\u00e1 zde\u2026<\/p>\n<\/div>\n<p><a id=\"link_button-149-59\" class=\"ct-link-button\" href=\"\/cs_cz\/contact\/\" target=\"_self\"  >B\u00fdt v kontaktu<\/a><\/div>\n<div id=\"div_block-150-59\" class=\"ct-div-block\" ><img decoding=\"async\"  id=\"image-151-59\" alt=\"\" src=\"https:\/\/www.vanguardhealthcare.co.uk\/wp-content\/uploads\/2023\/06\/kettering-2-1.jpg\" class=\"ct-image\"\/><\/div>\n<\/div>\n<\/div>\n<\/section>","protected":false},"excerpt":{"rendered":"","protected":false},"author":11,"featured_media":0,"parent":0,"menu_order":0,"comment_status":"closed","ping_status":"closed","template":"","meta":{"_acf_changed":false,"footnotes":""},"class_list":["post-7861","page","type-page","status-publish","format-standard","hentry"],"acf":[],"yoast_head":"<!-- This site is optimized with the Yoast SEO plugin v27.5 - https:\/\/yoast.com\/product\/yoast-seo-wordpress\/ -->\n<title>Flexible Finance Solutions - Vanguard Healthcare Solutions<\/title>\n<meta name=\"robots\" content=\"index, follow, max-snippet:-1, max-image-preview:large, max-video-preview:-1\" \/>\n<link rel=\"canonical\" href=\"https:\/\/www.vanguardhealthcare.co.uk\/cs_cz\/flexible-finance-solutions\/\" \/>\n<meta property=\"og:locale\" content=\"cs_CZ\" \/>\n<meta property=\"og:type\" content=\"article\" \/>\n<meta property=\"og:title\" content=\"Flexible Finance Solutions - Vanguard Healthcare Solutions\" \/>\n<meta property=\"og:url\" content=\"https:\/\/www.vanguardhealthcare.co.uk\/cs_cz\/flexible-finance-solutions\/\" \/>\n<meta property=\"og:site_name\" content=\"Vanguard Healthcare Solutions\" \/>\n<meta property=\"article:modified_time\" content=\"2025-04-01T11:52:39+00:00\" \/>\n<meta name=\"twitter:card\" content=\"summary_large_image\" \/>\n<meta name=\"twitter:label1\" content=\"Odhadovan\u00e1 doba \u010dten\u00ed\" \/>\n\t<meta name=\"twitter:data1\" content=\"1 minuta\" \/>\n<script type=\"application\/ld+json\" class=\"yoast-schema-graph\">{\"@context\":\"https:\\\/\\\/schema.org\",\"@graph\":[{\"@type\":\"WebPage\",\"@id\":\"https:\\\/\\\/www.vanguardhealthcare.co.uk\\\/flexible-finance-solutions\\\/\",\"url\":\"https:\\\/\\\/www.vanguardhealthcare.co.uk\\\/flexible-finance-solutions\\\/\",\"name\":\"Flexible Finance Solutions - Vanguard Healthcare Solutions\",\"isPartOf\":{\"@id\":\"https:\\\/\\\/www.vanguardhealthcare.co.uk\\\/#website\"},\"datePublished\":\"2025-03-06T16:20:47+00:00\",\"dateModified\":\"2025-04-01T11:52:39+00:00\",\"breadcrumb\":{\"@id\":\"https:\\\/\\\/www.vanguardhealthcare.co.uk\\\/flexible-finance-solutions\\\/#breadcrumb\"},\"inLanguage\":\"cs\",\"potentialAction\":[{\"@type\":\"ReadAction\",\"target\":[\"https:\\\/\\\/www.vanguardhealthcare.co.uk\\\/flexible-finance-solutions\\\/\"]}]},{\"@type\":\"BreadcrumbList\",\"@id\":\"https:\\\/\\\/www.vanguardhealthcare.co.uk\\\/flexible-finance-solutions\\\/#breadcrumb\",\"itemListElement\":[{\"@type\":\"ListItem\",\"position\":1,\"name\":\"Home\",\"item\":\"https:\\\/\\\/www.vanguardhealthcare.co.uk\\\/\"},{\"@type\":\"ListItem\",\"position\":2,\"name\":\"Flexible Finance Solutions\"}]},{\"@type\":\"WebSite\",\"@id\":\"https:\\\/\\\/www.vanguardhealthcare.co.uk\\\/#website\",\"url\":\"https:\\\/\\\/www.vanguardhealthcare.co.uk\\\/\",\"name\":\"Vanguard Healthcare Solutions\",\"description\":\"\",\"potentialAction\":[{\"@type\":\"SearchAction\",\"target\":{\"@type\":\"EntryPoint\",\"urlTemplate\":\"https:\\\/\\\/www.vanguardhealthcare.co.uk\\\/?s={search_term_string}\"},\"query-input\":{\"@type\":\"PropertyValueSpecification\",\"valueRequired\":true,\"valueName\":\"search_term_string\"}}],\"inLanguage\":\"cs\"}]}<\/script>\n<!-- \/ Yoast SEO plugin. -->","yoast_head_json":{"title":"Flexibiln\u00ed finan\u010dn\u00ed \u0159e\u0161en\u00ed - Vanguard \u0158e\u0161en\u00ed pro zdravotnictv\u00ed","robots":{"index":"index","follow":"follow","max-snippet":"max-snippet:-1","max-image-preview":"max-image-preview:large","max-video-preview":"max-video-preview:-1"},"canonical":"https:\/\/www.vanguardhealthcare.co.uk\/cs_cz\/flexible-finance-solutions\/","og_locale":"cs_CZ","og_type":"article","og_title":"Flexible Finance Solutions - Vanguard Healthcare Solutions","og_url":"https:\/\/www.vanguardhealthcare.co.uk\/cs_cz\/flexible-finance-solutions\/","og_site_name":"Vanguard Healthcare Solutions","article_modified_time":"2025-04-01T11:52:39+00:00","twitter_card":"summary_large_image","twitter_misc":{"Odhadovan\u00e1 doba \u010dten\u00ed":"1 minuta"},"schema":{"@context":"https:\/\/schema.org","@graph":[{"@type":"WebPage","@id":"https:\/\/www.vanguardhealthcare.co.uk\/flexible-finance-solutions\/","url":"https:\/\/www.vanguardhealthcare.co.uk\/flexible-finance-solutions\/","name":"Flexibiln\u00ed finan\u010dn\u00ed \u0159e\u0161en\u00ed - Vanguard \u0158e\u0161en\u00ed pro zdravotnictv\u00ed","isPartOf":{"@id":"https:\/\/www.vanguardhealthcare.co.uk\/#website"},"datePublished":"2025-03-06T16:20:47+00:00","dateModified":"2025-04-01T11:52:39+00:00","breadcrumb":{"@id":"https:\/\/www.vanguardhealthcare.co.uk\/flexible-finance-solutions\/#breadcrumb"},"inLanguage":"cs","potentialAction":[{"@type":"ReadAction","target":["https:\/\/www.vanguardhealthcare.co.uk\/flexible-finance-solutions\/"]}]},{"@type":"BreadcrumbList","@id":"https:\/\/www.vanguardhealthcare.co.uk\/flexible-finance-solutions\/#breadcrumb","itemListElement":[{"@type":"ListItem","position":1,"name":"Home","item":"https:\/\/www.vanguardhealthcare.co.uk\/"},{"@type":"ListItem","position":2,"name":"Flexible Finance Solutions"}]},{"@type":"WebSite","@id":"https:\/\/www.vanguardhealthcare.co.uk\/#website","url":"https:\/\/www.vanguardhealthcare.co.uk\/","name":"Vanguard Zdravotn\u00ed \u0159e\u0161en\u00ed","description":"","potentialAction":[{"@type":"SearchAction","target":{"@type":"EntryPoint","urlTemplate":"https:\/\/www.vanguardhealthcare.co.uk\/?s={search_term_string}"},"query-input":{"@type":"PropertyValueSpecification","valueRequired":true,"valueName":"search_term_string"}}],"inLanguage":"cs"}]}},"_links":{"self":[{"href":"https:\/\/www.vanguardhealthcare.co.uk\/cs_cz\/wp-json\/wp\/v2\/pages\/7861","targetHints":{"allow":["GET"]}}],"collection":[{"href":"https:\/\/www.vanguardhealthcare.co.uk\/cs_cz\/wp-json\/wp\/v2\/pages"}],"about":[{"href":"https:\/\/www.vanguardhealthcare.co.uk\/cs_cz\/wp-json\/wp\/v2\/types\/page"}],"author":[{"embeddable":true,"href":"https:\/\/www.vanguardhealthcare.co.uk\/cs_cz\/wp-json\/wp\/v2\/users\/11"}],"replies":[{"embeddable":true,"href":"https:\/\/www.vanguardhealthcare.co.uk\/cs_cz\/wp-json\/wp\/v2\/comments?post=7861"}],"version-history":[{"count":0,"href":"https:\/\/www.vanguardhealthcare.co.uk\/cs_cz\/wp-json\/wp\/v2\/pages\/7861\/revisions"}],"wp:attachment":[{"href":"https:\/\/www.vanguardhealthcare.co.uk\/cs_cz\/wp-json\/wp\/v2\/media?parent=7861"}],"curies":[{"name":"wp","href":"https:\/\/api.w.org\/{rel}","templated":true}]}}