{"id":7785,"date":"2025-02-12T17:18:20","date_gmt":"2025-02-12T17:18:20","guid":{"rendered":"https:\/\/www.vanguardhealthcare.co.uk\/?page_id=7785"},"modified":"2026-01-09T10:18:01","modified_gmt":"2026-01-09T10:18:01","slug":"accreditations-and-certifications","status":"publish","type":"page","link":"https:\/\/www.vanguardhealthcare.co.uk\/cs_cz\/accreditations-and-certifications\/","title":{"rendered":"Akreditace a certifikace"},"content":{"rendered":"<p>Zn\u00e1me hodnotu, kterou certifikace p\u0159in\u00e1\u0161\u00ed podnik\u016fm a jejich z\u00e1kazn\u00edk\u016fm, a proto jsme ka\u017edoro\u010dn\u011b extern\u011b auditov\u00e1ni na n\u00e1sleduj\u00edc\u00ed:<\/p>\n<div class=\"wp-block-media-text is-stacked-on-mobile\" style=\"grid-template-columns:25% auto\">\n<figure class=\"wp-block-media-text__media\"><img loading=\"lazy\" decoding=\"async\" width=\"512\" height=\"612\" src=\"https:\/\/www.vanguardhealthcare.co.uk\/wp-content\/uploads\/2025\/03\/Untitled-design-2.png\" alt=\"\" class=\"wp-image-7876 size-full\" srcset=\"https:\/\/www.vanguardhealthcare.co.uk\/wp-content\/uploads\/2025\/03\/Untitled-design-2.png 512w, https:\/\/www.vanguardhealthcare.co.uk\/wp-content\/uploads\/2025\/03\/Untitled-design-2-251x300.png 251w, https:\/\/www.vanguardhealthcare.co.uk\/wp-content\/uploads\/2025\/03\/Untitled-design-2-10x12.png 10w\" sizes=\"auto, (max-width: 512px) 100vw, 512px\" \/><\/figure>\n<div class=\"wp-block-media-text__content\">\n<p><strong>Certifikace Cyber Essentials Plus<\/strong>&nbsp;<\/p>\n<p>Cyber Essentials Plus je program podporovan\u00fd vl\u00e1dou Spojen\u00e9ho kr\u00e1lovstv\u00ed, jeho\u017e c\u00edlem je pomoci organizac\u00edm chr\u00e1nit se p\u0159ed b\u011b\u017en\u00fdmi online hrozbami. To poskytuje dodate\u010dnou jistotu, \u017ee data klient\u016f chr\u00e1n\u00edme p\u0159ed kybernetick\u00fdmi hrozbami pomoc\u00ed nezbytn\u00fdch technick\u00fdch kontrol.<\/p>\n<\/div>\n<\/div>\n<div class=\"wp-block-media-text is-stacked-on-mobile\" style=\"grid-template-columns:25% auto\">\n<figure class=\"wp-block-media-text__media\"><img loading=\"lazy\" decoding=\"async\" width=\"1024\" height=\"1024\" src=\"https:\/\/www.vanguardhealthcare.co.uk\/wp-content\/uploads\/2025\/02\/ISO9001_BAB-1024x1024.jpg\" alt=\"\" class=\"wp-image-7787 size-full\" srcset=\"https:\/\/www.vanguardhealthcare.co.uk\/wp-content\/uploads\/2025\/02\/ISO9001_BAB-1024x1024.jpg 1024w, https:\/\/www.vanguardhealthcare.co.uk\/wp-content\/uploads\/2025\/02\/ISO9001_BAB-300x300.jpg 300w, https:\/\/www.vanguardhealthcare.co.uk\/wp-content\/uploads\/2025\/02\/ISO9001_BAB-150x150.jpg 150w, https:\/\/www.vanguardhealthcare.co.uk\/wp-content\/uploads\/2025\/02\/ISO9001_BAB-768x768.jpg 768w, https:\/\/www.vanguardhealthcare.co.uk\/wp-content\/uploads\/2025\/02\/ISO9001_BAB-12x12.jpg 12w, https:\/\/www.vanguardhealthcare.co.uk\/wp-content\/uploads\/2025\/02\/ISO9001_BAB-400x400.jpg 400w, https:\/\/www.vanguardhealthcare.co.uk\/wp-content\/uploads\/2025\/02\/ISO9001_BAB-600x600.jpg 600w, https:\/\/www.vanguardhealthcare.co.uk\/wp-content\/uploads\/2025\/02\/ISO9001_BAB.jpg 1200w\" sizes=\"auto, (max-width: 1024px) 100vw, 1024px\" \/><\/figure>\n<div class=\"wp-block-media-text__content\">\n<p><strong>Akreditace managementu kvality ISO 9001<\/strong><\/p>\n<p>Jsme odhodl\u00e1ni p\u0159ekon\u00e1vat o\u010dek\u00e1v\u00e1n\u00ed z\u00e1kazn\u00edk\u016f a poskytovat v\u00fdjime\u010dn\u00e9 slu\u017eby. Na\u0161e certifikace ISO 9001 toto odhodl\u00e1n\u00ed posiluje a zaji\u0161\u0165uje, \u017ee neust\u00e1le uspokojujeme pot\u0159eby z\u00e1kazn\u00edk\u016f a aktivn\u011b hled\u00e1me jejich zp\u011btnou vazbu. Tento p\u0159\u00edstup n\u00e1m pom\u00e1h\u00e1 identifikovat p\u0159\u00edle\u017eitosti ke zlep\u0161en\u00ed, zlep\u0161uje na\u0161i z\u00e1kaznickou zku\u0161enost a zaji\u0161\u0165uje konzistentn\u00ed poskytov\u00e1n\u00ed p\u011btihv\u011bzdi\u010dkov\u00fdch slu\u017eeb.<\/p>\n<\/div>\n<\/div>\n<div class=\"wp-block-media-text is-stacked-on-mobile\" style=\"grid-template-columns:25% auto\">\n<figure class=\"wp-block-media-text__media\"><img loading=\"lazy\" decoding=\"async\" width=\"1024\" height=\"1024\" src=\"https:\/\/www.vanguardhealthcare.co.uk\/wp-content\/uploads\/2025\/02\/ISO14001_BAB-1024x1024.jpg\" alt=\"\" class=\"wp-image-7788 size-full\" srcset=\"https:\/\/www.vanguardhealthcare.co.uk\/wp-content\/uploads\/2025\/02\/ISO14001_BAB-1024x1024.jpg 1024w, https:\/\/www.vanguardhealthcare.co.uk\/wp-content\/uploads\/2025\/02\/ISO14001_BAB-300x300.jpg 300w, https:\/\/www.vanguardhealthcare.co.uk\/wp-content\/uploads\/2025\/02\/ISO14001_BAB-150x150.jpg 150w, https:\/\/www.vanguardhealthcare.co.uk\/wp-content\/uploads\/2025\/02\/ISO14001_BAB-768x768.jpg 768w, https:\/\/www.vanguardhealthcare.co.uk\/wp-content\/uploads\/2025\/02\/ISO14001_BAB-12x12.jpg 12w, https:\/\/www.vanguardhealthcare.co.uk\/wp-content\/uploads\/2025\/02\/ISO14001_BAB-400x400.jpg 400w, https:\/\/www.vanguardhealthcare.co.uk\/wp-content\/uploads\/2025\/02\/ISO14001_BAB-600x600.jpg 600w, https:\/\/www.vanguardhealthcare.co.uk\/wp-content\/uploads\/2025\/02\/ISO14001_BAB.jpg 1200w\" sizes=\"auto, (max-width: 1024px) 100vw, 1024px\" \/><\/figure>\n<div class=\"wp-block-media-text__content\">\n<p><strong>ISO 14001 akreditace environment\u00e1ln\u00edho managementu<\/strong><\/p>\n<p>Pro z\u00e1kazn\u00edky, kte\u0159\u00ed up\u0159ednost\u0148uj\u00ed udr\u017eitelnost, si bu\u010fte jisti, \u017ee jsme odhodl\u00e1ni minimalizovat na\u0161i ekologickou stopu.<\/p>\n<p>Na\u0161e certifikace ISO 14001 n\u00e1m umo\u017e\u0148uje zav\u00e1d\u011bt \u00fa\u010dinn\u00e1 opat\u0159en\u00ed k \u0159\u00edzen\u00ed na\u0161eho dopadu na \u017eivotn\u00ed prost\u0159ed\u00ed. <\/p>\n<\/div>\n<\/div>\n<div class=\"wp-block-media-text is-stacked-on-mobile\" style=\"grid-template-columns:25% auto\">\n<figure class=\"wp-block-media-text__media\"><img loading=\"lazy\" decoding=\"async\" width=\"1024\" height=\"1024\" src=\"https:\/\/www.vanguardhealthcare.co.uk\/wp-content\/uploads\/2025\/02\/ISO45001_BAB-1024x1024.jpg\" alt=\"\" class=\"wp-image-7789 size-full\" srcset=\"https:\/\/www.vanguardhealthcare.co.uk\/wp-content\/uploads\/2025\/02\/ISO45001_BAB-1024x1024.jpg 1024w, https:\/\/www.vanguardhealthcare.co.uk\/wp-content\/uploads\/2025\/02\/ISO45001_BAB-300x300.jpg 300w, https:\/\/www.vanguardhealthcare.co.uk\/wp-content\/uploads\/2025\/02\/ISO45001_BAB-150x150.jpg 150w, https:\/\/www.vanguardhealthcare.co.uk\/wp-content\/uploads\/2025\/02\/ISO45001_BAB-768x768.jpg 768w, https:\/\/www.vanguardhealthcare.co.uk\/wp-content\/uploads\/2025\/02\/ISO45001_BAB-12x12.jpg 12w, https:\/\/www.vanguardhealthcare.co.uk\/wp-content\/uploads\/2025\/02\/ISO45001_BAB-400x400.jpg 400w, https:\/\/www.vanguardhealthcare.co.uk\/wp-content\/uploads\/2025\/02\/ISO45001_BAB-600x600.jpg 600w, https:\/\/www.vanguardhealthcare.co.uk\/wp-content\/uploads\/2025\/02\/ISO45001_BAB.jpg 1200w\" sizes=\"auto, (max-width: 1024px) 100vw, 1024px\" \/><\/figure>\n<div class=\"wp-block-media-text__content\">\n<p><strong>Akreditace managementu bezpe\u010dnosti a ochrany zdrav\u00ed podle ISO 45001<\/strong><\/p>\n<p>Jsme odhodl\u00e1ni p\u0159ekon\u00e1vat o\u010dek\u00e1v\u00e1n\u00ed na\u0161ich z\u00e1kazn\u00edk\u016f a poskytovat v\u00fdjime\u010dn\u00e9 slu\u017eby. Na\u0161e certifikace ISO 45001 tento z\u00e1vazek podtrhuje a zaji\u0161\u0165uje, \u017ee trvale pln\u00edme po\u017eadavky na bezpe\u010dnost a ochranu zdrav\u00ed p\u0159i pr\u00e1ci a aktivn\u011b vyhled\u00e1v\u00e1me zp\u011btnou vazbu. Tento p\u0159\u00edstup n\u00e1m pom\u00e1h\u00e1 identifikovat p\u0159\u00edle\u017eitosti ke zlep\u0161en\u00ed, zvy\u0161uje bezpe\u010dnost na na\u0161em pracovi\u0161ti a zaji\u0161\u0165uje, \u017ee neust\u00e1le poskytujeme bezpe\u010dn\u00e9 a zdrav\u00e9 prost\u0159ed\u00ed pro na\u0161e zam\u011bstnance a z\u00e1kazn\u00edky.<\/p>\n<\/div>\n<\/div>\n<div class=\"wp-block-media-text is-stacked-on-mobile is-vertically-aligned-center\" style=\"grid-template-columns:25% auto\">\n<figure class=\"wp-block-media-text__media\"><img loading=\"lazy\" decoding=\"async\" width=\"1024\" height=\"520\" src=\"https:\/\/www.vanguardhealthcare.co.uk\/wp-content\/uploads\/2026\/01\/mark-of-trust-certificate-of-conformity-BIMdesignandconstruction-black-logo-En-GB-0524-1024x520.jpg\" alt=\"\" class=\"wp-image-8314 size-full\" srcset=\"https:\/\/www.vanguardhealthcare.co.uk\/wp-content\/uploads\/2026\/01\/mark-of-trust-certificate-of-conformity-BIMdesignandconstruction-black-logo-En-GB-0524-1024x520.jpg 1024w, https:\/\/www.vanguardhealthcare.co.uk\/wp-content\/uploads\/2026\/01\/mark-of-trust-certificate-of-conformity-BIMdesignandconstruction-black-logo-En-GB-0524-300x152.jpg 300w, https:\/\/www.vanguardhealthcare.co.uk\/wp-content\/uploads\/2026\/01\/mark-of-trust-certificate-of-conformity-BIMdesignandconstruction-black-logo-En-GB-0524-768x390.jpg 768w, https:\/\/www.vanguardhealthcare.co.uk\/wp-content\/uploads\/2026\/01\/mark-of-trust-certificate-of-conformity-BIMdesignandconstruction-black-logo-En-GB-0524-18x9.jpg 18w, https:\/\/www.vanguardhealthcare.co.uk\/wp-content\/uploads\/2026\/01\/mark-of-trust-certificate-of-conformity-BIMdesignandconstruction-black-logo-En-GB-0524.jpg 1280w\" sizes=\"auto, (max-width: 1024px) 100vw, 1024px\" \/><\/figure>\n<div class=\"wp-block-media-text__content\">\n<p><strong>Certifikace ISO 19650-2<\/strong><\/p>\n<p>Certifikace BSI&nbsp;<strong>BS EN ISO 19650-2:2018<\/strong>&nbsp;dokazuje, \u017ee spole\u010dnost Vanguard Healthcare Solutions spravuje informace b\u011bhem realizace zdravotnick\u00fdch za\u0159\u00edzen\u00ed konzistentn\u00edm, bezpe\u010dn\u00fdm a mezin\u00e1rodn\u011b uzn\u00e1van\u00fdm zp\u016fsobem. Pro na\u0161e z\u00e1kazn\u00edky to poskytuje jistotu, \u017ee informace o klinick\u00e9m n\u00e1vrhu a smluvn\u00edm zad\u00e1v\u00e1n\u00ed jsou p\u0159esn\u00e9, dob\u0159e \u0159\u00edzen\u00e9 a spravovan\u00e9 ve spolupr\u00e1ci s vyu\u017eit\u00edm informa\u010dn\u00edho modelov\u00e1n\u00ed budov (BIM), co\u017e pom\u00e1h\u00e1 sni\u017eovat rizika, zlep\u0161ovat koordinaci a podporovat sebev\u011bdom\u00e9 rozhodov\u00e1n\u00ed v r\u00e1mci komplexn\u00edch zdravotnick\u00fdch projekt\u016f.<\/p>\n<\/div>\n<\/div>\n<div class=\"wp-block-media-text is-stacked-on-mobile is-vertically-aligned-center\" style=\"grid-template-columns:25% auto\">\n<figure class=\"wp-block-media-text__media\"><img loading=\"lazy\" decoding=\"async\" width=\"1024\" height=\"725\" src=\"https:\/\/www.vanguardhealthcare.co.uk\/wp-content\/uploads\/2025\/07\/White-VF-CHAS_LtBG_jpg-1024x725.jpg\" alt=\"\" class=\"wp-image-8067 size-full\" srcset=\"https:\/\/www.vanguardhealthcare.co.uk\/wp-content\/uploads\/2025\/07\/White-VF-CHAS_LtBG_jpg-1024x725.jpg 1024w, https:\/\/www.vanguardhealthcare.co.uk\/wp-content\/uploads\/2025\/07\/White-VF-CHAS_LtBG_jpg-300x212.jpg 300w, https:\/\/www.vanguardhealthcare.co.uk\/wp-content\/uploads\/2025\/07\/White-VF-CHAS_LtBG_jpg-768x544.jpg 768w, https:\/\/www.vanguardhealthcare.co.uk\/wp-content\/uploads\/2025\/07\/White-VF-CHAS_LtBG_jpg-18x12.jpg 18w, https:\/\/www.vanguardhealthcare.co.uk\/wp-content\/uploads\/2025\/07\/White-VF-CHAS_LtBG_jpg.jpg 1123w\" sizes=\"auto, (max-width: 1024px) 100vw, 1024px\" \/><\/figure>\n<div class=\"wp-block-media-text__content\">\n<p><strong>CHAS Elite<\/strong><\/p>\n<p>Z\u00edsk\u00e1n\u00ed akreditace CHAS Elite Status n\u00e1m poskytuje jistotu, \u017ee spl\u0148ujeme p\u0159\u00edsn\u00e1 krit\u00e9ria, a zaji\u0161\u0165uje nejen soulad s pr\u00e1vn\u00edmi po\u017eadavky, ale tak\u00e9 implementaci osv\u011bd\u010den\u00fdch postup\u016f v oblasti ochrany zam\u011bstnanc\u016f i klient\u016f. Posiluje to na\u0161e odhodl\u00e1n\u00ed udr\u017eovat bezpe\u010dn\u00e9 pracovn\u00ed prost\u0159ed\u00ed a efektivn\u011b zm\u00edr\u0148ovat rizika. Akreditace CHAS Elite Status n\u00e1m nab\u00edz\u00ed klid, \u017ee pracujeme s integritou, odpov\u011bdnost\u00ed a profesionalitou. <\/p>\n<\/p>\n<\/p>\n<\/div>\n<\/div>","protected":false},"excerpt":{"rendered":"<p>We know the value that certification brings to businesses and their customers, which is why we\u2019re externally audited to the following on an annual basis: Cyber Essentials Plus Certification&nbsp; Cyber Essentials Plus is a UK government-backed scheme designed to help organisations protect against common online threats. This provides added assurance that we are safeguarding client [&hellip;]<\/p>\n","protected":false},"author":11,"featured_media":0,"parent":0,"menu_order":0,"comment_status":"closed","ping_status":"closed","template":"","meta":{"_acf_changed":false,"footnotes":""},"class_list":["post-7785","page","type-page","status-publish","format-standard","hentry"],"acf":[],"yoast_head":"<!-- This site is optimized with the Yoast SEO plugin v27.4 - https:\/\/yoast.com\/product\/yoast-seo-wordpress\/ -->\n<title>Accreditations and Certifications - Vanguard Healthcare Solutions<\/title>\n<meta name=\"robots\" content=\"index, follow, max-snippet:-1, max-image-preview:large, max-video-preview:-1\" \/>\n<link rel=\"canonical\" href=\"https:\/\/www.vanguardhealthcare.co.uk\/cs_cz\/accreditations-and-certifications\/\" \/>\n<meta property=\"og:locale\" content=\"cs_CZ\" \/>\n<meta property=\"og:type\" content=\"article\" \/>\n<meta property=\"og:title\" content=\"Accreditations and Certifications - Vanguard Healthcare Solutions\" \/>\n<meta property=\"og:description\" content=\"We know the value that certification brings to businesses and their customers, which is why we\u2019re externally audited to the following on an annual basis: Cyber Essentials Plus Certification&nbsp; Cyber Essentials Plus is a UK government-backed scheme designed to help organisations protect against common online threats. This provides added assurance that we are safeguarding client [&hellip;]\" \/>\n<meta property=\"og:url\" content=\"https:\/\/www.vanguardhealthcare.co.uk\/cs_cz\/accreditations-and-certifications\/\" \/>\n<meta property=\"og:site_name\" content=\"Vanguard Healthcare Solutions\" \/>\n<meta property=\"article:modified_time\" content=\"2026-01-09T10:18:01+00:00\" \/>\n<meta property=\"og:image\" content=\"https:\/\/www.vanguardhealthcare.co.uk\/wp-content\/uploads\/2025\/03\/Untitled-design-2.png\" \/>\n\t<meta property=\"og:image:width\" content=\"512\" \/>\n\t<meta property=\"og:image:height\" content=\"612\" \/>\n\t<meta property=\"og:image:type\" content=\"image\/png\" \/>\n<meta name=\"twitter:card\" content=\"summary_large_image\" \/>\n<meta name=\"twitter:label1\" content=\"Odhadovan\u00e1 doba \u010dten\u00ed\" \/>\n\t<meta name=\"twitter:data1\" content=\"3 minuty\" \/>\n<script type=\"application\/ld+json\" class=\"yoast-schema-graph\">{\"@context\":\"https:\\\/\\\/schema.org\",\"@graph\":[{\"@type\":\"WebPage\",\"@id\":\"https:\\\/\\\/www.vanguardhealthcare.co.uk\\\/accreditations-and-certifications\\\/\",\"url\":\"https:\\\/\\\/www.vanguardhealthcare.co.uk\\\/accreditations-and-certifications\\\/\",\"name\":\"Accreditations and Certifications - Vanguard Healthcare Solutions\",\"isPartOf\":{\"@id\":\"https:\\\/\\\/www.vanguardhealthcare.co.uk\\\/#website\"},\"primaryImageOfPage\":{\"@id\":\"https:\\\/\\\/www.vanguardhealthcare.co.uk\\\/accreditations-and-certifications\\\/#primaryimage\"},\"image\":{\"@id\":\"https:\\\/\\\/www.vanguardhealthcare.co.uk\\\/accreditations-and-certifications\\\/#primaryimage\"},\"thumbnailUrl\":\"https:\\\/\\\/www.vanguardhealthcare.co.uk\\\/wp-content\\\/uploads\\\/2025\\\/03\\\/Untitled-design-2.png\",\"datePublished\":\"2025-02-12T17:18:20+00:00\",\"dateModified\":\"2026-01-09T10:18:01+00:00\",\"breadcrumb\":{\"@id\":\"https:\\\/\\\/www.vanguardhealthcare.co.uk\\\/accreditations-and-certifications\\\/#breadcrumb\"},\"inLanguage\":\"cs\",\"potentialAction\":[{\"@type\":\"ReadAction\",\"target\":[\"https:\\\/\\\/www.vanguardhealthcare.co.uk\\\/accreditations-and-certifications\\\/\"]}]},{\"@type\":\"ImageObject\",\"inLanguage\":\"cs\",\"@id\":\"https:\\\/\\\/www.vanguardhealthcare.co.uk\\\/accreditations-and-certifications\\\/#primaryimage\",\"url\":\"https:\\\/\\\/www.vanguardhealthcare.co.uk\\\/wp-content\\\/uploads\\\/2025\\\/03\\\/Untitled-design-2.png\",\"contentUrl\":\"https:\\\/\\\/www.vanguardhealthcare.co.uk\\\/wp-content\\\/uploads\\\/2025\\\/03\\\/Untitled-design-2.png\"},{\"@type\":\"BreadcrumbList\",\"@id\":\"https:\\\/\\\/www.vanguardhealthcare.co.uk\\\/accreditations-and-certifications\\\/#breadcrumb\",\"itemListElement\":[{\"@type\":\"ListItem\",\"position\":1,\"name\":\"Home\",\"item\":\"https:\\\/\\\/www.vanguardhealthcare.co.uk\\\/\"},{\"@type\":\"ListItem\",\"position\":2,\"name\":\"Accreditations and Certifications\"}]},{\"@type\":\"WebSite\",\"@id\":\"https:\\\/\\\/www.vanguardhealthcare.co.uk\\\/#website\",\"url\":\"https:\\\/\\\/www.vanguardhealthcare.co.uk\\\/\",\"name\":\"Vanguard Healthcare Solutions\",\"description\":\"\",\"potentialAction\":[{\"@type\":\"SearchAction\",\"target\":{\"@type\":\"EntryPoint\",\"urlTemplate\":\"https:\\\/\\\/www.vanguardhealthcare.co.uk\\\/?s={search_term_string}\"},\"query-input\":{\"@type\":\"PropertyValueSpecification\",\"valueRequired\":true,\"valueName\":\"search_term_string\"}}],\"inLanguage\":\"cs\"}]}<\/script>\n<!-- \/ Yoast SEO plugin. -->","yoast_head_json":{"title":"Akreditace a certifikace - Vanguard Healthcare Solutions","robots":{"index":"index","follow":"follow","max-snippet":"max-snippet:-1","max-image-preview":"max-image-preview:large","max-video-preview":"max-video-preview:-1"},"canonical":"https:\/\/www.vanguardhealthcare.co.uk\/cs_cz\/accreditations-and-certifications\/","og_locale":"cs_CZ","og_type":"article","og_title":"Accreditations and Certifications - Vanguard Healthcare Solutions","og_description":"We know the value that certification brings to businesses and their customers, which is why we\u2019re externally audited to the following on an annual basis: Cyber Essentials Plus Certification&nbsp; Cyber Essentials Plus is a UK government-backed scheme designed to help organisations protect against common online threats. This provides added assurance that we are safeguarding client [&hellip;]","og_url":"https:\/\/www.vanguardhealthcare.co.uk\/cs_cz\/accreditations-and-certifications\/","og_site_name":"Vanguard Healthcare Solutions","article_modified_time":"2026-01-09T10:18:01+00:00","og_image":[{"width":512,"height":612,"url":"https:\/\/www.vanguardhealthcare.co.uk\/wp-content\/uploads\/2025\/03\/Untitled-design-2.png","type":"image\/png"}],"twitter_card":"summary_large_image","twitter_misc":{"Odhadovan\u00e1 doba \u010dten\u00ed":"3 minuty"},"schema":{"@context":"https:\/\/schema.org","@graph":[{"@type":"WebPage","@id":"https:\/\/www.vanguardhealthcare.co.uk\/accreditations-and-certifications\/","url":"https:\/\/www.vanguardhealthcare.co.uk\/accreditations-and-certifications\/","name":"Akreditace a certifikace - Vanguard Healthcare Solutions","isPartOf":{"@id":"https:\/\/www.vanguardhealthcare.co.uk\/#website"},"primaryImageOfPage":{"@id":"https:\/\/www.vanguardhealthcare.co.uk\/accreditations-and-certifications\/#primaryimage"},"image":{"@id":"https:\/\/www.vanguardhealthcare.co.uk\/accreditations-and-certifications\/#primaryimage"},"thumbnailUrl":"https:\/\/www.vanguardhealthcare.co.uk\/wp-content\/uploads\/2025\/03\/Untitled-design-2.png","datePublished":"2025-02-12T17:18:20+00:00","dateModified":"2026-01-09T10:18:01+00:00","breadcrumb":{"@id":"https:\/\/www.vanguardhealthcare.co.uk\/accreditations-and-certifications\/#breadcrumb"},"inLanguage":"cs","potentialAction":[{"@type":"ReadAction","target":["https:\/\/www.vanguardhealthcare.co.uk\/accreditations-and-certifications\/"]}]},{"@type":"ImageObject","inLanguage":"cs","@id":"https:\/\/www.vanguardhealthcare.co.uk\/accreditations-and-certifications\/#primaryimage","url":"https:\/\/www.vanguardhealthcare.co.uk\/wp-content\/uploads\/2025\/03\/Untitled-design-2.png","contentUrl":"https:\/\/www.vanguardhealthcare.co.uk\/wp-content\/uploads\/2025\/03\/Untitled-design-2.png"},{"@type":"BreadcrumbList","@id":"https:\/\/www.vanguardhealthcare.co.uk\/accreditations-and-certifications\/#breadcrumb","itemListElement":[{"@type":"ListItem","position":1,"name":"Home","item":"https:\/\/www.vanguardhealthcare.co.uk\/"},{"@type":"ListItem","position":2,"name":"Accreditations and Certifications"}]},{"@type":"WebSite","@id":"https:\/\/www.vanguardhealthcare.co.uk\/#website","url":"https:\/\/www.vanguardhealthcare.co.uk\/","name":"Vanguard Zdravotn\u00ed \u0159e\u0161en\u00ed","description":"","potentialAction":[{"@type":"SearchAction","target":{"@type":"EntryPoint","urlTemplate":"https:\/\/www.vanguardhealthcare.co.uk\/?s={search_term_string}"},"query-input":{"@type":"PropertyValueSpecification","valueRequired":true,"valueName":"search_term_string"}}],"inLanguage":"cs"}]}},"_links":{"self":[{"href":"https:\/\/www.vanguardhealthcare.co.uk\/cs_cz\/wp-json\/wp\/v2\/pages\/7785","targetHints":{"allow":["GET"]}}],"collection":[{"href":"https:\/\/www.vanguardhealthcare.co.uk\/cs_cz\/wp-json\/wp\/v2\/pages"}],"about":[{"href":"https:\/\/www.vanguardhealthcare.co.uk\/cs_cz\/wp-json\/wp\/v2\/types\/page"}],"author":[{"embeddable":true,"href":"https:\/\/www.vanguardhealthcare.co.uk\/cs_cz\/wp-json\/wp\/v2\/users\/11"}],"replies":[{"embeddable":true,"href":"https:\/\/www.vanguardhealthcare.co.uk\/cs_cz\/wp-json\/wp\/v2\/comments?post=7785"}],"version-history":[{"count":0,"href":"https:\/\/www.vanguardhealthcare.co.uk\/cs_cz\/wp-json\/wp\/v2\/pages\/7785\/revisions"}],"wp:attachment":[{"href":"https:\/\/www.vanguardhealthcare.co.uk\/cs_cz\/wp-json\/wp\/v2\/media?parent=7785"}],"curies":[{"name":"wp","href":"https:\/\/api.w.org\/{rel}","templated":true}]}}