{"id":689,"date":"2023-07-19T15:15:33","date_gmt":"2023-07-19T15:15:33","guid":{"rendered":"https:\/\/www.vanguardhealthcare.co.uk\/?page_id=689"},"modified":"2023-07-27T09:05:46","modified_gmt":"2023-07-27T09:05:46","slug":"who-we-help","status":"publish","type":"page","link":"https:\/\/www.vanguardhealthcare.co.uk\/cs_cz\/who-we-help\/","title":{"rendered":"Komu pom\u00e1h\u00e1me"},"content":{"rendered":"<section id=\"section-2-59\" class=\"ct-section\" style=\"background-image:url(https:\/\/www.vanguardhealthcare.co.uk\/wp-content\/uploads\/2023\/05\/boulders-right.png);background-size: auto;\" >\n<div class=\"ct-section-inner-wrap\">\n<div id=\"div_block-8-59\" class=\"ct-div-block\" ><a id=\"link_text-6-59\" class=\"ct-link-text\" href=\"\/cs_cz\/\" target=\"_self\"  >Domov<\/a><\/p>\n<h1 id=\"headline-3-59\" class=\"ct-headline\"><span id=\"span-4-59\" class=\"ct-span\" >Komu pom\u00e1h\u00e1me<\/span><\/h1>\n<\/div>\n<\/div>\n<\/section>\n<section id=\"section-68-14-text-left-white\" class=\"ct-section\" >\n<div class=\"ct-section-inner-wrap\">\n<div id=\"new_columns-69-14text-left-white\" class=\"ct-new-columns\" >\n<div id=\"div_block-70-14\" class=\"ct-div-block\" >\n<h2 id=\"headline-71-14\" class=\"ct-headline\">Komu pom\u00e1h\u00e1me<\/h2>\n<div id=\"_rich_text-72-14\" class=\"oxy-rich-text\" >\n<p><span id=\"docs-internal-guid-62174751-7fff-55eb-727a-200d52a9c2f8\">Kdy\u017e s klientem pracujeme na nov\u00e9m projektu, chceme se ujistit, \u017ee proces bude pro v\u0161echny z\u00fa\u010dastn\u011bn\u00e9 co nejhlad\u0161\u00ed. Zde je n\u011bkolik p\u0159\u00edklad\u016f, jak m\u016f\u017eeme podpo\u0159it r\u016fzn\u00e9 t\u00fdmy vrcholov\u00e9ho managementu v r\u00e1mci nemocnic.<\/span><\/p>\n<\/div>\n<\/div>\n<div id=\"div_block-74-14\" class=\"ct-div-block\" ><img decoding=\"async\"  id=\"image-75-14\" alt=\"\" src=\"https:\/\/www.vanguardhealthcare.co.uk\/wp-content\/uploads\/2023\/07\/team-4.jpg\" class=\"ct-image\"\/><\/div>\n<\/div>\n<\/div>\n<\/section>\n<section id=\"section-88-34-blue\" class=\"ct-section\" >\n<div class=\"ct-section-inner-wrap\">\n<div id=\"new_columns-89-34-blue\" class=\"ct-new-columns\" >\n<div id=\"div_block-94-34\" class=\"ct-div-block\" ><img decoding=\"async\"  id=\"image-95-34\" alt=\"\" src=\"https:\/\/www.vanguardhealthcare.co.uk\/wp-content\/uploads\/2023\/07\/How-we-help-management-executives-image.jpg\" class=\"ct-image\"\/><\/div>\n<div id=\"div_block-90-34\" class=\"ct-div-block\" >\n<h2 id=\"headline-91-34\" class=\"ct-headline\">Jak pom\u00e1h\u00e1me mana\u017eer\u016fm<\/h2>\n<div id=\"_rich_text-92-34\" class=\"oxy-rich-text\" >\n<p dir=\"ltr\">P\u0159i v\u00fdvoji obchodn\u00edho p\u0159\u00edpadu pro integraci poskytov\u00e1n\u00ed dodate\u010dn\u00fdch slu\u017eeb do pracovn\u00edho toku nemocnice je nezbytn\u00e9 um\u011bt snadno formulovat v\u00fdhody a kl\u00ed\u010dov\u00e9 ukazatele v\u00fdkonu. M\u016f\u017ee b\u00fdt d\u016fle\u017eit\u00e9 prok\u00e1zat n\u00e1vratnost investice do projektu, zejm\u00e9na tam, kde jsou spojeny zna\u010dn\u00e9 po\u010d\u00e1te\u010dn\u00ed n\u00e1klady. Na\u0161e dv\u011b desetilet\u00ed zku\u0161enost\u00ed n\u00e1s stav\u00ed do ide\u00e1ln\u00ed pozice, abychom v\u00e1m pomohli.&nbsp;<\/p>\n<p dir=\"ltr\">Ka\u017ed\u00fd projekt m\u00e1 sv\u00e9 jedine\u010dn\u00e9 po\u017eadavky a v\u00fdzvy, kter\u00e9 je t\u0159eba p\u0159ekonat, ale n\u011bkter\u00e9 p\u0159\u00edklady \u00fasp\u011b\u0161n\u00fdch nasazen\u00ed zahrnuj\u00ed:<\/p>\n<ul>\n<li dir=\"ltr\" aria-level=\"1\">\n<p dir=\"ltr\" role=\"presentation\">Zv\u00fd\u0161en\u00ed p\u0159\u00edjm\u016f za prov\u00e1d\u011bn\u00ed dal\u0161\u00edch postup\u016f<\/p>\n<\/li>\n<li dir=\"ltr\" aria-level=\"1\">\n<p dir=\"ltr\" role=\"presentation\">Testov\u00e1n\u00ed p\u0159\u00edpadu pro v\u00fdvoj nov\u00fdch slu\u017eeb<\/p>\n<\/li>\n<li dir=\"ltr\" aria-level=\"1\">\n<p dir=\"ltr\" role=\"presentation\">Zabr\u00e1n\u011bn\u00ed ztr\u00e1t\u011b p\u0159\u00edjm\u016f b\u011bhem odst\u00e1vky za\u0159\u00edzen\u00ed<\/p>\n<\/li>\n<li dir=\"ltr\" aria-level=\"1\">\n<p dir=\"ltr\" role=\"presentation\">Vyh\u00fdb\u00e1n\u00ed se sankc\u00edm za poru\u0161en\u00ed smlouvy a dal\u0161\u00edm v\u00fdkonnostn\u00edm opat\u0159en\u00edm<\/p>\n<\/li>\n<li dir=\"ltr\" aria-level=\"1\">\n<p dir=\"ltr\" role=\"presentation\">Zkr\u00e1cen\u00ed doby cestov\u00e1n\u00ed l\u00e9ka\u0159\u016f mezi pracovi\u0161ti<\/p>\n<\/li>\n<li dir=\"ltr\" aria-level=\"1\">\n<p dir=\"ltr\" role=\"presentation\">Zlep\u0161en\u00ed v\u00fdsledk\u016f pacient\u016f<\/p>\n<\/li>\n<li dir=\"ltr\" aria-level=\"1\">\n<p dir=\"ltr\" role=\"presentation\">Vyvarujte se naru\u0161en\u00ed vzorc\u016f pr\u00e1ce zam\u011bstnanc\u016f<\/p>\n<\/li>\n<li dir=\"ltr\" aria-level=\"1\">\n<p dir=\"ltr\" role=\"presentation\">Eliminace prostoj\u016f slu\u017eeb<\/p>\n<\/li>\n<li dir=\"ltr\" aria-level=\"1\">\n<p dir=\"ltr\" role=\"presentation\">P\u0159ekon\u00e1n\u00ed katastrof\u00e1ln\u00edho selh\u00e1n\u00ed<\/p>\n<\/li>\n<li dir=\"ltr\" aria-level=\"1\">\n<p dir=\"ltr\" role=\"presentation\">Sn\u00ed\u017een\u00ed \u010dasov\u00fdch pl\u00e1n\u016f projekt\u016f.<\/p>\n<\/li>\n<\/ul>\n<p dir=\"ltr\">N\u00e1\u0161 specializovan\u00fd t\u00fdm v\u00e1m bude k dispozici, aby v\u00e1m pomohl v ka\u017ed\u00e9m kroku procesu, a pokud by se projekt pot\u0159eboval ub\u00edrat jin\u00fdm sm\u011brem, nen\u00ed t\u0159eba se p\u0159izp\u016fsobovat variant\u00e1m.<\/p>\n<\/div>\n<\/div>\n<\/div>\n<\/div>\n<\/section>\n<section id=\"section-68-14-text-left-white\" class=\"ct-section\" >\n<div class=\"ct-section-inner-wrap\">\n<div id=\"new_columns-69-14text-left-white\" class=\"ct-new-columns\" >\n<div id=\"div_block-70-14\" class=\"ct-div-block\" >\n<h2 id=\"headline-71-14\" class=\"ct-headline\">Jak pom\u00e1h\u00e1me l\u00e9ka\u0159\u016fm<\/h2>\n<div id=\"_rich_text-72-14\" class=\"oxy-rich-text\" >\n<p dir=\"ltr\">Ji\u017e v\u00edce ne\u017e dv\u011b desetilet\u00ed jsme zodpov\u011bdn\u00ed za poskytov\u00e1n\u00ed vysoce kvalitn\u00edch, bezpe\u010dn\u00fdch a vyhovuj\u00edc\u00edch klinick\u00fdch prost\u0159ed\u00ed nap\u0159\u00ed\u010d mnoha specializacemi, tak\u017ee jste v bezpe\u010dn\u00fdch rukou.&nbsp;<\/p>\n<p dir=\"ltr\"><strong>Mezi na\u0161e klinick\u00e1 za\u0159\u00edzen\u00ed pat\u0159\u00ed:&nbsp;<\/strong><\/p>\n<ul>\n<li dir=\"ltr\" aria-level=\"1\">\n<p dir=\"ltr\" role=\"presentation\">Standardn\u00ed opera\u010dn\u00ed s\u00e1ly<\/p>\n<\/li>\n<li dir=\"ltr\" aria-level=\"1\">\n<p dir=\"ltr\" role=\"presentation\">Opera\u010dn\u00ed s\u00e1ly s lamin\u00e1rn\u00edm proud\u011bn\u00edm<\/p>\n<\/li>\n<li dir=\"ltr\" aria-level=\"1\">\n<p dir=\"ltr\" role=\"presentation\">Ultra \u010dist\u00e9 opera\u010dn\u00ed s\u00e1ly<\/p>\n<\/li>\n<li dir=\"ltr\" aria-level=\"1\">\n<p dir=\"ltr\" role=\"presentation\">Hybridn\u00ed opera\u010dn\u00ed s\u00e1ly<\/p>\n<\/li>\n<li dir=\"ltr\" aria-level=\"1\">\n<p dir=\"ltr\" role=\"presentation\">Za\u0159\u00edzen\u00ed denn\u00edho pouzdra<\/p>\n<\/li>\n<li dir=\"ltr\" aria-level=\"1\">\n<p dir=\"ltr\" role=\"presentation\">Endoskopick\u00e9 soupravy<\/p>\n<\/li>\n<li dir=\"ltr\" aria-level=\"1\">\n<p dir=\"ltr\" role=\"presentation\">Za\u0159\u00edzen\u00ed pro dekontaminaci endoskop\u016f<\/p>\n<\/li>\n<li dir=\"ltr\" aria-level=\"1\">\n<p dir=\"ltr\" role=\"presentation\">Odd\u011blen\u00ed slu\u017eeb centr\u00e1ln\u00ed sterilizace<\/p>\n<\/li>\n<li dir=\"ltr\" aria-level=\"1\">\n<p dir=\"ltr\" role=\"presentation\">Ambulance<\/p>\n<\/li>\n<li dir=\"ltr\" aria-level=\"1\">\n<p dir=\"ltr\" role=\"presentation\">Nemocni\u010dn\u00ed odd\u011blen\u00ed<\/p>\n<\/li>\n<li dir=\"ltr\" aria-level=\"1\">\n<p dir=\"ltr\" role=\"presentation\">N\u00e1v\u0161t\u011bva nemocnic<\/p>\n<\/li>\n<li dir=\"ltr\" aria-level=\"1\">\n<p dir=\"ltr\" role=\"presentation\">Komunitn\u00ed diagnostick\u00e1 centra.<\/p>\n<\/li>\n<\/ul>\n<p dir=\"ltr\">Jednou z jedine\u010dn\u00fdch v\u00fdhod spolupr\u00e1ce s n\u00e1mi je, \u017ee m\u016f\u017eeme poskytnout klinick\u00fd dohled a p\u0159ehled na ka\u017edou zak\u00e1zku, kterou dod\u00e1me, od koncepce a\u017e po dokon\u010den\u00ed. Ka\u017edou smlouvu vede mana\u017eer klinick\u00fdch slu\u017eeb (CSM), kter\u00fd je zku\u0161en\u00fdm klinick\u00fdm l\u00eddrem se sou\u010dasnou klinickou registrac\u00ed (NMC nebo HCPC) a rozs\u00e1hl\u00fdmi znalostmi na\u0161ich za\u0159\u00edzen\u00ed, mobiln\u00edch i modul\u00e1rn\u00edch.<\/p>\n<p dir=\"ltr\">Krom\u011b toho, pokud je pro v\u00e1s klinick\u00fd person\u00e1l v\u00fdzvou, m\u00e1me t\u00fdm klinick\u00fdch l\u00e9ka\u0159\u016f, kter\u00e9 zam\u011bstn\u00e1v\u00e1me, kte\u0159\u00ed mohou podpo\u0159it v\u00e1\u0161 po\u017eadavek smlouvy. M\u00e1me praktick\u00e9 l\u00e9ka\u0159e, kte\u0159\u00ed na\u0161im klient\u016fm a jejich pacient\u016fm poskytuj\u00ed nejen vynikaj\u00edc\u00ed klinickou slu\u017ebu, ale maj\u00ed tak\u00e9 d\u016fkladn\u00e9 praktick\u00e9 znalosti o tom, co je pot\u0159eba pro pr\u00e1ci v do\u010dasn\u00e9m za\u0159\u00edzen\u00ed.&nbsp;<\/p>\n<p dir=\"ltr\"><strong>M\u016f\u017eeme poskytnout klinick\u00e9 l\u00e9ka\u0159e v n\u00e1sleduj\u00edc\u00edch oblastech:<\/strong><\/p>\n<ul>\n<li dir=\"ltr\" aria-level=\"1\">\n<p dir=\"ltr\" role=\"presentation\">Divadeln\u00ed l\u00e9ka\u0159i (registrovan\u00ed NMC\/HCPC)<\/p>\n<\/li>\n<li dir=\"ltr\" aria-level=\"1\">\n<p dir=\"ltr\" role=\"presentation\">Endoskopi\u010dt\u00ed l\u00e9ka\u0159i (registrovan\u00ed NMC\/HCPC)<\/p>\n<\/li>\n<li dir=\"ltr\" aria-level=\"1\">\n<p dir=\"ltr\" role=\"presentation\">Pracovn\u00edci opera\u010dn\u00edch odd\u011blen\u00ed (ODP) se zku\u0161enostmi s diagnostick\u00fdmi a terapeutick\u00fdmi postupy<\/p>\n<\/li>\n<li dir=\"ltr\" aria-level=\"1\">\n<p dir=\"ltr\" role=\"presentation\">Praktici dekontaminace<\/p>\n<\/li>\n<li dir=\"ltr\" aria-level=\"1\">\n<p dir=\"ltr\" role=\"presentation\">Vedouc\u00ed praktici (registrovan\u00ed NMC\/HCPC)&nbsp;<\/p>\n<\/li>\n<li dir=\"ltr\" aria-level=\"1\">\n<p dir=\"ltr\" role=\"presentation\">Facilit\u00e1tor jednotky.<\/p>\n<\/li>\n<\/ul>\n<\/div>\n<\/div>\n<div id=\"div_block-74-14\" class=\"ct-div-block\" ><img decoding=\"async\"  id=\"image-75-14\" alt=\"\" src=\"https:\/\/www.vanguardhealthcare.co.uk\/wp-content\/uploads\/2023\/07\/clinical-team-celebration1.jpg\" class=\"ct-image\"\/><\/div>\n<\/div>\n<\/div>\n<\/section>\n<section id=\"section-144-59\" class=\"ct-section\" >\n<div class=\"ct-section-inner-wrap\">\n<div id=\"new_columns-145-59\" class=\"ct-new-columns\" >\n<div id=\"div_block-146-59\" class=\"ct-div-block\" >\n<div id=\"_rich_text-9-63\" class=\"oxy-rich-text\" >\n<p>Hled\u00e1n\u00ed \u0159e\u0161en\u00ed, kter\u00e9 funguje pro va\u0161i nemocnici, m\u016f\u017ee za\u010d\u00edt zde\u2026<\/p>\n<\/div>\n<p><a id=\"link_button-149-59\" class=\"ct-link-button\" href=\"\/cs_cz\/contact\/\" target=\"_self\"  >B\u00fdt v kontaktu<\/a><\/div>\n<div id=\"div_block-150-59\" class=\"ct-div-block\" ><img decoding=\"async\"  id=\"image-151-59\" alt=\"\" src=\"https:\/\/www.vanguardhealthcare.co.uk\/wp-content\/uploads\/2023\/06\/kettering-2-1.jpg\" class=\"ct-image\"\/><\/div>\n<\/div>\n<\/div>\n<\/section>","protected":false},"excerpt":{"rendered":"","protected":false},"author":2,"featured_media":0,"parent":0,"menu_order":0,"comment_status":"closed","ping_status":"closed","template":"","meta":{"_acf_changed":false,"footnotes":""},"class_list":["post-689","page","type-page","status-publish","format-standard","hentry"],"acf":[],"yoast_head":"<!-- This site is optimized with the Yoast SEO plugin v27.4 - https:\/\/yoast.com\/product\/yoast-seo-wordpress\/ -->\n<title>Who we help - Vanguard Healthcare Solutions<\/title>\n<meta name=\"robots\" content=\"index, follow, max-snippet:-1, max-image-preview:large, max-video-preview:-1\" \/>\n<link rel=\"canonical\" href=\"https:\/\/www.vanguardhealthcare.co.uk\/cs_cz\/who-we-help\/\" \/>\n<meta property=\"og:locale\" content=\"cs_CZ\" \/>\n<meta property=\"og:type\" content=\"article\" \/>\n<meta property=\"og:title\" content=\"Who we help - Vanguard Healthcare Solutions\" \/>\n<meta property=\"og:url\" content=\"https:\/\/www.vanguardhealthcare.co.uk\/cs_cz\/who-we-help\/\" \/>\n<meta property=\"og:site_name\" content=\"Vanguard Healthcare Solutions\" \/>\n<meta property=\"article:modified_time\" content=\"2023-07-27T09:05:46+00:00\" \/>\n<meta name=\"twitter:card\" content=\"summary_large_image\" \/>\n<script type=\"application\/ld+json\" class=\"yoast-schema-graph\">{\"@context\":\"https:\\\/\\\/schema.org\",\"@graph\":[{\"@type\":\"WebPage\",\"@id\":\"https:\\\/\\\/www.vanguardhealthcare.co.uk\\\/who-we-help\\\/\",\"url\":\"https:\\\/\\\/www.vanguardhealthcare.co.uk\\\/who-we-help\\\/\",\"name\":\"Who we help - Vanguard Healthcare Solutions\",\"isPartOf\":{\"@id\":\"https:\\\/\\\/www.vanguardhealthcare.co.uk\\\/#website\"},\"datePublished\":\"2023-07-19T15:15:33+00:00\",\"dateModified\":\"2023-07-27T09:05:46+00:00\",\"breadcrumb\":{\"@id\":\"https:\\\/\\\/www.vanguardhealthcare.co.uk\\\/who-we-help\\\/#breadcrumb\"},\"inLanguage\":\"cs\",\"potentialAction\":[{\"@type\":\"ReadAction\",\"target\":[\"https:\\\/\\\/www.vanguardhealthcare.co.uk\\\/who-we-help\\\/\"]}]},{\"@type\":\"BreadcrumbList\",\"@id\":\"https:\\\/\\\/www.vanguardhealthcare.co.uk\\\/who-we-help\\\/#breadcrumb\",\"itemListElement\":[{\"@type\":\"ListItem\",\"position\":1,\"name\":\"Home\",\"item\":\"https:\\\/\\\/www.vanguardhealthcare.co.uk\\\/\"},{\"@type\":\"ListItem\",\"position\":2,\"name\":\"Who we help\"}]},{\"@type\":\"WebSite\",\"@id\":\"https:\\\/\\\/www.vanguardhealthcare.co.uk\\\/#website\",\"url\":\"https:\\\/\\\/www.vanguardhealthcare.co.uk\\\/\",\"name\":\"Vanguard Healthcare Solutions\",\"description\":\"\",\"potentialAction\":[{\"@type\":\"SearchAction\",\"target\":{\"@type\":\"EntryPoint\",\"urlTemplate\":\"https:\\\/\\\/www.vanguardhealthcare.co.uk\\\/?s={search_term_string}\"},\"query-input\":{\"@type\":\"PropertyValueSpecification\",\"valueRequired\":true,\"valueName\":\"search_term_string\"}}],\"inLanguage\":\"cs\"}]}<\/script>\n<!-- \/ Yoast SEO plugin. -->","yoast_head_json":{"title":"Komu pom\u00e1h\u00e1me - Vanguard Healthcare Solutions","robots":{"index":"index","follow":"follow","max-snippet":"max-snippet:-1","max-image-preview":"max-image-preview:large","max-video-preview":"max-video-preview:-1"},"canonical":"https:\/\/www.vanguardhealthcare.co.uk\/cs_cz\/who-we-help\/","og_locale":"cs_CZ","og_type":"article","og_title":"Who we help - Vanguard Healthcare Solutions","og_url":"https:\/\/www.vanguardhealthcare.co.uk\/cs_cz\/who-we-help\/","og_site_name":"Vanguard Healthcare Solutions","article_modified_time":"2023-07-27T09:05:46+00:00","twitter_card":"summary_large_image","schema":{"@context":"https:\/\/schema.org","@graph":[{"@type":"WebPage","@id":"https:\/\/www.vanguardhealthcare.co.uk\/who-we-help\/","url":"https:\/\/www.vanguardhealthcare.co.uk\/who-we-help\/","name":"Komu pom\u00e1h\u00e1me - Vanguard Healthcare Solutions","isPartOf":{"@id":"https:\/\/www.vanguardhealthcare.co.uk\/#website"},"datePublished":"2023-07-19T15:15:33+00:00","dateModified":"2023-07-27T09:05:46+00:00","breadcrumb":{"@id":"https:\/\/www.vanguardhealthcare.co.uk\/who-we-help\/#breadcrumb"},"inLanguage":"cs","potentialAction":[{"@type":"ReadAction","target":["https:\/\/www.vanguardhealthcare.co.uk\/who-we-help\/"]}]},{"@type":"BreadcrumbList","@id":"https:\/\/www.vanguardhealthcare.co.uk\/who-we-help\/#breadcrumb","itemListElement":[{"@type":"ListItem","position":1,"name":"Home","item":"https:\/\/www.vanguardhealthcare.co.uk\/"},{"@type":"ListItem","position":2,"name":"Who we help"}]},{"@type":"WebSite","@id":"https:\/\/www.vanguardhealthcare.co.uk\/#website","url":"https:\/\/www.vanguardhealthcare.co.uk\/","name":"Vanguard Zdravotn\u00ed \u0159e\u0161en\u00ed","description":"","potentialAction":[{"@type":"SearchAction","target":{"@type":"EntryPoint","urlTemplate":"https:\/\/www.vanguardhealthcare.co.uk\/?s={search_term_string}"},"query-input":{"@type":"PropertyValueSpecification","valueRequired":true,"valueName":"search_term_string"}}],"inLanguage":"cs"}]}},"_links":{"self":[{"href":"https:\/\/www.vanguardhealthcare.co.uk\/cs_cz\/wp-json\/wp\/v2\/pages\/689","targetHints":{"allow":["GET"]}}],"collection":[{"href":"https:\/\/www.vanguardhealthcare.co.uk\/cs_cz\/wp-json\/wp\/v2\/pages"}],"about":[{"href":"https:\/\/www.vanguardhealthcare.co.uk\/cs_cz\/wp-json\/wp\/v2\/types\/page"}],"author":[{"embeddable":true,"href":"https:\/\/www.vanguardhealthcare.co.uk\/cs_cz\/wp-json\/wp\/v2\/users\/2"}],"replies":[{"embeddable":true,"href":"https:\/\/www.vanguardhealthcare.co.uk\/cs_cz\/wp-json\/wp\/v2\/comments?post=689"}],"version-history":[{"count":0,"href":"https:\/\/www.vanguardhealthcare.co.uk\/cs_cz\/wp-json\/wp\/v2\/pages\/689\/revisions"}],"wp:attachment":[{"href":"https:\/\/www.vanguardhealthcare.co.uk\/cs_cz\/wp-json\/wp\/v2\/media?parent=689"}],"curies":[{"name":"wp","href":"https:\/\/api.w.org\/{rel}","templated":true}]}}