{"id":7391,"date":"2024-07-01T16:49:46","date_gmt":"2024-07-01T16:49:46","guid":{"rendered":"https:\/\/www.vanguardhealthcare.co.uk\/?page_id=7391"},"modified":"2024-11-01T09:14:03","modified_gmt":"2024-11-01T09:14:03","slug":"advisory-board","status":"publish","type":"page","link":"https:\/\/www.vanguardhealthcare.co.uk\/bs_ba\/advisory-board\/","title":{"rendered":"Savjetodavni odbor"},"content":{"rendered":"<section id=\"section-2-59\" class=\"ct-section\" style=\"background-image:url(https:\/\/www.vanguardhealthcare.co.uk\/wp-content\/uploads\/2023\/05\/boulders-right.png);background-size: auto;\" >\n<div class=\"ct-section-inner-wrap\">\n<div id=\"div_block-8-59\" class=\"ct-div-block\" ><a id=\"link_text-6-59\" class=\"ct-link-text\" href=\"\/bs_ba\/\" target=\"_self\"  >Dom<\/a><\/p>\n<h1 id=\"headline-3-59\" class=\"ct-headline\"><span id=\"span-4-59\" class=\"ct-span\" >Savjetodavni odbor<\/span><\/h1>\n<\/div>\n<\/div>\n<\/section>\n<section id=\"section-319-315\" class=\"ct-section\" >\n<div class=\"ct-section-inner-wrap\">\n<div id=\"new_columns-320-315\" class=\"ct-new-columns\" >\n<div id=\"div_block-321-315\" class=\"ct-div-block\" >\n<h2 id=\"headline-322-315\" class=\"ct-headline\">Na\u0161 pa\u017eljivo odabrani Savjetodavni odbor dodaje vrijednost na\u0161oj usluzi<\/h2>\n<div id=\"_rich_text-323-315\" class=\"oxy-rich-text\" >\n<p>Ponosni smo \u0161to sara\u0111ujemo sa uglednim Savjetodavnim odborom sastavljenim od kredibilnih i renomiranih kompanija iz razli\u010ditih djelatnosti. Ovi partneri donose neprocjenjive uvide, stru\u010dnost i smjernice, \u0161to nam omogu\u0107ava da kontinuirano inoviramo i odr\u017eavamo najvi\u0161e standarde.<\/p>\n<\/div>\n<\/div>\n<div id=\"div_block-324-315\" class=\"ct-div-block\" ><img decoding=\"async\"  id=\"image-325-315\" alt=\"\" src=\"https:\/\/www.vanguardhealthcare.co.uk\/wp-content\/uploads\/2024\/05\/Advisory-Board-1.png\" class=\"ct-image\"\/><\/div>\n<\/div>\n<\/div>\n<\/section>\n<div class=\"wp-block-vanguard-vanguard-listing-boxes-container\">\n<section class=\"ct-section vanguard-listing-boxes\">\n<div class=\"ct-section-inner-wrap\">\n<div class=\"\">\n<h3 class=\"vanguard-listing-boxes__heading\">Savjetodavni odbor<\/h3>\n<div class=\"vanguard-listing-boxes__container\">\n              <!-- listing box --><\/p>\n<div class=\"wp-block-vanguard-vanguard-listing-boxes-box\">\n<div class=\"vanguard-listing-box\">\n<div class=\"vanguard-listing-box__image\">\n                    <img\n                      decoding=\"async\"\n                      src=\"https:\/\/www.vanguardhealthcare.co.uk\/wp-content\/uploads\/2024\/06\/BRE_logo_Indigo_100mm.jpg\"\n                    \/>\n                  <\/div>\n<div class=\"vanguard-listing-box__copy\">\n<h3 class=\"vanguard-listing-box__heading\">\n                      Britanski istra\u017eiva\u010dki establi\u0161ment (BRE)<br \/>\n                    <\/h3>\n<h4 class=\"vanguard-listing-box__subeading\"><\/h4>\n<p>\n                      Radimo u partnerstvu sa BRE kako bismo osigurali toplinu<br \/>\n                      modeling meets\n                    <\/p>\n<p>\n                      <a\n                        href=\"https:\/\/www.vanguardhealthcare.co.uk\/bs_ba\/working-in-partnership-with-bre-to-ensure-thermal-modelling-meets-regulations\/\"\n                        class=\"vanguard-listing-box__button\"\n                        ><span class=\"vanguard-listing-box__button__text\"\n                          >Kliknite ovdje<\/span><\/a>\n                    <\/p>\n<\/p><\/div>\n<\/p><\/div>\n<\/p><\/div>\n<p>              <!-- listing box --><\/p>\n<div class=\"wp-block-vanguard-vanguard-listing-boxes-box\">\n<div class=\"vanguard-listing-box\">\n<div class=\"vanguard-listing-box__image\">\n                    <img\n                      decoding=\"async\"\n                      src=\"https:\/\/www.vanguardhealthcare.co.uk\/wp-content\/uploads\/2024\/06\/TAB_col_white_background.png\"\n                    \/>\n                  <\/div>\n<div class=\"vanguard-listing-box__copy\">\n<h3 class=\"vanguard-listing-box__heading\">\n                      Univerzitet u Man\u010desteru<br \/>\n                    <\/h3>\n<h4 class=\"vanguard-listing-box__subeading\"><\/h4>\n<p>\n                      Radimo sa Univerzitetom u Manchesteru kako bismo osigurali<br \/>\n                      specijalna konstrukcijska otpornost na vatru\n                    <\/p>\n<p>\n                      <a\n                        href=\"https:\/\/www.vanguardhealthcare.co.uk\/bs_ba\/working-with-the-university-of-manchester-to-ensure-specialist-structural-fire-resistance\/\"\n                        class=\"vanguard-listing-box__button\"\n                        ><span class=\"vanguard-listing-box__button__text\"\n                          >Kliknite ovdje<\/span><\/a>\n                    <\/p>\n<\/p><\/div>\n<\/p><\/div>\n<\/p><\/div>\n<p>              <!-- listing box --><\/p>\n<div class=\"wp-block-vanguard-vanguard-listing-boxes-box\">\n<div class=\"vanguard-listing-box\">\n<div class=\"vanguard-listing-box__image\">\n                    <img\n                      decoding=\"async\"\n                      src=\"https:\/\/www.vanguardhealthcare.co.uk\/wp-content\/uploads\/2024\/06\/AVIE-Logo-RGB.svg\"\n                    \/>\n                  <\/div>\n<div class=\"vanguard-listing-box__copy\">\n<h3 class=\"vanguard-listing-box__heading\">\n                      Avie Consulting Ltd<br \/>\n                    <\/h3>\n<h4 class=\"vanguard-listing-box__subeading\"><\/h4>\n<p>\n                      Rad u partnerstvu sa Avie Consulting na strukturalnim<br \/>\n                      in\u017eenjering i uskla\u0111enost s podnim vibracijama\n                    <\/p>\n<p>\n                      <a\n                        href=\"https:\/\/www.vanguardhealthcare.co.uk\/bs_ba\/working-in-partnership-with-avie-consulting-on-structural-engineering-and-floor-vibration-compliance\/\"\n                        class=\"vanguard-listing-box__button\"\n                        ><span class=\"vanguard-listing-box__button__text\"\n                          >Kliknite ovdje<\/span><\/a>\n                    <\/p>\n<\/p><\/div>\n<\/p><\/div>\n<\/p><\/div>\n<p>              <!-- listing box --><\/p>\n<div class=\"wp-block-vanguard-vanguard-listing-boxes-box\">\n<div class=\"vanguard-listing-box\">\n<div class=\"vanguard-listing-box__image\">\n                    <img\n                      decoding=\"async\"\n                      src=\"https:\/\/www.vanguardhealthcare.co.uk\/wp-content\/uploads\/2024\/11\/Sonnemann-Toon-logo.jpg\"\n                    \/>\n                  <\/div>\n<div class=\"vanguard-listing-box__copy\">\n<h3 class=\"vanguard-listing-box__heading\">\n                      Sonnemann toon<br \/>\n                    <\/h3>\n<h4 class=\"vanguard-listing-box__subeading\"><\/h4>\n<p>\n                        Osnovana 2002. godine, Sonnemann Toon Architects je izgradila raznovrstan portfelj koji obuhvata zdravstveni, komercijalni i rezidencijalni sektor.\n                    <\/p>\n<p>\n                      <a\n                        href=\"https:\/\/www.vanguardhealthcare.co.uk\/bs_ba\/holistic-approach-to-collaboration-with-sonnemann-toon-architects\/\"\n                        class=\"vanguard-listing-box__button\"\n                        ><span class=\"vanguard-listing-box__button__text\"\n                          >Kliknite ovdje<\/span><\/a>\n                    <\/p>\n<\/p><\/div>\n<\/p><\/div>\n<\/p><\/div>\n<p>              <!-- listing box --><\/p>\n<div class=\"wp-block-vanguard-vanguard-listing-boxes-box\">\n<div class=\"vanguard-listing-box\">\n<div class=\"vanguard-listing-box__image\">\n                    <img\n                      decoding=\"async\"\n                      src=\"https:\/\/www.vanguardhealthcare.co.uk\/wp-content\/uploads\/2024\/11\/small-SA_logo_2022.png\"\n                    \/>\n                  <\/div>\n<div class=\"vanguard-listing-box__copy\">\n<h3 class=\"vanguard-listing-box__heading\">\n                      Odr\u017eiva prednost<br \/>\n                    <\/h3>\n<h4 class=\"vanguard-listing-box__subeading\"><\/h4>\n<p>\n                        Sustainable Advantage je na jedinstvenoj poziciji da savjetuje kompanije na njihovom putu prema ESG-u, poma\u017eu\u0107i im da prihvate ESG radi strate\u0161ke prednosti.\n                    <\/p>\n<p>\n                      <a\n                        href=\"https:\/\/www.vanguardhealthcare.co.uk\/bs_ba\/working-in-partnership-with-sustainable-advantage-on-enhancing-our-environmental-social-and-governance-profile\/\"\n                        class=\"vanguard-listing-box__button\"\n                        ><span class=\"vanguard-listing-box__button__text\"\n                          >Kliknite ovdje<\/span><\/a>\n                    <\/p>\n<\/p><\/div>\n<\/p><\/div>\n<\/p><\/div>\n<\/p><\/div>\n<\/p><\/div>\n<\/p><\/div>\n<\/section><\/div>","protected":false},"excerpt":{"rendered":"<p>Advisory Board The British Research Establishment (BRE) Working in partnership with BRE to ensure thermal modelling meets Click Here University of Manchester Working with the University of Manchester to ensure specialist structural fire resistance Click Here Avie Consulting Ltd Working in partnership with Avie Consulting on structural engineering and floor vibration compliance Click Here Sonnemann [&hellip;]<\/p>\n","protected":false},"author":11,"featured_media":0,"parent":0,"menu_order":0,"comment_status":"closed","ping_status":"closed","template":"","meta":{"_acf_changed":false,"footnotes":""},"class_list":["post-7391","page","type-page","status-publish","format-standard","hentry"],"acf":[],"yoast_head":"<!-- This site is optimized with the Yoast SEO plugin v27.4 - https:\/\/yoast.com\/product\/yoast-seo-wordpress\/ -->\n<title>Advisory board - Vanguard Healthcare Solutions<\/title>\n<meta name=\"robots\" content=\"index, follow, max-snippet:-1, max-image-preview:large, max-video-preview:-1\" \/>\n<link rel=\"canonical\" href=\"https:\/\/www.vanguardhealthcare.co.uk\/bs_ba\/advisory-board\/\" \/>\n<meta property=\"og:locale\" content=\"bs_BA\" \/>\n<meta property=\"og:type\" content=\"article\" \/>\n<meta property=\"og:title\" content=\"Advisory board - Vanguard Healthcare Solutions\" \/>\n<meta property=\"og:description\" content=\"Advisory Board The British Research Establishment (BRE) Working in partnership with BRE to ensure thermal modelling meets Click Here University of Manchester Working with the University of Manchester to ensure specialist structural fire resistance Click Here Avie Consulting Ltd Working in partnership with Avie Consulting on structural engineering and floor vibration compliance Click Here Sonnemann [&hellip;]\" \/>\n<meta property=\"og:url\" content=\"https:\/\/www.vanguardhealthcare.co.uk\/bs_ba\/advisory-board\/\" \/>\n<meta property=\"og:site_name\" content=\"Vanguard Healthcare Solutions\" \/>\n<meta property=\"article:modified_time\" content=\"2024-11-01T09:14:03+00:00\" \/>\n<meta name=\"twitter:card\" content=\"summary_large_image\" \/>\n<meta name=\"twitter:label1\" content=\"Est. reading time\" \/>\n\t<meta name=\"twitter:data1\" content=\"2 minute\" \/>\n<script type=\"application\/ld+json\" class=\"yoast-schema-graph\">{\"@context\":\"https:\\\/\\\/schema.org\",\"@graph\":[{\"@type\":\"WebPage\",\"@id\":\"https:\\\/\\\/www.vanguardhealthcare.co.uk\\\/advisory-board\\\/\",\"url\":\"https:\\\/\\\/www.vanguardhealthcare.co.uk\\\/advisory-board\\\/\",\"name\":\"Advisory board - Vanguard Healthcare Solutions\",\"isPartOf\":{\"@id\":\"https:\\\/\\\/www.vanguardhealthcare.co.uk\\\/#website\"},\"datePublished\":\"2024-07-01T16:49:46+00:00\",\"dateModified\":\"2024-11-01T09:14:03+00:00\",\"breadcrumb\":{\"@id\":\"https:\\\/\\\/www.vanguardhealthcare.co.uk\\\/advisory-board\\\/#breadcrumb\"},\"inLanguage\":\"bs-BA\",\"potentialAction\":[{\"@type\":\"ReadAction\",\"target\":[\"https:\\\/\\\/www.vanguardhealthcare.co.uk\\\/advisory-board\\\/\"]}]},{\"@type\":\"BreadcrumbList\",\"@id\":\"https:\\\/\\\/www.vanguardhealthcare.co.uk\\\/advisory-board\\\/#breadcrumb\",\"itemListElement\":[{\"@type\":\"ListItem\",\"position\":1,\"name\":\"Home\",\"item\":\"https:\\\/\\\/www.vanguardhealthcare.co.uk\\\/\"},{\"@type\":\"ListItem\",\"position\":2,\"name\":\"Advisory board\"}]},{\"@type\":\"WebSite\",\"@id\":\"https:\\\/\\\/www.vanguardhealthcare.co.uk\\\/#website\",\"url\":\"https:\\\/\\\/www.vanguardhealthcare.co.uk\\\/\",\"name\":\"Vanguard Healthcare Solutions\",\"description\":\"\",\"potentialAction\":[{\"@type\":\"SearchAction\",\"target\":{\"@type\":\"EntryPoint\",\"urlTemplate\":\"https:\\\/\\\/www.vanguardhealthcare.co.uk\\\/?s={search_term_string}\"},\"query-input\":{\"@type\":\"PropertyValueSpecification\",\"valueRequired\":true,\"valueName\":\"search_term_string\"}}],\"inLanguage\":\"bs-BA\"}]}<\/script>\n<!-- \/ Yoast SEO plugin. -->","yoast_head_json":{"title":"Savjetodavni odbor - Vanguard Zdravstvena rje\u0161enja","robots":{"index":"index","follow":"follow","max-snippet":"max-snippet:-1","max-image-preview":"max-image-preview:large","max-video-preview":"max-video-preview:-1"},"canonical":"https:\/\/www.vanguardhealthcare.co.uk\/bs_ba\/advisory-board\/","og_locale":"bs_BA","og_type":"article","og_title":"Advisory board - Vanguard Healthcare Solutions","og_description":"Advisory Board The British Research Establishment (BRE) Working in partnership with BRE to ensure thermal modelling meets Click Here University of Manchester Working with the University of Manchester to ensure specialist structural fire resistance Click Here Avie Consulting Ltd Working in partnership with Avie Consulting on structural engineering and floor vibration compliance Click Here Sonnemann [&hellip;]","og_url":"https:\/\/www.vanguardhealthcare.co.uk\/bs_ba\/advisory-board\/","og_site_name":"Vanguard Healthcare Solutions","article_modified_time":"2024-11-01T09:14:03+00:00","twitter_card":"summary_large_image","twitter_misc":{"Est. reading time":"2 minute"},"schema":{"@context":"https:\/\/schema.org","@graph":[{"@type":"WebPage","@id":"https:\/\/www.vanguardhealthcare.co.uk\/advisory-board\/","url":"https:\/\/www.vanguardhealthcare.co.uk\/advisory-board\/","name":"Savjetodavni odbor - Vanguard Zdravstvena rje\u0161enja","isPartOf":{"@id":"https:\/\/www.vanguardhealthcare.co.uk\/#website"},"datePublished":"2024-07-01T16:49:46+00:00","dateModified":"2024-11-01T09:14:03+00:00","breadcrumb":{"@id":"https:\/\/www.vanguardhealthcare.co.uk\/advisory-board\/#breadcrumb"},"inLanguage":"bs-BA","potentialAction":[{"@type":"ReadAction","target":["https:\/\/www.vanguardhealthcare.co.uk\/advisory-board\/"]}]},{"@type":"BreadcrumbList","@id":"https:\/\/www.vanguardhealthcare.co.uk\/advisory-board\/#breadcrumb","itemListElement":[{"@type":"ListItem","position":1,"name":"Home","item":"https:\/\/www.vanguardhealthcare.co.uk\/"},{"@type":"ListItem","position":2,"name":"Advisory board"}]},{"@type":"WebSite","@id":"https:\/\/www.vanguardhealthcare.co.uk\/#website","url":"https:\/\/www.vanguardhealthcare.co.uk\/","name":"Vanguard Healthcare Solutions","description":"","potentialAction":[{"@type":"SearchAction","target":{"@type":"EntryPoint","urlTemplate":"https:\/\/www.vanguardhealthcare.co.uk\/?s={search_term_string}"},"query-input":{"@type":"PropertyValueSpecification","valueRequired":true,"valueName":"search_term_string"}}],"inLanguage":"bs-BA"}]}},"_links":{"self":[{"href":"https:\/\/www.vanguardhealthcare.co.uk\/bs_ba\/wp-json\/wp\/v2\/pages\/7391","targetHints":{"allow":["GET"]}}],"collection":[{"href":"https:\/\/www.vanguardhealthcare.co.uk\/bs_ba\/wp-json\/wp\/v2\/pages"}],"about":[{"href":"https:\/\/www.vanguardhealthcare.co.uk\/bs_ba\/wp-json\/wp\/v2\/types\/page"}],"author":[{"embeddable":true,"href":"https:\/\/www.vanguardhealthcare.co.uk\/bs_ba\/wp-json\/wp\/v2\/users\/11"}],"replies":[{"embeddable":true,"href":"https:\/\/www.vanguardhealthcare.co.uk\/bs_ba\/wp-json\/wp\/v2\/comments?post=7391"}],"version-history":[{"count":0,"href":"https:\/\/www.vanguardhealthcare.co.uk\/bs_ba\/wp-json\/wp\/v2\/pages\/7391\/revisions"}],"wp:attachment":[{"href":"https:\/\/www.vanguardhealthcare.co.uk\/bs_ba\/wp-json\/wp\/v2\/media?parent=7391"}],"curies":[{"name":"radni list","href":"https:\/\/api.w.org\/{rel}","templated":true}]}}